{"id":12368,"date":"2023-11-16T15:53:41","date_gmt":"2023-11-16T15:53:41","guid":{"rendered":"https:\/\/force8.coach\/erhebung-und-verarbeitung-von-gesundheitsdaten\/"},"modified":"2023-11-17T11:36:36","modified_gmt":"2023-11-17T11:36:36","slug":"erhebung-und-verarbeitung-von-gesundheitsdaten","status":"publish","type":"page","link":"https:\/\/force8.coach\/de\/erhebung-und-verarbeitung-von-gesundheitsdaten\/","title":{"rendered":"Datenerfassung und -verarbeitung f\u00fcr Fitness-Tracker"},"content":{"rendered":"<h1>Datenerfassung und -verarbeitung f\u00fcr Fitness-Tracker<\/h1>\n<p>Zuletzt aktualisiert: 16. November 2023<b><br \/>\n<\/b><\/p>\n<h3><\/h3>\n<p>&nbsp;<\/p>\n<h3><b>Informationsbeschaffung<\/b><\/h3>\n<p>Force8 Coach ruft und empf\u00e4ngt Informationen von verschiedenen <strong><a href=\"https:\/\/force8.coach\/de\/integrationen\/\">Fitness-Tracker-Anbietern<\/a><\/strong>, abh\u00e4ngig von der Benutzererlaubnis. Ohne die erforderlichen Berechtigungen kann Force8 Coach nicht auf solche Informationen zugreifen oder sie erhalten.<\/p>\n<h3><b>Verarbeitete Informationen<\/b><\/h3>\n<p>Die verarbeiteten Daten werden so lange sicher gespeichert, bis der Nutzer sich f\u00fcr eine L\u00f6schung entscheidet. Zum gegenw\u00e4rtigen Zeitpunkt verarbeitet und speichert Force8 Coach die folgenden Informationen:<\/p>\n<ul>\n<li>Datum und Uhrzeit der Aktivit\u00e4t<\/li>\n<li>Dauer der Aktivit\u00e4t<\/li>\n<li>Herzfrequenzwerte f\u00fcr Zonen<\/li>\n<li>Maximale und minimale Herzfrequenz<\/li>\n<li>Durchschnittliche Herzfrequenz<\/li>\n<li>Verwendetes Ger\u00e4t<\/li>\n<\/ul>\n<p>Diese Informationen werden ausschlie\u00dflich innerhalb von Force8 Coach importiert und verarbeitet. Dar\u00fcber hinausgehende Daten werden weder verwendet noch gespeichert.<\/p>\n<p><i><strong>Hinweis<\/strong>: Die<strong> verarbeiteten Informationen<\/strong> von Force8 Coach k\u00f6nnen in Zukunft \u00c4nderungen unterliegen.<\/i><\/p>\n<h3><b>Urspr\u00fcngliche Informationen<\/b><\/h3>\n<p>Die von <a href=\"https:\/\/force8.coach\/de\/integrationen\/\"><strong>Fitness-Tracker-Anbietern<\/strong><\/a> erhaltenen Originalinformationen werden in Force8 Coach f\u00fcr einen Zeitraum von 30 Tagen gespeichert und danach automatisch gel\u00f6scht. Nach diesem Zeitraum ist der Abruf dieser Informationen nicht mehr m\u00f6glich, da <a href=\"https:\/\/force8.coach\/de\/integrationen\/\"><strong>Anbieter von Fitness-Trackern<\/strong><\/a> in der Regel kein Auff\u00fcllen von Informationen \u00fcber einen Zeitraum von 30 Tagen hinaus zulassen.<\/p>\n<p>&nbsp;<\/p>\n<p>Eine aktualisierte Liste der Anbieter finden Sie auf der Seite \u201e<a href=\"https:\/\/force8.coach\/de\/integrationen\/\"><strong>Integrationen<\/strong><\/a>\u201c.<\/p>\n<p>&nbsp;<\/p>\n","protected":false},"excerpt":{"rendered":"<p>Datenerfassung und -verarbeitung f\u00fcr Fitness-Tracker Zuletzt aktualisiert: 16. November 2023 &nbsp; Informationsbeschaffung Force8 Coach ruft und empf\u00e4ngt Informationen von verschiedenen Fitness-Tracker-Anbietern, abh\u00e4ngig von der Benutzererlaubnis. Ohne die erforderlichen Berechtigungen kann Force8 Coach nicht auf solche Informationen zugreifen oder sie erhalten. Verarbeitete Informationen Die verarbeiteten Daten werden so lange sicher gespeichert, bis der Nutzer sich f\u00fcr [&hellip;]<\/p>\n","protected":false},"author":1,"featured_media":0,"parent":0,"menu_order":0,"comment_status":"closed","ping_status":"closed","template":"","meta":{"inline_featured_image":false,"footnotes":""},"_links":{"self":[{"href":"https:\/\/force8.coach\/de\/wp-json\/wp\/v2\/pages\/12368"}],"collection":[{"href":"https:\/\/force8.coach\/de\/wp-json\/wp\/v2\/pages"}],"about":[{"href":"https:\/\/force8.coach\/de\/wp-json\/wp\/v2\/types\/page"}],"author":[{"embeddable":true,"href":"https:\/\/force8.coach\/de\/wp-json\/wp\/v2\/users\/1"}],"replies":[{"embeddable":true,"href":"https:\/\/force8.coach\/de\/wp-json\/wp\/v2\/comments?post=12368"}],"version-history":[{"count":7,"href":"https:\/\/force8.coach\/de\/wp-json\/wp\/v2\/pages\/12368\/revisions"}],"predecessor-version":[{"id":12412,"href":"https:\/\/force8.coach\/de\/wp-json\/wp\/v2\/pages\/12368\/revisions\/12412"}],"wp:attachment":[{"href":"https:\/\/force8.coach\/de\/wp-json\/wp\/v2\/media?parent=12368"}],"curies":[{"name":"wp","href":"https:\/\/api.w.org\/{rel}","templated":true}]}}