{"id":13267,"date":"2023-12-18T14:27:11","date_gmt":"2023-12-18T14:27:11","guid":{"rendered":"https:\/\/force8.coach\/modules-2024\/"},"modified":"2026-02-23T10:21:04","modified_gmt":"2026-02-23T10:21:04","slug":"modules","status":"publish","type":"page","link":"https:\/\/force8.coach\/de\/modules\/","title":{"rendered":"Module"},"content":{"rendered":"[mk_page_section bg_image=&#8220;https:\/\/force8.coach\/wp-content\/uploads\/2021\/08\/sport-1.jpg&#8220; bg_color=&#8220;#ffffff&#8220; bg_stretch=&#8220;true&#8220; enable_3d=&#8220;true&#8220; video_color_mask=&#8220;#000000&#8243; video_opacity=&#8220;0.3&#8243; min_height=&#8220;650&#8243; js_vertical_centered=&#8220;true&#8220; sidebar=&#8220;sidebar-1&#8243;][vc_column width=&#8220;2\/3&#8243;][mk_fancy_title color=&#8220;#ffffff&#8220; size=&#8220;35&#8243; force_font_size=&#8220;true&#8220; font_weight=&#8220;400&#8243; letter_spacing=&#8220;2&#8243; margin_bottom=&#8220;0&#8243; font_family=&#8220;none&#8220;]\n<p class=\"p1\">Module<\/p>\n[\/mk_fancy_title][mk_fancy_title color=&#8220;#ffffff&#8220; size=&#8220;64&#8243; force_font_size=&#8220;true&#8220; size_phone=&#8220;50&#8243; line_height=&#8220;99&#8243; font_weight=&#8220;900&#8243; margin_bottom=&#8220;0&#8243; font_family=&#8220;none&#8220;]Flexibilit\u00e4t ist die Antwort[\/mk_fancy_title][\/vc_column][vc_column width=&#8220;1\/3&#8243;][\/vc_column][\/mk_page_section][mk_page_section bg_color=&#8220;#f9f9f9&#8243; bg_stretch=&#8220;true&#8220; video_opacity=&#8220;0.4&#8243; padding_top=&#8220;100&#8243; padding_bottom=&#8220;80&#8243; bottom_shape_color=&#8220;#f7f7f7&#8243; sidebar=&#8220;sidebar-1&#8243;][vc_column width=&#8220;1\/2&#8243;][mk_fancy_title size=&#8220;25&#8243; font_weight=&#8220;600&#8243; margin_bottom=&#8220;0&#8243; font_family=&#8220;none&#8220;]\n<p class=\"p1\">Jedes Center enth\u00e4lt ein oder mehrere Module. Stelle diese nach deinen Bed\u00fcrfnissen zusammen.<\/p>\n[\/mk_fancy_title][\/vc_column][vc_column width=&#8220;1\/2&#8243;][vc_column_text css=&#8220;.vc_custom_1742399567843{margin-bottom: 0px !important;}&#8220;]Schaue Dir unsere kurzen und informativen Produktvideos an: <a href=\"https:\/\/force8.coach\/de\/downloads\/\">Videos<\/a>[\/vc_column_text][\/vc_column][\/mk_page_section][mk_page_section bg_stretch=&#8220;true&#8220; video_opacity=&#8220;0.4&#8243; padding_top=&#8220;100&#8243; padding_bottom=&#8220;80&#8243; bottom_shape_color=&#8220;#f7f7f7&#8243; section_id=&#8220;system&#8220; sidebar=&#8220;sidebar-1&#8243;][vc_column width=&#8220;1\/2&#8243;][mk_image src=&#8220;https:\/\/force8.coach\/wp-content\/uploads\/2024\/01\/basic-system-img1.png&#8220; image_size=&#8220;full&#8220; visibility=&#8220;visible-sm&#8220; animation=&#8220;fade-in&#8220;][mk_fancy_title size=&#8220;25&#8243; font_weight=&#8220;600&#8243; margin_bottom=&#8220;0&#8243; font_family=&#8220;none&#8220;]\n<p class=\"p1\">Admin Center<\/p>\n[\/mk_fancy_title][mk_fancy_title tag_name=&#8220;h1&#8243; color=&#8220;#000000&#8243; size=&#8220;64&#8243; force_font_size=&#8220;true&#8220; line_height=&#8220;95&#8243; font_weight=&#8220;900&#8243; font_style=&#8220;normal&#8220; letter_spacing=&#8220;1&#8243; margin_bottom=&#8220;0&#8243; font_family=&#8220;none&#8220;]Optimierte Sportverwaltung[\/mk_fancy_title][vc_column_text css=&#8220;.vc_custom_1705136761090{margin-bottom: 0px !important;}&#8220;]Optimiere die Benutzerverwaltung mit einem umfassenden \u00dcberblick \u00fcber Trainer und Sportler. Die Zuweisung von Zugriffsrechten ist effizient, und sorgf\u00e4ltige Datenschutzma\u00dfnahmen sorgen f\u00fcr mehr Sicherheit.[\/vc_column_text][mk_button dimension=&#8220;flat&#8220; corner_style=&#8220;full_rounded&#8220; size=&#8220;large&#8220; icon=&#8220;mk-icon-align-left&#8220; url=&#8220;https:\/\/force8.coach\/de\/grundsystem\/&#8220; margin_top=&#8220;20&#8243; margin_bottom=&#8220;0&#8243; bg_color=&#8220;#d66f28&#8243;]Erfahre mehr[\/mk_button][\/vc_column][vc_column width=&#8220;1\/2&#8243;][mk_padding_divider size=&#8220;5&#8243;][mk_image src=&#8220;https:\/\/force8.coach\/wp-content\/uploads\/2024\/01\/basic-system-img1.png&#8220; image_size=&#8220;full&#8220; visibility=&#8220;hidden-sm&#8220; animation=&#8220;fade-in&#8220; pxs=&#8220;true&#8220; pxs_x=&#8220;0&#8243; pxs_y=&#8220;-50&#8243; pxs_z=&#8220;0&#8243;][\/vc_column][\/mk_page_section][mk_page_section bg_stretch=&#8220;true&#8220; video_opacity=&#8220;0.4&#8243; padding_top=&#8220;100&#8243; padding_bottom=&#8220;80&#8243; bottom_shape_color=&#8220;#f7f7f7&#8243; section_id=&#8220;system&#8220; sidebar=&#8220;sidebar-1&#8243;][vc_column width=&#8220;1\/2&#8243;][mk_image src=&#8220;https:\/\/force8.coach\/wp-content\/uploads\/2024\/01\/communication-img.png&#8220; image_size=&#8220;full&#8220; visibility=&#8220;visible-sm&#8220; animation=&#8220;fade-in&#8220;][mk_fancy_title size=&#8220;25&#8243; font_weight=&#8220;600&#8243; margin_bottom=&#8220;0&#8243; font_family=&#8220;none&#8220;]\n<p class=\"p1\">Kommunikations Center<\/p>\n[\/mk_fancy_title][mk_fancy_title tag_name=&#8220;h1&#8243; color=&#8220;#000000&#8243; size=&#8220;64&#8243; force_font_size=&#8220;true&#8220; line_height=&#8220;95&#8243; font_weight=&#8220;900&#8243; font_style=&#8220;normal&#8220; letter_spacing=&#8220;1&#8243; margin_bottom=&#8220;0&#8243; font_family=&#8220;none&#8220;]Integrierte Kommunikation[\/mk_fancy_title][vc_column_text css=&#8220;.vc_custom_1708440604673{margin-bottom: 0px !important;}&#8220;]Verbessere dein Kommunikationserlebnis mit unserer umfassenden L\u00f6sung, die E-Mails, Status-Updates, Gespr\u00e4che und WebApp-Funktionen beinhaltet.[\/vc_column_text][mk_button dimension=&#8220;flat&#8220; corner_style=&#8220;full_rounded&#8220; size=&#8220;large&#8220; icon=&#8220;mk-icon-align-left&#8220; url=&#8220;https:\/\/force8.coach\/de\/kommunikation-center\/&#8220; margin_top=&#8220;20&#8243; margin_bottom=&#8220;0&#8243; bg_color=&#8220;#d66f28&#8243;]Erfahre mehr[\/mk_button][\/vc_column][vc_column width=&#8220;1\/2&#8243;][mk_padding_divider size=&#8220;20&#8243;][mk_image src=&#8220;https:\/\/force8.coach\/wp-content\/uploads\/2024\/01\/communication-img.png&#8220; image_size=&#8220;full&#8220; visibility=&#8220;hidden-sm&#8220; animation=&#8220;fade-in&#8220; pxs=&#8220;true&#8220; pxs_x=&#8220;0&#8243; pxs_y=&#8220;-50&#8243; pxs_z=&#8220;0&#8243;][\/vc_column][\/mk_page_section][mk_page_section bg_stretch=&#8220;true&#8220; video_opacity=&#8220;0.4&#8243; padding_top=&#8220;100&#8243; padding_bottom=&#8220;80&#8243; bottom_shape_color=&#8220;#f7f7f7&#8243; section_id=&#8220;system&#8220; sidebar=&#8220;sidebar-1&#8243;][vc_column width=&#8220;1\/2&#8243;][mk_image src=&#8220;https:\/\/force8.coach\/wp-content\/uploads\/2024\/01\/img-training-center.png&#8220; image_size=&#8220;full&#8220; visibility=&#8220;visible-sm&#8220; animation=&#8220;fade-in&#8220;][mk_fancy_title size=&#8220;25&#8243; font_weight=&#8220;600&#8243; margin_bottom=&#8220;0&#8243; font_family=&#8220;none&#8220;]\n<p class=\"p1\">Trainings Center<\/p>\n[\/mk_fancy_title][mk_fancy_title tag_name=&#8220;h1&#8243; color=&#8220;#000000&#8243; size=&#8220;64&#8243; force_font_size=&#8220;true&#8220; line_height=&#8220;95&#8243; font_weight=&#8220;900&#8243; font_style=&#8220;normal&#8220; letter_spacing=&#8220;1&#8243; margin_bottom=&#8220;0&#8243; font_family=&#8220;none&#8220;]Trainings personalisieren[\/mk_fancy_title][vc_column_text css=&#8220;.vc_custom_1705136984693{margin-bottom: 0px !important;}&#8220;]Spare m\u00fchelos Zeit mit Mustertrainings und vereinfache die Planung mit einem effizienten Mikrozyklusmanagement. Behalte die Anwesenheit im Auge und f\u00fchre gr\u00fcndliche Analysen durch. Entdecke eine Vielzahl von \u00dcbungen, die auf dem <a href=\"https:\/\/force8.coach\/de\/ftem\/\" target=\"_blank\" rel=\"noopener\">FTEM-Konzept aufbauen<\/a>, entweder aus unserer bereitgestellten Sammlung oder erstelle schnell deine eigenen. Du erh\u00e4ltst wertvolles Feedback durch Metriken wie RPE, FOSTER, ATL oder CTL, die alle auf eine effektive Periodisierung abgestimmt sind.[\/vc_column_text][mk_button dimension=&#8220;flat&#8220; corner_style=&#8220;full_rounded&#8220; size=&#8220;large&#8220; icon=&#8220;mk-icon-align-left&#8220; url=&#8220;https:\/\/force8.coach\/de\/training-center\/&#8220; margin_top=&#8220;20&#8243; margin_bottom=&#8220;0&#8243; bg_color=&#8220;#d66f28&#8243;]Erfahre mehr[\/mk_button][\/vc_column][vc_column width=&#8220;1\/2&#8243;][mk_padding_divider size=&#8220;20&#8243;][mk_image src=&#8220;https:\/\/force8.coach\/wp-content\/uploads\/2024\/01\/img-training-center.png&#8220; image_size=&#8220;full&#8220; visibility=&#8220;hidden-sm&#8220; animation=&#8220;fade-in&#8220; pxs=&#8220;true&#8220; pxs_x=&#8220;0&#8243; pxs_y=&#8220;-50&#8243; pxs_z=&#8220;0&#8243;][\/vc_column][\/mk_page_section][mk_page_section bg_stretch=&#8220;true&#8220; video_opacity=&#8220;0.4&#8243; padding_top=&#8220;100&#8243; padding_bottom=&#8220;80&#8243; bottom_shape_color=&#8220;#f7f7f7&#8243; section_id=&#8220;system&#8220; sidebar=&#8220;sidebar-1&#8243;][vc_column width=&#8220;1\/2&#8243;][mk_image src=&#8220;https:\/\/force8.coach\/wp-content\/uploads\/2024\/01\/competition_img.png&#8220; image_size=&#8220;full&#8220; visibility=&#8220;visible-sm&#8220; animation=&#8220;fade-in&#8220;][mk_fancy_title size=&#8220;25&#8243; font_weight=&#8220;600&#8243; margin_bottom=&#8220;0&#8243; font_family=&#8220;none&#8220;]\n<p class=\"p1\">Wettkampf Center<\/p>\n[\/mk_fancy_title][mk_fancy_title tag_name=&#8220;h1&#8243; color=&#8220;#000000&#8243; size=&#8220;64&#8243; force_font_size=&#8220;true&#8220; line_height=&#8220;95&#8243; font_weight=&#8220;900&#8243; font_style=&#8220;normal&#8220; letter_spacing=&#8220;1&#8243; margin_bottom=&#8220;0&#8243; font_family=&#8220;none&#8220;]Erstellen, Planen und Organisieren[\/mk_fancy_title][vc_column_text css=&#8220;.vc_custom_1705137561697{margin-bottom: 0px !important;}&#8220;]Mit diesem intuitiven Wettkampfmodul kannst du ganz einfach Teams erstellen und die Planung und Organisation von Teams, einzelnen Athleten und Mitarbeitern optimieren. Verbessere das Team- oder Athletenmanagement, indem du den Informationsfluss optimierst, Aufgebote vereinfachst und Abwesenheiten verwaltest.[\/vc_column_text][mk_button dimension=&#8220;flat&#8220; corner_style=&#8220;full_rounded&#8220; size=&#8220;large&#8220; icon=&#8220;mk-icon-align-left&#8220; url=&#8220;https:\/\/force8.coach\/de\/wettkampf-center\/&#8220; margin_top=&#8220;20&#8243; margin_bottom=&#8220;0&#8243; bg_color=&#8220;#d66f28&#8243;]Erfahre mehr[\/mk_button][\/vc_column][vc_column width=&#8220;1\/2&#8243;][mk_padding_divider size=&#8220;20&#8243;][mk_image src=&#8220;https:\/\/force8.coach\/wp-content\/uploads\/2024\/01\/competition_img.png&#8220; image_size=&#8220;full&#8220; visibility=&#8220;hidden-sm&#8220; animation=&#8220;fade-in&#8220; pxs=&#8220;true&#8220; pxs_x=&#8220;0&#8243; pxs_y=&#8220;-50&#8243; pxs_z=&#8220;0&#8243;][\/vc_column][\/mk_page_section][mk_page_section bg_color=&#8220;#31dcff&#8220; bg_stretch=&#8220;true&#8220; bg_gradient=&#8220;horizontal&#8220; video_color_mask=&#8220;#31dcff&#8220; gr_end=&#8220;#002efe&#8220; video_opacity=&#8220;1&#8243; min_height=&#8220;60&#8243; padding_top=&#8220;40&#8243; padding_bottom=&#8220;30&#8243; bottom_shape_color=&#8220;#f7f7f7&#8243; sidebar=&#8220;sidebar-1&#8243;][vc_column width=&#8220;2\/3&#8243;][mk_fancy_title color=&#8220;#ffffff&#8220; size=&#8220;35&#8243; line_height=&#8220;90&#8243; font_weight=&#8220;900&#8243; margin_top=&#8220;10&#8243; margin_bottom=&#8220;0&#8243; font_family=&#8220;none&#8220;]Hier vollst\u00e4ndige \u00dcbersicht aller Force8 Coach Module herunterladen[\/mk_fancy_title][\/vc_column][vc_column width=&#8220;1\/3&#8243;][mk_padding_divider size=&#8220;10&#8243; visibility=&#8220;hidden-sm&#8220;][mk_button dimension=&#8220;flat&#8220; corner_style=&#8220;full_rounded&#8220; size=&#8220;large&#8220; icon=&#8220;mk-icon-align-left&#8220; url=&#8220;https:\/\/force8.coach\/wp-content\/uploads\/2026\/02\/f8c_overview-center-modules_de.pdf&#8220; target=&#8220;_blank&#8220; align=&#8220;right&#8220; margin_bottom=&#8220;0&#8243; margin_right=&#8220;0&#8243; bg_color=&#8220;#000000&#8243;]Download[\/mk_button][\/vc_column][\/mk_page_section][mk_page_section bg_stretch=&#8220;true&#8220; video_opacity=&#8220;0.4&#8243; padding_top=&#8220;100&#8243; padding_bottom=&#8220;80&#8243; bottom_shape_color=&#8220;#f7f7f7&#8243; section_id=&#8220;system&#8220; sidebar=&#8220;sidebar-1&#8243;][vc_column width=&#8220;1\/2&#8243;][mk_image src=&#8220;https:\/\/force8.coach\/wp-content\/uploads\/2024\/01\/test-center-img-2.png&#8220; image_size=&#8220;full&#8220; visibility=&#8220;visible-sm&#8220; animation=&#8220;fade-in&#8220;][mk_fancy_title size=&#8220;25&#8243; font_weight=&#8220;600&#8243; margin_bottom=&#8220;0&#8243; font_family=&#8220;none&#8220;]\n<p class=\"p1\">Test Center<\/p>\n[\/mk_fancy_title][mk_fancy_title tag_name=&#8220;h1&#8243; color=&#8220;#000000&#8243; size=&#8220;64&#8243; force_font_size=&#8220;true&#8220; line_height=&#8220;95&#8243; font_weight=&#8220;900&#8243; font_style=&#8220;normal&#8220; letter_spacing=&#8220;1&#8243; margin_bottom=&#8220;0&#8243; font_family=&#8220;none&#8220;]Testen, visualisieren und teilen[\/mk_fancy_title][vc_column_text css=&#8220;.vc_custom_1705138023804{margin-bottom: 0px !important;}&#8220;]Verbessere den Fortschritt der sportlichen Entwicklung mit unserer Leistungsdiagnostik. Vergleiche die Ergebnisse im Laufe der Zeit und teile die Erkenntnisse auf Wunsch direkt mit den Athleten. Passe die Tests m\u00fchelos an deine Anforderungen an, baue eine robuste Testdatenbank auf und verfolge den Fortschritt der Athleten visuell. Unterst\u00fctze die Zielerreichung, indem du gemeinsam Zielvereinbarungen triffst und dich mit den Athleten austauschst, um SMART-Ziele festzulegen. Nutze Umfragen und Feedback-Mechanismen zur kontinuierlichen Verbesserung.[\/vc_column_text][mk_button dimension=&#8220;flat&#8220; corner_style=&#8220;full_rounded&#8220; size=&#8220;large&#8220; icon=&#8220;mk-icon-align-left&#8220; url=&#8220;https:\/\/force8.coach\/de\/test-center\/&#8220; margin_top=&#8220;20&#8243; margin_bottom=&#8220;0&#8243; bg_color=&#8220;#d66f28&#8243;]Erfahre mehr[\/mk_button][\/vc_column][vc_column width=&#8220;1\/2&#8243;][mk_padding_divider size=&#8220;20&#8243;][mk_image src=&#8220;https:\/\/force8.coach\/wp-content\/uploads\/2024\/01\/test-center-img-2.png&#8220; image_size=&#8220;full&#8220; visibility=&#8220;hidden-sm&#8220; animation=&#8220;fade-in&#8220; pxs=&#8220;true&#8220; pxs_x=&#8220;0&#8243; pxs_y=&#8220;-50&#8243; pxs_z=&#8220;0&#8243;][\/vc_column][\/mk_page_section][mk_page_section bg_stretch=&#8220;true&#8220; video_opacity=&#8220;0.4&#8243; padding_top=&#8220;100&#8243; padding_bottom=&#8220;80&#8243; bottom_shape_color=&#8220;#f7f7f7&#8243; section_id=&#8220;system&#8220; sidebar=&#8220;sidebar-1&#8243;][vc_column width=&#8220;1\/2&#8243;][mk_image src=&#8220;https:\/\/force8.coach\/wp-content\/uploads\/2024\/01\/media-center-v2.png&#8220; image_size=&#8220;full&#8220; visibility=&#8220;visible-sm&#8220; animation=&#8220;fade-in&#8220;][mk_fancy_title size=&#8220;25&#8243; font_weight=&#8220;600&#8243; margin_bottom=&#8220;0&#8243; font_family=&#8220;none&#8220;]\n<p class=\"p1\">Media Center<\/p>\n[\/mk_fancy_title][mk_fancy_title tag_name=&#8220;h1&#8243; color=&#8220;#000000&#8243; size=&#8220;64&#8243; force_font_size=&#8220;true&#8220; line_height=&#8220;95&#8243; font_weight=&#8220;900&#8243; font_style=&#8220;normal&#8220; letter_spacing=&#8220;1&#8243; margin_bottom=&#8220;0&#8243; font_family=&#8220;none&#8220;]Multimedia-Erfahrung[\/mk_fancy_title][vc_column_text css=&#8220;.vc_custom_1705137653387{margin-bottom: 0px !important;}&#8220;]Tauche ein in ein multimediales Erlebnis, indem du ein Repository mit Archiv und Dateien einrichtest.<br \/>\nVerb\u00e4nde k\u00f6nnen exklusive Akademie-Inhalte erstellen und so einen umfassenden und effizienten Zugang zu all ihren Videoinhalten, Playbooks und Schulungsmaterialien sicherstellen.[\/vc_column_text][mk_button dimension=&#8220;flat&#8220; corner_style=&#8220;full_rounded&#8220; size=&#8220;large&#8220; icon=&#8220;mk-icon-align-left&#8220; url=&#8220;https:\/\/force8.coach\/de\/media-center\/&#8220; margin_top=&#8220;20&#8243; margin_bottom=&#8220;0&#8243; bg_color=&#8220;#d66f28&#8243;]Erfahre mehr[\/mk_button][\/vc_column][vc_column width=&#8220;1\/2&#8243;][mk_padding_divider size=&#8220;20&#8243;][mk_image src=&#8220;https:\/\/force8.coach\/wp-content\/uploads\/2024\/01\/media-center-v2.png&#8220; image_size=&#8220;full&#8220; visibility=&#8220;hidden-sm&#8220; animation=&#8220;fade-in&#8220; pxs=&#8220;true&#8220; pxs_x=&#8220;0&#8243; pxs_y=&#8220;-50&#8243; pxs_z=&#8220;0&#8243;][\/vc_column][\/mk_page_section][mk_page_section bg_stretch=&#8220;true&#8220; video_opacity=&#8220;0.4&#8243; padding_top=&#8220;100&#8243; padding_bottom=&#8220;80&#8243; bottom_shape_color=&#8220;#f7f7f7&#8243; section_id=&#8220;system&#8220; sidebar=&#8220;sidebar-1&#8243;][vc_column width=&#8220;1\/2&#8243;][mk_image src=&#8220;https:\/\/force8.coach\/wp-content\/uploads\/2024\/01\/health-center-img2.png&#8220; image_size=&#8220;full&#8220; visibility=&#8220;visible-sm&#8220; animation=&#8220;fade-in&#8220;][mk_fancy_title size=&#8220;25&#8243; font_weight=&#8220;600&#8243; margin_bottom=&#8220;0&#8243; font_family=&#8220;none&#8220;]\n<p class=\"p1\">Gesundheits Center<\/p>\n[\/mk_fancy_title][mk_fancy_title tag_name=&#8220;h1&#8243; color=&#8220;#000000&#8243; size=&#8220;64&#8243; force_font_size=&#8220;true&#8220; line_height=&#8220;95&#8243; font_weight=&#8220;900&#8243; font_style=&#8220;normal&#8220; letter_spacing=&#8220;1&#8243; margin_bottom=&#8220;0&#8243; font_family=&#8220;none&#8220;]Gesundheit ist alles[\/mk_fancy_title][vc_column_text css=&#8220;.vc_custom_1705137702003{margin-bottom: 0px !important;}&#8220;]Entdecke eine schnelle, benutzerfreundliche und personalisierte Methode zum Monitoring des k\u00f6rperlichen und geistigen Wohlbefindens deiner Sportler. Erfasse und konsolidiere m\u00fchelos wichtige medizinische Informationen und verschaffe dir einen umfassenden \u00dcberblick \u00fcber alle Daten auf einen Blick. Sportlerinnen k\u00f6nnen ihren Menstruationszyklus protokollieren, damit die Trainer ein individuelles, dem Zyklus angepasstes Training zusammenstellen k\u00f6nnen.[\/vc_column_text][mk_button dimension=&#8220;flat&#8220; corner_style=&#8220;full_rounded&#8220; size=&#8220;large&#8220; icon=&#8220;mk-icon-align-left&#8220; url=&#8220;https:\/\/force8.coach\/de\/gesundheits-center\/&#8220; margin_top=&#8220;20&#8243; margin_bottom=&#8220;0&#8243; bg_color=&#8220;#d66f28&#8243;]Erfahre mehr[\/mk_button][\/vc_column][vc_column width=&#8220;1\/2&#8243;][mk_padding_divider size=&#8220;20&#8243;][mk_image src=&#8220;https:\/\/force8.coach\/wp-content\/uploads\/2024\/01\/health-center-img2.png&#8220; image_size=&#8220;full&#8220; visibility=&#8220;hidden-sm&#8220; animation=&#8220;fade-in&#8220; pxs=&#8220;true&#8220; pxs_x=&#8220;0&#8243; pxs_y=&#8220;-90&#8243; pxs_z=&#8220;0&#8243;][\/vc_column][\/mk_page_section][mk_page_section bg_stretch=&#8220;true&#8220; video_opacity=&#8220;0.4&#8243; padding_top=&#8220;100&#8243; padding_bottom=&#8220;80&#8243; bottom_shape_color=&#8220;#f7f7f7&#8243; section_id=&#8220;system&#8220; sidebar=&#8220;sidebar-1&#8243;][vc_column width=&#8220;1\/2&#8243;][mk_image src=&#8220;https:\/\/force8.coach\/wp-content\/uploads\/2024\/01\/img-lab-2.png&#8220; image_size=&#8220;full&#8220; visibility=&#8220;visible-sm&#8220; animation=&#8220;fade-in&#8220;][mk_fancy_title size=&#8220;25&#8243; font_weight=&#8220;600&#8243; margin_bottom=&#8220;0&#8243; font_family=&#8220;none&#8220;]\n<p class=\"p1\">Analyse Center<\/p>\n[\/mk_fancy_title][mk_fancy_title tag_name=&#8220;h1&#8243; color=&#8220;#000000&#8243; size=&#8220;64&#8243; force_font_size=&#8220;true&#8220; line_height=&#8220;95&#8243; font_weight=&#8220;900&#8243; font_style=&#8220;normal&#8220; letter_spacing=&#8220;1&#8243; margin_bottom=&#8220;0&#8243; font_family=&#8220;none&#8220;]Standard- und individuelle Analysen[\/mk_fancy_title][vc_column_text css=&#8220;.vc_custom_1705138009666{margin-bottom: 0px !important;}&#8220;]Vertiefe deine Dateneinblicke mit unseren Standardanalysen oder untersuche einzelne Leistungskennzahlen mit unseren erweiterten Force8 Lab Dashboards. Wir stellen eine Vielzahl von Datenquellen visuell dar. Dazu geh\u00f6ren sowohl interne als auch externe Daten in Formaten wie xls, csv und mehr.[\/vc_column_text][mk_button dimension=&#8220;flat&#8220; corner_style=&#8220;full_rounded&#8220; size=&#8220;large&#8220; icon=&#8220;mk-icon-align-left&#8220; url=&#8220;https:\/\/force8.coach\/de\/analysen-center\/&#8220; margin_top=&#8220;20&#8243; margin_bottom=&#8220;0&#8243; bg_color=&#8220;#d66f28&#8243;]Erfahre mehr[\/mk_button][\/vc_column][vc_column width=&#8220;1\/2&#8243;][mk_padding_divider size=&#8220;20&#8243;][mk_image src=&#8220;https:\/\/force8.coach\/wp-content\/uploads\/2024\/01\/img-lab-2.png&#8220; image_size=&#8220;full&#8220; visibility=&#8220;hidden-sm&#8220; animation=&#8220;fade-in&#8220; pxs=&#8220;true&#8220; pxs_x=&#8220;0&#8243; pxs_y=&#8220;-50&#8243; pxs_z=&#8220;0&#8243;][\/vc_column][\/mk_page_section][mk_page_section bg_color=&#8220;#31dcff&#8220; bg_stretch=&#8220;true&#8220; bg_gradient=&#8220;horizontal&#8220; video_color_mask=&#8220;#31dcff&#8220; gr_end=&#8220;#002efe&#8220; video_opacity=&#8220;1&#8243; min_height=&#8220;60&#8243; padding_top=&#8220;40&#8243; padding_bottom=&#8220;30&#8243; bottom_shape_color=&#8220;#f7f7f7&#8243; sidebar=&#8220;sidebar-1&#8243;][vc_column width=&#8220;2\/3&#8243;][mk_fancy_title color=&#8220;#ffffff&#8220; size=&#8220;35&#8243; line_height=&#8220;90&#8243; font_weight=&#8220;900&#8243; margin_top=&#8220;10&#8243; margin_bottom=&#8220;0&#8243; font_family=&#8220;none&#8220;]Hier vollst\u00e4ndige FTEM \u00dcbersicht aller Force8 Coach Module herunterladen[\/mk_fancy_title][\/vc_column][vc_column width=&#8220;1\/3&#8243;][mk_padding_divider size=&#8220;20&#8243;][mk_button dimension=&#8220;flat&#8220; corner_style=&#8220;full_rounded&#8220; size=&#8220;large&#8220; icon=&#8220;mk-icon-align-left&#8220; url=&#8220;https:\/\/force8.coach\/wp-content\/uploads\/2025\/05\/f8c_de_2025.pdf&#8220; target=&#8220;_blank&#8220; align=&#8220;right&#8220; margin_bottom=&#8220;0&#8243; margin_right=&#8220;0&#8243; bg_color=&#8220;#000000&#8243;]Download[\/mk_button][\/vc_column][\/mk_page_section]\n","protected":false},"excerpt":{"rendered":"<p>[mk_page_section bg_image=&#8220;https:\/\/force8.coach\/wp-content\/uploads\/2021\/08\/sport-1.jpg&#8220; bg_color=&#8220;#ffffff&#8220; bg_stretch=&#8220;true&#8220; enable_3d=&#8220;true&#8220; video_color_mask=&#8220;#000000&#8243; video_opacity=&#8220;0.3&#8243; min_height=&#8220;650&#8243; js_vertical_centered=&#8220;true&#8220; sidebar=&#8220;sidebar-1&#8243;][vc_column width=&#8220;2\/3&#8243;][mk_fancy_title color=&#8220;#ffffff&#8220; size=&#8220;35&#8243; force_font_size=&#8220;true&#8220; font_weight=&#8220;400&#8243; letter_spacing=&#8220;2&#8243; margin_bottom=&#8220;0&#8243; font_family=&#8220;none&#8220;] Module [\/mk_fancy_title][mk_fancy_title color=&#8220;#ffffff&#8220; size=&#8220;64&#8243; force_font_size=&#8220;true&#8220; size_phone=&#8220;50&#8243; line_height=&#8220;99&#8243; font_weight=&#8220;900&#8243; margin_bottom=&#8220;0&#8243; font_family=&#8220;none&#8220;]Flexibilit\u00e4t ist die Antwort[\/mk_fancy_title][\/vc_column][vc_column width=&#8220;1\/3&#8243;][\/vc_column][\/mk_page_section][mk_page_section bg_color=&#8220;#f9f9f9&#8243; bg_stretch=&#8220;true&#8220; video_opacity=&#8220;0.4&#8243; padding_top=&#8220;100&#8243; padding_bottom=&#8220;80&#8243; bottom_shape_color=&#8220;#f7f7f7&#8243; sidebar=&#8220;sidebar-1&#8243;][vc_column width=&#8220;1\/2&#8243;][mk_fancy_title size=&#8220;25&#8243; font_weight=&#8220;600&#8243; margin_bottom=&#8220;0&#8243; font_family=&#8220;none&#8220;] Jedes Center enth\u00e4lt ein oder mehrere Module. Stelle diese nach deinen [&hellip;]<\/p>\n","protected":false},"author":1,"featured_media":0,"parent":0,"menu_order":0,"comment_status":"open","ping_status":"closed","template":"","meta":{"inline_featured_image":false,"footnotes":""},"_links":{"self":[{"href":"https:\/\/force8.coach\/de\/wp-json\/wp\/v2\/pages\/13267"}],"collection":[{"href":"https:\/\/force8.coach\/de\/wp-json\/wp\/v2\/pages"}],"about":[{"href":"https:\/\/force8.coach\/de\/wp-json\/wp\/v2\/types\/page"}],"author":[{"embeddable":true,"href":"https:\/\/force8.coach\/de\/wp-json\/wp\/v2\/users\/1"}],"replies":[{"embeddable":true,"href":"https:\/\/force8.coach\/de\/wp-json\/wp\/v2\/comments?post=13267"}],"version-history":[{"count":65,"href":"https:\/\/force8.coach\/de\/wp-json\/wp\/v2\/pages\/13267\/revisions"}],"predecessor-version":[{"id":17405,"href":"https:\/\/force8.coach\/de\/wp-json\/wp\/v2\/pages\/13267\/revisions\/17405"}],"wp:attachment":[{"href":"https:\/\/force8.coach\/de\/wp-json\/wp\/v2\/media?parent=13267"}],"curies":[{"name":"wp","href":"https:\/\/api.w.org\/{rel}","templated":true}]}}