{"id":13685,"date":"2024-01-26T17:32:34","date_gmt":"2024-01-26T17:32:34","guid":{"rendered":"https:\/\/force8.coach\/analysen-center-24\/"},"modified":"2025-02-19T08:56:11","modified_gmt":"2025-02-19T08:56:11","slug":"analysen-center","status":"publish","type":"page","link":"https:\/\/force8.coach\/de\/analysen-center\/","title":{"rendered":"Analyse Center"},"content":{"rendered":"[mk_page_section bg_image=&#8220;https:\/\/force8.coach\/wp-content\/uploads\/2023\/03\/shutterstock_1613780899-res-scaled.jpg&#8220; bg_color=&#8220;#ffffff&#8220; bg_position=&#8220;center center&#8220; bg_stretch=&#8220;true&#8220; enable_3d=&#8220;true&#8220; video_color_mask=&#8220;#000000&#8243; video_opacity=&#8220;0.3&#8243; min_height=&#8220;650&#8243; js_vertical_centered=&#8220;true&#8220; sidebar=&#8220;sidebar-1&#8243;][vc_column width=&#8220;1\/2&#8243;][mk_fancy_title color=&#8220;#ffffff&#8220; size=&#8220;35&#8243; force_font_size=&#8220;true&#8220; size_phone=&#8220;25&#8243; font_weight=&#8220;400&#8243; font_style=&#8220;normal&#8220; letter_spacing=&#8220;1&#8243; margin_bottom=&#8220;0&#8243; font_family=&#8220;none&#8220;]Analyse Center[\/mk_fancy_title][mk_fancy_title tag_name=&#8220;h1&#8243; color=&#8220;#ffffff&#8220; size=&#8220;64&#8243; force_font_size=&#8220;true&#8220; size_phone=&#8220;50&#8243; line_height=&#8220;95&#8243; font_weight=&#8220;900&#8243; font_style=&#8220;normal&#8220; letter_spacing=&#8220;1&#8243; margin_bottom=&#8220;0&#8243; font_family=&#8220;none&#8220;]Unterst\u00fctze deine Instinkte[\/mk_fancy_title][\/vc_column][vc_column width=&#8220;1\/2&#8243;][\/vc_column][\/mk_page_section][mk_page_section bg_color=&#8220;#f9f9f9&#8243; bg_stretch=&#8220;true&#8220; video_opacity=&#8220;0.4&#8243; padding_top=&#8220;100&#8243; padding_bottom=&#8220;80&#8243; bottom_shape_color=&#8220;#f7f7f7&#8243; sidebar=&#8220;sidebar-1&#8243;][vc_column width=&#8220;1\/2&#8243;][mk_fancy_title size=&#8220;25&#8243; font_weight=&#8220;600&#8243; margin_bottom=&#8220;0&#8243; font_family=&#8220;none&#8220;]Wir bieten verschiedene Analyseoptionen. W\u00e4hle aus, was f\u00fcr dich am besten geeignet ist.[\/mk_fancy_title][\/vc_column][vc_column width=&#8220;1\/2&#8243;][vc_column_text css=&#8220;.vc_custom_1706620698515{margin-bottom: 0px !important;}&#8220;]<strong>Dein Vorteil<\/strong>: Wir visualisieren deine Daten f\u00fcr dich. Unabh\u00e4ngig davon, ob du es im Force8 Coach aufzeichnest oder ob die Daten extern in einem beliebigen Format verf\u00fcgbar sind.[\/vc_column_text][\/vc_column][\/mk_page_section][mk_page_section bg_stretch=&#8220;true&#8220; video_opacity=&#8220;0.4&#8243; padding_top=&#8220;100&#8243; padding_bottom=&#8220;80&#8243; bottom_shape_color=&#8220;#f7f7f7&#8243; section_id=&#8220;system&#8220; sidebar=&#8220;sidebar-1&#8243;][vc_column width=&#8220;1\/3&#8243;][mk_image src=&#8220;https:\/\/force8.coach\/wp-content\/uploads\/2024\/02\/valuations-img3.png&#8220; image_size=&#8220;full&#8220; visibility=&#8220;visible-sm&#8220;][mk_fancy_title size=&#8220;25&#8243; font_weight=&#8220;600&#8243; margin_bottom=&#8220;0&#8243; font_family=&#8220;none&#8220;]\n<p class=\"p1\">Analysen Center<\/p>\n[\/mk_fancy_title][mk_fancy_title tag_name=&#8220;h1&#8243; color=&#8220;#000000&#8243; size=&#8220;64&#8243; force_font_size=&#8220;true&#8220; line_height=&#8220;95&#8243; font_weight=&#8220;900&#8243; font_style=&#8220;normal&#8220; letter_spacing=&#8220;1&#8243; margin_bottom=&#8220;30&#8243; font_family=&#8220;none&#8220;]Training[\/mk_fancy_title][mk_custom_list]\n<ul>\n<li>Das Modul Trainingsplanung enth\u00e4lt eigene Analysen<\/li>\n<li>Diese besteht aus einer \u00dcbersicht, Leistungs-, Anwesenheits- und Pulszonen-Analysen<\/li>\n<\/ul>\n[\/mk_custom_list][\/vc_column][vc_column width=&#8220;2\/3&#8243;][mk_image src=&#8220;https:\/\/force8.coach\/wp-content\/uploads\/2024\/02\/valuations-img3.png&#8220; image_size=&#8220;full&#8220; visibility=&#8220;hidden-sm&#8220;][\/vc_column][\/mk_page_section][mk_page_section bg_stretch=&#8220;true&#8220; video_opacity=&#8220;0.4&#8243; padding_top=&#8220;100&#8243; padding_bottom=&#8220;80&#8243; bottom_shape_color=&#8220;#f7f7f7&#8243; section_id=&#8220;system&#8220; sidebar=&#8220;sidebar-1&#8243;][vc_column width=&#8220;1\/3&#8243;][mk_image src=&#8220;https:\/\/force8.coach\/wp-content\/uploads\/2024\/01\/img-lab-2.png&#8220; image_size=&#8220;full&#8220; margin_bottom=&#8220;60&#8243; visibility=&#8220;visible-sm&#8220;][mk_fancy_title size=&#8220;25&#8243; font_weight=&#8220;600&#8243; margin_bottom=&#8220;0&#8243; font_family=&#8220;none&#8220;]\n<p class=\"p1\">Analysen Center<\/p>\n[\/mk_fancy_title][mk_fancy_title tag_name=&#8220;h1&#8243; color=&#8220;#000000&#8243; size=&#8220;64&#8243; force_font_size=&#8220;true&#8220; line_height=&#8220;95&#8243; font_weight=&#8220;900&#8243; font_style=&#8220;normal&#8220; letter_spacing=&#8220;1&#8243; margin_bottom=&#8220;30&#8243; font_family=&#8220;none&#8220;]Erweitert[\/mk_fancy_title][mk_custom_list]\n<ul>\n<li>In den erweiterten Analysen visualisieren wir dir detaillierte Force8 Coach-Daten<\/li>\n<li>Zum Beispiel: Belastungsmonitoring (RPE \/ Foster Load \/ ATL-CTL Training Stress Balance) \/ Aktivit\u00e4tsanalysen \/ Details der Trainerplanung \/ Benutzerdaten und vieles mehr<\/li>\n<\/ul>\n[\/mk_custom_list][\/vc_column][vc_column width=&#8220;2\/3&#8243;][mk_image src=&#8220;https:\/\/force8.coach\/wp-content\/uploads\/2024\/01\/img-lab-2.png&#8220; image_size=&#8220;full&#8220; margin_bottom=&#8220;60&#8243; visibility=&#8220;hidden-sm&#8220;][\/vc_column][\/mk_page_section][mk_page_section bg_stretch=&#8220;true&#8220; video_opacity=&#8220;0.4&#8243; padding_top=&#8220;100&#8243; padding_bottom=&#8220;80&#8243; bottom_shape_color=&#8220;#f7f7f7&#8243; section_id=&#8220;system&#8220; sidebar=&#8220;sidebar-1&#8243;][vc_column width=&#8220;1\/3&#8243;][mk_image src=&#8220;https:\/\/force8.coach\/wp-content\/uploads\/2024\/01\/lab-img2.png&#8220; image_size=&#8220;full&#8220; margin_bottom=&#8220;60&#8243; visibility=&#8220;visible-sm&#8220;][mk_fancy_title size=&#8220;25&#8243; font_weight=&#8220;600&#8243; margin_bottom=&#8220;0&#8243; font_family=&#8220;none&#8220;]\n<p class=\"p1\">Analysen Center<\/p>\n[\/mk_fancy_title][mk_fancy_title tag_name=&#8220;h1&#8243; color=&#8220;#000000&#8243; size=&#8220;64&#8243; force_font_size=&#8220;true&#8220; line_height=&#8220;95&#8243; font_weight=&#8220;900&#8243; font_style=&#8220;normal&#8220; letter_spacing=&#8220;1&#8243; margin_bottom=&#8220;30&#8243; font_family=&#8220;none&#8220;]Force8 Lab[\/mk_fancy_title][mk_custom_list]\n<ul>\n<li>Bist du daran interessiert, mit den in Force8 Coach verf\u00fcgbaren Daten eigene Analysen zu erstellen?<\/li>\n<li>Oder wir reichern externe Daten mit Daten auch Force8 Coach an<\/li>\n<li>Wie auch immer: Wir bieten einen individuellen Visualisierungsservice f\u00fcr all deine Daten und zeigen sie in Force8 Coach an<\/li>\n<li>Du hast die volle Kontrolle \u00fcber das Design<\/li>\n<li><a href=\"https:\/\/force8.coach\/de\/lab\/\" target=\"_blank\" rel=\"noopener\">Weitere Informationen findest du auf unserer Force8 Lab Seite<\/a><\/li>\n<\/ul>\n[\/mk_custom_list][\/vc_column][vc_column width=&#8220;2\/3&#8243;][mk_image src=&#8220;https:\/\/force8.coach\/wp-content\/uploads\/2024\/01\/lab-img2.png&#8220; image_size=&#8220;full&#8220; margin_bottom=&#8220;60&#8243; visibility=&#8220;hidden-sm&#8220;][\/vc_column][\/mk_page_section][mk_page_section bg_color=&#8220;#31dcff&#8220; bg_stretch=&#8220;true&#8220; bg_gradient=&#8220;horizontal&#8220; video_color_mask=&#8220;#31dcff&#8220; gr_end=&#8220;#002efe&#8220; video_opacity=&#8220;1&#8243; min_height=&#8220;60&#8243; padding_top=&#8220;40&#8243; padding_bottom=&#8220;30&#8243; bottom_shape_color=&#8220;#f7f7f7&#8243; sidebar=&#8220;sidebar-1&#8243;][vc_column width=&#8220;2\/3&#8243;][mk_fancy_title color=&#8220;#ffffff&#8220; size=&#8220;35&#8243; line_height=&#8220;90&#8243; font_weight=&#8220;900&#8243; margin_top=&#8220;10&#8243; margin_bottom=&#8220;0&#8243; font_family=&#8220;none&#8220;]Suchst du nach einer geeigneten L\u00f6sung?[\/mk_fancy_title][\/vc_column][vc_column width=&#8220;1\/3&#8243;][mk_button dimension=&#8220;flat&#8220; corner_style=&#8220;full_rounded&#8220; size=&#8220;large&#8220; icon=&#8220;mk-moon-calendar&#8220; url=&#8220;https:\/\/meetings.hubspot.com\/marco-baeschlin&#8220; target=&#8220;_blank&#8220; align=&#8220;right&#8220; id=&#8220;videoBtn&#8220; margin_bottom=&#8220;0&#8243; margin_right=&#8220;0&#8243; bg_color=&#8220;#000000&#8243;]Demo vereinbaren[\/mk_button][\/vc_column][\/mk_page_section]\n","protected":false},"excerpt":{"rendered":"<p>[mk_page_section bg_image=&#8220;https:\/\/force8.coach\/wp-content\/uploads\/2023\/03\/shutterstock_1613780899-res-scaled.jpg&#8220; bg_color=&#8220;#ffffff&#8220; bg_position=&#8220;center center&#8220; bg_stretch=&#8220;true&#8220; enable_3d=&#8220;true&#8220; video_color_mask=&#8220;#000000&#8243; video_opacity=&#8220;0.3&#8243; min_height=&#8220;650&#8243; js_vertical_centered=&#8220;true&#8220; sidebar=&#8220;sidebar-1&#8243;][vc_column width=&#8220;1\/2&#8243;][mk_fancy_title color=&#8220;#ffffff&#8220; size=&#8220;35&#8243; force_font_size=&#8220;true&#8220; size_phone=&#8220;25&#8243; font_weight=&#8220;400&#8243; font_style=&#8220;normal&#8220; letter_spacing=&#8220;1&#8243; margin_bottom=&#8220;0&#8243; font_family=&#8220;none&#8220;]Analyse Center[\/mk_fancy_title][mk_fancy_title tag_name=&#8220;h1&#8243; color=&#8220;#ffffff&#8220; size=&#8220;64&#8243; force_font_size=&#8220;true&#8220; size_phone=&#8220;50&#8243; line_height=&#8220;95&#8243; font_weight=&#8220;900&#8243; font_style=&#8220;normal&#8220; letter_spacing=&#8220;1&#8243; margin_bottom=&#8220;0&#8243; font_family=&#8220;none&#8220;]Unterst\u00fctze deine Instinkte[\/mk_fancy_title][\/vc_column][vc_column width=&#8220;1\/2&#8243;][\/vc_column][\/mk_page_section][mk_page_section bg_color=&#8220;#f9f9f9&#8243; bg_stretch=&#8220;true&#8220; video_opacity=&#8220;0.4&#8243; padding_top=&#8220;100&#8243; padding_bottom=&#8220;80&#8243; bottom_shape_color=&#8220;#f7f7f7&#8243; sidebar=&#8220;sidebar-1&#8243;][vc_column width=&#8220;1\/2&#8243;][mk_fancy_title size=&#8220;25&#8243; font_weight=&#8220;600&#8243; margin_bottom=&#8220;0&#8243; font_family=&#8220;none&#8220;]Wir bieten verschiedene Analyseoptionen. W\u00e4hle aus, was [&hellip;]<\/p>\n","protected":false},"author":1,"featured_media":0,"parent":0,"menu_order":0,"comment_status":"closed","ping_status":"closed","template":"","meta":{"inline_featured_image":false,"footnotes":""},"_links":{"self":[{"href":"https:\/\/force8.coach\/de\/wp-json\/wp\/v2\/pages\/13685"}],"collection":[{"href":"https:\/\/force8.coach\/de\/wp-json\/wp\/v2\/pages"}],"about":[{"href":"https:\/\/force8.coach\/de\/wp-json\/wp\/v2\/types\/page"}],"author":[{"embeddable":true,"href":"https:\/\/force8.coach\/de\/wp-json\/wp\/v2\/users\/1"}],"replies":[{"embeddable":true,"href":"https:\/\/force8.coach\/de\/wp-json\/wp\/v2\/comments?post=13685"}],"version-history":[{"count":40,"href":"https:\/\/force8.coach\/de\/wp-json\/wp\/v2\/pages\/13685\/revisions"}],"predecessor-version":[{"id":16140,"href":"https:\/\/force8.coach\/de\/wp-json\/wp\/v2\/pages\/13685\/revisions\/16140"}],"wp:attachment":[{"href":"https:\/\/force8.coach\/de\/wp-json\/wp\/v2\/media?parent=13685"}],"curies":[{"name":"wp","href":"https:\/\/api.w.org\/{rel}","templated":true}]}}