{"id":13694,"date":"2024-01-26T13:22:16","date_gmt":"2024-01-26T13:22:16","guid":{"rendered":"https:\/\/force8.coach\/grundsystem-24\/"},"modified":"2025-07-03T12:20:35","modified_gmt":"2025-07-03T12:20:35","slug":"grundsystem","status":"publish","type":"page","link":"https:\/\/force8.coach\/de\/grundsystem\/","title":{"rendered":"Grundsystem"},"content":{"rendered":"[mk_page_section bg_image=&#8220;https:\/\/force8.coach\/wp-content\/uploads\/2021\/09\/coaches-and-team.jpg&#8220; bg_color=&#8220;#ffffff&#8220; bg_stretch=&#8220;true&#8220; enable_3d=&#8220;true&#8220; video_color_mask=&#8220;#000000&#8243; video_opacity=&#8220;0.3&#8243; min_height=&#8220;650&#8243; js_vertical_centered=&#8220;true&#8220; sidebar=&#8220;sidebar-1&#8243;][vc_column width=&#8220;2\/3&#8243;][mk_fancy_title color=&#8220;#ffffff&#8220; size=&#8220;35&#8243; force_font_size=&#8220;true&#8220; size_phone=&#8220;25&#8243; font_weight=&#8220;400&#8243; font_style=&#8220;normal&#8220; letter_spacing=&#8220;1&#8243; margin_bottom=&#8220;0&#8243; font_family=&#8220;none&#8220;]Admin Center[\/mk_fancy_title][mk_fancy_title tag_name=&#8220;h1&#8243; color=&#8220;#ffffff&#8220; size=&#8220;64&#8243; force_font_size=&#8220;true&#8220; size_phone=&#8220;50&#8243; line_height=&#8220;95&#8243; font_weight=&#8220;900&#8243; font_style=&#8220;normal&#8220; letter_spacing=&#8220;1&#8243; margin_bottom=&#8220;0&#8243; font_family=&#8220;none&#8220;]Grundlegende Informationen[\/mk_fancy_title][\/vc_column][vc_column width=&#8220;1\/3&#8243;][\/vc_column][\/mk_page_section][mk_page_section bg_color=&#8220;#f9f9f9&#8243; bg_stretch=&#8220;true&#8220; video_opacity=&#8220;0.4&#8243; padding_top=&#8220;100&#8243; padding_bottom=&#8220;80&#8243; bottom_shape_color=&#8220;#f7f7f7&#8243; sidebar=&#8220;sidebar-1&#8243;][vc_column width=&#8220;1\/2&#8243;][mk_fancy_title size=&#8220;25&#8243; font_weight=&#8220;600&#8243; margin_bottom=&#8220;0&#8243; font_family=&#8220;none&#8220;]Dies ist das Herzst\u00fcck von Force8 Coach, mit dem alle Nutzerdaten verbunden sind. Verwalte Einzel-, Mannschafts- oder mehrere Sportarten in einem Konto. Force8 Coach ist als Progressive Web App (PWA) verf\u00fcgbar.[\/mk_fancy_title][\/vc_column][vc_column width=&#8220;1\/2&#8243;][vc_column_text css=&#8220;.vc_custom_1706531466409{margin-bottom: 0px !important;}&#8220;]<strong>Dein Vorteil:<\/strong> Deine Verwaltung oder dein Sekretariat beh\u00e4lt den \u00dcberblick \u00fcber die Trainer und Athleten, k\u00fcmmert sich um die Zuteilung und Zuweisung sowie die Verwaltung der Zugangsrechte und des Datenschutzes.[\/vc_column_text][\/vc_column][\/mk_page_section][mk_page_section bg_stretch=&#8220;true&#8220; video_opacity=&#8220;0.4&#8243; padding_top=&#8220;100&#8243; padding_bottom=&#8220;80&#8243; bottom_shape_color=&#8220;#f7f7f7&#8243; section_id=&#8220;system&#8220; sidebar=&#8220;sidebar-1&#8243;][vc_column width=&#8220;1\/3&#8243;][mk_image src=&#8220;https:\/\/force8.coach\/wp-content\/uploads\/2024\/12\/season-planning-img1.png&#8220; image_size=&#8220;full&#8220; visibility=&#8220;visible-sm&#8220; animation=&#8220;fade-in&#8220;][mk_fancy_title size=&#8220;25&#8243; font_weight=&#8220;600&#8243; margin_bottom=&#8220;0&#8243; font_family=&#8220;none&#8220;]\n<p class=\"p1\">Admin Center<\/p>\n[\/mk_fancy_title][mk_fancy_title tag_name=&#8220;h1&#8243; color=&#8220;#000000&#8243; size=&#8220;62&#8243; force_font_size=&#8220;true&#8220; line_height=&#8220;95&#8243; font_weight=&#8220;900&#8243; font_style=&#8220;normal&#8220; letter_spacing=&#8220;1&#8243; margin_bottom=&#8220;30&#8243; font_family=&#8220;none&#8220;]Grundsystem[\/mk_fancy_title][mk_custom_list]\n<ul>\n<li><strong>Club-\/Verbandsmanagement:<\/strong> Verwalten von Benutzern (Trainer und Athleten) \/ Kontrollieren von Rollen und Berechtigungen \/ Verwalten von Trainer-Athleten-Zuweisungen und FTEM-Levels \/ Bereitstellen von Datentransparenz f\u00fcr Athleten<\/li>\n<li><strong>Team-\/Athletenverwaltung:<\/strong> Erstelle benutzerdefinierte Gruppen, Teams und Standorte \/ Sende E-Mails \/ Aktiviere die Verwaltung von Benutzerprofilen \/ Zeige den Athleten die Zugriffsberechtigungen des Trainers an \/ Erlaube Statusaktualisierungen f\u00fcr Gesundheit und Abwesenheiten \/ F\u00fcge interaktive Dashboards hinzu<\/li>\n<li><strong>Saisonplanung:<\/strong> Erstelle individuelle Veranstaltungskalender \/ Stelle dies Teammitglieder zur Verf\u00fcgung \/ Verfolge alle wichtigen Termine<\/li>\n<\/ul>\n[\/mk_custom_list][mk_button dimension=&#8220;flat&#8220; corner_style=&#8220;full_rounded&#8220; size=&#8220;large&#8220; url=&#8220;#&#8220; id=&#8220;btn_basic_system&#8220;]Produkt Video[\/mk_button][\/vc_column][vc_column width=&#8220;2\/3&#8243;][mk_image src=&#8220;https:\/\/force8.coach\/wp-content\/uploads\/2024\/12\/season-planning-img1.png&#8220; image_size=&#8220;full&#8220; align=&#8220;center&#8220; visibility=&#8220;hidden-sm&#8220;][\/vc_column][\/mk_page_section][mk_page_section bg_stretch=&#8220;true&#8220; video_opacity=&#8220;0.4&#8243; padding_top=&#8220;100&#8243; padding_bottom=&#8220;80&#8243; bottom_shape_color=&#8220;#f7f7f7&#8243; section_id=&#8220;system&#8220; sidebar=&#8220;sidebar-1&#8243;][vc_column width=&#8220;1\/3&#8243;][mk_image src=&#8220;https:\/\/force8.coach\/wp-content\/uploads\/2024\/01\/club-config_img3.png&#8220; image_size=&#8220;full&#8220; visibility=&#8220;visible-sm&#8220; animation=&#8220;fade-in&#8220;][mk_fancy_title size=&#8220;25&#8243; font_weight=&#8220;600&#8243; margin_bottom=&#8220;0&#8243; font_family=&#8220;none&#8220;]\n<p class=\"p1\">Admin Center<\/p>\n[\/mk_fancy_title][mk_fancy_title tag_name=&#8220;h1&#8243; color=&#8220;#000000&#8243; size=&#8220;64&#8243; force_font_size=&#8220;true&#8220; line_height=&#8220;95&#8243; font_weight=&#8220;900&#8243; font_style=&#8220;normal&#8220; letter_spacing=&#8220;1&#8243; margin_bottom=&#8220;0&#8243; font_family=&#8220;none&#8220;]Detail-Konfigurator[\/mk_fancy_title][mk_custom_list]\n<div class=\"w-full text-token-text-primary\" data-testid=\"conversation-turn-9\">\n<div class=\"px-4 py-2 justify-center text-base md:gap-6 m-auto\">\n<div class=\"flex flex-1 text-base mx-auto gap-3 md:px-5 lg:px-1 xl:px-5 md:max-w-3xl lg:max-w-[40rem] xl:max-w-[48rem] group final-completion\">\n<div class=\"relative flex w-full flex-col lg:w-[calc(100%-115px)] agent-turn\">\n<div class=\"flex-col gap-1 md:gap-3\">\n<div class=\"flex flex-grow flex-col max-w-full\">\n<div class=\"min-h-[20px] text-message flex flex-col items-start gap-3 whitespace-pre-wrap break-words [.text-message+&amp;]:mt-5 overflow-x-auto\" data-message-author-role=\"assistant\" data-message-id=\"dc299097-f43c-4ce5-8017-413b08f0a54f\">\n<div class=\"markdown prose w-full break-words dark:prose-invert light\">\n<ul>\n<li>Generiere personalisierte Felder f\u00fcr Athleten- oder Trainerkonten<\/li>\n<li>Z.B. F\u00fchrerschein- oder Passnummern, Kleidergr\u00f6ssen, Schuhgr\u00f6ssen, Klassierungen usw.<\/li>\n<li>Verwende die Nachverfolgungsfunktion, um alle an diesen Feldern vorgenommenen \u00c4nderungen zu dokumentieren<\/li>\n<\/ul>\n<\/div>\n<\/div>\n<\/div>\n<div class=\"mt-1 flex justify-start gap-3 empty:hidden\"><\/div>\n<\/div>\n<\/div>\n<\/div>\n<\/div>\n<\/div>\n<div class=\"mx-auto\"><\/div>\n[\/mk_custom_list][mk_button dimension=&#8220;flat&#8220; corner_style=&#8220;full_rounded&#8220; size=&#8220;large&#8220; url=&#8220;#&#8220; id=&#8220;btn_field_configurator&#8220;]Produkt Video[\/mk_button][\/vc_column][vc_column width=&#8220;2\/3&#8243;][mk_custom_box padding_vertical=&#8220;20&#8243; visibility=&#8220;hidden-sm&#8220;][mk_image src=&#8220;https:\/\/force8.coach\/wp-content\/uploads\/2024\/01\/club-config_img3.png&#8220; image_size=&#8220;full&#8220;][\/mk_custom_box][\/vc_column][\/mk_page_section][mk_page_section bg_stretch=&#8220;true&#8220; video_opacity=&#8220;0.4&#8243; padding_top=&#8220;100&#8243; padding_bottom=&#8220;80&#8243; bottom_shape_color=&#8220;#f7f7f7&#8243; section_id=&#8220;system&#8220; sidebar=&#8220;sidebar-1&#8243;][vc_column width=&#8220;1\/3&#8243;][mk_image src=&#8220;https:\/\/force8.coach\/wp-content\/uploads\/2024\/02\/exe-available-img1.png&#8220; image_size=&#8220;full&#8220; visibility=&#8220;visible-sm&#8220;][mk_fancy_title size=&#8220;25&#8243; font_weight=&#8220;600&#8243; margin_bottom=&#8220;0&#8243; font_family=&#8220;none&#8220;]\n<p class=\"p1\">Admin Center<\/p>\n[\/mk_fancy_title][mk_fancy_title tag_name=&#8220;h1&#8243; color=&#8220;#000000&#8243; size=&#8220;64&#8243; force_font_size=&#8220;true&#8220; line_height=&#8220;95&#8243; font_weight=&#8220;900&#8243; font_style=&#8220;normal&#8220; letter_spacing=&#8220;1&#8243; margin_bottom=&#8220;30&#8243; font_family=&#8220;none&#8220;]Standort-Manager[\/mk_fancy_title][mk_custom_list]\n<ul>\n<li>\u00dcbersicht \u00fcber die Belegung der einzelnen Standorte<\/li>\n<li>Startzeit, die Dauer oder den Standort der geplanten Events direkt anpassen<\/li>\n<li>Der Standortmanager hilft Dir \u00dcberschneidungen zu erkennen<\/li>\n<li>Dies ist ein kostenpflichtiges Modul<\/li>\n<\/ul>\n[\/mk_custom_list][mk_button dimension=&#8220;flat&#8220; corner_style=&#8220;full_rounded&#8220; size=&#8220;large&#8220; icon=&#8220;mk-moon-bubble-video-chat&#8220; url=&#8220;#&#8220; id=&#8220;btn_location_manager&#8220;]Produkt Video[\/mk_button][\/vc_column][vc_column width=&#8220;2\/3&#8243;][mk_image src=&#8220;https:\/\/force8.coach\/wp-content\/uploads\/2024\/08\/locations_img.png&#8220; image_size=&#8220;full&#8220; visibility=&#8220;hidden-sm&#8220;][\/vc_column][\/mk_page_section][mk_page_section bg_color=&#8220;#31dcff&#8220; bg_stretch=&#8220;true&#8220; bg_gradient=&#8220;horizontal&#8220; video_color_mask=&#8220;#31dcff&#8220; gr_end=&#8220;#002efe&#8220; video_opacity=&#8220;1&#8243; min_height=&#8220;60&#8243; padding_top=&#8220;40&#8243; padding_bottom=&#8220;30&#8243; bottom_shape_color=&#8220;#f7f7f7&#8243; sidebar=&#8220;sidebar-1&#8243;][vc_column width=&#8220;2\/3&#8243;][mk_fancy_title color=&#8220;#ffffff&#8220; size=&#8220;35&#8243; line_height=&#8220;90&#8243; font_weight=&#8220;900&#8243; margin_top=&#8220;10&#8243; margin_bottom=&#8220;0&#8243; font_family=&#8220;none&#8220;]Suchst du nach einer geeigneten L\u00f6sung?[\/mk_fancy_title][\/vc_column][vc_column width=&#8220;1\/3&#8243;][mk_button dimension=&#8220;flat&#8220; corner_style=&#8220;full_rounded&#8220; size=&#8220;large&#8220; icon=&#8220;mk-moon-calendar&#8220; url=&#8220;https:\/\/meetings.hubspot.com\/marco-baeschlin&#8220; target=&#8220;_blank&#8220; align=&#8220;right&#8220; id=&#8220;videoBtn&#8220; margin_bottom=&#8220;0&#8243; margin_right=&#8220;0&#8243; bg_color=&#8220;#000000&#8243;]Demo vereinbaren[\/mk_button][\/vc_column][\/mk_page_section][mk_page_section section_id=&#8220;modal_field_configurator&#8220; sidebar=&#8220;sidebar-1&#8243;][vc_column][vc_raw_html]PGRpdiBjbGFzcz0idmlkZW8tY29udGFpbmVyIj48aWZyYW1lIHdpZHRoPSIxNzEzIiBoZWlnaHQ9IjgzNSIgc3JjPSJodHRwczovL3d3dy55b3V0dWJlLmNvbS9lbWJlZC9xWnFaMFR4RTEtOD9zaT01N2xYanJjdVg1OFY5bUszIiB0aXRsZT0iVHJhaW5pbmdzcGxhbnVuZyIgZnJhbWVib3JkZXI9IjAiIGFsbG93PSJhY2NlbGVyb21ldGVyOyBhdXRvcGxheTsgY2xpcGJvYXJkLXdyaXRlOyBlbmNyeXB0ZWQtbWVkaWE7IGd5cm9zY29wZTsgcGljdHVyZS1pbi1waWN0dXJlOyB3ZWItc2hhcmUiIGFsbG93ZnVsbHNjcmVlbj0iIj48L2lmcmFtZT48L2Rpdj4=[\/vc_raw_html][vc_raw_js]JTNDc2NyaXB0JTIwdHlwZSUzRCUyMnRleHQlMkZqYXZhc2NyaXB0JTIyJTNFJTBBdmFyJTIwdmlkZW9fZmllbGRfY29uZmlndXJhdG9yJTNEJTI3JTI3JTNCJTBBalF1ZXJ5JTI4JTIwZG9jdW1lbnQlMjAlMjkucmVhZHklMjhmdW5jdGlvbiUyOCUyOSUyMCU3QiUwQSUyMCUyMCUyMCUyMGpRdWVyeSUyOCUyNyUyM21vZGFsX2ZpZWxkX2NvbmZpZ3VyYXRvciUyMC5wYWdlLXNlY3Rpb24tY29udGVudCUyNyUyOS5hcHBlbmQlMjglMjclM0NhJTIwY2xhc3MlM0QlMjJjbG9zZVZpZGVvJTIyJTIwaHJlZiUzRCUyMiUyMyUyMiUzRSUyNnRpbWVzJTNCJTNDJTJGYSUzRSUyNyUyOSUzQiUwQSUwQSUyMCUyMCUyMCUyMHZhciUyMF92aWRlb0JveCUzRGpRdWVyeSUyOCUyNyUyM21vZGFsX2ZpZWxkX2NvbmZpZ3VyYXRvciUyNyUyOS5jbG9uZSUyOCUyOS5hcHBlbmRUbyUyOCUyMCUyMmJvZHklMjIlMjAlMjklM0IlMEF2aWRlb19maWVsZF9jb25maWd1cmF0b3IlM0RqUXVlcnklMjglMjclMjNtb2RhbF9maWVsZF9jb25maWd1cmF0b3IlMjBpZnJhbWUlMjclMjkuYXR0ciUyOCUyN3NyYyUyNyUyOSUzQiUwQWpRdWVyeSUyOCUyNyUyM3RoZW1lLXBhZ2UlMjAlMjNtb2RhbF9maWVsZF9jb25maWd1cmF0b3IlMjclMjkucmVtb3ZlJTI4JTI5JTNCJTBBJTBBJTIwJTIwJTIwJTIwalF1ZXJ5JTI4JTI3JTIzYnRuX2ZpZWxkX2NvbmZpZ3VyYXRvciUyNyUyOS5vbiUyOCUyN2NsaWNrJTI3JTJDJTIwZnVuY3Rpb24lMjhlJTI5JTdCJTBBJTIwJTIwJTIwJTIwJTIwJTIwJTIwZS5wcmV2ZW50RGVmYXVsdCUyOCUyOSUzQiUwQWNvbnNvbGUubG9nJTI4JTI3VmlkZW8lMjBTcmMlM0ElMjAlMjclMkJ2aWRlb19maWVsZF9jb25maWd1cmF0b3IlMjklM0IlMEFqUXVlcnklMjglMjclMjNtb2RhbF9maWVsZF9jb25maWd1cmF0b3IlMjBpZnJhbWUlMjclMjkuYXR0ciUyOCUyN3NyYyUyNyUyQ3ZpZGVvX2ZpZWxkX2NvbmZpZ3VyYXRvciUyQiUyNyUzRmNvbnRyb2xzJTNEMCUyNmF1dG9wbGF5JTNEMSUyNmVuYWJsZWpzYXBpJTNEMSUyNyUyOSUzQiUwQSUyMCUyMCUyMCUyMCUyMCUyMCUyMGpRdWVyeSUyOCUyNyUyM21vZGFsX2ZpZWxkX2NvbmZpZ3VyYXRvciUyNyUyOS5mYWRlSW4lMjg2MDAlMjkuYWRkQ2xhc3MlMjglMjdhY3RpdmUlMjclMjklM0IlMEElMjAlMjAlMjAlMjAlN0QlMjklM0IlMEElMjAlMjAlMjAlMjBqUXVlcnklMjglMjcuY2xvc2VWaWRlbyUyNyUyOS5vbiUyOCUyN2NsaWNrJTI3JTJDJTIwZnVuY3Rpb24lMjhlJTI5JTdCJTBBJTIwJTIwJTIwJTIwJTIwJTIwJTIwZS5wcmV2ZW50RGVmYXVsdCUyOCUyOSUzQiUwQWpRdWVyeSUyOCUyNyUyM21vZGFsX2ZpZWxkX2NvbmZpZ3VyYXRvciUyMGlmcmFtZSUyNyUyOS5hdHRyJTI4JTI3c3JjJTI3JTJDJTI3JTI3JTI5JTNCJTBBJTIwJTIwJTIwJTIwJTIwJTIwJTIwalF1ZXJ5JTI4JTI3JTIzbW9kYWxfZmllbGRfY29uZmlndXJhdG9yJTI3JTI5LmZhZGVPdXQlMjgzMDAlMjkucmVtb3ZlQ2xhc3MlMjglMjdhY3RpdmUlMjclMjklM0IlMEElMjAlMjAlMjAlMjAlN0QlMjklM0IlMEElN0QlMjklM0IlMEElM0MlMkZzY3JpcHQlM0U=[\/vc_raw_js][\/vc_column][\/mk_page_section][mk_page_section section_id=&#8220;modal_basic_system&#8220; sidebar=&#8220;sidebar-1&#8243;][vc_column][vc_raw_html]JTNDZGl2JTIwY2xhc3MlM0QlMjJ2aWRlby1jb250YWluZXIlMjIlM0UlM0NpZnJhbWUlMjB3aWR0aCUzRCUyMjE3MTMlMjIlMjBoZWlnaHQlM0QlMjI4MzUlMjIlMjBzcmMlM0QlMjJodHRwcyUzQSUyRiUyRnd3dy55b3V0dWJlLmNvbSUyRmVtYmVkJTJGSjR6UnFwZzV4eUElM0ZzaSUzRGdNN3NMb2twVUVFWEg5TTIlMjIlMjB0aXRsZSUzRCUyMlRyYWluaW5nc3BsYW51bmclMjIlMjBmcmFtZWJvcmRlciUzRCUyMjAlMjIlMjBhbGxvdyUzRCUyMmFjY2VsZXJvbWV0ZXIlM0IlMjBhdXRvcGxheSUzQiUyMGNsaXBib2FyZC13cml0ZSUzQiUyMGVuY3J5cHRlZC1tZWRpYSUzQiUyMGd5cm9zY29wZSUzQiUyMHBpY3R1cmUtaW4tcGljdHVyZSUzQiUyMHdlYi1zaGFyZSUyMiUyMGFsbG93ZnVsbHNjcmVlbiUzRCUyMiUyMiUzRSUzQyUyRmlmcmFtZSUzRSUzQyUyRmRpdiUzRQ==[\/vc_raw_html][vc_raw_js]JTNDc2NyaXB0JTIwdHlwZSUzRCUyMnRleHQlMkZqYXZhc2NyaXB0JTIyJTNFJTBBdmFyJTIwdmlkZW9fYmFzaWNfc3lzdGVtJTNEJTI3JTI3JTNCJTBBalF1ZXJ5JTI4JTIwZG9jdW1lbnQlMjAlMjkucmVhZHklMjhmdW5jdGlvbiUyOCUyOSUyMCU3QiUwQSUyMCUyMCUyMCUyMGpRdWVyeSUyOCUyNyUyM21vZGFsX2Jhc2ljX3N5c3RlbSUyMC5wYWdlLXNlY3Rpb24tY29udGVudCUyNyUyOS5hcHBlbmQlMjglMjclM0NhJTIwY2xhc3MlM0QlMjJjbG9zZVZpZGVvJTIyJTIwaHJlZiUzRCUyMiUyMyUyMiUzRSUyNnRpbWVzJTNCJTNDJTJGYSUzRSUyNyUyOSUzQiUwQSUwQSUyMCUyMCUyMCUyMHZhciUyMF92aWRlb0JveCUzRGpRdWVyeSUyOCUyNyUyM21vZGFsX2Jhc2ljX3N5c3RlbSUyNyUyOS5jbG9uZSUyOCUyOS5hcHBlbmRUbyUyOCUyMCUyMmJvZHklMjIlMjAlMjklM0IlMEF2aWRlb19iYXNpY19zeXN0ZW0lM0RqUXVlcnklMjglMjclMjNtb2RhbF9iYXNpY19zeXN0ZW0lMjBpZnJhbWUlMjclMjkuYXR0ciUyOCUyN3NyYyUyNyUyOSUzQiUwQWpRdWVyeSUyOCUyNyUyM3RoZW1lLXBhZ2UlMjAlMjNtb2RhbF9iYXNpY19zeXN0ZW0lMjclMjkucmVtb3ZlJTI4JTI5JTNCJTBBJTBBJTIwJTIwJTIwJTIwalF1ZXJ5JTI4JTI3JTIzYnRuX2Jhc2ljX3N5c3RlbSUyNyUyOS5vbiUyOCUyN2NsaWNrJTI3JTJDJTIwZnVuY3Rpb24lMjhlJTI5JTdCJTBBJTIwJTIwJTIwJTIwJTIwJTIwJTIwZS5wcmV2ZW50RGVmYXVsdCUyOCUyOSUzQiUwQWNvbnNvbGUubG9nJTI4JTI3VmlkZW8lMjBTcmMlM0ElMjAlMjclMkJ2aWRlb19iYXNpY19zeXN0ZW0lMjklM0IlMEFqUXVlcnklMjglMjclMjNtb2RhbF9iYXNpY19zeXN0ZW0lMjBpZnJhbWUlMjclMjkuYXR0ciUyOCUyN3NyYyUyNyUyQ3ZpZGVvX2Jhc2ljX3N5c3RlbSUyQiUyNyUzRmNvbnRyb2xzJTNEMCUyNmF1dG9wbGF5JTNEMSUyNmVuYWJsZWpzYXBpJTNEMSUyNyUyOSUzQiUwQSUyMCUyMCUyMCUyMCUyMCUyMCUyMGpRdWVyeSUyOCUyNyUyM21vZGFsX2Jhc2ljX3N5c3RlbSUyNyUyOS5mYWRlSW4lMjg2MDAlMjkuYWRkQ2xhc3MlMjglMjdhY3RpdmUlMjclMjklM0IlMEElMjAlMjAlMjAlMjAlN0QlMjklM0IlMEElMjAlMjAlMjAlMjBqUXVlcnklMjglMjcuY2xvc2VWaWRlbyUyNyUyOS5vbiUyOCUyN2NsaWNrJTI3JTJDJTIwZnVuY3Rpb24lMjhlJTI5JTdCJTBBJTIwJTIwJTIwJTIwJTIwJTIwJTIwZS5wcmV2ZW50RGVmYXVsdCUyOCUyOSUzQiUwQWpRdWVyeSUyOCUyNyUyM21vZGFsX2Jhc2ljX3N5c3RlbSUyMGlmcmFtZSUyNyUyOS5hdHRyJTI4JTI3c3JjJTI3JTJDJTI3JTI3JTI5JTNCJTBBJTIwJTIwJTIwJTIwJTIwJTIwJTIwalF1ZXJ5JTI4JTI3JTIzbW9kYWxfYmFzaWNfc3lzdGVtJTI3JTI5LmZhZGVPdXQlMjgzMDAlMjkucmVtb3ZlQ2xhc3MlMjglMjdhY3RpdmUlMjclMjklM0IlMEElMjAlMjAlMjAlMjAlN0QlMjklM0IlMEElN0QlMjklM0IlMEElM0MlMkZzY3JpcHQlM0U=[\/vc_raw_js][\/vc_column][\/mk_page_section][mk_page_section section_id=&#8220;modal_location_manager&#8220; sidebar=&#8220;sidebar-1&#8243;][vc_column][vc_raw_html]PGRpdiBjbGFzcz0idmlkZW8tY29udGFpbmVyIj48aWZyYW1lIHdpZHRoPSIxNzEzIiBoZWlnaHQ9IjgzNSIgc3JjPSJodHRwczovL3d3dy55b3V0dWJlLmNvbS9lbWJlZC9GRG5JT2pHbGx3RT9zaT1QRUozdjFiRkRiVVdRelBEIiB0aXRsZT0iU3RhbmRvcnQtTWFuYWdlciIgZnJhbWVib3JkZXI9IjAiIGFsbG93PSJhY2NlbGVyb21ldGVyOyBhdXRvcGxheTsgY2xpcGJvYXJkLXdyaXRlOyBlbmNyeXB0ZWQtbWVkaWE7IGd5cm9zY29wZTsgcGljdHVyZS1pbi1waWN0dXJlOyB3ZWItc2hhcmUiIGFsbG93ZnVsbHNjcmVlbj0iIj48L2lmcmFtZT48L2Rpdj4=[\/vc_raw_html][vc_raw_js]JTNDc2NyaXB0JTIwdHlwZSUzRCUyMnRleHQlMkZqYXZhc2NyaXB0JTIyJTNFJTBBdmFyJTIwdmlkZW9fbG9jYXRpb25fbWFuYWdlciUzRCUyNyUyNyUzQiUwQWpRdWVyeSUyOCUyMGRvY3VtZW50JTIwJTI5LnJlYWR5JTI4ZnVuY3Rpb24lMjglMjklMjAlN0IlMEElMjAlMjAlMjAlMjBqUXVlcnklMjglMjclMjNtb2RhbF9sb2NhdGlvbl9tYW5hZ2VyJTIwLnBhZ2Utc2VjdGlvbi1jb250ZW50JTI3JTI5LmFwcGVuZCUyOCUyNyUzQ2ElMjBjbGFzcyUzRCUyMmNsb3NlVmlkZW8lMjIlMjBocmVmJTNEJTIyJTIzJTIyJTNFJTI2dGltZXMlM0IlM0MlMkZhJTNFJTI3JTI5JTNCJTBBJTBBJTIwJTIwJTIwJTIwdmFyJTIwX3ZpZGVvQm94JTNEalF1ZXJ5JTI4JTI3JTIzbW9kYWxfbG9jYXRpb25fbWFuYWdlciUyNyUyOS5jbG9uZSUyOCUyOS5hcHBlbmRUbyUyOCUyMCUyMmJvZHklMjIlMjAlMjklM0IlMEF2aWRlb19sb2NhdGlvbl9tYW5hZ2VyJTNEalF1ZXJ5JTI4JTI3JTIzbW9kYWxfbG9jYXRpb25fbWFuYWdlciUyMGlmcmFtZSUyNyUyOS5hdHRyJTI4JTI3c3JjJTI3JTI5JTNCJTBBalF1ZXJ5JTI4JTI3JTIzdGhlbWUtcGFnZSUyMCUyM21vZGFsX2xvY2F0aW9uX21hbmFnZXIlMjclMjkucmVtb3ZlJTI4JTI5JTNCJTBBJTBBJTIwJTIwJTIwJTIwalF1ZXJ5JTI4JTI3JTIzYnRuX2xvY2F0aW9uX21hbmFnZXIlMjclMjkub24lMjglMjdjbGljayUyNyUyQyUyMGZ1bmN0aW9uJTI4ZSUyOSU3QiUwQSUyMCUyMCUyMCUyMCUyMCUyMCUyMGUucHJldmVudERlZmF1bHQlMjglMjklM0IlMEFjb25zb2xlLmxvZyUyOCUyN1ZpZGVvJTIwU3JjJTNBJTIwJTI3JTJCdmlkZW9fbG9jYXRpb25fbWFuYWdlciUyOSUzQiUwQWpRdWVyeSUyOCUyNyUyM21vZGFsX2xvY2F0aW9uX21hbmFnZXIlMjBpZnJhbWUlMjclMjkuYXR0ciUyOCUyN3NyYyUyNyUyQ3ZpZGVvX2xvY2F0aW9uX21hbmFnZXIlMkIlMjclM0Zjb250cm9scyUzRDAlMjZhdXRvcGxheSUzRDElMjZlbmFibGVqc2FwaSUzRDElMjclMjklM0IlMEElMjAlMjAlMjAlMjAlMjAlMjAlMjBqUXVlcnklMjglMjclMjNtb2RhbF9sb2NhdGlvbl9tYW5hZ2VyJTI3JTI5LmZhZGVJbiUyODYwMCUyOS5hZGRDbGFzcyUyOCUyN2FjdGl2ZSUyNyUyOSUzQiUwQSUyMCUyMCUyMCUyMCU3RCUyOSUzQiUwQSUyMCUyMCUyMCUyMGpRdWVyeSUyOCUyNy5jbG9zZVZpZGVvJTI3JTI5Lm9uJTI4JTI3Y2xpY2slMjclMkMlMjBmdW5jdGlvbiUyOGUlMjklN0IlMEElMjAlMjAlMjAlMjAlMjAlMjAlMjBlLnByZXZlbnREZWZhdWx0JTI4JTI5JTNCJTBBalF1ZXJ5JTI4JTI3JTIzbW9kYWxfbG9jYXRpb25fbWFuYWdlciUyMGlmcmFtZSUyNyUyOS5hdHRyJTI4JTI3c3JjJTI3JTJDJTI3JTI3JTI5JTNCJTBBJTIwJTIwJTIwJTIwJTIwJTIwJTIwalF1ZXJ5JTI4JTI3JTIzbW9kYWxfbG9jYXRpb25fbWFuYWdlciUyNyUyOS5mYWRlT3V0JTI4MzAwJTI5LnJlbW92ZUNsYXNzJTI4JTI3YWN0aXZlJTI3JTI5JTNCJTBBJTIwJTIwJTIwJTIwJTdEJTI5JTNCJTBBJTdEJTI5JTNCJTBBJTNDJTJGc2NyaXB0JTNF[\/vc_raw_js][\/vc_column][\/mk_page_section]\n","protected":false},"excerpt":{"rendered":"<p>[mk_page_section bg_image=&#8220;https:\/\/force8.coach\/wp-content\/uploads\/2021\/09\/coaches-and-team.jpg&#8220; bg_color=&#8220;#ffffff&#8220; bg_stretch=&#8220;true&#8220; enable_3d=&#8220;true&#8220; video_color_mask=&#8220;#000000&#8243; video_opacity=&#8220;0.3&#8243; min_height=&#8220;650&#8243; js_vertical_centered=&#8220;true&#8220; sidebar=&#8220;sidebar-1&#8243;][vc_column width=&#8220;2\/3&#8243;][mk_fancy_title color=&#8220;#ffffff&#8220; size=&#8220;35&#8243; force_font_size=&#8220;true&#8220; size_phone=&#8220;25&#8243; font_weight=&#8220;400&#8243; font_style=&#8220;normal&#8220; letter_spacing=&#8220;1&#8243; margin_bottom=&#8220;0&#8243; font_family=&#8220;none&#8220;]Admin Center[\/mk_fancy_title][mk_fancy_title tag_name=&#8220;h1&#8243; color=&#8220;#ffffff&#8220; size=&#8220;64&#8243; force_font_size=&#8220;true&#8220; size_phone=&#8220;50&#8243; line_height=&#8220;95&#8243; font_weight=&#8220;900&#8243; font_style=&#8220;normal&#8220; letter_spacing=&#8220;1&#8243; margin_bottom=&#8220;0&#8243; font_family=&#8220;none&#8220;]Grundlegende Informationen[\/mk_fancy_title][\/vc_column][vc_column width=&#8220;1\/3&#8243;][\/vc_column][\/mk_page_section][mk_page_section bg_color=&#8220;#f9f9f9&#8243; bg_stretch=&#8220;true&#8220; video_opacity=&#8220;0.4&#8243; padding_top=&#8220;100&#8243; padding_bottom=&#8220;80&#8243; bottom_shape_color=&#8220;#f7f7f7&#8243; sidebar=&#8220;sidebar-1&#8243;][vc_column width=&#8220;1\/2&#8243;][mk_fancy_title size=&#8220;25&#8243; font_weight=&#8220;600&#8243; margin_bottom=&#8220;0&#8243; font_family=&#8220;none&#8220;]Dies ist das Herzst\u00fcck von Force8 Coach, mit dem alle [&hellip;]<\/p>\n","protected":false},"author":1,"featured_media":0,"parent":0,"menu_order":0,"comment_status":"closed","ping_status":"closed","template":"","meta":{"inline_featured_image":false,"footnotes":""},"_links":{"self":[{"href":"https:\/\/force8.coach\/de\/wp-json\/wp\/v2\/pages\/13694"}],"collection":[{"href":"https:\/\/force8.coach\/de\/wp-json\/wp\/v2\/pages"}],"about":[{"href":"https:\/\/force8.coach\/de\/wp-json\/wp\/v2\/types\/page"}],"author":[{"embeddable":true,"href":"https:\/\/force8.coach\/de\/wp-json\/wp\/v2\/users\/1"}],"replies":[{"embeddable":true,"href":"https:\/\/force8.coach\/de\/wp-json\/wp\/v2\/comments?post=13694"}],"version-history":[{"count":82,"href":"https:\/\/force8.coach\/de\/wp-json\/wp\/v2\/pages\/13694\/revisions"}],"predecessor-version":[{"id":16691,"href":"https:\/\/force8.coach\/de\/wp-json\/wp\/v2\/pages\/13694\/revisions\/16691"}],"wp:attachment":[{"href":"https:\/\/force8.coach\/de\/wp-json\/wp\/v2\/media?parent=13694"}],"curies":[{"name":"wp","href":"https:\/\/api.w.org\/{rel}","templated":true}]}}