{"id":13726,"date":"2024-01-26T16:51:40","date_gmt":"2024-01-26T16:51:40","guid":{"rendered":"https:\/\/force8.coach\/media-center-24\/"},"modified":"2025-02-24T15:40:43","modified_gmt":"2025-02-24T15:40:43","slug":"media-center","status":"publish","type":"page","link":"https:\/\/force8.coach\/de\/media-center\/","title":{"rendered":"Media Center"},"content":{"rendered":"<div class=\"wpb-content-wrapper\">[mk_page_section bg_image=&#8220;https:\/\/force8.coach\/wp-content\/uploads\/2022\/11\/media-center-bg.jpg&#8220; bg_color=&#8220;#ffffff&#8220; bg_stretch=&#8220;true&#8220; enable_3d=&#8220;true&#8220; video_color_mask=&#8220;#000000&#8243; video_opacity=&#8220;0.4&#8243; min_height=&#8220;650&#8243; js_vertical_centered=&#8220;true&#8220; sidebar=&#8220;sidebar-1&#8243;][vc_column width=&#8220;2\/3&#8243;][mk_fancy_title color=&#8220;#ffffff&#8220; size=&#8220;35&#8243; force_font_size=&#8220;true&#8220; size_phone=&#8220;25&#8243; font_weight=&#8220;400&#8243; font_style=&#8220;normal&#8220; letter_spacing=&#8220;1&#8243; margin_bottom=&#8220;0&#8243; font_family=&#8220;none&#8220;]Media Center[\/mk_fancy_title][mk_fancy_title tag_name=&#8220;h1&#8243; color=&#8220;#ffffff&#8220; size=&#8220;64&#8243; force_font_size=&#8220;true&#8220; size_phone=&#8220;50&#8243; line_height=&#8220;95&#8243; font_weight=&#8220;900&#8243; font_style=&#8220;normal&#8220; letter_spacing=&#8220;1&#8243; margin_bottom=&#8220;0&#8243; font_family=&#8220;none&#8220;]Erstellen und teilen[\/mk_fancy_title][\/vc_column][vc_column width=&#8220;1\/3&#8243;][\/vc_column][\/mk_page_section][mk_page_section bg_color=&#8220;#f9f9f9&#8243; bg_stretch=&#8220;true&#8220; video_opacity=&#8220;0.4&#8243; padding_top=&#8220;100&#8243; padding_bottom=&#8220;80&#8243; bottom_shape_color=&#8220;#f7f7f7&#8243; sidebar=&#8220;sidebar-1&#8243;][vc_column width=&#8220;1\/2&#8243;][mk_fancy_title size=&#8220;25&#8243; font_weight=&#8220;600&#8243; margin_bottom=&#8220;0&#8243; font_family=&#8220;none&#8220;]Erstelle deine eigenen Bibliotheken und teile das Wissen innerhalb deiner Organisation. Du kannst aus zwei innovativen Modulen w\u00e4hlen.[\/mk_fancy_title][\/vc_column][vc_column width=&#8220;1\/2&#8243;][vc_column_text css=&#8220;.vc_custom_1706619833325{margin-bottom: 0px !important;}&#8220;]<strong>Dein Vorteil:<\/strong> Du kannst deiner Organisation verschiedene Videoinhalte zur Verf\u00fcgung stellen, z.B. Playbooks oder Trainings-, Wettkampf- oder Ausbildungsvideos.[\/vc_column_text][\/vc_column][\/mk_page_section][mk_page_section bg_stretch=&#8220;true&#8220; video_opacity=&#8220;0.4&#8243; padding_top=&#8220;100&#8243; padding_bottom=&#8220;80&#8243; bottom_shape_color=&#8220;#f7f7f7&#8243; section_id=&#8220;system&#8220; sidebar=&#8220;sidebar-1&#8243;][vc_column width=&#8220;1\/3&#8243;][mk_image src=&#8220;https:\/\/force8.coach\/wp-content\/uploads\/2024\/01\/media-center-v2.png&#8220; image_size=&#8220;full&#8220; visibility=&#8220;visible-sm&#8220;][mk_fancy_title size=&#8220;25&#8243; font_weight=&#8220;600&#8243; margin_bottom=&#8220;0&#8243; font_family=&#8220;none&#8220;]\n<p class=\"p1\">Media Center<\/p>\n[\/mk_fancy_title][mk_fancy_title tag_name=&#8220;h1&#8243; color=&#8220;#000000&#8243; size=&#8220;64&#8243; force_font_size=&#8220;true&#8220; line_height=&#8220;95&#8243; font_weight=&#8220;900&#8243; font_style=&#8220;normal&#8220; letter_spacing=&#8220;1&#8243; margin_bottom=&#8220;30&#8243; font_family=&#8220;none&#8220;]Video[\/mk_fancy_title][mk_custom_list]\n<ul>\n<li>Distribuiere Videos mit einem oder mehreren Spieler und Trainer<\/li>\n<li>Teile Videos mit einem Team oder einer Trainingsgruppe<\/li>\n<li>Teile Videos mit einer ganzen Altersgruppe<\/li>\n<li>Teile Videos mit einer bestimmten FTEM-Stufe<\/li>\n<\/ul>\n[\/mk_custom_list][mk_button dimension=&#8220;flat&#8220; corner_style=&#8220;full_rounded&#8220; size=&#8220;large&#8220; icon=&#8220;mk-moon-bubble-video-chat&#8220; url=&#8220;#&#8220; id=&#8220;videoBtn&#8220;]Produkt Video[\/mk_button][\/vc_column][vc_column width=&#8220;2\/3&#8243;][mk_image src=&#8220;https:\/\/force8.coach\/wp-content\/uploads\/2024\/01\/media-center-v2.png&#8220; image_size=&#8220;full&#8220; visibility=&#8220;hidden-sm&#8220;][\/vc_column][\/mk_page_section][mk_page_section bg_stretch=&#8220;true&#8220; video_opacity=&#8220;0.4&#8243; padding_top=&#8220;100&#8243; padding_bottom=&#8220;80&#8243; bottom_shape_color=&#8220;#f7f7f7&#8243; section_id=&#8220;system2&#8243; sidebar=&#8220;sidebar-1&#8243;][vc_column width=&#8220;1\/3&#8243;][mk_image src=&#8220;https:\/\/force8.coach\/wp-content\/uploads\/2025\/02\/file-sharing-img001.png&#8220; image_size=&#8220;full&#8220; visibility=&#8220;visible-sm&#8220;][mk_fancy_title size=&#8220;25&#8243; font_weight=&#8220;600&#8243; margin_bottom=&#8220;0&#8243; font_family=&#8220;none&#8220;]\n<p class=\"p1\">Media Center<\/p>\n[\/mk_fancy_title][mk_fancy_title tag_name=&#8220;h1&#8243; color=&#8220;#000000&#8243; size=&#8220;64&#8243; force_font_size=&#8220;true&#8220; line_height=&#8220;95&#8243; font_weight=&#8220;900&#8243; font_style=&#8220;normal&#8220; letter_spacing=&#8220;1&#8243; margin_bottom=&#8220;30&#8243; font_family=&#8220;none&#8220;]File Sharing[\/mk_fancy_title][mk_custom_list]\n<ul>\n<li>Erstelle eigene Ordner<\/li>\n<li>Definiere, wer auf diese zugreifen darf (Athleten \/ Trainer)<\/li>\n<li>Teile Dokumente mit diesen Personen &#8211; und sie mit Dir<\/li>\n<li>10 GB Speicherplatz sind im Modul inbegriffen<\/li>\n<li>Mehr Speicher kann jederzeit dazugekauft werden<\/li>\n<\/ul>\n[\/mk_custom_list][mk_button dimension=&#8220;flat&#8220; corner_style=&#8220;full_rounded&#8220; size=&#8220;large&#8220; icon=&#8220;mk-moon-bubble-video-chat&#8220; url=&#8220;#&#8220; id=&#8220;videoBtn22&#8243;]Produkt Video[\/mk_button][\/vc_column][vc_column width=&#8220;2\/3&#8243;][mk_image src=&#8220;https:\/\/force8.coach\/wp-content\/uploads\/2025\/02\/file-sharing-img001.png&#8220; image_size=&#8220;full&#8220; visibility=&#8220;hidden-sm&#8220;][\/vc_column][\/mk_page_section][mk_page_section bg_stretch=&#8220;true&#8220; video_opacity=&#8220;0.4&#8243; padding_top=&#8220;100&#8243; padding_bottom=&#8220;80&#8243; bottom_shape_color=&#8220;#f7f7f7&#8243; section_id=&#8220;system&#8220; sidebar=&#8220;sidebar-1&#8243;][vc_column width=&#8220;1\/3&#8243;][mk_image src=&#8220;https:\/\/force8.coach\/wp-content\/uploads\/2024\/02\/academy_img3.png&#8220; image_size=&#8220;full&#8220; visibility=&#8220;visible-sm&#8220;][mk_fancy_title size=&#8220;25&#8243; font_weight=&#8220;600&#8243; margin_bottom=&#8220;0&#8243; font_family=&#8220;none&#8220;]\n<p class=\"p1\">Media Center<\/p>\n[\/mk_fancy_title][mk_fancy_title tag_name=&#8220;h1&#8243; color=&#8220;#000000&#8243; size=&#8220;64&#8243; force_font_size=&#8220;true&#8220; line_height=&#8220;95&#8243; font_weight=&#8220;900&#8243; font_style=&#8220;normal&#8220; letter_spacing=&#8220;1&#8243; margin_bottom=&#8220;30&#8243; font_family=&#8220;none&#8220;]Akademie[\/mk_fancy_title][mk_custom_list]\n<ul>\n<li>Exklusiv f\u00fcr Verb\u00e4nde verf\u00fcgbar<\/li>\n<li>Stelle deine Videos f\u00fcr alle Vereine deiner Sportart zur Verf\u00fcgung<\/li>\n<li>Dies k\u00f6nnen Trainings- oder Lerninhalte sein<\/li>\n<li>Neben Videos sind auch andere Formate denkbar<\/li>\n<\/ul>\n[\/mk_custom_list][\/vc_column][vc_column width=&#8220;2\/3&#8243;][mk_image src=&#8220;https:\/\/force8.coach\/wp-content\/uploads\/2024\/02\/academy_img3.png&#8220; image_size=&#8220;full&#8220; visibility=&#8220;hidden-sm&#8220;][\/vc_column][\/mk_page_section][vc_row disable_element=&#8220;yes&#8220;][vc_column width=&#8220;1\/2&#8243;][mk_fancy_title size=&#8220;25&#8243; font_weight=&#8220;600&#8243; margin_bottom=&#8220;0&#8243; font_family=&#8220;none&#8220;]\n<p class=\"p1\">Media Center<\/p>\n[\/mk_fancy_title][mk_fancy_title tag_name=&#8220;h1&#8243; color=&#8220;#000000&#8243; size=&#8220;64&#8243; force_font_size=&#8220;true&#8220; line_height=&#8220;95&#8243; font_weight=&#8220;900&#8243; font_style=&#8220;normal&#8220; letter_spacing=&#8220;1&#8243; margin_bottom=&#8220;30&#8243; font_family=&#8220;none&#8220;]Dateien[\/mk_fancy_title][mk_custom_list]\n<ul>\n<li>Files<\/li>\n<li>Verf\u00fcgbar ab Q2\/24<\/li>\n<\/ul>\n[\/mk_custom_list][\/vc_column][vc_column width=&#8220;1\/2&#8243;][\/vc_column][\/vc_row][mk_page_section bg_color=&#8220;#31dcff&#8220; bg_stretch=&#8220;true&#8220; bg_gradient=&#8220;horizontal&#8220; video_color_mask=&#8220;#31dcff&#8220; gr_end=&#8220;#002efe&#8220; video_opacity=&#8220;1&#8243; min_height=&#8220;60&#8243; padding_top=&#8220;40&#8243; padding_bottom=&#8220;30&#8243; bottom_shape_color=&#8220;#f7f7f7&#8243; sidebar=&#8220;sidebar-1&#8243;][vc_column width=&#8220;2\/3&#8243;][mk_fancy_title color=&#8220;#ffffff&#8220; size=&#8220;35&#8243; line_height=&#8220;90&#8243; font_weight=&#8220;900&#8243; margin_top=&#8220;10&#8243; margin_bottom=&#8220;0&#8243; font_family=&#8220;none&#8220;]Suchst du nach einer geeigneten L\u00f6sung?[\/mk_fancy_title][\/vc_column][vc_column width=&#8220;1\/3&#8243;][mk_button dimension=&#8220;flat&#8220; corner_style=&#8220;full_rounded&#8220; size=&#8220;large&#8220; icon=&#8220;mk-moon-calendar&#8220; url=&#8220;https:\/\/meetings.hubspot.com\/marco-baeschlin&#8220; target=&#8220;_blank&#8220; align=&#8220;right&#8220; id=&#8220;videoBtn&#8220; margin_bottom=&#8220;0&#8243; margin_right=&#8220;0&#8243; bg_color=&#8220;#000000&#8243;]Demo vereinbaren[\/mk_button][\/vc_column][\/mk_page_section][mk_page_section section_id=&#8220;videoPromo&#8220; sidebar=&#8220;sidebar-1&#8243;][vc_column][vc_raw_html]JTNDZGl2JTIwY2xhc3MlM0QlMjJ2aWRlby1jb250YWluZXIlMjIlM0UlM0NpZnJhbWUlMjB3aWR0aCUzRCUyMjE3MTMlMjIlMjBoZWlnaHQlM0QlMjI4MzUlMjIlMjBzcmMlM0QlMjJodHRwcyUzQSUyRiUyRnd3dy55b3V0dWJlLmNvbSUyRmVtYmVkJTJGZ1hnRTdlWHFVNm8lM0ZzaSUzRGZGZkVXbC1pV0MyM1N1Uy0lMjIlMjB0aXRsZSUzRCUyMlZpZGVvcyUyMiUyMGZyYW1lYm9yZGVyJTNEJTIyMCUyMiUyMGFsbG93JTNEJTIyYWNjZWxlcm9tZXRlciUzQiUyMGF1dG9wbGF5JTNCJTIwY2xpcGJvYXJkLXdyaXRlJTNCJTIwZW5jcnlwdGVkLW1lZGlhJTNCJTIwZ3lyb3Njb3BlJTNCJTIwcGljdHVyZS1pbi1waWN0dXJlJTNCJTIwd2ViLXNoYXJlJTIyJTIwYWxsb3dmdWxsc2NyZWVuJTNEJTIyJTIyJTNFJTNDJTJGaWZyYW1lJTNFJTNDJTJGZGl2JTNF[\/vc_raw_html][vc_raw_js]JTNDc2NyaXB0JTIwdHlwZSUzRCUyMnRleHQlMkZqYXZhc2NyaXB0JTIyJTNFJTBBdmFyJTIwdmlkZW9TcmMlM0QlMjclMjclM0IlMEFqUXVlcnklMjglMjBkb2N1bWVudCUyMCUyOS5yZWFkeSUyOGZ1bmN0aW9uJTI4JTI5JTIwJTdCJTBBJTIwJTIwJTIwJTIwalF1ZXJ5JTI4JTI3JTIzdmlkZW9Qcm9tbyUyMC5wYWdlLXNlY3Rpb24tY29udGVudCUyNyUyOS5hcHBlbmQlMjglMjclM0NhJTIwY2xhc3MlM0QlMjJjbG9zZVZpZGVvJTIyJTIwaHJlZiUzRCUyMiUyMyUyMiUzRSUyNnRpbWVzJTNCJTNDJTJGYSUzRSUyNyUyOSUzQiUwQSUwQSUyMCUyMCUyMCUyMHZhciUyMF92aWRlb0JveCUzRGpRdWVyeSUyOCUyNyUyM3ZpZGVvUHJvbW8lMjclMjkuY2xvbmUlMjglMjkuYXBwZW5kVG8lMjglMjAlMjJib2R5JTIyJTIwJTI5JTNCJTBBdmlkZW9TcmMlM0RqUXVlcnklMjglMjclMjN2aWRlb1Byb21vJTIwaWZyYW1lJTI3JTI5LmF0dHIlMjglMjdzcmMlMjclMjklM0IlMEFqUXVlcnklMjglMjclMjN0aGVtZS1wYWdlJTIwJTIzdmlkZW9Qcm9tbyUyNyUyOS5yZW1vdmUlMjglMjklM0IlMEElMEElMjAlMjAlMjAlMjBqUXVlcnklMjglMjclMjN2aWRlb0J0biUyNyUyOS5vbiUyOCUyN2NsaWNrJTI3JTJDJTIwZnVuY3Rpb24lMjhlJTI5JTdCJTBBJTIwJTIwJTIwJTIwJTIwJTIwJTIwZS5wcmV2ZW50RGVmYXVsdCUyOCUyOSUzQiUwQWNvbnNvbGUubG9nJTI4JTI3VmlkZW8lMjBTcmMlM0ElMjAlMjclMkJ2aWRlb1NyYyUyOSUzQiUwQWpRdWVyeSUyOCUyNyUyM3ZpZGVvUHJvbW8lMjBpZnJhbWUlMjclMjkuYXR0ciUyOCUyN3NyYyUyNyUyQ3ZpZGVvU3JjJTJCJTI3JTNGY29udHJvbHMlM0QwJTI2YXV0b3BsYXklM0QxJTI2ZW5hYmxlanNhcGklM0QxJTI3JTI5JTNCJTBBJTIwJTIwJTIwJTIwJTIwJTIwJTIwalF1ZXJ5JTI4JTI3JTIzdmlkZW9Qcm9tbyUyNyUyOS5mYWRlSW4lMjg2MDAlMjkuYWRkQ2xhc3MlMjglMjdhY3RpdmUlMjclMjklM0IlMEElMjAlMjAlMjAlMjAlN0QlMjklM0IlMEElMjAlMjAlMjAlMjBqUXVlcnklMjglMjcuY2xvc2VWaWRlbyUyNyUyOS5vbiUyOCUyN2NsaWNrJTI3JTJDJTIwZnVuY3Rpb24lMjhlJTI5JTdCJTBBJTIwJTIwJTIwJTIwJTIwJTIwJTIwZS5wcmV2ZW50RGVmYXVsdCUyOCUyOSUzQiUwQWpRdWVyeSUyOCUyNyUyM3ZpZGVvUHJvbW8lMjBpZnJhbWUlMjclMjkuYXR0ciUyOCUyN3NyYyUyNyUyQyUyNyUyNyUyOSUzQiUwQSUyMCUyMCUyMCUyMCUyMCUyMCUyMGpRdWVyeSUyOCUyNyUyM3ZpZGVvUHJvbW8lMjclMjkuZmFkZU91dCUyODMwMCUyOS5yZW1vdmVDbGFzcyUyOCUyN2FjdGl2ZSUyNyUyOSUzQiUwQSUyMCUyMCUyMCUyMCU3RCUyOSUzQiUwQSU3RCUyOSUzQiUwQSUzQyUyRnNjcmlwdCUzRQ==[\/vc_raw_js][\/vc_column][\/mk_page_section][mk_page_section section_id=&#8220;videoPromo1&#8243; sidebar=&#8220;sidebar-1&#8243;][vc_column][vc_raw_html]JTNDZGl2JTIwY2xhc3MlM0QlMjJ2aWRlby1jb250YWluZXIlMjIlM0UlM0NpZnJhbWUlMjB3aWR0aCUzRCUyMjE3MTMlMjIlMjBoZWlnaHQlM0QlMjI4MzUlMjIlMjBzcmMlM0QlMjJodHRwcyUzQSUyRiUyRnd3dy55b3V0dWJlLmNvbSUyRmVtYmVkJTJGM2doX090NHpFRW8lM0ZzaSUzRGkxUldyb0FzUkkza0F6Q1UlMjIlMjB0aXRsZSUzRCUyMllvdVR1YmUlMjB2aWRlbyUyMHBsYXllciUyMiUyMGZyYW1lYm9yZGVyJTNEJTIyMCUyMiUyMGFsbG93JTNEJTIyYWNjZWxlcm9tZXRlciUzQiUyMGF1dG9wbGF5JTNCJTIwY2xpcGJvYXJkLXdyaXRlJTNCJTIwZW5jcnlwdGVkLW1lZGlhJTNCJTIwZ3lyb3Njb3BlJTNCJTIwcGljdHVyZS1pbi1waWN0dXJlJTNCJTIwd2ViLXNoYXJlJTIyJTIwYWxsb3dmdWxsc2NyZWVuJTNEJTIyJTIyJTNFJTNDJTJGaWZyYW1lJTNFJTNDJTJGZGl2JTNF[\/vc_raw_html][vc_raw_js]JTNDc2NyaXB0JTIwdHlwZSUzRCUyMnRleHQlMkZqYXZhc2NyaXB0JTIyJTNFJTBBdmFyJTIwdmlkZW9TcmMlM0QlMjclMjclM0IlMEFqUXVlcnklMjglMjBkb2N1bWVudCUyMCUyOS5yZWFkeSUyOGZ1bmN0aW9uJTI4JTI5JTIwJTdCJTBBJTIwJTIwJTIwJTIwalF1ZXJ5JTI4JTI3JTIzdmlkZW9Qcm9tbzElMjAucGFnZS1zZWN0aW9uLWNvbnRlbnQlMjclMjkuYXBwZW5kJTI4JTI3JTNDYSUyMGNsYXNzJTNEJTIyY2xvc2VWaWRlbyUyMiUyMGhyZWYlM0QlMjIlMjMlMjIlM0UlMjZ0aW1lcyUzQiUzQyUyRmElM0UlMjclMjklM0IlMEElMEElMjAlMjAlMjAlMjB2YXIlMjBfdmlkZW9Cb3glM0RqUXVlcnklMjglMjclMjN2aWRlb1Byb21vMSUyNyUyOS5jbG9uZSUyOCUyOS5hcHBlbmRUbyUyOCUyMCUyMmJvZHklMjIlMjAlMjklM0IlMEF2aWRlb1NyYzIlM0RqUXVlcnklMjglMjclMjN2aWRlb1Byb21vMSUyMGlmcmFtZSUyNyUyOS5hdHRyJTI4JTI3c3JjJTI3JTI5JTNCJTBBalF1ZXJ5JTI4JTI3JTIzdGhlbWUtcGFnZSUyMCUyM3ZpZGVvUHJvbW8xJTI3JTI5LnJlbW92ZSUyOCUyOSUzQiUwQSUwQSUyMCUyMCUyMCUyMGpRdWVyeSUyOCUyNyUyM3ZpZGVvQnRuMjIlMjclMjkub24lMjglMjdjbGljayUyNyUyQyUyMGZ1bmN0aW9uJTI4ZSUyOSU3QiUwQSUyMCUyMCUyMCUyMCUyMCUyMCUyMGUucHJldmVudERlZmF1bHQlMjglMjklM0IlMEFjb25zb2xlLmxvZyUyOCUyN1ZpZGVvJTIwU3JjJTNBJTIwJTI3JTJCdmlkZW9TcmMyJTI5JTNCJTBBalF1ZXJ5JTI4JTI3JTIzdmlkZW9Qcm9tbzElMjBpZnJhbWUlMjclMjkuYXR0ciUyOCUyN3NyYyUyNyUyQ3ZpZGVvU3JjMiUyQiUyNyUzRmNvbnRyb2xzJTNEMCUyNmF1dG9wbGF5JTNEMSUyNmVuYWJsZWpzYXBpJTNEMSUyNyUyOSUzQiUwQSUyMCUyMCUyMCUyMCUyMCUyMCUyMGpRdWVyeSUyOCUyNyUyM3ZpZGVvUHJvbW8xJTI3JTI5LmZhZGVJbiUyODYwMCUyOS5hZGRDbGFzcyUyOCUyN2FjdGl2ZSUyNyUyOSUzQiUwQSUyMCUyMCUyMCUyMCU3RCUyOSUzQiUwQSUyMCUyMCUyMCUyMGpRdWVyeSUyOCUyNy5jbG9zZVZpZGVvJTI3JTI5Lm9uJTI4JTI3Y2xpY2slMjclMkMlMjBmdW5jdGlvbiUyOGUlMjklN0IlMEElMjAlMjAlMjAlMjAlMjAlMjAlMjBlLnByZXZlbnREZWZhdWx0JTI4JTI5JTNCJTBBalF1ZXJ5JTI4JTI3JTIzdmlkZW9Qcm9tbzElMjBpZnJhbWUlMjclMjkuYXR0ciUyOCUyN3NyYyUyNyUyQyUyNyUyNyUyOSUzQiUwQSUyMCUyMCUyMCUyMCUyMCUyMCUyMGpRdWVyeSUyOCUyNyUyM3ZpZGVvUHJvbW8xJTI3JTI5LmZhZGVPdXQlMjgzMDAlMjkucmVtb3ZlQ2xhc3MlMjglMjdhY3RpdmUlMjclMjklM0IlMEElMjAlMjAlMjAlMjAlN0QlMjklM0IlMEElN0QlMjklM0IlMEElM0MlMkZzY3JpcHQlM0U=[\/vc_raw_js][\/vc_column][\/mk_page_section]\n<\/div>","protected":false},"excerpt":{"rendered":"<p>[mk_page_section bg_image=&#8220;https:\/\/force8.coach\/wp-content\/uploads\/2022\/11\/media-center-bg.jpg&#8220; bg_color=&#8220;#ffffff&#8220; bg_stretch=&#8220;true&#8220; enable_3d=&#8220;true&#8220; video_color_mask=&#8220;#000000&#8243; video_opacity=&#8220;0.4&#8243; min_height=&#8220;650&#8243; js_vertical_centered=&#8220;true&#8220; sidebar=&#8220;sidebar-1&#8243;][vc_column width=&#8220;2\/3&#8243;][mk_fancy_title color=&#8220;#ffffff&#8220; size=&#8220;35&#8243; force_font_size=&#8220;true&#8220; size_phone=&#8220;25&#8243; font_weight=&#8220;400&#8243; font_style=&#8220;normal&#8220; letter_spacing=&#8220;1&#8243; margin_bottom=&#8220;0&#8243; font_family=&#8220;none&#8220;]Media Center[\/mk_fancy_title][mk_fancy_title tag_name=&#8220;h1&#8243; color=&#8220;#ffffff&#8220; size=&#8220;64&#8243; force_font_size=&#8220;true&#8220; size_phone=&#8220;50&#8243; line_height=&#8220;95&#8243; font_weight=&#8220;900&#8243; font_style=&#8220;normal&#8220; letter_spacing=&#8220;1&#8243; margin_bottom=&#8220;0&#8243; font_family=&#8220;none&#8220;]Erstellen und teilen[\/mk_fancy_title][\/vc_column][vc_column width=&#8220;1\/3&#8243;][\/vc_column][\/mk_page_section][mk_page_section bg_color=&#8220;#f9f9f9&#8243; bg_stretch=&#8220;true&#8220; video_opacity=&#8220;0.4&#8243; padding_top=&#8220;100&#8243; padding_bottom=&#8220;80&#8243; bottom_shape_color=&#8220;#f7f7f7&#8243; sidebar=&#8220;sidebar-1&#8243;][vc_column width=&#8220;1\/2&#8243;][mk_fancy_title size=&#8220;25&#8243; font_weight=&#8220;600&#8243; margin_bottom=&#8220;0&#8243; font_family=&#8220;none&#8220;]Erstelle deine eigenen Bibliotheken und teile das Wissen innerhalb [&hellip;]<\/p>\n","protected":false},"author":1,"featured_media":0,"parent":0,"menu_order":0,"comment_status":"closed","ping_status":"closed","template":"","meta":{"inline_featured_image":false,"footnotes":""},"_links":{"self":[{"href":"https:\/\/force8.coach\/de\/wp-json\/wp\/v2\/pages\/13726"}],"collection":[{"href":"https:\/\/force8.coach\/de\/wp-json\/wp\/v2\/pages"}],"about":[{"href":"https:\/\/force8.coach\/de\/wp-json\/wp\/v2\/types\/page"}],"author":[{"embeddable":true,"href":"https:\/\/force8.coach\/de\/wp-json\/wp\/v2\/users\/1"}],"replies":[{"embeddable":true,"href":"https:\/\/force8.coach\/de\/wp-json\/wp\/v2\/comments?post=13726"}],"version-history":[{"count":25,"href":"https:\/\/force8.coach\/de\/wp-json\/wp\/v2\/pages\/13726\/revisions"}],"predecessor-version":[{"id":16220,"href":"https:\/\/force8.coach\/de\/wp-json\/wp\/v2\/pages\/13726\/revisions\/16220"}],"wp:attachment":[{"href":"https:\/\/force8.coach\/de\/wp-json\/wp\/v2\/media?parent=13726"}],"curies":[{"name":"wp","href":"https:\/\/api.w.org\/{rel}","templated":true}]}}