{"id":14075,"date":"2024-02-16T16:25:05","date_gmt":"2024-02-16T16:25:05","guid":{"rendered":"https:\/\/force8.coach\/kommunikationszentrum-voll\/"},"modified":"2026-02-18T11:37:39","modified_gmt":"2026-02-18T11:37:39","slug":"kommunikation-center","status":"publish","type":"page","link":"https:\/\/force8.coach\/de\/kommunikation-center\/","title":{"rendered":"Kommunikations Center"},"content":{"rendered":"[mk_page_section bg_image=&#8220;https:\/\/force8.coach\/wp-content\/uploads\/2023\/03\/shutterstock_1998139583-res.jpg&#8220; bg_color=&#8220;#ffffff&#8220; bg_stretch=&#8220;true&#8220; enable_3d=&#8220;true&#8220; video_color_mask=&#8220;#000000&#8243; video_opacity=&#8220;0.3&#8243; min_height=&#8220;650&#8243; js_vertical_centered=&#8220;true&#8220; sidebar=&#8220;sidebar-1&#8243;][vc_column width=&#8220;2\/3&#8243;][mk_fancy_title color=&#8220;#ffffff&#8220; size=&#8220;35&#8243; force_font_size=&#8220;true&#8220; size_phone=&#8220;25&#8243; font_weight=&#8220;400&#8243; font_style=&#8220;normal&#8220; letter_spacing=&#8220;1&#8243; margin_bottom=&#8220;0&#8243; font_family=&#8220;none&#8220;]Kommunikations Center[\/mk_fancy_title][mk_fancy_title tag_name=&#8220;h1&#8243; color=&#8220;#ffffff&#8220; size=&#8220;64&#8243; force_font_size=&#8220;true&#8220; size_phone=&#8220;50&#8243; line_height=&#8220;95&#8243; font_weight=&#8220;900&#8243; font_style=&#8220;normal&#8220; letter_spacing=&#8220;1&#8243; margin_bottom=&#8220;0&#8243; font_family=&#8220;none&#8220;]Kommunikation ist alles[\/mk_fancy_title][\/vc_column][vc_column width=&#8220;1\/3&#8243;][\/vc_column][\/mk_page_section][mk_page_section bg_color=&#8220;#f9f9f9&#8243; bg_stretch=&#8220;true&#8220; video_opacity=&#8220;0.4&#8243; padding_top=&#8220;100&#8243; padding_bottom=&#8220;80&#8243; bottom_shape_color=&#8220;#f7f7f7&#8243; sidebar=&#8220;sidebar-1&#8243;][vc_column width=&#8220;1\/2&#8243;][mk_fancy_title size=&#8220;25&#8243; font_weight=&#8220;600&#8243; margin_bottom=&#8220;0&#8243; font_family=&#8220;none&#8220;]Im <a href=\"https:\/\/force8.coach\/de\/grundsystem\/\">Grundsystem<\/a> ist die E-Mail-Kommunikation, Statusverwaltung und Benachrichtigungen bereits enthalten. Zus\u00e4tzlich kannst du diese n\u00fctzlichen Kommunikationsmodule buchen.[\/mk_fancy_title][\/vc_column][vc_column width=&#8220;1\/2&#8243;][vc_column_text css=&#8220;.vc_custom_1706807316141{margin-bottom: 0px !important;}&#8220;]<strong>Dein Vorteil:<\/strong> Du kannst die gesamte Kommunikation zwischen Sportlern und Trainern, medizinischem Personal und Mitarbeitern an einem Ort zentralisieren.[\/vc_column_text][\/vc_column][\/mk_page_section][mk_page_section bg_stretch=&#8220;true&#8220; video_opacity=&#8220;0.4&#8243; padding_top=&#8220;100&#8243; padding_bottom=&#8220;80&#8243; bottom_shape_color=&#8220;#f7f7f7&#8243; section_id=&#8220;system&#8220; sidebar=&#8220;sidebar-1&#8243;][vc_column width=&#8220;1\/3&#8243;][mk_image src=&#8220;https:\/\/force8.coach\/wp-content\/uploads\/2024\/01\/talks-img3.png&#8220; image_size=&#8220;full&#8220; align=&#8220;center&#8220; margin_bottom=&#8220;0&#8243; visibility=&#8220;visible-sm&#8220;][mk_padding_divider size=&#8220;20&#8243; visibility=&#8220;visible-sm&#8220;][mk_fancy_title size=&#8220;25&#8243; font_weight=&#8220;600&#8243; margin_bottom=&#8220;0&#8243; font_family=&#8220;none&#8220;]\n<p class=\"p1\">Kommunikations Center<\/p>\n[\/mk_fancy_title][mk_fancy_title tag_name=&#8220;h1&#8243; color=&#8220;#000000&#8243; size=&#8220;64&#8243; force_font_size=&#8220;true&#8220; line_height=&#8220;95&#8243; font_weight=&#8220;900&#8243; font_style=&#8220;normal&#8220; letter_spacing=&#8220;1&#8243; margin_bottom=&#8220;30&#8243; font_family=&#8220;none&#8220;]Family Connect[\/mk_fancy_title][vc_column_text css=&#8220;.vc_custom_1768220664732{margin-bottom: 0px !important;}&#8220;]<strong>Family Connect<\/strong> wurde entwickelt, um die Familien der Athleten n\u00e4her an den Verein heranzuf\u00fchren. Es bietet Eltern eine einfache und sichere M\u00f6glichkeit, sich \u00fcber die sportlichen Aktivit\u00e4ten ihrer Kinder zu informieren und daran teilzunehmen, ohne dass die jungen Sportler ihre eigenen Konten oder E-Mail-Adressen verwalten m\u00fcssen.[\/vc_column_text][mk_custom_list]\n<ul>\n<li>Sehe die Trainingspl\u00e4ne deiner Athleten an.<\/li>\n<li>Schauen die Saison\u00fcbersicht an<\/li>\n<li>Teilnahme an bevorstehenden Trainings best\u00e4tigen oder absagen<\/li>\n<li>Synchronisiere die Force8 Coach Daten in den pers\u00f6nliche Kalender<\/li>\n<li>Aktualisiere den Globalen Status des Athleten (verletzt, krank, Urlaub usw.)<\/li>\n<li>Mehrere Athleten k\u00f6nnen mit demselben Elternkonto verkn\u00fcpft werden<\/li>\n<li>Jedem Athleten k\u00f6nnen mehrere Eltern\/Erziehungsberechtigte zugeordnet werden<\/li>\n<li>Athleten ben\u00f6tigen keine private E-Mail-Adresse<\/li>\n<\/ul>\n[\/mk_custom_list][mk_button dimension=&#8220;flat&#8220; corner_style=&#8220;full_rounded&#8220; size=&#8220;large&#8220; icon=&#8220;mk-moon-bubble-video-chat&#8220; id=&#8220;videoBtn1&#8243; bg_color=&#8220;#d66f28&#8243;]Produkt Video[\/mk_button][\/vc_column][vc_column width=&#8220;2\/3&#8243;][mk_image src=&#8220;https:\/\/force8.coach\/wp-content\/uploads\/2026\/01\/family-connect_1.png&#8220; image_size=&#8220;full&#8220; align=&#8220;center&#8220; margin_bottom=&#8220;0&#8243; visibility=&#8220;hidden-sm&#8220;][\/vc_column][\/mk_page_section][mk_page_section bg_stretch=&#8220;true&#8220; video_opacity=&#8220;0.4&#8243; padding_top=&#8220;100&#8243; padding_bottom=&#8220;80&#8243; bottom_shape_color=&#8220;#f7f7f7&#8243; section_id=&#8220;system&#8220; sidebar=&#8220;sidebar-1&#8243;][vc_column width=&#8220;1\/3&#8243;][mk_image src=&#8220;https:\/\/force8.coach\/wp-content\/uploads\/2024\/01\/talks-img3.png&#8220; image_size=&#8220;full&#8220; align=&#8220;center&#8220; margin_bottom=&#8220;0&#8243; visibility=&#8220;visible-sm&#8220;][mk_fancy_title size=&#8220;25&#8243; font_weight=&#8220;600&#8243; margin_bottom=&#8220;0&#8243; font_family=&#8220;none&#8220;]\n<p class=\"p1\">Kommunikations Center<\/p>\n[\/mk_fancy_title][mk_fancy_title tag_name=&#8220;h1&#8243; color=&#8220;#000000&#8243; size=&#8220;64&#8243; force_font_size=&#8220;true&#8220; line_height=&#8220;95&#8243; font_weight=&#8220;900&#8243; font_style=&#8220;normal&#8220; letter_spacing=&#8220;1&#8243; margin_bottom=&#8220;30&#8243; font_family=&#8220;none&#8220;]Besprechungen[\/mk_fancy_title][mk_custom_list]\n<ul>\n<li>Effiziente Speicherung aller Gespr\u00e4che auf benutzerfreundliche Weise<\/li>\n<li>Erstelle Vorlagen f\u00fcr Athletenbesprechungen, Saisongespr\u00e4che, Sitzungen zur Karriereplanung usw.<\/li>\n<li>Sofortige Aufzeichnung von Gespr\u00e4chen in Force8 Coach<\/li>\n<li>Erm\u00f6gliche den Athleten, ihre Antworten im Voraus \u00fcber die Athletenplattform auszuf\u00fcllen<\/li>\n<\/ul>\n[\/mk_custom_list][mk_button dimension=&#8220;flat&#8220; corner_style=&#8220;full_rounded&#8220; size=&#8220;large&#8220; icon=&#8220;mk-moon-bubble-video-chat&#8220; id=&#8220;videoBtn&#8220; bg_color=&#8220;#d66f28&#8243;]Produkt Video[\/mk_button][\/vc_column][vc_column width=&#8220;2\/3&#8243;][mk_image src=&#8220;https:\/\/force8.coach\/wp-content\/uploads\/2024\/01\/talks-img3.png&#8220; image_size=&#8220;full&#8220; align=&#8220;center&#8220; margin_bottom=&#8220;0&#8243; visibility=&#8220;hidden-sm&#8220;][\/vc_column][\/mk_page_section][mk_page_section bg_color=&#8220;#31dcff&#8220; bg_stretch=&#8220;true&#8220; bg_gradient=&#8220;horizontal&#8220; video_color_mask=&#8220;#31dcff&#8220; gr_end=&#8220;#002efe&#8220; video_opacity=&#8220;1&#8243; min_height=&#8220;60&#8243; padding_top=&#8220;40&#8243; padding_bottom=&#8220;30&#8243; bottom_shape_color=&#8220;#f7f7f7&#8243; sidebar=&#8220;sidebar-1&#8243;][vc_column width=&#8220;2\/3&#8243;][mk_fancy_title color=&#8220;#ffffff&#8220; size=&#8220;35&#8243; line_height=&#8220;90&#8243; font_weight=&#8220;900&#8243; margin_top=&#8220;10&#8243; margin_bottom=&#8220;0&#8243; font_family=&#8220;none&#8220;]Suchst du nach einer geeigneten L\u00f6sung?[\/mk_fancy_title][\/vc_column][vc_column width=&#8220;1\/3&#8243;][mk_button dimension=&#8220;flat&#8220; corner_style=&#8220;full_rounded&#8220; size=&#8220;large&#8220; icon=&#8220;mk-moon-calendar&#8220; url=&#8220;https:\/\/meetings.hubspot.com\/marco-baeschlin&#8220; target=&#8220;_blank&#8220; align=&#8220;right&#8220; id=&#8220;videoBtn&#8220; margin_bottom=&#8220;0&#8243; margin_right=&#8220;0&#8243; bg_color=&#8220;#000000&#8243;]Demo vereinbaren[\/mk_button][\/vc_column][\/mk_page_section][mk_page_section section_id=&#8220;videoPromo&#8220; sidebar=&#8220;sidebar-1&#8243;][vc_column][vc_raw_html]JTNDZGl2JTIwY2xhc3MlM0QlMjJ2aWRlby1jb250YWluZXIlMjIlM0UlM0NpZnJhbWUlMjB3aWR0aCUzRCUyMjE3MTMlMjIlMjBoZWlnaHQlM0QlMjI4MzUlMjIlMjBzcmMlM0QlMjJodHRwcyUzQSUyRiUyRnd3dy55b3V0dWJlLmNvbSUyRmVtYmVkJTJGTlJMUjZfb0RXWWMlM0ZzaSUzRHdNbWhSTkItdVdpbDBvbVMlMjIlMjB0aXRsZSUzRCUyMlRyYWluaW5nc3BsYW51bmclMjIlMjBmcmFtZWJvcmRlciUzRCUyMjAlMjIlMjBhbGxvdyUzRCUyMmFjY2VsZXJvbWV0ZXIlM0IlMjBhdXRvcGxheSUzQiUyMGNsaXBib2FyZC13cml0ZSUzQiUyMGVuY3J5cHRlZC1tZWRpYSUzQiUyMGd5cm9zY29wZSUzQiUyMHBpY3R1cmUtaW4tcGljdHVyZSUzQiUyMHdlYi1zaGFyZSUyMiUyMGFsbG93ZnVsbHNjcmVlbiUzRCUyMiUyMiUzRSUzQyUyRmlmcmFtZSUzRSUzQyUyRmRpdiUzRQ==[\/vc_raw_html][vc_raw_js]JTNDc2NyaXB0JTIwdHlwZSUzRCUyMnRleHQlMkZqYXZhc2NyaXB0JTIyJTNFJTBBalF1ZXJ5JTI4ZG9jdW1lbnQlMjkucmVhZHklMjhmdW5jdGlvbiUyMCUyOCUyNCUyOSUyMCU3QiUwQSUwQSUyMCUyMCUyNCUyOCUyNyUyM3ZpZGVvUHJvbW8lMjAucGFnZS1zZWN0aW9uLWNvbnRlbnQlMjclMjkuYXBwZW5kJTI4JTI3JTNDYSUyMGNsYXNzJTNEJTIyY2xvc2VWaWRlbyUyMiUyMGhyZWYlM0QlMjIlMjMlMjIlM0UlMjZ0aW1lcyUzQiUzQyUyRmElM0UlMjclMjklM0IlMEElMEElMjAlMjB2YXIlMjAlMjRwcm9tb0JveCUyMCUzRCUyMCUyNCUyOCUyNyUyM3ZpZGVvUHJvbW8lMjclMjkuY2xvbmUlMjglMjkuYXBwZW5kVG8lMjglMjdib2R5JTI3JTI5JTNCJTBBJTIwJTIwdmFyJTIwcHJvbW9TcmMlMjAlMjAlM0QlMjAlMjRwcm9tb0JveC5maW5kJTI4JTI3aWZyYW1lJTI3JTI5LmF0dHIlMjglMjdzcmMlMjclMjklM0IlMEElMEElMjAlMjAlMjQlMjglMjclMjN0aGVtZS1wYWdlJTIwJTIzdmlkZW9Qcm9tbyUyNyUyOS5yZW1vdmUlMjglMjklM0IlMEElMEElMjAlMjAlMjQlMjglMjclMjN2aWRlb0J0biUyNyUyOS5vbiUyOCUyN2NsaWNrJTI3JTJDJTIwZnVuY3Rpb24lMjAlMjhlJTI5JTIwJTdCJTBBJTIwJTIwJTIwJTIwZS5wcmV2ZW50RGVmYXVsdCUyOCUyOSUzQiUwQSUyMCUyMCUyMCUyMCUyNHByb21vQm94LmZpbmQlMjglMjdpZnJhbWUlMjclMjkuYXR0ciUyOCUyN3NyYyUyNyUyQyUyMHByb21vU3JjJTIwJTJCJTIwJTI3JTI2Y29udHJvbHMlM0QwJTI2YXV0b3BsYXklM0QxJTI2ZW5hYmxlanNhcGklM0QxJTI3JTI5JTNCJTBBJTIwJTIwJTIwJTIwJTI0cHJvbW9Cb3guZmFkZUluJTI4NjAwJTI5LmFkZENsYXNzJTI4JTI3YWN0aXZlJTI3JTI5JTNCJTBBJTIwJTIwJTdEJTI5JTNCJTBBJTBBJTIwJTIwJTI0cHJvbW9Cb3gub24lMjglMjdjbGljayUyNyUyQyUyMCUyNy5jbG9zZVZpZGVvJTI3JTJDJTIwZnVuY3Rpb24lMjAlMjhlJTI5JTIwJTdCJTBBJTIwJTIwJTIwJTIwZS5wcmV2ZW50RGVmYXVsdCUyOCUyOSUzQiUwQSUyMCUyMCUyMCUyMCUyNHByb21vQm94LmZpbmQlMjglMjdpZnJhbWUlMjclMjkuYXR0ciUyOCUyN3NyYyUyNyUyQyUyMCUyNyUyNyUyOSUzQiUwQSUyMCUyMCUyMCUyMCUyNHByb21vQm94LmZhZGVPdXQlMjgzMDAlMjkucmVtb3ZlQ2xhc3MlMjglMjdhY3RpdmUlMjclMjklM0IlMEElMjAlMjAlN0QlMjklM0IlMEElMEElN0QlMjklM0IlMEElM0MlMkZzY3JpcHQlM0UlMEE=[\/vc_raw_js][\/vc_column][\/mk_page_section][mk_page_section section_id=&#8220;Familyconnect&#8220; sidebar=&#8220;sidebar-1&#8243;][vc_column][vc_raw_html]JTNDZGl2JTIwY2xhc3MlM0QlMjJ2aWRlby1jb250YWluZXIlMjIlM0UlM0NpZnJhbWUlMjB3aWR0aCUzRCUyMjE3MTMlMjIlMjBoZWlnaHQlM0QlMjI4MzUlMjIlMjBzcmMlM0QlMjJodHRwcyUzQSUyRiUyRnd3dy55b3V0dWJlLmNvbSUyRmVtYmVkJTJGQVVKRF9UMGVhQTAlM0ZzaSUzRC1USF9ENXRNUkpySGJqSl8lMjIlMjB0aXRsZSUzRCUyMlRyYWluaW5nc3BsYW51bmclMjIlMjBmcmFtZWJvcmRlciUzRCUyMjAlMjIlMjBhbGxvdyUzRCUyMmFjY2VsZXJvbWV0ZXIlM0IlMjBhdXRvcGxheSUzQiUyMGNsaXBib2FyZC13cml0ZSUzQiUyMGVuY3J5cHRlZC1tZWRpYSUzQiUyMGd5cm9zY29wZSUzQiUyMHBpY3R1cmUtaW4tcGljdHVyZSUzQiUyMHdlYi1zaGFyZSUyMiUyMGFsbG93ZnVsbHNjcmVlbiUzRCUyMiUyMiUzRSUzQyUyRmlmcmFtZSUzRSUzQyUyRmRpdiUzRQ==[\/vc_raw_html][vc_raw_js]JTNDc2NyaXB0JTIwdHlwZSUzRCUyMnRleHQlMkZqYXZhc2NyaXB0JTIyJTNFJTBBalF1ZXJ5JTI4ZG9jdW1lbnQlMjkucmVhZHklMjhmdW5jdGlvbiUyMCUyOCUyNCUyOSUyMCU3QiUwQSUwQSUyMCUyMCUyNCUyOCUyNyUyM0ZhbWlseWNvbm5lY3QlMjAucGFnZS1zZWN0aW9uLWNvbnRlbnQlMjclMjkuYXBwZW5kJTI4JTI3JTNDYSUyMGNsYXNzJTNEJTIyY2xvc2VWaWRlbyUyMiUyMGhyZWYlM0QlMjIlMjMlMjIlM0UlMjZ0aW1lcyUzQiUzQyUyRmElM0UlMjclMjklM0IlMEElMEElMjAlMjB2YXIlMjAlMjRmYW1pbHlCb3glMjAlM0QlMjAlMjQlMjglMjclMjNGYW1pbHljb25uZWN0JTI3JTI5LmNsb25lJTI4JTI5LmFwcGVuZFRvJTI4JTI3Ym9keSUyNyUyOSUzQiUwQSUyMCUyMHZhciUyMGZhbWlseVNyYyUyMCUyMCUzRCUyMCUyNGZhbWlseUJveC5maW5kJTI4JTI3aWZyYW1lJTI3JTI5LmF0dHIlMjglMjdzcmMlMjclMjklM0IlMEElMEElMjAlMjAlMjQlMjglMjclMjN0aGVtZS1wYWdlJTIwJTIzRmFtaWx5Y29ubmVjdCUyNyUyOS5yZW1vdmUlMjglMjklM0IlMEElMEElMjAlMjAlMjQlMjglMjclMjN2aWRlb0J0bjElMjclMjkub24lMjglMjdjbGljayUyNyUyQyUyMGZ1bmN0aW9uJTIwJTI4ZSUyOSUyMCU3QiUwQSUyMCUyMCUyMCUyMGUucHJldmVudERlZmF1bHQlMjglMjklM0IlMEElMjAlMjAlMjAlMjAlMjRmYW1pbHlCb3guZmluZCUyOCUyN2lmcmFtZSUyNyUyOS5hdHRyJTI4JTI3c3JjJTI3JTJDJTIwZmFtaWx5U3JjJTIwJTJCJTIwJTI3JTI2Y29udHJvbHMlM0QwJTI2YXV0b3BsYXklM0QxJTI2ZW5hYmxlanNhcGklM0QxJTI3JTI5JTNCJTBBJTIwJTIwJTIwJTIwJTI0ZmFtaWx5Qm94LmZhZGVJbiUyODYwMCUyOS5hZGRDbGFzcyUyOCUyN2FjdGl2ZSUyNyUyOSUzQiUwQSUyMCUyMCU3RCUyOSUzQiUwQSUwQSUyMCUyMCUyNGZhbWlseUJveC5vbiUyOCUyN2NsaWNrJTI3JTJDJTIwJTI3LmNsb3NlVmlkZW8lMjclMkMlMjBmdW5jdGlvbiUyMCUyOGUlMjklMjAlN0IlMEElMjAlMjAlMjAlMjBlLnByZXZlbnREZWZhdWx0JTI4JTI5JTNCJTBBJTIwJTIwJTIwJTIwJTI0ZmFtaWx5Qm94LmZpbmQlMjglMjdpZnJhbWUlMjclMjkuYXR0ciUyOCUyN3NyYyUyNyUyQyUyMCUyNyUyNyUyOSUzQiUwQSUyMCUyMCUyMCUyMCUyNGZhbWlseUJveC5mYWRlT3V0JTI4MzAwJTI5LnJlbW92ZUNsYXNzJTI4JTI3YWN0aXZlJTI3JTI5JTNCJTBBJTIwJTIwJTdEJTI5JTNCJTBBJTBBJTdEJTI5JTNCJTBBJTNDJTJGc2NyaXB0JTNFJTBB[\/vc_raw_js][\/vc_column][\/mk_page_section]\n","protected":false},"excerpt":{"rendered":"<p>[mk_page_section bg_image=&#8220;https:\/\/force8.coach\/wp-content\/uploads\/2023\/03\/shutterstock_1998139583-res.jpg&#8220; bg_color=&#8220;#ffffff&#8220; bg_stretch=&#8220;true&#8220; enable_3d=&#8220;true&#8220; video_color_mask=&#8220;#000000&#8243; video_opacity=&#8220;0.3&#8243; min_height=&#8220;650&#8243; js_vertical_centered=&#8220;true&#8220; sidebar=&#8220;sidebar-1&#8243;][vc_column width=&#8220;2\/3&#8243;][mk_fancy_title color=&#8220;#ffffff&#8220; size=&#8220;35&#8243; force_font_size=&#8220;true&#8220; size_phone=&#8220;25&#8243; font_weight=&#8220;400&#8243; font_style=&#8220;normal&#8220; letter_spacing=&#8220;1&#8243; margin_bottom=&#8220;0&#8243; font_family=&#8220;none&#8220;]Kommunikations Center[\/mk_fancy_title][mk_fancy_title tag_name=&#8220;h1&#8243; color=&#8220;#ffffff&#8220; size=&#8220;64&#8243; force_font_size=&#8220;true&#8220; size_phone=&#8220;50&#8243; line_height=&#8220;95&#8243; font_weight=&#8220;900&#8243; font_style=&#8220;normal&#8220; letter_spacing=&#8220;1&#8243; margin_bottom=&#8220;0&#8243; font_family=&#8220;none&#8220;]Kommunikation ist alles[\/mk_fancy_title][\/vc_column][vc_column width=&#8220;1\/3&#8243;][\/vc_column][\/mk_page_section][mk_page_section bg_color=&#8220;#f9f9f9&#8243; bg_stretch=&#8220;true&#8220; video_opacity=&#8220;0.4&#8243; padding_top=&#8220;100&#8243; padding_bottom=&#8220;80&#8243; bottom_shape_color=&#8220;#f7f7f7&#8243; sidebar=&#8220;sidebar-1&#8243;][vc_column width=&#8220;1\/2&#8243;][mk_fancy_title size=&#8220;25&#8243; font_weight=&#8220;600&#8243; margin_bottom=&#8220;0&#8243; font_family=&#8220;none&#8220;]Im Grundsystem ist die E-Mail-Kommunikation, Statusverwaltung und Benachrichtigungen bereits [&hellip;]<\/p>\n","protected":false},"author":1,"featured_media":0,"parent":0,"menu_order":0,"comment_status":"closed","ping_status":"closed","template":"","meta":{"inline_featured_image":false,"footnotes":""},"_links":{"self":[{"href":"https:\/\/force8.coach\/de\/wp-json\/wp\/v2\/pages\/14075"}],"collection":[{"href":"https:\/\/force8.coach\/de\/wp-json\/wp\/v2\/pages"}],"about":[{"href":"https:\/\/force8.coach\/de\/wp-json\/wp\/v2\/types\/page"}],"author":[{"embeddable":true,"href":"https:\/\/force8.coach\/de\/wp-json\/wp\/v2\/users\/1"}],"replies":[{"embeddable":true,"href":"https:\/\/force8.coach\/de\/wp-json\/wp\/v2\/comments?post=14075"}],"version-history":[{"count":45,"href":"https:\/\/force8.coach\/de\/wp-json\/wp\/v2\/pages\/14075\/revisions"}],"predecessor-version":[{"id":17386,"href":"https:\/\/force8.coach\/de\/wp-json\/wp\/v2\/pages\/14075\/revisions\/17386"}],"wp:attachment":[{"href":"https:\/\/force8.coach\/de\/wp-json\/wp\/v2\/media?parent=14075"}],"curies":[{"name":"wp","href":"https:\/\/api.w.org\/{rel}","templated":true}]}}