{"id":14114,"date":"2024-02-16T17:58:34","date_gmt":"2024-02-16T17:58:34","guid":{"rendered":"https:\/\/force8.coach\/health-center-full\/"},"modified":"2024-09-02T16:45:32","modified_gmt":"2024-09-02T16:45:32","slug":"gesundheits-center","status":"publish","type":"page","link":"https:\/\/force8.coach\/de\/gesundheits-center\/","title":{"rendered":"Gesundheits Center"},"content":{"rendered":"[mk_page_section bg_image=&#8220;https:\/\/force8.coach\/wp-content\/uploads\/2023\/03\/shutterstock_446653762-comp-scaled.jpg&#8220; bg_color=&#8220;#ffffff&#8220; bg_stretch=&#8220;true&#8220; enable_3d=&#8220;true&#8220; video_color_mask=&#8220;#000000&#8243; video_opacity=&#8220;0.3&#8243; min_height=&#8220;650&#8243; js_vertical_centered=&#8220;true&#8220; sidebar=&#8220;sidebar-1&#8243;][vc_column width=&#8220;1\/2&#8243;][mk_fancy_title color=&#8220;#ffffff&#8220; size=&#8220;35&#8243; force_font_size=&#8220;true&#8220; size_phone=&#8220;25&#8243; font_weight=&#8220;400&#8243; font_style=&#8220;normal&#8220; letter_spacing=&#8220;1&#8243; margin_bottom=&#8220;0&#8243; font_family=&#8220;none&#8220;]Gesundheits Center[\/mk_fancy_title][mk_fancy_title tag_name=&#8220;h1&#8243; color=&#8220;#ffffff&#8220; size=&#8220;64&#8243; force_font_size=&#8220;true&#8220; size_phone=&#8220;50&#8243; line_height=&#8220;95&#8243; font_weight=&#8220;900&#8243; font_style=&#8220;normal&#8220; letter_spacing=&#8220;1&#8243; margin_bottom=&#8220;0&#8243; font_family=&#8220;none&#8220;]Gesundheit ist das A und O[\/mk_fancy_title][\/vc_column][vc_column width=&#8220;1\/2&#8243;][\/vc_column][\/mk_page_section][mk_page_section bg_color=&#8220;#f9f9f9&#8243; bg_stretch=&#8220;true&#8220; video_opacity=&#8220;0.4&#8243; padding_top=&#8220;100&#8243; padding_bottom=&#8220;80&#8243; bottom_shape_color=&#8220;#f7f7f7&#8243; sidebar=&#8220;sidebar-1&#8243;][vc_column width=&#8220;1\/2&#8243;][mk_fancy_title size=&#8220;25&#8243; font_weight=&#8220;600&#8243; margin_bottom=&#8220;0&#8243; font_family=&#8220;none&#8220;]Lass \u00c4rzte, Phyisiotherapeuten und anderes medizinisches Personal mit deinen Sportlern arbeiten. Du kannst aus vier innovativen Modulen ausw\u00e4hlen.[\/mk_fancy_title][\/vc_column][vc_column width=&#8220;1\/2&#8243;][vc_column_text css=&#8220;.vc_custom_1707503291815{margin-bottom: 0px !important;}&#8220;]<strong>Dein Vorteil:<\/strong> Schnelle, unkomplizierte und individuelle Erfassung des k\u00f6rperlichen und geistigen Zustands. Konsolidierung der medizinischen Basisdaten f\u00fcr einen umfassenden \u00dcberblick.[\/vc_column_text][\/vc_column][\/mk_page_section][mk_page_section bg_stretch=&#8220;true&#8220; video_opacity=&#8220;0.4&#8243; padding_top=&#8220;100&#8243; padding_bottom=&#8220;80&#8243; bottom_shape_color=&#8220;#f7f7f7&#8243; section_id=&#8220;system&#8220; sidebar=&#8220;sidebar-1&#8243;][vc_column width=&#8220;1\/3&#8243;][mk_image src=&#8220;https:\/\/force8.coach\/wp-content\/uploads\/2024\/02\/daily-values-img3.jpg&#8220; image_size=&#8220;full&#8220; visibility=&#8220;visible-sm&#8220;][mk_fancy_title size=&#8220;25&#8243; font_weight=&#8220;600&#8243; margin_bottom=&#8220;0&#8243; font_family=&#8220;none&#8220;]\n<p class=\"p1\">Gesundheits Center<\/p>\n[\/mk_fancy_title][mk_fancy_title tag_name=&#8220;h1&#8243; color=&#8220;#000000&#8243; size=&#8220;64&#8243; force_font_size=&#8220;true&#8220; line_height=&#8220;95&#8243; font_weight=&#8220;900&#8243; font_style=&#8220;normal&#8220; letter_spacing=&#8220;1&#8243; margin_bottom=&#8220;30&#8243; font_family=&#8220;none&#8220;]Tageswerte[\/mk_fancy_title][mk_custom_list]\n<ul>\n<li>In von dir festgelegten Abst\u00e4nden k\u00f6nnen die Athleten \u00fcber ihr k\u00f6rperliches und geistiges Wohlbefinden berichten<\/li>\n<li>Die Umfrage umfasst Schlafdauer und -qualit\u00e4t, Verletzungen, Krankheiten, Schmerzen, Stimmung und Motivation<\/li>\n<li>Die Daten werden sowohl dem Trainer als auch dem Athleten in einem visuell ansprechenden und verst\u00e4ndlichen Format pr\u00e4sentiert<\/li>\n<\/ul>\n[\/mk_custom_list][mk_button dimension=&#8220;flat&#8220; corner_style=&#8220;full_rounded&#8220; size=&#8220;large&#8220; icon=&#8220;mk-moon-bubble-video-chat&#8220; url=&#8220;#&#8220; id=&#8220;videoBtn&#8220;]Produkt Video[\/mk_button][\/vc_column][vc_column width=&#8220;2\/3&#8243;][mk_image src=&#8220;https:\/\/force8.coach\/wp-content\/uploads\/2024\/02\/daily-values-img3.jpg&#8220; image_size=&#8220;full&#8220; visibility=&#8220;hidden-sm&#8220;][\/vc_column][\/mk_page_section][mk_page_section bg_stretch=&#8220;true&#8220; video_opacity=&#8220;0.4&#8243; padding_top=&#8220;100&#8243; padding_bottom=&#8220;80&#8243; bottom_shape_color=&#8220;#f7f7f7&#8243; section_id=&#8220;system&#8220; sidebar=&#8220;sidebar-1&#8243;][vc_column width=&#8220;1\/3&#8243;][mk_image src=&#8220;https:\/\/force8.coach\/wp-content\/uploads\/2024\/01\/basic-system-img1.png&#8220; image_size=&#8220;full&#8220; visibility=&#8220;visible-sm&#8220;][mk_fancy_title size=&#8220;25&#8243; font_weight=&#8220;600&#8243; margin_bottom=&#8220;0&#8243; font_family=&#8220;none&#8220;]\n<p class=\"p1\">Gesundheits Center<\/p>\n[\/mk_fancy_title][mk_fancy_title tag_name=&#8220;h1&#8243; color=&#8220;#000000&#8243; size=&#8220;64&#8243; force_font_size=&#8220;true&#8220; line_height=&#8220;95&#8243; font_weight=&#8220;900&#8243; font_style=&#8220;normal&#8220; letter_spacing=&#8220;1&#8243; margin_bottom=&#8220;30&#8243; font_family=&#8220;none&#8220;]Medizinisches Dossier[\/mk_fancy_title][mk_custom_list]\n<ul>\n<li>Einfache und effiziente Dokumentation medizinischer Informationen<\/li>\n<li>Informationen mit anderen \u00c4rzten und Trainer austauschen<\/li>\n<li>Beurteile die Symptome einer Gehirnersch\u00fctterung anhand des SCAT5-Protokolls<\/li>\n<li>Zugang zu Informationen \u00fcber wichtige medizinische Einrichtungen<\/li>\n<\/ul>\n[\/mk_custom_list][mk_button dimension=&#8220;flat&#8220; corner_style=&#8220;full_rounded&#8220; size=&#8220;large&#8220; icon=&#8220;mk-moon-bubble-video-chat&#8220; url=&#8220;#&#8220; id=&#8220;videoBtn3&#8243;]Produkt Video[\/mk_button][\/vc_column][vc_column width=&#8220;2\/3&#8243;][mk_image src=&#8220;https:\/\/force8.coach\/wp-content\/uploads\/2024\/01\/basic-system-img1.png&#8220; image_size=&#8220;full&#8220; visibility=&#8220;hidden-sm&#8220;][\/vc_column][\/mk_page_section][mk_page_section bg_stretch=&#8220;true&#8220; video_opacity=&#8220;0.4&#8243; padding_top=&#8220;100&#8243; padding_bottom=&#8220;80&#8243; bottom_shape_color=&#8220;#f7f7f7&#8243; section_id=&#8220;system&#8220; sidebar=&#8220;sidebar-1&#8243;][vc_column width=&#8220;1\/3&#8243;][mk_image src=&#8220;https:\/\/force8.coach\/wp-content\/uploads\/2024\/01\/health-center-img2.png&#8220; image_size=&#8220;full&#8220; visibility=&#8220;visible-sm&#8220;][mk_fancy_title size=&#8220;25&#8243; font_weight=&#8220;600&#8243; margin_bottom=&#8220;0&#8243; font_family=&#8220;none&#8220;]\n<p class=\"p1\">Gesundheits Center<\/p>\n[\/mk_fancy_title][mk_fancy_title tag_name=&#8220;h1&#8243; color=&#8220;#000000&#8243; size=&#8220;64&#8243; force_font_size=&#8220;true&#8220; line_height=&#8220;95&#8243; font_weight=&#8220;900&#8243; font_style=&#8220;normal&#8220; letter_spacing=&#8220;1&#8243; margin_bottom=&#8220;30&#8243; font_family=&#8220;none&#8220;]Athleten Screening[\/mk_fancy_title][mk_custom_list]\n<ul>\n<li>Verfolge die k\u00f6rperliche Verfassung und Verletzungen der Athleten<\/li>\n<li>Erstelle deine eigenen Screening-Bewertungen<\/li>\n<li>Entwickle vollst\u00e4ndig anpassbare Screening-Batterien aus diesen Tests<\/li>\n<li>Ideal f\u00fcr Physiotherapeuten<\/li>\n<\/ul>\n[\/mk_custom_list][mk_button dimension=&#8220;flat&#8220; corner_style=&#8220;full_rounded&#8220; size=&#8220;large&#8220; icon=&#8220;mk-moon-bubble-video-chat&#8220; url=&#8220;#&#8220; id=&#8220;videoBtn2&#8243;]Produkt Video[\/mk_button][\/vc_column][vc_column width=&#8220;2\/3&#8243;][mk_image src=&#8220;https:\/\/force8.coach\/wp-content\/uploads\/2024\/01\/health-center-img2.png&#8220; image_size=&#8220;full&#8220; visibility=&#8220;hidden-sm&#8220;][\/vc_column][\/mk_page_section][mk_page_section bg_stretch=&#8220;true&#8220; video_opacity=&#8220;0.4&#8243; padding_top=&#8220;100&#8243; padding_bottom=&#8220;80&#8243; bottom_shape_color=&#8220;#f7f7f7&#8243; section_id=&#8220;system&#8220; sidebar=&#8220;sidebar-1&#8243;][vc_column width=&#8220;1\/3&#8243;][mk_image src=&#8220;https:\/\/force8.coach\/wp-content\/uploads\/2024\/01\/menstruation-img2.png&#8220; image_size=&#8220;full&#8220; visibility=&#8220;visible-sm&#8220;][mk_fancy_title size=&#8220;25&#8243; font_weight=&#8220;600&#8243; margin_bottom=&#8220;0&#8243; font_family=&#8220;none&#8220;]\n<p class=\"p1\">Gesundheits Center<\/p>\n[\/mk_fancy_title][mk_fancy_title tag_name=&#8220;h1&#8243; color=&#8220;#000000&#8243; size=&#8220;61&#8243; force_font_size=&#8220;true&#8220; line_height=&#8220;95&#8243; font_weight=&#8220;900&#8243; font_style=&#8220;normal&#8220; letter_spacing=&#8220;1&#8243; margin_bottom=&#8220;30&#8243; font_family=&#8220;none&#8220;]Menstruation<br \/>\nZyklus[\/mk_fancy_title][mk_custom_list]\n<ul>\n<li>Weibliche Athleten haben die M\u00f6glichkeit, ihren Menstruationszyklus aufzuzeichnen<\/li>\n<li>Sie geben an, ob es ihr Training beeinflusst hat<\/li>\n<li>So k\u00f6nnen die Trainer das Trainingsprogramm effektiver optimieren<\/li>\n<\/ul>\n[\/mk_custom_list][mk_button dimension=&#8220;flat&#8220; corner_style=&#8220;full_rounded&#8220; size=&#8220;large&#8220; icon=&#8220;mk-moon-bubble-video-chat&#8220; url=&#8220;#&#8220; id=&#8220;videoBtn1&#8243;]Produkt Video[\/mk_button][\/vc_column][vc_column width=&#8220;2\/3&#8243;][mk_image src=&#8220;https:\/\/force8.coach\/wp-content\/uploads\/2024\/01\/menstruation-img2.png&#8220; image_size=&#8220;full&#8220; visibility=&#8220;hidden-sm&#8220;][\/vc_column][\/mk_page_section][mk_page_section bg_color=&#8220;#31dcff&#8220; bg_stretch=&#8220;true&#8220; bg_gradient=&#8220;horizontal&#8220; video_color_mask=&#8220;#31dcff&#8220; gr_end=&#8220;#002efe&#8220; video_opacity=&#8220;1&#8243; min_height=&#8220;60&#8243; padding_top=&#8220;40&#8243; padding_bottom=&#8220;30&#8243; bottom_shape_color=&#8220;#f7f7f7&#8243; sidebar=&#8220;sidebar-1&#8243;][vc_column width=&#8220;2\/3&#8243;][mk_fancy_title color=&#8220;#ffffff&#8220; size=&#8220;35&#8243; line_height=&#8220;90&#8243; font_weight=&#8220;900&#8243; margin_top=&#8220;10&#8243; margin_bottom=&#8220;0&#8243; font_family=&#8220;none&#8220;]Suchst du nach einer geeigneten L\u00f6sung?[\/mk_fancy_title][\/vc_column][vc_column width=&#8220;1\/3&#8243;][mk_button dimension=&#8220;flat&#8220; corner_style=&#8220;full_rounded&#8220; size=&#8220;large&#8220; icon=&#8220;mk-moon-calendar&#8220; url=&#8220;https:\/\/meetings.hubspot.com\/marco-baeschlin&#8220; target=&#8220;_blank&#8220; align=&#8220;right&#8220; id=&#8220;videoBtn&#8220; margin_bottom=&#8220;0&#8243; margin_right=&#8220;0&#8243; bg_color=&#8220;#000000&#8243;]Demo vereinbaren[\/mk_button][\/vc_column][\/mk_page_section][mk_page_section section_id=&#8220;videoPromo&#8220; sidebar=&#8220;sidebar-1&#8243;][vc_column][vc_raw_html]JTNDZGl2JTIwY2xhc3MlM0QlMjJ2aWRlby1jb250YWluZXIlMjIlM0UlM0NpZnJhbWUlMjB3aWR0aCUzRCUyMjE3MTMlMjIlMjBoZWlnaHQlM0QlMjI4MzUlMjIlMjBzcmMlM0QlMjJodHRwcyUzQSUyRiUyRnd3dy55b3V0dWJlLmNvbSUyRmVtYmVkJTJGdlJLaFZwQjB3dlUlM0ZzaSUzRGpvTkJUOEpGN0ctbGNPaWQlMjIlMjB0aXRsZSUzRCUyMlZpZGVvcyUyMiUyMGZyYW1lYm9yZGVyJTNEJTIyMCUyMiUyMGFsbG93JTNEJTIyYWNjZWxlcm9tZXRlciUzQiUyMGF1dG9wbGF5JTNCJTIwY2xpcGJvYXJkLXdyaXRlJTNCJTIwZW5jcnlwdGVkLW1lZGlhJTNCJTIwZ3lyb3Njb3BlJTNCJTIwcGljdHVyZS1pbi1waWN0dXJlJTNCJTIwd2ViLXNoYXJlJTIyJTIwYWxsb3dmdWxsc2NyZWVuJTNFJTNDJTJGaWZyYW1lJTNFJTNDJTJGZGl2JTNFJTBBJTBB[\/vc_raw_html][vc_raw_js]JTNDc2NyaXB0JTIwdHlwZSUzRCUyMnRleHQlMkZqYXZhc2NyaXB0JTIyJTNFJTBBdmFyJTIwdmlkZW9TcmMxJTNEJTI3JTI3JTNCJTBBalF1ZXJ5JTI4JTIwZG9jdW1lbnQlMjAlMjkucmVhZHklMjhmdW5jdGlvbiUyOCUyOSUyMCU3QiUwQSUyMCUyMCUyMCUyMGpRdWVyeSUyOCUyNyUyM3ZpZGVvUHJvbW8lMjAucGFnZS1zZWN0aW9uLWNvbnRlbnQlMjclMjkuYXBwZW5kJTI4JTI3JTNDYSUyMGNsYXNzJTNEJTIyY2xvc2VWaWRlbyUyMiUyMGhyZWYlM0QlMjIlMjMlMjIlM0UlMjZ0aW1lcyUzQiUzQyUyRmElM0UlMjclMjklM0IlMEElMEElMjAlMjAlMjAlMjB2YXIlMjBfdmlkZW9Cb3glM0RqUXVlcnklMjglMjclMjN2aWRlb1Byb21vJTI3JTI5LmNsb25lJTI4JTI5LmFwcGVuZFRvJTI4JTIwJTIyYm9keSUyMiUyMCUyOSUzQiUwQXZpZGVvU3JjMSUzRGpRdWVyeSUyOCUyNyUyM3ZpZGVvUHJvbW8lMjBpZnJhbWUlMjclMjkuYXR0ciUyOCUyN3NyYyUyNyUyOSUzQiUwQWpRdWVyeSUyOCUyNyUyM3RoZW1lLXBhZ2UlMjAlMjN2aWRlb1Byb21vJTI3JTI5LnJlbW92ZSUyOCUyOSUzQiUwQSUwQSUyMCUyMCUyMCUyMGpRdWVyeSUyOCUyNyUyM3ZpZGVvQnRuJTI3JTI5Lm9uJTI4JTI3Y2xpY2slMjclMkMlMjBmdW5jdGlvbiUyOGUlMjklN0IlMEElMjAlMjAlMjAlMjAlMjAlMjAlMjBlLnByZXZlbnREZWZhdWx0JTI4JTI5JTNCJTBBY29uc29sZS5sb2clMjglMjdWaWRlbyUyMFNyYyUzQSUyMCUyNyUyQnZpZGVvU3JjMSUyOSUzQiUwQWpRdWVyeSUyOCUyNyUyM3ZpZGVvUHJvbW8lMjBpZnJhbWUlMjclMjkuYXR0ciUyOCUyN3NyYyUyNyUyQ3ZpZGVvU3JjMSUyQiUyNyUzRmNvbnRyb2xzJTNEMCUyNmF1dG9wbGF5JTNEMSUyNmVuYWJsZWpzYXBpJTNEMSUyNyUyOSUzQiUwQSUyMCUyMCUyMCUyMCUyMCUyMCUyMGpRdWVyeSUyOCUyNyUyM3ZpZGVvUHJvbW8lMjclMjkuZmFkZUluJTI4NjAwJTI5LmFkZENsYXNzJTI4JTI3YWN0aXZlJTI3JTI5JTNCJTBBJTIwJTIwJTIwJTIwJTdEJTI5JTNCJTBBJTIwJTIwJTIwJTIwalF1ZXJ5JTI4JTI3LmNsb3NlVmlkZW8lMjclMjkub24lMjglMjdjbGljayUyNyUyQyUyMGZ1bmN0aW9uJTI4ZSUyOSU3QiUwQSUyMCUyMCUyMCUyMCUyMCUyMCUyMGUucHJldmVudERlZmF1bHQlMjglMjklM0IlMEFqUXVlcnklMjglMjclMjN2aWRlb1Byb21vJTIwaWZyYW1lJTI3JTI5LmF0dHIlMjglMjdzcmMlMjclMkMlMjclMjclMjklM0IlMEElMjAlMjAlMjAlMjAlMjAlMjAlMjBqUXVlcnklMjglMjclMjN2aWRlb1Byb21vJTI3JTI5LmZhZGVPdXQlMjgzMDAlMjkucmVtb3ZlQ2xhc3MlMjglMjdhY3RpdmUlMjclMjklM0IlMEElMjAlMjAlMjAlMjAlN0QlMjklM0IlMEElN0QlMjklM0IlMEElM0MlMkZzY3JpcHQlM0U=[\/vc_raw_js][\/vc_column][\/mk_page_section][mk_page_section section_id=&#8220;videoPromo1&#8243; sidebar=&#8220;sidebar-1&#8243;][vc_column][vc_raw_html]JTNDZGl2JTIwY2xhc3MlM0QlMjJ2aWRlby1jb250YWluZXIlMjIlM0UlM0NpZnJhbWUlMjB3aWR0aCUzRCUyMjE3MTMlMjIlMjBoZWlnaHQlM0QlMjI4MzUlMjIlMjBzcmMlM0QlMjJodHRwcyUzQSUyRiUyRnd3dy55b3V0dWJlLmNvbSUyRmVtYmVkJTJGUkFDV3lqblFoUVElM0ZzaSUzRGRZeXp3ZTMzLTZmenFlN2MlMjIlMjB0aXRsZSUzRCUyMk1lZGl6aW5pc2NoZXMlMjBEb3NzaWVyJTIyJTIwZnJhbWVib3JkZXIlM0QlMjIwJTIyJTIwYWxsb3clM0QlMjJhY2NlbGVyb21ldGVyJTNCJTIwYXV0b3BsYXklM0IlMjBjbGlwYm9hcmQtd3JpdGUlM0IlMjBlbmNyeXB0ZWQtbWVkaWElM0IlMjBneXJvc2NvcGUlM0IlMjBwaWN0dXJlLWluLXBpY3R1cmUlM0IlMjB3ZWItc2hhcmUlMjIlMjBhbGxvd2Z1bGxzY3JlZW4lM0QlMjIlMjIlM0UlM0MlMkZpZnJhbWUlM0UlM0MlMkZkaXYlM0UlMEElMEElMEE=[\/vc_raw_html][vc_raw_js]JTNDc2NyaXB0JTIwdHlwZSUzRCUyMnRleHQlMkZqYXZhc2NyaXB0JTIyJTNFJTBBdmFyJTIwdmlkZW9TcmMyJTNEJTI3JTI3JTNCJTBBalF1ZXJ5JTI4JTIwZG9jdW1lbnQlMjAlMjkucmVhZHklMjhmdW5jdGlvbiUyOCUyOSUyMCU3QiUwQSUyMCUyMCUyMCUyMGpRdWVyeSUyOCUyNyUyM3ZpZGVvUHJvbW8xJTIwLnBhZ2Utc2VjdGlvbi1jb250ZW50JTI3JTI5LmFwcGVuZCUyOCUyNyUzQ2ElMjBjbGFzcyUzRCUyMmNsb3NlVmlkZW8lMjIlMjBocmVmJTNEJTIyJTIzJTIyJTNFJTI2dGltZXMlM0IlM0MlMkZhJTNFJTI3JTI5JTNCJTBBJTBBJTIwJTIwJTIwJTIwdmFyJTIwX3ZpZGVvQm94JTNEalF1ZXJ5JTI4JTI3JTIzdmlkZW9Qcm9tbzElMjclMjkuY2xvbmUlMjglMjkuYXBwZW5kVG8lMjglMjAlMjJib2R5JTIyJTIwJTI5JTNCJTBBdmlkZW9TcmMyJTNEalF1ZXJ5JTI4JTI3JTIzdmlkZW9Qcm9tbzElMjBpZnJhbWUlMjclMjkuYXR0ciUyOCUyN3NyYyUyNyUyOSUzQiUwQWpRdWVyeSUyOCUyNyUyM3RoZW1lLXBhZ2UlMjAlMjN2aWRlb1Byb21vMSUyNyUyOS5yZW1vdmUlMjglMjklM0IlMEElMEElMjAlMjAlMjAlMjBqUXVlcnklMjglMjclMjN2aWRlb0J0bjElMjclMjkub24lMjglMjdjbGljayUyNyUyQyUyMGZ1bmN0aW9uJTI4ZSUyOSU3QiUwQSUyMCUyMCUyMCUyMCUyMCUyMCUyMGUucHJldmVudERlZmF1bHQlMjglMjklM0IlMEFjb25zb2xlLmxvZyUyOCUyN1ZpZGVvJTIwU3JjJTNBJTIwJTI3JTJCdmlkZW9TcmMyJTI5JTNCJTBBalF1ZXJ5JTI4JTI3JTIzdmlkZW9Qcm9tbzElMjBpZnJhbWUlMjclMjkuYXR0ciUyOCUyN3NyYyUyNyUyQ3ZpZGVvU3JjMiUyQiUyNyUzRmNvbnRyb2xzJTNEMCUyNmF1dG9wbGF5JTNEMSUyNmVuYWJsZWpzYXBpJTNEMSUyNyUyOSUzQiUwQSUyMCUyMCUyMCUyMCUyMCUyMCUyMGpRdWVyeSUyOCUyNyUyM3ZpZGVvUHJvbW8xJTI3JTI5LmZhZGVJbiUyODYwMCUyOS5hZGRDbGFzcyUyOCUyN2FjdGl2ZSUyNyUyOSUzQiUwQSUyMCUyMCUyMCUyMCU3RCUyOSUzQiUwQSUyMCUyMCUyMCUyMGpRdWVyeSUyOCUyNy5jbG9zZVZpZGVvJTI3JTI5Lm9uJTI4JTI3Y2xpY2slMjclMkMlMjBmdW5jdGlvbiUyOGUlMjklN0IlMEElMjAlMjAlMjAlMjAlMjAlMjAlMjBlLnByZXZlbnREZWZhdWx0JTI4JTI5JTNCJTBBalF1ZXJ5JTI4JTI3JTIzdmlkZW9Qcm9tbzElMjBpZnJhbWUlMjclMjkuYXR0ciUyOCUyN3NyYyUyNyUyQyUyNyUyNyUyOSUzQiUwQSUyMCUyMCUyMCUyMCUyMCUyMCUyMGpRdWVyeSUyOCUyNyUyM3ZpZGVvUHJvbW8xJTI3JTI5LmZhZGVPdXQlMjgzMDAlMjkucmVtb3ZlQ2xhc3MlMjglMjdhY3RpdmUlMjclMjklM0IlMEElMjAlMjAlMjAlMjAlN0QlMjklM0IlMEElN0QlMjklM0IlMEElM0MlMkZzY3JpcHQlM0U=[\/vc_raw_js][\/vc_column][\/mk_page_section][mk_page_section section_id=&#8220;videoPromo2&#8243; sidebar=&#8220;sidebar-1&#8243;][vc_column][vc_raw_html]JTNDZGl2JTIwY2xhc3MlM0QlMjJ2aWRlby1jb250YWluZXIlMjIlM0UlM0NpZnJhbWUlMjB3aWR0aCUzRCUyMjE3MTMlMjIlMjBoZWlnaHQlM0QlMjI4MzUlMjIlMjBzcmMlM0QlMjJodHRwcyUzQSUyRiUyRnd3dy55b3V0dWJlLmNvbSUyRmVtYmVkJTJGX3JXYjVnSzFTRGMlM0ZzaSUzRHRURnV5aTJPUElYM2poRmElMjIlMjB0aXRsZSUzRCUyMk1lZGl6aW5pc2NoZXMlMjBEb3NzaWVyJTIyJTIwZnJhbWVib3JkZXIlM0QlMjIwJTIyJTIwYWxsb3clM0QlMjJhY2NlbGVyb21ldGVyJTNCJTIwYXV0b3BsYXklM0IlMjBjbGlwYm9hcmQtd3JpdGUlM0IlMjBlbmNyeXB0ZWQtbWVkaWElM0IlMjBneXJvc2NvcGUlM0IlMjBwaWN0dXJlLWluLXBpY3R1cmUlM0IlMjB3ZWItc2hhcmUlMjIlMjBhbGxvd2Z1bGxzY3JlZW4lM0QlMjIlMjIlM0UlM0MlMkZpZnJhbWUlM0UlM0MlMkZkaXYlM0UlMEElMEElMEE=[\/vc_raw_html][vc_raw_js]JTNDc2NyaXB0JTIwdHlwZSUzRCUyMnRleHQlMkZqYXZhc2NyaXB0JTIyJTNFJTBBdmFyJTIwdmlkZW9TcmMzJTNEJTI3JTI3JTNCJTBBalF1ZXJ5JTI4JTIwZG9jdW1lbnQlMjAlMjkucmVhZHklMjhmdW5jdGlvbiUyOCUyOSUyMCU3QiUwQSUyMCUyMCUyMCUyMGpRdWVyeSUyOCUyNyUyM3ZpZGVvUHJvbW8yJTIwLnBhZ2Utc2VjdGlvbi1jb250ZW50JTI3JTI5LmFwcGVuZCUyOCUyNyUzQ2ElMjBjbGFzcyUzRCUyMmNsb3NlVmlkZW8lMjIlMjBocmVmJTNEJTIyJTIzJTIyJTNFJTI2dGltZXMlM0IlM0MlMkZhJTNFJTI3JTI5JTNCJTBBJTBBJTIwJTIwJTIwJTIwdmFyJTIwX3ZpZGVvQm94JTNEalF1ZXJ5JTI4JTI3JTIzdmlkZW9Qcm9tbzIlMjclMjkuY2xvbmUlMjglMjkuYXBwZW5kVG8lMjglMjAlMjJib2R5JTIyJTIwJTI5JTNCJTBBdmlkZW9TcmMzJTNEalF1ZXJ5JTI4JTI3JTIzdmlkZW9Qcm9tbzIlMjBpZnJhbWUlMjclMjkuYXR0ciUyOCUyN3NyYyUyNyUyOSUzQiUwQWpRdWVyeSUyOCUyNyUyM3RoZW1lLXBhZ2UlMjAlMjN2aWRlb1Byb21vMiUyNyUyOS5yZW1vdmUlMjglMjklM0IlMEElMEElMjAlMjAlMjAlMjBqUXVlcnklMjglMjclMjN2aWRlb0J0bjIlMjclMjkub24lMjglMjdjbGljayUyNyUyQyUyMGZ1bmN0aW9uJTI4ZSUyOSU3QiUwQSUyMCUyMCUyMCUyMCUyMCUyMCUyMGUucHJldmVudERlZmF1bHQlMjglMjklM0IlMEFjb25zb2xlLmxvZyUyOCUyN1ZpZGVvJTIwU3JjJTNBJTIwJTI3JTJCdmlkZW9TcmMzJTI5JTNCJTBBalF1ZXJ5JTI4JTI3JTIzdmlkZW9Qcm9tbzIlMjBpZnJhbWUlMjclMjkuYXR0ciUyOCUyN3NyYyUyNyUyQ3ZpZGVvU3JjMyUyQiUyNyUzRmNvbnRyb2xzJTNEMCUyNmF1dG9wbGF5JTNEMSUyNmVuYWJsZWpzYXBpJTNEMSUyNyUyOSUzQiUwQSUyMCUyMCUyMCUyMCUyMCUyMCUyMGpRdWVyeSUyOCUyNyUyM3ZpZGVvUHJvbW8yJTI3JTI5LmZhZGVJbiUyODYwMCUyOS5hZGRDbGFzcyUyOCUyN2FjdGl2ZSUyNyUyOSUzQiUwQSUyMCUyMCUyMCUyMCU3RCUyOSUzQiUwQSUyMCUyMCUyMCUyMGpRdWVyeSUyOCUyNy5jbG9zZVZpZGVvJTI3JTI5Lm9uJTI4JTI3Y2xpY2slMjclMkMlMjBmdW5jdGlvbiUyOGUlMjklN0IlMEElMjAlMjAlMjAlMjAlMjAlMjAlMjBlLnByZXZlbnREZWZhdWx0JTI4JTI5JTNCJTBBalF1ZXJ5JTI4JTI3JTIzdmlkZW9Qcm9tbzIlMjBpZnJhbWUlMjclMjkuYXR0ciUyOCUyN3NyYyUyNyUyQyUyNyUyNyUyOSUzQiUwQSUyMCUyMCUyMCUyMCUyMCUyMCUyMGpRdWVyeSUyOCUyNyUyM3ZpZGVvUHJvbW8yJTI3JTI5LmZhZGVPdXQlMjgzMDAlMjkucmVtb3ZlQ2xhc3MlMjglMjdhY3RpdmUlMjclMjklM0IlMEElMjAlMjAlMjAlMjAlN0QlMjklM0IlMEElN0QlMjklM0IlMEElM0MlMkZzY3JpcHQlM0U=[\/vc_raw_js][\/vc_column][\/mk_page_section][mk_page_section section_id=&#8220;videoPromo3&#8243; sidebar=&#8220;sidebar-1&#8243;][vc_column][vc_raw_html]JTNDZGl2JTIwY2xhc3MlM0QlMjJ2aWRlby1jb250YWluZXIlMjIlM0UlM0NpZnJhbWUlMjB3aWR0aCUzRCUyMjE3MTMlMjIlMjBoZWlnaHQlM0QlMjI4MzUlMjIlMjBzcmMlM0QlMjJodHRwcyUzQSUyRiUyRnd3dy55b3V0dWJlLmNvbSUyRmVtYmVkJTJGaWVNZWVYV245dU0lM0ZzaSUzRExsNnZZanNrQ0d1QlVRbV8lMjIlMjB0aXRsZSUzRCUyMk1lZGl6aW5pc2NoZXMlMjBEb3NzaWVyJTIyJTIwZnJhbWVib3JkZXIlM0QlMjIwJTIyJTIwYWxsb3clM0QlMjJhY2NlbGVyb21ldGVyJTNCJTIwYXV0b3BsYXklM0IlMjBjbGlwYm9hcmQtd3JpdGUlM0IlMjBlbmNyeXB0ZWQtbWVkaWElM0IlMjBneXJvc2NvcGUlM0IlMjBwaWN0dXJlLWluLXBpY3R1cmUlM0IlMjB3ZWItc2hhcmUlMjIlMjBhbGxvd2Z1bGxzY3JlZW4lM0QlMjIlMjIlM0UlM0MlMkZpZnJhbWUlM0UlM0MlMkZkaXYlM0UlMEElMEElMEE=[\/vc_raw_html][vc_raw_js]JTNDc2NyaXB0JTIwdHlwZSUzRCUyMnRleHQlMkZqYXZhc2NyaXB0JTIyJTNFJTBBdmFyJTIwdmlkZW9TcmM0JTNEJTI3JTI3JTNCJTBBalF1ZXJ5JTI4JTIwZG9jdW1lbnQlMjAlMjkucmVhZHklMjhmdW5jdGlvbiUyOCUyOSUyMCU3QiUwQSUyMCUyMCUyMCUyMGpRdWVyeSUyOCUyNyUyM3ZpZGVvUHJvbW8zJTIwLnBhZ2Utc2VjdGlvbi1jb250ZW50JTI3JTI5LmFwcGVuZCUyOCUyNyUzQ2ElMjBjbGFzcyUzRCUyMmNsb3NlVmlkZW8lMjIlMjBocmVmJTNEJTIyJTIzJTIyJTNFJTI2dGltZXMlM0IlM0MlMkZhJTNFJTI3JTI5JTNCJTBBJTBBJTIwJTIwJTIwJTIwdmFyJTIwX3ZpZGVvQm94JTNEalF1ZXJ5JTI4JTI3JTIzdmlkZW9Qcm9tbzMlMjclMjkuY2xvbmUlMjglMjkuYXBwZW5kVG8lMjglMjAlMjJib2R5JTIyJTIwJTI5JTNCJTBBdmlkZW9TcmM0JTNEalF1ZXJ5JTI4JTI3JTIzdmlkZW9Qcm9tbzMlMjBpZnJhbWUlMjclMjkuYXR0ciUyOCUyN3NyYyUyNyUyOSUzQiUwQWpRdWVyeSUyOCUyNyUyM3RoZW1lLXBhZ2UlMjAlMjN2aWRlb1Byb21vMyUyNyUyOS5yZW1vdmUlMjglMjklM0IlMEElMEElMjAlMjAlMjAlMjBqUXVlcnklMjglMjclMjN2aWRlb0J0bjMlMjclMjkub24lMjglMjdjbGljayUyNyUyQyUyMGZ1bmN0aW9uJTI4ZSUyOSU3QiUwQSUyMCUyMCUyMCUyMCUyMCUyMCUyMGUucHJldmVudERlZmF1bHQlMjglMjklM0IlMEFjb25zb2xlLmxvZyUyOCUyN1ZpZGVvJTIwU3JjJTNBJTIwJTI3JTJCdmlkZW9TcmM0JTI5JTNCJTBBalF1ZXJ5JTI4JTI3JTIzdmlkZW9Qcm9tbzMlMjBpZnJhbWUlMjclMjkuYXR0ciUyOCUyN3NyYyUyNyUyQ3ZpZGVvU3JjNCUyQiUyNyUzRmNvbnRyb2xzJTNEMCUyNmF1dG9wbGF5JTNEMSUyNmVuYWJsZWpzYXBpJTNEMSUyNyUyOSUzQiUwQSUyMCUyMCUyMCUyMCUyMCUyMCUyMGpRdWVyeSUyOCUyNyUyM3ZpZGVvUHJvbW8zJTI3JTI5LmZhZGVJbiUyODYwMCUyOS5hZGRDbGFzcyUyOCUyN2FjdGl2ZSUyNyUyOSUzQiUwQSUyMCUyMCUyMCUyMCU3RCUyOSUzQiUwQSUyMCUyMCUyMCUyMGpRdWVyeSUyOCUyNy5jbG9zZVZpZGVvJTI3JTI5Lm9uJTI4JTI3Y2xpY2slMjclMkMlMjBmdW5jdGlvbiUyOGUlMjklN0IlMEElMjAlMjAlMjAlMjAlMjAlMjAlMjBlLnByZXZlbnREZWZhdWx0JTI4JTI5JTNCJTBBalF1ZXJ5JTI4JTI3JTIzdmlkZW9Qcm9tbzMlMjBpZnJhbWUlMjclMjkuYXR0ciUyOCUyN3NyYyUyNyUyQyUyNyUyNyUyOSUzQiUwQSUyMCUyMCUyMCUyMCUyMCUyMCUyMGpRdWVyeSUyOCUyNyUyM3ZpZGVvUHJvbW8zJTI3JTI5LmZhZGVPdXQlMjgzMDAlMjkucmVtb3ZlQ2xhc3MlMjglMjdhY3RpdmUlMjclMjklM0IlMEElMjAlMjAlMjAlMjAlN0QlMjklM0IlMEElN0QlMjklM0IlMEElM0MlMkZzY3JpcHQlM0U=[\/vc_raw_js][\/vc_column][\/mk_page_section]\n","protected":false},"excerpt":{"rendered":"<p>[mk_page_section bg_image=&#8220;https:\/\/force8.coach\/wp-content\/uploads\/2023\/03\/shutterstock_446653762-comp-scaled.jpg&#8220; bg_color=&#8220;#ffffff&#8220; bg_stretch=&#8220;true&#8220; enable_3d=&#8220;true&#8220; video_color_mask=&#8220;#000000&#8243; video_opacity=&#8220;0.3&#8243; min_height=&#8220;650&#8243; js_vertical_centered=&#8220;true&#8220; sidebar=&#8220;sidebar-1&#8243;][vc_column width=&#8220;1\/2&#8243;][mk_fancy_title color=&#8220;#ffffff&#8220; size=&#8220;35&#8243; force_font_size=&#8220;true&#8220; size_phone=&#8220;25&#8243; font_weight=&#8220;400&#8243; font_style=&#8220;normal&#8220; letter_spacing=&#8220;1&#8243; margin_bottom=&#8220;0&#8243; font_family=&#8220;none&#8220;]Gesundheits Center[\/mk_fancy_title][mk_fancy_title tag_name=&#8220;h1&#8243; color=&#8220;#ffffff&#8220; size=&#8220;64&#8243; force_font_size=&#8220;true&#8220; size_phone=&#8220;50&#8243; line_height=&#8220;95&#8243; font_weight=&#8220;900&#8243; font_style=&#8220;normal&#8220; letter_spacing=&#8220;1&#8243; margin_bottom=&#8220;0&#8243; font_family=&#8220;none&#8220;]Gesundheit ist das A und O[\/mk_fancy_title][\/vc_column][vc_column width=&#8220;1\/2&#8243;][\/vc_column][\/mk_page_section][mk_page_section bg_color=&#8220;#f9f9f9&#8243; bg_stretch=&#8220;true&#8220; video_opacity=&#8220;0.4&#8243; padding_top=&#8220;100&#8243; padding_bottom=&#8220;80&#8243; bottom_shape_color=&#8220;#f7f7f7&#8243; sidebar=&#8220;sidebar-1&#8243;][vc_column width=&#8220;1\/2&#8243;][mk_fancy_title size=&#8220;25&#8243; font_weight=&#8220;600&#8243; margin_bottom=&#8220;0&#8243; font_family=&#8220;none&#8220;]Lass \u00c4rzte, Phyisiotherapeuten und anderes medizinisches [&hellip;]<\/p>\n","protected":false},"author":1,"featured_media":0,"parent":0,"menu_order":0,"comment_status":"closed","ping_status":"closed","template":"","meta":{"inline_featured_image":false,"footnotes":""},"_links":{"self":[{"href":"https:\/\/force8.coach\/de\/wp-json\/wp\/v2\/pages\/14114"}],"collection":[{"href":"https:\/\/force8.coach\/de\/wp-json\/wp\/v2\/pages"}],"about":[{"href":"https:\/\/force8.coach\/de\/wp-json\/wp\/v2\/types\/page"}],"author":[{"embeddable":true,"href":"https:\/\/force8.coach\/de\/wp-json\/wp\/v2\/users\/1"}],"replies":[{"embeddable":true,"href":"https:\/\/force8.coach\/de\/wp-json\/wp\/v2\/comments?post=14114"}],"version-history":[{"count":20,"href":"https:\/\/force8.coach\/de\/wp-json\/wp\/v2\/pages\/14114\/revisions"}],"predecessor-version":[{"id":15322,"href":"https:\/\/force8.coach\/de\/wp-json\/wp\/v2\/pages\/14114\/revisions\/15322"}],"wp:attachment":[{"href":"https:\/\/force8.coach\/de\/wp-json\/wp\/v2\/media?parent=14114"}],"curies":[{"name":"wp","href":"https:\/\/api.w.org\/{rel}","templated":true}]}}