{"id":15932,"date":"2025-01-08T13:35:35","date_gmt":"2025-01-08T13:35:35","guid":{"rendered":"https:\/\/force8.coach\/downloads\/"},"modified":"2026-02-18T16:45:11","modified_gmt":"2026-02-18T16:45:11","slug":"downloads","status":"publish","type":"page","link":"https:\/\/force8.coach\/de\/downloads\/","title":{"rendered":"Downloads"},"content":{"rendered":"<div class=\"wpb-content-wrapper\">[mk_page_section bg_image=&#8220;https:\/\/force8.coach\/wp-content\/uploads\/2025\/01\/download_bg.jpg&#8220; bg_color=&#8220;#ffffff&#8220; bg_stretch=&#8220;true&#8220; enable_3d=&#8220;true&#8220; video_color_mask=&#8220;#000000&#8243; video_opacity=&#8220;0.3&#8243; min_height=&#8220;650&#8243; js_vertical_centered=&#8220;true&#8220; sidebar=&#8220;sidebar-1&#8243;][vc_column width=&#8220;2\/3&#8243;][mk_fancy_title color=&#8220;#ffffff&#8220; size=&#8220;35&#8243; force_font_size=&#8220;true&#8220; font_weight=&#8220;400&#8243; letter_spacing=&#8220;2&#8243; margin_bottom=&#8220;0&#8243; font_family=&#8220;none&#8220;]\n<p class=\"p1\">Downloads<\/p>\n[\/mk_fancy_title][mk_fancy_title color=&#8220;#ffffff&#8220; size=&#8220;64&#8243; force_font_size=&#8220;true&#8220; size_phone=&#8220;50&#8243; line_height=&#8220;99&#8243; font_weight=&#8220;900&#8243; margin_bottom=&#8220;0&#8243; font_family=&#8220;none&#8220;]Lade unsere Marketinginhalte herunter[\/mk_fancy_title][\/vc_column][vc_column width=&#8220;1\/3&#8243;][\/vc_column][\/mk_page_section][mk_page_section bg_color=&#8220;#f9f9f9&#8243; bg_stretch=&#8220;true&#8220; video_opacity=&#8220;0.4&#8243; padding_top=&#8220;100&#8243; padding_bottom=&#8220;80&#8243; bottom_shape_color=&#8220;#f7f7f7&#8243; sidebar=&#8220;sidebar-1&#8243;][vc_column width=&#8220;1\/2&#8243;][mk_fancy_title size=&#8220;25&#8243; font_weight=&#8220;600&#8243; margin_bottom=&#8220;0&#8243; font_family=&#8220;none&#8220;]\n<p class=\"p1\">Wir bieten Dir eine F\u00fclle n\u00fctzlicher Marketing-Tools.<\/p>\n[\/mk_fancy_title][\/vc_column][vc_column width=&#8220;1\/2&#8243;][vc_column_text css=&#8220;.vc_custom_1736411632104{margin-bottom: 0px !important;}&#8220;]Um Deine Marketingbem\u00fchungen zu unterst\u00fctzen, lade die gew\u00fcnschten Inhalte nach Belieben herunter.[\/vc_column_text][\/vc_column][\/mk_page_section][vc_row][vc_column][mk_padding_divider size=&#8220;60&#8243;][vc_accordions action_style=&#8220;toggle-action&#8220;][vc_accordion_tab title=&#8220;Produktvideos (1-2 Minuten)&#8220;][mk_custom_list style=&#8220;mk-moon-link-4&#8243;]\n<ul>\n<li style=\"list-style-type: none;\">\n<ul>\n<li><a href=\"https:\/\/youtube.com\/playlist?list=PLHP0KdFdcflTMjpfhN7sFip29Juqp2KGT&amp;si=nAG6On_kmGlThF98\" target=\"_blank\" rel=\"noopener\">\u00dcbersicht<\/a><\/li>\n<li><a href=\"https:\/\/www.youtube.com\/watch?v=J4zRqpg5xyA&amp;list=PLHP0KdFdcflTMjpfhN7sFip29Juqp2KGT&amp;index=4\" target=\"_blank\" rel=\"noopener\">Saison \u00dcbersicht<\/a><\/li>\n<li><a href=\"https:\/\/www.youtube.com\/watch?v=AUJD_T0eaA0\" target=\"_blank\" rel=\"noopener\">Family Connect<\/a><\/li>\n<li><a href=\"https:\/\/youtu.be\/qZqZ0TxE1-8?si=N4Hk1nU8tGT1aJZM\" target=\"_blank\" rel=\"noopener\">Detailkonfigurator<\/a><\/li>\n<li><a href=\"https:\/\/www.youtube.com\/watch?v=FDnIOjGllwE\" target=\"_blank\" rel=\"noopener\">Standortmanager<\/a><\/li>\n<li><a href=\"https:\/\/youtu.be\/xAjUOiJtUFg?si=3DGWV776nC9xTEWS\" target=\"_blank\" rel=\"noopener\">Trainingsplanung<\/a><\/li>\n<li><a href=\"https:\/\/www.youtube.com\/watch?v=1Ag9enLWNBo\" target=\"_blank\" rel=\"noopener\">Soll-Ist-Planung<\/a><\/li>\n<li><a href=\"https:\/\/www.youtube.com\/watch?v=UiCL5pyCXWc\" target=\"_blank\" rel=\"noopener\">Trainings-Pl\u00e4ne<\/a><\/li>\n<li><a href=\"https:\/\/youtu.be\/Dla1AivgTrQ?si=1k8nW2mps5yfj7pI\" target=\"_blank\" rel=\"noopener\">Wettkampfmanagement<\/a><\/li>\n<li><a href=\"https:\/\/youtu.be\/Y-3r9TS4sR0?si=svVXxxT2PwpXOQbP\" target=\"_blank\" rel=\"noopener\">Tests&amp;Batterien<\/a><\/li>\n<li><a href=\"https:\/\/youtu.be\/fjMghcwuaME?si=7aE3ttNMNPh-Zn7k\" target=\"_blank\" rel=\"noopener\">Bewertungen<\/a><\/li>\n<li><a href=\"https:\/\/youtu.be\/NRLR6_oDWYc?si=UJQbEH0NPM7-jJ69\" target=\"_blank\" rel=\"noopener\">Besprechungen<\/a><\/li>\n<li><a href=\"https:\/\/youtu.be\/vRKhVpB0wvU?si=SAUj7sUYwm2WTisT\" target=\"_blank\" rel=\"noopener\">Tageswerte<\/a><\/li>\n<li><a href=\"https:\/\/youtu.be\/RACWyjnQhQQ?si=sjygY0A2Jz34vZzg\" target=\"_blank\" rel=\"noopener\">Menstruationszyklus<\/a><\/li>\n<li><a href=\"https:\/\/youtu.be\/gXgE7eXqU6o?si=pP_0Kf_f0oriMc5m\" target=\"_blank\" rel=\"noopener\">Videos<\/a><\/li>\n<li><a href=\"https:\/\/www.youtube.com\/watch?v=3gh_Ot4zEEo\" target=\"_blank\" rel=\"noopener\">File Sharing<\/a><\/li>\n<li><a href=\"https:\/\/youtu.be\/_rWb5gK1SDc?si=4IRpXVIxPoPZAxJp\" target=\"_blank\" rel=\"noopener\">Athleten Screening<\/a><\/li>\n<li><a href=\"https:\/\/youtu.be\/ieMeeXWn9uM?si=_pGGfeWVd5asfxYS\" target=\"_blank\" rel=\"noopener\">Medizinisches Dossier<\/a><\/li>\n<\/ul>\n<\/li>\n<\/ul>\n[\/mk_custom_list][\/vc_accordion_tab][vc_accordion_tab title=&#8220;Tutorialvideos&#8220;][mk_custom_list style=&#8220;mk-moon-link-4&#8243;]\n<ul>\n<li><a href=\"https:\/\/www.youtube.com\/playlist?list=PLHP0KdFdcflTcRvor9WVxCSy3nqqznn7-\" target=\"_blank\" rel=\"noopener\">Admin Videos<\/a><\/li>\n<li><a href=\"https:\/\/www.youtube.com\/playlist?list=PLHP0KdFdcflRqXpo-6Dc23Jnlu-tgagjV\" target=\"_blank\" rel=\"noopener\">Coaches Videos<\/a><\/li>\n<li><a href=\"https:\/\/www.youtube.com\/playlist?list=PLHP0KdFdcflQaNBNUIR51PjSBZA7quTVH\">Athleten Videos<\/a><\/li>\n<\/ul>\n[\/mk_custom_list][\/vc_accordion_tab][vc_accordion_tab title=&#8220;Athletikvideos von Swiss-Ski (400+ verf\u00fcgbar)&#8220;][mk_custom_list style=&#8220;mk-moon-link-4&#8243;]\n<ul>\n<li><a href=\"https:\/\/youtu.be\/dCqBw3yY9n0\">Squat beidbeinig mit Langhantel exzentrisch<\/a><\/li>\n<li><a href=\"https:\/\/youtu.be\/ps_G0ueMqtw\">Single Arm Row mit Kettlebell<\/a><\/li>\n<li><a href=\"https:\/\/youtu.be\/WZQAMa8myWc\">Scheibenwischer h\u00e4ngend<\/a><\/li>\n<li><a href=\"https:\/\/youtu.be\/ioR3x1qe_Fg\">Scheibenschwingen mit Gewichtsscheibe<\/a><\/li>\n<li><a href=\"https:\/\/youtu.be\/YQhgBt9L2E8\">Overhead Squat mit Langhantel<\/a><\/li>\n<li><a href=\"https:\/\/youtu.be\/FmilyINAO_w\">Lunges mit Langhantel<\/a><\/li>\n<li><a href=\"https:\/\/youtu.be\/cLE7lzeqi9o\">Leg Scissors mit Gymnastikball<\/a><\/li>\n<li><a href=\"https:\/\/youtu.be\/0wSj4z5yGaA\">Leg Extension<\/a><\/li>\n<\/ul>\n[\/mk_custom_list][\/vc_accordion_tab][vc_accordion_tab title=&#8220;Marketingvideos&#8220;][mk_custom_list style=&#8220;mk-moon-link-4&#8243;]\n<ul>\n<li style=\"list-style-type: none;\">\n<ul>\n<li><a href=\"https:\/\/www.youtube.com\/watch?v=090mDB6Z-QI\" target=\"_blank\" rel=\"noopener\">Trainingskreislauf<\/a><\/li>\n<li><a href=\"https:\/\/youtu.be\/25wTXvVutgk\" target=\"_blank\" rel=\"noopener\">\u00dcbersicht kurz<\/a><\/li>\n<li><a href=\"https:\/\/youtu.be\/UuPrLY4a7s4\" target=\"_blank\" rel=\"noopener\">\u00dcbersicht lang<\/a><\/li>\n<li><a href=\"https:\/\/youtu.be\/5YN1-qpzdHI?si=rh3cCQnYtCwQltc2\" target=\"_blank\" rel=\"noopener\">Teaser 1 <\/a><\/li>\n<li><a href=\"https:\/\/youtu.be\/pNPXdOHTiA0?si=3sSU0AjEKOtc-g1p\" target=\"_blank\" rel=\"noopener\">Teaser 2<\/a><\/li>\n<li><a href=\"https:\/\/youtu.be\/C1A0wsKJiXg?si=RhYP5Hln2j9UT8LP\" target=\"_blank\" rel=\"noopener\">KI spricht \u00fcber Force8 Coach<\/a><\/li>\n<\/ul>\n<\/li>\n<\/ul>\n[\/mk_custom_list][\/vc_accordion_tab][vc_accordion_tab title=&#8220;Brochuren&#8220;][mk_custom_list style=&#8220;mk-moon-link-4&#8243;]\n<ul>\n<li><a href=\"https:\/\/force8.coach\/wp-content\/uploads\/2025\/05\/f8c_de_2025.pdf\" target=\"_blank\" rel=\"noopener\">Modul\u00fcbersicht\u00a0<\/a><\/li>\n<li><a href=\"https:\/\/force8.coach\/wp-content\/uploads\/2023\/11\/force8-coach-brochure-de.pdf\" target=\"_blank\" rel=\"noopener\">Warum brauchst Deine Sport-Organisation ein AMS\u00a0<\/a><\/li>\n<li><a href=\"https:\/\/force8.coach\/wp-content\/uploads\/2024\/02\/force8coach_de.pdf\" target=\"_blank\" rel=\"noopener\">Force8 Coach Flyer<\/a><\/li>\n<li><a href=\"https:\/\/force8.coach\/wp-content\/uploads\/2024\/02\/force8-lab-flyer-de.pdf\" target=\"_blank\" rel=\"noopener\">Force8 Lab Flyer<\/a><\/li>\n<li><a href=\"https:\/\/force8.coach\/wp-content\/uploads\/2026\/02\/f8c_overview-center-modules_de.pdf\" target=\"_blank\" rel=\"noopener\">Overview Centers\/Modules<\/a><\/li>\n<\/ul>\n[\/mk_custom_list][\/vc_accordion_tab][vc_accordion_tab title=&#8220;Show Cases&#8220;][mk_custom_list style=&#8220;mk-moon-link-4&#8243;]\n<ul>\n<li><a href=\"https:\/\/force8.coach\/de\/interview-und-show-case-video-mit-yves-hess-sportwissenschaftlicher-berater-von-swisscurling-und-marco-baeschlin-geschaeftsfuehrer-force8-ag\/\" target=\"_blank\" rel=\"noopener\">SWISSCURLING Wischtest<\/a><\/li>\n<li><a href=\"https:\/\/force8.coach\/de\/show-case-swiss-aquatics-swimming\/\" target=\"_blank\" rel=\"noopener\">Swiss Aquatics<\/a><\/li>\n<li><a href=\"https:\/\/youtu.be\/3WBOIPZWZ84?si=13bUZtuM7kVHKWfU\" target=\"_blank\" rel=\"noopener\">Swiss-Ski &#8211; Auf der Kante<\/a><\/li>\n<\/ul>\n[\/mk_custom_list][\/vc_accordion_tab][vc_accordion_tab title=&#8220;Logos&#8220;][mk_custom_list style=&#8220;mk-moon-download-2&#8243;]\n<ul>\n<li><a href=\"https:\/\/force8.coach\/wp-content\/uploads\/2025\/01\/f8c_logo-kit.zip\" target=\"_blank\" rel=\"noopener\">Force8 Coach Logo Kit<\/a><\/li>\n<li><a href=\"https:\/\/force8.coach\/wp-content\/uploads\/2025\/01\/f8_logo-kit.zip\" target=\"_blank\" rel=\"noopener\">Force8 AG Logo Kit<\/a><\/li>\n<\/ul>\n[\/mk_custom_list][\/vc_accordion_tab][\/vc_accordions][mk_padding_divider size=&#8220;60&#8243;][\/vc_column][\/vc_row][mk_page_section bg_color=&#8220;#31dcff&#8220; bg_stretch=&#8220;true&#8220; bg_gradient=&#8220;horizontal&#8220; video_color_mask=&#8220;#31dcff&#8220; gr_end=&#8220;#002efe&#8220; video_opacity=&#8220;1&#8243; min_height=&#8220;60&#8243; padding_top=&#8220;40&#8243; padding_bottom=&#8220;30&#8243; bottom_shape_color=&#8220;#f7f7f7&#8243; sidebar=&#8220;sidebar-1&#8243;][vc_column width=&#8220;2\/3&#8243;][mk_fancy_title color=&#8220;#ffffff&#8220; size=&#8220;35&#8243; line_height=&#8220;90&#8243; font_weight=&#8220;900&#8243; margin_top=&#8220;10&#8243; margin_bottom=&#8220;0&#8243; font_family=&#8220;none&#8220;]Suchen Sie nach einer L\u00f6sung f\u00fcr Sie oder Ihre Organisation?[\/mk_fancy_title][\/vc_column][vc_column width=&#8220;1\/3&#8243;][mk_button dimension=&#8220;flat&#8220; corner_style=&#8220;full_rounded&#8220; size=&#8220;large&#8220; icon=&#8220;mk-moon-calendar-4&#8243; url=&#8220;https:\/\/meetings.hubspot.com\/marco-baeschlin&#8220; align=&#8220;right&#8220; bg_color=&#8220;#000000&#8243;]Vereinbaren Sie eine Demo[\/mk_button][\/vc_column][\/mk_page_section]\n<\/div>","protected":false},"excerpt":{"rendered":"<p>[mk_page_section bg_image=&#8220;https:\/\/force8.coach\/wp-content\/uploads\/2025\/01\/download_bg.jpg&#8220; bg_color=&#8220;#ffffff&#8220; bg_stretch=&#8220;true&#8220; enable_3d=&#8220;true&#8220; video_color_mask=&#8220;#000000&#8243; video_opacity=&#8220;0.3&#8243; min_height=&#8220;650&#8243; js_vertical_centered=&#8220;true&#8220; sidebar=&#8220;sidebar-1&#8243;][vc_column width=&#8220;2\/3&#8243;][mk_fancy_title color=&#8220;#ffffff&#8220; size=&#8220;35&#8243; force_font_size=&#8220;true&#8220; font_weight=&#8220;400&#8243; letter_spacing=&#8220;2&#8243; margin_bottom=&#8220;0&#8243; font_family=&#8220;none&#8220;] Downloads [\/mk_fancy_title][mk_fancy_title color=&#8220;#ffffff&#8220; size=&#8220;64&#8243; force_font_size=&#8220;true&#8220; size_phone=&#8220;50&#8243; line_height=&#8220;99&#8243; font_weight=&#8220;900&#8243; margin_bottom=&#8220;0&#8243; font_family=&#8220;none&#8220;]Lade unsere Marketinginhalte herunter[\/mk_fancy_title][\/vc_column][vc_column width=&#8220;1\/3&#8243;][\/vc_column][\/mk_page_section][mk_page_section bg_color=&#8220;#f9f9f9&#8243; bg_stretch=&#8220;true&#8220; video_opacity=&#8220;0.4&#8243; padding_top=&#8220;100&#8243; padding_bottom=&#8220;80&#8243; bottom_shape_color=&#8220;#f7f7f7&#8243; sidebar=&#8220;sidebar-1&#8243;][vc_column width=&#8220;1\/2&#8243;][mk_fancy_title size=&#8220;25&#8243; font_weight=&#8220;600&#8243; margin_bottom=&#8220;0&#8243; font_family=&#8220;none&#8220;] Wir bieten Dir eine F\u00fclle n\u00fctzlicher Marketing-Tools. [\/mk_fancy_title][\/vc_column][vc_column width=&#8220;1\/2&#8243;][vc_column_text css=&#8220;.vc_custom_1736411632104{margin-bottom: 0px [&hellip;]<\/p>\n","protected":false},"author":1,"featured_media":0,"parent":0,"menu_order":0,"comment_status":"closed","ping_status":"closed","template":"","meta":{"inline_featured_image":false,"footnotes":""},"_links":{"self":[{"href":"https:\/\/force8.coach\/de\/wp-json\/wp\/v2\/pages\/15932"}],"collection":[{"href":"https:\/\/force8.coach\/de\/wp-json\/wp\/v2\/pages"}],"about":[{"href":"https:\/\/force8.coach\/de\/wp-json\/wp\/v2\/types\/page"}],"author":[{"embeddable":true,"href":"https:\/\/force8.coach\/de\/wp-json\/wp\/v2\/users\/1"}],"replies":[{"embeddable":true,"href":"https:\/\/force8.coach\/de\/wp-json\/wp\/v2\/comments?post=15932"}],"version-history":[{"count":27,"href":"https:\/\/force8.coach\/de\/wp-json\/wp\/v2\/pages\/15932\/revisions"}],"predecessor-version":[{"id":17402,"href":"https:\/\/force8.coach\/de\/wp-json\/wp\/v2\/pages\/15932\/revisions\/17402"}],"wp:attachment":[{"href":"https:\/\/force8.coach\/de\/wp-json\/wp\/v2\/media?parent=15932"}],"curies":[{"name":"wp","href":"https:\/\/api.w.org\/{rel}","templated":true}]}}