{"id":6015,"date":"2014-09-04T13:09:28","date_gmt":"2014-09-04T13:09:28","guid":{"rendered":"https:\/\/force8.coach\/kontakt\/"},"modified":"2025-12-12T14:51:06","modified_gmt":"2025-12-12T14:51:06","slug":"kontakte","status":"publish","type":"page","link":"https:\/\/force8.coach\/de\/kontakte\/","title":{"rendered":"Kontakte"},"content":{"rendered":"<div class=\"wpb-content-wrapper\">[mk_page_section bg_gradient=&#8220;vertical&#8220; video_color_mask=&#8220;#ffffff&#8220; gr_end=&#8220;#f7f7f7&#8243; video_opacity=&#8220;1&#8243; padding_top=&#8220;200&#8243; sidebar=&#8220;sidebar-1&#8243;][vc_column width=&#8220;2\/3&#8243;][mk_fancy_title tag_name=&#8220;h3&#8243; color=&#8220;#222222&#8243; size=&#8220;35&#8243; font_weight=&#8220;900&#8243; margin_bottom=&#8220;40&#8243; font_family=&#8220;none&#8220; responsive_align=&#8220;left&#8220;]Kontakte[\/mk_fancy_title][vc_row_inner][vc_column_inner width=&#8220;1\/3&#8243;][mk_icon_box icon=&#8220;mk-icon-map-marker&#8220; title=&#8220;Schweiz &amp; weltweit&#8220; text_size=&#8220;18&#8243; font_weight=&#8220;900&#8243; title_color=&#8220;#222222&#8243; margin=&#8220;0&#8243; box_blur=&#8220;false&#8220;]<span style=\"font-size: 13px;\">Force8 AG \u2013 Hauptsitz<br \/>\nM\u00fchle Tiefenbrunnen, Seefeldstrasse 233<br \/>\n8008 Z\u00fcrich \u2013 Schweiz<br \/>\n<em>+41 79 150 36 71<\/em><br \/>\n<em>info@force8.coach<\/em><\/span>[\/mk_icon_box][\/vc_column_inner][vc_column_inner width=&#8220;1\/3&#8243;][mk_icon_box icon=&#8220;mk-icon-map-marker&#8220; title=&#8220;Nordamerika&#8220; text_size=&#8220;18&#8243; font_weight=&#8220;900&#8243; title_color=&#8220;#222222&#8243; margin=&#8220;0&#8243; box_blur=&#8220;false&#8220;]<span style=\"font-size: 13px;\">Force8 Ltd c\/o DVP<br \/>\n1246 Relkoff Road<br \/>\nCastlegar, BC V1N 4T8 \u2013 Canada<br \/>\n<em>northamerica@force8.coach<\/em><\/span>[\/mk_icon_box][\/vc_column_inner][vc_column_inner width=&#8220;1\/3&#8243;][mk_icon_box icon=&#8220;mk-icon-map-marker&#8220; title=&#8220;Nordeuropa&#8220; text_size=&#8220;18&#8243; font_weight=&#8220;900&#8243; title_color=&#8220;#222222&#8243; margin=&#8220;0&#8243; box_blur=&#8220;false&#8220;]<span style=\"font-size: 13px;\">Force8 Ltd c\/o Markus Pietsch<br \/>\nLondon<em>, <\/em>UK<em><br \/>\n<\/em><\/span><span style=\"font-size: 13px;\"><em>northeurope@force8.coach<\/em><\/span>[\/mk_icon_box][\/vc_column_inner][\/vc_row_inner][mk_padding_divider][vc_row_inner][vc_column_inner width=&#8220;1\/3&#8243;][mk_icon_box icon=&#8220;mk-icon-map-marker&#8220; title=&#8220;Zentraleuropa&#8220; text_size=&#8220;18&#8243; font_weight=&#8220;900&#8243; title_color=&#8220;#222222&#8243; margin=&#8220;0&#8243; box_blur=&#8220;false&#8220;]Force8 AG c\/o MP<br \/>\nMuseumstrasse 22a<br \/>\n7260 Davos Dorf &#8211; Schweiz<br \/>\n+41 79 150 36 71<br \/>\n<em>centraleurope@force8.coach<\/em>[\/mk_icon_box][\/vc_column_inner][vc_column_inner width=&#8220;1\/3&#8243;][mk_icon_box icon=&#8220;mk-icon-map-marker&#8220; title=&#8220;S\u00fcdeuropa&#8220; text_size=&#8220;18&#8243; font_weight=&#8220;900&#8243; title_color=&#8220;#222222&#8243; margin=&#8220;0&#8243; box_blur=&#8220;false&#8220;]<span style=\"font-size: 13px;\">Force8 Ltd c\/o ING<br \/>\nRua Brito Pais No 8 5 Esq<br \/>\n1495-028 Alg\u00e9s \u2013 Portugal<br \/>\n<em>southeurope@force8.coach<\/em><\/span>[\/mk_icon_box][\/vc_column_inner][vc_column_inner width=&#8220;1\/3&#8243;][\/vc_column_inner][\/vc_row_inner][mk_padding_divider][mk_fancy_title tag_name=&#8220;h3&#8243; color=&#8220;#222222&#8243; size=&#8220;35&#8243; font_weight=&#8220;900&#8243; margin_bottom=&#8220;40&#8243; font_family=&#8220;none&#8220; responsive_align=&#8220;left&#8220;]Impressum[\/mk_fancy_title][vc_row_inner][vc_column_inner width=&#8220;1\/3&#8243;][mk_icon_box icon=&#8220;mk-icon-map-marker&#8220; title=&#8220;Rechtsform&#8220; text_size=&#8220;18&#8243; font_weight=&#8220;900&#8243; title_color=&#8220;#222222&#8243; margin=&#8220;0&#8243; box_blur=&#8220;false&#8220;]<span style=\"font-size: 13px;\">Force8 ist eine Aktiengesellschaft mit dem Hauptsitz in Z\u00fcrich, Schweiz. <em><br \/>\n<\/em><\/span>[\/mk_icon_box][\/vc_column_inner][vc_column_inner width=&#8220;1\/3&#8243;][mk_icon_box icon=&#8220;mk-icon-map-marker&#8220; title=&#8220;Gesch\u00e4ftsf\u00fchrer&#8220; text_size=&#8220;18&#8243; font_weight=&#8220;900&#8243; title_color=&#8220;#222222&#8243; margin=&#8220;0&#8243; box_blur=&#8220;false&#8220;]<span style=\"font-size: 13px;\">Der Gesch\u00e4ftsf\u00fchrer ist Marco B\u00e4schlin.<em><br \/>\n<\/em><\/span>[\/mk_icon_box][\/vc_column_inner][vc_column_inner width=&#8220;1\/3&#8243;][mk_icon_box icon=&#8220;mk-icon-map-marker&#8220; title=&#8220;UID&#8220; text_size=&#8220;18&#8243; font_weight=&#8220;900&#8243; title_color=&#8220;#222222&#8243; margin=&#8220;0&#8243; box_blur=&#8220;false&#8220;]<span style=\"font-size: 13px;\">Die Unternehmens-identifikationsnummer (UID) der Force8 AG ist: CHE-114.032.515<\/span>[\/mk_icon_box][\/vc_column_inner][\/vc_row_inner][\/vc_column][vc_column width=&#8220;1\/3&#8243;][mk_padding_divider visibility=&#8220;visible-sm&#8220;][mk_fancy_title tag_name=&#8220;h3&#8243; color=&#8220;#222222&#8243; size=&#8220;35&#8243; font_weight=&#8220;900&#8243; margin_bottom=&#8220;40&#8243; font_family=&#8220;none&#8220; responsive_align=&#8220;left&#8220;]Kontaktiere\u00a0 uns[\/mk_fancy_title]\n<div class=\"wpcf7 no-js\" id=\"wpcf7-f5924-o1\" lang=\"en-US\" dir=\"ltr\">\n<div class=\"screen-reader-response\"><p role=\"status\" aria-live=\"polite\" aria-atomic=\"true\"><\/p> <ul><\/ul><\/div>\n<form action=\"\/de\/wp-json\/wp\/v2\/pages\/6015#wpcf7-f5924-o1\" method=\"post\" class=\"wpcf7-form init\" aria-label=\"Contact form\" novalidate=\"novalidate\" data-status=\"init\">\n<div style=\"display: none;\">\n<input type=\"hidden\" name=\"_wpcf7\" value=\"5924\" \/>\n<input type=\"hidden\" name=\"_wpcf7_version\" value=\"5.9.8\" \/>\n<input type=\"hidden\" name=\"_wpcf7_locale\" value=\"en_US\" \/>\n<input type=\"hidden\" name=\"_wpcf7_unit_tag\" value=\"wpcf7-f5924-o1\" \/>\n<input type=\"hidden\" name=\"_wpcf7_container_post\" value=\"0\" \/>\n<input type=\"hidden\" name=\"_wpcf7_posted_data_hash\" value=\"\" \/>\n<input type=\"hidden\" name=\"_wpcf7_recaptcha_response\" value=\"\" \/>\n<\/div>\n<div class=\"vc_row vc_row-fluid\">\n\t<div class=\"vc_col-sm-6 wpb_column column_container\">\n\t\t<p><label> Name*<br \/>\n<span class=\"wpcf7-form-control-wrap\" data-name=\"your-name\"><input size=\"40\" maxlength=\"400\" class=\"wpcf7-form-control wpcf7-text wpcf7-validates-as-required\" aria-required=\"true\" aria-invalid=\"false\" value=\"\" type=\"text\" name=\"your-name\" \/><\/span> <\/label>\n\t\t<\/p>\n\t<\/div>\n\t<div class=\"vc_col-sm-6 wpb_column column_container\">\n\t\t<p><label> Email*<br \/>\n<span class=\"wpcf7-form-control-wrap\" data-name=\"your-email\"><input size=\"40\" maxlength=\"400\" class=\"wpcf7-form-control wpcf7-email wpcf7-validates-as-required wpcf7-text wpcf7-validates-as-email\" aria-required=\"true\" aria-invalid=\"false\" value=\"\" type=\"email\" name=\"your-email\" \/><\/span> <\/label>\n\t\t<\/p>\n\t<\/div>\n<\/div>\n<div class=\"vc_row vc_row-fluid\">\n\t<div class=\"vc_col-sm-12 wpb_column column_container\">\n\t\t<p><label> Club\/Organisation Name*<br \/>\n<span class=\"wpcf7-form-control-wrap\" data-name=\"your-subject\"><input size=\"40\" maxlength=\"400\" class=\"wpcf7-form-control wpcf7-text wpcf7-validates-as-required\" aria-required=\"true\" aria-invalid=\"false\" value=\"\" type=\"text\" name=\"your-subject\" \/><\/span> <\/label>\n\t\t<\/p>\n\t<\/div>\n<\/div>\n<div class=\"vc_row vc_row-fluid\">\n\t<div class=\"vc_col-sm-12 wpb_column column_container\">\n\t\t<p><label> Message*<br \/>\n<span class=\"wpcf7-form-control-wrap\" data-name=\"your-message\"><textarea cols=\"40\" rows=\"10\" maxlength=\"2000\" class=\"wpcf7-form-control wpcf7-textarea wpcf7-validates-as-required\" aria-required=\"true\" aria-invalid=\"false\" name=\"your-message\"><\/textarea><\/span> <\/label>\n\t\t<\/p>\n\t<\/div>\n<\/div>\n<div class=\"vc_row vc_row-fluid\">\n\t<div class=\"vc_col-sm-12 wpb_column column_container\">\n\t\n\t\t<p><input class=\"wpcf7-form-control wpcf7-submit has-spinner\" type=\"submit\" value=\"Send\" \/>\n\t\t<\/p>\n\t<\/div>\n<\/div><div class=\"wpcf7-response-output\" aria-hidden=\"true\"><\/div>\n<\/form>\n<\/div>\n[\/vc_column][\/mk_page_section]\n<\/div>","protected":false},"excerpt":{"rendered":"<p>[mk_page_section bg_gradient=&#8220;vertical&#8220; video_color_mask=&#8220;#ffffff&#8220; gr_end=&#8220;#f7f7f7&#8243; video_opacity=&#8220;1&#8243; padding_top=&#8220;200&#8243; sidebar=&#8220;sidebar-1&#8243;][vc_column width=&#8220;2\/3&#8243;][mk_fancy_title tag_name=&#8220;h3&#8243; color=&#8220;#222222&#8243; size=&#8220;35&#8243; font_weight=&#8220;900&#8243; margin_bottom=&#8220;40&#8243; font_family=&#8220;none&#8220; responsive_align=&#8220;left&#8220;]Kontakte[\/mk_fancy_title][vc_row_inner][vc_column_inner width=&#8220;1\/3&#8243;][mk_icon_box icon=&#8220;mk-icon-map-marker&#8220; title=&#8220;Schweiz &amp; weltweit&#8220; text_size=&#8220;18&#8243; font_weight=&#8220;900&#8243; title_color=&#8220;#222222&#8243; margin=&#8220;0&#8243; box_blur=&#8220;false&#8220;]Force8 AG \u2013 Hauptsitz M\u00fchle Tiefenbrunnen, Seefeldstrasse 233 8008 Z\u00fcrich \u2013 Schweiz +41 79 150 36 71 info@force8.coach[\/mk_icon_box][\/vc_column_inner][vc_column_inner width=&#8220;1\/3&#8243;][mk_icon_box icon=&#8220;mk-icon-map-marker&#8220; title=&#8220;Nordamerika&#8220; text_size=&#8220;18&#8243; font_weight=&#8220;900&#8243; title_color=&#8220;#222222&#8243; margin=&#8220;0&#8243; box_blur=&#8220;false&#8220;]Force8 Ltd c\/o DVP 1246 Relkoff [&hellip;]<\/p>\n","protected":false},"author":1,"featured_media":0,"parent":0,"menu_order":0,"comment_status":"open","ping_status":"open","template":"","meta":{"inline_featured_image":false,"footnotes":""},"_links":{"self":[{"href":"https:\/\/force8.coach\/de\/wp-json\/wp\/v2\/pages\/6015"}],"collection":[{"href":"https:\/\/force8.coach\/de\/wp-json\/wp\/v2\/pages"}],"about":[{"href":"https:\/\/force8.coach\/de\/wp-json\/wp\/v2\/types\/page"}],"author":[{"embeddable":true,"href":"https:\/\/force8.coach\/de\/wp-json\/wp\/v2\/users\/1"}],"replies":[{"embeddable":true,"href":"https:\/\/force8.coach\/de\/wp-json\/wp\/v2\/comments?post=6015"}],"version-history":[{"count":23,"href":"https:\/\/force8.coach\/de\/wp-json\/wp\/v2\/pages\/6015\/revisions"}],"predecessor-version":[{"id":17223,"href":"https:\/\/force8.coach\/de\/wp-json\/wp\/v2\/pages\/6015\/revisions\/17223"}],"wp:attachment":[{"href":"https:\/\/force8.coach\/de\/wp-json\/wp\/v2\/media?parent=6015"}],"curies":[{"name":"wp","href":"https:\/\/api.w.org\/{rel}","templated":true}]}}