{"id":6140,"date":"2020-02-04T12:25:39","date_gmt":"2020-02-04T12:25:39","guid":{"rendered":"https:\/\/force8.coach\/features\/"},"modified":"2020-12-24T10:38:58","modified_gmt":"2020-12-24T10:38:58","slug":"funktionen","status":"publish","type":"page","link":"https:\/\/force8.coach\/de\/funktionen\/","title":{"rendered":"Funktionen"},"content":{"rendered":"<div class=\"wpb-content-wrapper\">[mk_page_section bg_color=&#8220;#ffffff&#8220; bg_position=&#8220;center center&#8220; bg_stretch=&#8220;true&#8220; enable_3d=&#8220;true&#8220; video_opacity=&#8220;0.2&#8243; padding_top=&#8220;150&#8243; padding_bottom=&#8220;0&#8243; sidebar=&#8220;sidebar-1&#8243; first_page=&#8220;false&#8220; last_page=&#8220;false&#8220;][vc_column][\/vc_column][\/mk_page_section][mk_page_section bg_stretch=&#8220;true&#8220; video_opacity=&#8220;0.4&#8243; padding_top=&#8220;20&#8243; padding_bottom=&#8220;80&#8243; sidebar=&#8220;sidebar-1&#8243;][vc_column width=&#8220;1\/3&#8243;][mk_fancy_title tag_name=&#8220;h1&#8243; size=&#8220;64&#8243; force_font_size=&#8220;true&#8220; line_height=&#8220;95&#8243; font_weight=&#8220;900&#8243; font_style=&#8220;normal&#8220; letter_spacing=&#8220;1&#8243; margin_top=&#8220;40&#8243; margin_bottom=&#8220;0&#8243; font_family=&#8220;none&#8220;]Coachen<br \/>\nmit Plan[\/mk_fancy_title][mk_divider style=&#8220;thin_solid&#8220; divider_width=&#8220;custom_width&#8220; custom_width=&#8220;50&#8243; align=&#8220;left&#8220; thin_single_color=&#8220;#d66f28&#8243; thickness=&#8220;5&#8243; margin_bottom=&#8220;40&#8243; visibility=&#8220;hidden-sm&#8220;][mk_fancy_title color=&#8220;#222222&#8243; size=&#8220;25&#8243; font_weight=&#8220;400&#8243; margin_top=&#8220;20&#8243; margin_bottom=&#8220;0&#8243; font_family=&#8220;none&#8220;]Force8 Coach ist eine geniale <strong>Online App<\/strong> f\u00fcr <strong>Deine Saison-<\/strong>, <strong>Trainings-<\/strong> und <strong>Wettkampfplanung<\/strong> sowie f\u00fcr Dein <strong>Team-<\/strong> und <strong>Athleten-Management<\/strong>. Inklusive sind umfangreiche <strong>Athletendossiers<\/strong> sowie ein <strong>Scouting-Tool<\/strong>. <strong>\u00dcbungen<\/strong> k\u00f6nnen hinterlegt werden.[\/mk_fancy_title][\/vc_column][vc_column width=&#8220;2\/3&#8243;][mk_image src=&#8220;https:\/\/force8.coach\/wp-content\/uploads\/2019\/11\/api-01.png&#8220; image_size=&#8220;full&#8220; align=&#8220;right&#8220; pxs=&#8220;true&#8220; pxs_x=&#8220;0&#8243; pxs_y=&#8220;80&#8243; pxs_z=&#8220;0&#8243;][\/vc_column][\/mk_page_section][mk_page_section padding_top=&#8220;40&#8243; padding_bottom=&#8220;20&#8243; sidebar=&#8220;sidebar-1&#8243;][vc_column width=&#8220;1\/3&#8243;][mk_custom_box corner_radius=&#8220;10&#8243; padding_horizental=&#8220;30&#8243; margin_bottom=&#8220;0&#8243; min_height=&#8220;385&#8243; bg_color=&#8220;#ffffff&#8220; drop_shadow=&#8220;true&#8220; drop_shadow_distance=&#8220;5&#8243; drop_shadow_color=&#8220;rgba(221,221,221,0.5)&#8220; bg_stretch=&#8220;true&#8220;][mk_divider style=&#8220;thin_solid&#8220; divider_width=&#8220;custom_width&#8220; custom_width=&#8220;25&#8243; align=&#8220;left&#8220; thin_single_color=&#8220;#d66f28&#8243; thickness=&#8220;5&#8243; visibility=&#8220;hidden-sm&#8220;][mk_fancy_title color=&#8220;#222222&#8243; size=&#8220;20&#8243; font_weight=&#8220;900&#8243; margin_bottom=&#8220;0&#8243; font_family=&#8220;none&#8220; responsive_align=&#8220;left&#8220;]Trainingsplanung[\/mk_fancy_title][vc_column_text css=&#8220;.vc_custom_1580820389121{margin-bottom: 0px !important;}&#8220;]Force8 Coach ist das ideale Produkt f\u00fcr alle Trainer, welche mit einer Online Saisonplanung sowie einer Team- und Athletenmanagement-Software effizienter arbeiten wollen. Trainings gestaltest Du rasch anhand Deiner Planung. Anwesenheitslisten sind immer in Echtzeit abrufbar.[\/vc_column_text][\/mk_custom_box][\/vc_column][vc_column width=&#8220;1\/3&#8243;][mk_custom_box corner_radius=&#8220;10&#8243; padding_horizental=&#8220;30&#8243; margin_bottom=&#8220;0&#8243; min_height=&#8220;385&#8243; bg_color=&#8220;#ffffff&#8220; drop_shadow=&#8220;true&#8220; drop_shadow_distance=&#8220;5&#8243; drop_shadow_color=&#8220;rgba(221,221,221,0.5)&#8220; bg_stretch=&#8220;true&#8220;][mk_divider style=&#8220;thin_solid&#8220; divider_width=&#8220;custom_width&#8220; custom_width=&#8220;25&#8243; align=&#8220;left&#8220; thin_single_color=&#8220;#d66f28&#8243; thickness=&#8220;5&#8243; visibility=&#8220;hidden-sm&#8220;][mk_fancy_title color=&#8220;#222222&#8243; size=&#8220;20&#8243; font_weight=&#8220;900&#8243; margin_bottom=&#8220;0&#8243; font_family=&#8220;none&#8220; responsive_align=&#8220;left&#8220;]Wettkampf-Management[\/mk_fancy_title][vc_column_text css=&#8220;.vc_custom_1580820537650{margin-bottom: 0px !important;}&#8220;]Mit dem Wettkampf-Management organisierst Du Deine Wettk\u00e4mpfe im Handumdrehen. Aufstellungen, Aufgebote, Game Sheets, Coaching Sheets und sehr detaillierte Athleten- und Team-Statistiken sind mit einen Klick erstellt.[\/vc_column_text][\/mk_custom_box][\/vc_column][vc_column width=&#8220;1\/3&#8243;][mk_custom_box corner_radius=&#8220;10&#8243; padding_horizental=&#8220;30&#8243; margin_bottom=&#8220;0&#8243; min_height=&#8220;385&#8243; bg_color=&#8220;#ffffff&#8220; drop_shadow=&#8220;true&#8220; drop_shadow_distance=&#8220;5&#8243; drop_shadow_color=&#8220;rgba(221,221,221,0.5)&#8220; bg_stretch=&#8220;true&#8220;][mk_divider style=&#8220;thin_solid&#8220; divider_width=&#8220;custom_width&#8220; custom_width=&#8220;25&#8243; align=&#8220;left&#8220; thin_single_color=&#8220;#d66f28&#8243; thickness=&#8220;5&#8243; visibility=&#8220;hidden-sm&#8220;][mk_fancy_title color=&#8220;#222222&#8243; size=&#8220;20&#8243; font_weight=&#8220;900&#8243; margin_bottom=&#8220;0&#8243; font_family=&#8220;none&#8220; responsive_align=&#8220;left&#8220;]Spielerdossiers[\/mk_fancy_title][vc_column_text css=&#8220;.vc_custom_1580824895094{margin-bottom: 0px !important;}&#8220;]F\u00fchre umfangreiche Athletendossiers und teile die Daten Online mit dem Athleten: Bewertungen \/ Ratings \/ Tests \/ Athletenstats \/ Trainings- und Wettkampfauswertungen \/ Trainingsjournale \/ Gr\u00f6sse und Gewicht \/ Feedbacks \/ Umfragen \/ Karriereplanung \/ Medizinisches \/ Gespr\u00e4che \/ Externe Dokumente.[\/vc_column_text][\/mk_custom_box][\/vc_column][\/mk_page_section][mk_page_section padding_top=&#8220;20&#8243; padding_bottom=&#8220;100&#8243; sidebar=&#8220;sidebar-1&#8243;][vc_column width=&#8220;1\/3&#8243;][mk_custom_box corner_radius=&#8220;10&#8243; padding_horizental=&#8220;30&#8243; margin_bottom=&#8220;0&#8243; min_height=&#8220;385&#8243; bg_color=&#8220;#ffffff&#8220; drop_shadow=&#8220;true&#8220; drop_shadow_distance=&#8220;5&#8243; drop_shadow_color=&#8220;rgba(221,221,221,0.5)&#8220; bg_stretch=&#8220;true&#8220;][mk_divider style=&#8220;thin_solid&#8220; divider_width=&#8220;custom_width&#8220; custom_width=&#8220;25&#8243; align=&#8220;left&#8220; thin_single_color=&#8220;#d66f28&#8243; thickness=&#8220;5&#8243; visibility=&#8220;hidden-sm&#8220;][mk_fancy_title color=&#8220;#222222&#8243; size=&#8220;20&#8243; font_weight=&#8220;900&#8243; margin_bottom=&#8220;0&#8243; font_family=&#8220;none&#8220; responsive_align=&#8220;left&#8220;]Grosse \u00dcbungssammlung[\/mk_fancy_title][vc_column_text css=&#8220;.vc_custom_1580818490162{margin-bottom: 0px !important;}&#8220;]Mit Force8 Coach kann auf bestehende \u00dcbungen zugegriffen werden &#8211; sch\u00f6n kategorisiert nach Altersstufen und Elementen. Nat\u00fcrlich k\u00f6nnen auch eigene \u00dcbungen hinzugef\u00fcgt werden.[\/vc_column_text][\/mk_custom_box][\/vc_column][vc_column width=&#8220;1\/3&#8243;][mk_custom_box corner_radius=&#8220;10&#8243; padding_horizental=&#8220;30&#8243; margin_bottom=&#8220;0&#8243; min_height=&#8220;385&#8243; bg_color=&#8220;#ffffff&#8220; drop_shadow=&#8220;true&#8220; drop_shadow_distance=&#8220;5&#8243; drop_shadow_color=&#8220;rgba(221,221,221,0.5)&#8220; bg_stretch=&#8220;true&#8220;][mk_divider style=&#8220;thin_solid&#8220; divider_width=&#8220;custom_width&#8220; custom_width=&#8220;25&#8243; align=&#8220;left&#8220; thin_single_color=&#8220;#d66f28&#8243; thickness=&#8220;5&#8243; visibility=&#8220;hidden-sm&#8220;][mk_fancy_title color=&#8220;#222222&#8243; size=&#8220;20&#8243; font_weight=&#8220;900&#8243; margin_bottom=&#8220;0&#8243; font_family=&#8220;none&#8220; responsive_align=&#8220;left&#8220;]Administration[\/mk_fancy_title][vc_column_text css=&#8220;.vc_custom_1580820585531{margin-bottom: 0px !important;}&#8220;]Online Trainings-Abmeldungen, Athleten Informationen, Adressen (Athlet, Eltern, Schule, Arbeit etc), Notfallbl\u00e4tter, Dokumente etc. &#8211; alles ist zentral an einem Ort abgelegt und immer zug\u00e4nglich.[\/vc_column_text][\/mk_custom_box][\/vc_column][vc_column width=&#8220;1\/3&#8243;][mk_custom_box corner_radius=&#8220;10&#8243; padding_horizental=&#8220;30&#8243; margin_bottom=&#8220;0&#8243; min_height=&#8220;385&#8243; bg_color=&#8220;#ffffff&#8220; drop_shadow=&#8220;true&#8220; drop_shadow_distance=&#8220;5&#8243; drop_shadow_color=&#8220;rgba(221,221,221,0.5)&#8220; bg_stretch=&#8220;true&#8220;][mk_divider style=&#8220;thin_solid&#8220; divider_width=&#8220;custom_width&#8220; custom_width=&#8220;25&#8243; align=&#8220;left&#8220; thin_single_color=&#8220;#d66f28&#8243; thickness=&#8220;5&#8243; visibility=&#8220;hidden-sm&#8220;][mk_fancy_title color=&#8220;#222222&#8243; size=&#8220;20&#8243; font_weight=&#8220;900&#8243; margin_bottom=&#8220;0&#8243; font_family=&#8220;none&#8220; responsive_align=&#8220;left&#8220;]Kommunikation[\/mk_fancy_title][vc_column_text css=&#8220;.vc_custom_1580824947145{margin-bottom: 0px !important;}&#8220;]\u00dcber die Coaches-, Staff- und Athletenplattformen sind via Online und Mobile App n\u00fctzliche Athleten-, Team-, Altersgruppen- und Eltern- Kommunikation integriert.[\/vc_column_text][\/mk_custom_box][\/vc_column][\/mk_page_section][mk_page_section min_height=&#8220;50&#8243; padding_bottom=&#8220;0&#8243; sidebar=&#8220;sidebar-1&#8243;][vc_column][mk_fancy_title tag_name=&#8220;h3&#8243; color=&#8220;#222222&#8243; size=&#8220;45&#8243; font_weight=&#8220;bold&#8220; margin_bottom=&#8220;0&#8243; font_family=&#8220;none&#8220; align=&#8220;center&#8220;]Offizieller Partner Von:[\/mk_fancy_title][mk_divider style=&#8220;thin_solid&#8220; divider_width=&#8220;custom_width&#8220; custom_width=&#8220;80&#8243; thin_single_color=&#8220;#d66f28&#8243; thickness=&#8220;5&#8243; margin_top=&#8220;0&#8243; margin_bottom=&#8220;80&#8243;][\/vc_column][\/mk_page_section][mk_page_section bg_position=&#8220;right bottom&#8220; bg_stretch=&#8220;true&#8220; enable_3d=&#8220;true&#8220; min_height=&#8220;50&#8243; padding_top=&#8220;0&#8243; padding_bottom=&#8220;60&#8243; sidebar=&#8220;sidebar-1&#8243;][vc_column width=&#8220;1\/4&#8243;][\/vc_column][vc_column width=&#8220;1\/2&#8243;][vc_row_inner css=&#8220;.vc_custom_1580744093792{padding-right: 50px !important;padding-left: 50px !important;}&#8220;][vc_column_inner width=&#8220;1\/3&#8243;][mk_image src=&#8220;https:\/\/force8.coach\/wp-content\/uploads\/2019\/11\/swisshockey.png&#8220; image_size=&#8220;full&#8220; align=&#8220;center&#8220;][\/vc_column_inner][vc_column_inner width=&#8220;1\/3&#8243;][mk_image src=&#8220;https:\/\/force8.coach\/wp-content\/uploads\/2019\/11\/logo_des_deutschen_eishockey-bundes_e.v-300&#215;300.png&#8220; image_size=&#8220;full&#8220; align=&#8220;center&#8220;][\/vc_column_inner][vc_column_inner width=&#8220;1\/3&#8243;][mk_image src=&#8220;https:\/\/force8.coach\/wp-content\/uploads\/2020\/06\/swissski-logo5.png&#8220; image_size=&#8220;full&#8220; align=&#8220;center&#8220;][\/vc_column_inner][\/vc_row_inner][\/vc_column][vc_column width=&#8220;1\/4&#8243; css=&#8220;.vc_custom_1580743948862{padding-left: 50px !important;}&#8220;][\/vc_column][\/mk_page_section]\n<\/div>","protected":false},"excerpt":{"rendered":"<p>[mk_page_section bg_color=&#8220;#ffffff&#8220; bg_position=&#8220;center center&#8220; bg_stretch=&#8220;true&#8220; enable_3d=&#8220;true&#8220; video_opacity=&#8220;0.2&#8243; padding_top=&#8220;150&#8243; padding_bottom=&#8220;0&#8243; sidebar=&#8220;sidebar-1&#8243; first_page=&#8220;false&#8220; last_page=&#8220;false&#8220;][vc_column][\/vc_column][\/mk_page_section][mk_page_section bg_stretch=&#8220;true&#8220; video_opacity=&#8220;0.4&#8243; padding_top=&#8220;20&#8243; padding_bottom=&#8220;80&#8243; sidebar=&#8220;sidebar-1&#8243;][vc_column width=&#8220;1\/3&#8243;][mk_fancy_title tag_name=&#8220;h1&#8243; size=&#8220;64&#8243; force_font_size=&#8220;true&#8220; line_height=&#8220;95&#8243; font_weight=&#8220;900&#8243; font_style=&#8220;normal&#8220; letter_spacing=&#8220;1&#8243; margin_top=&#8220;40&#8243; margin_bottom=&#8220;0&#8243; font_family=&#8220;none&#8220;]Coachen mit Plan[\/mk_fancy_title][mk_divider style=&#8220;thin_solid&#8220; divider_width=&#8220;custom_width&#8220; custom_width=&#8220;50&#8243; align=&#8220;left&#8220; thin_single_color=&#8220;#d66f28&#8243; thickness=&#8220;5&#8243; margin_bottom=&#8220;40&#8243; visibility=&#8220;hidden-sm&#8220;][mk_fancy_title color=&#8220;#222222&#8243; size=&#8220;25&#8243; font_weight=&#8220;400&#8243; margin_top=&#8220;20&#8243; margin_bottom=&#8220;0&#8243; font_family=&#8220;none&#8220;]Force8 Coach ist eine geniale Online App f\u00fcr Deine Saison-, Trainings- und [&hellip;]<\/p>\n","protected":false},"author":1,"featured_media":0,"parent":0,"menu_order":0,"comment_status":"open","ping_status":"closed","template":"","meta":{"inline_featured_image":false,"footnotes":""},"_links":{"self":[{"href":"https:\/\/force8.coach\/de\/wp-json\/wp\/v2\/pages\/6140"}],"collection":[{"href":"https:\/\/force8.coach\/de\/wp-json\/wp\/v2\/pages"}],"about":[{"href":"https:\/\/force8.coach\/de\/wp-json\/wp\/v2\/types\/page"}],"author":[{"embeddable":true,"href":"https:\/\/force8.coach\/de\/wp-json\/wp\/v2\/users\/1"}],"replies":[{"embeddable":true,"href":"https:\/\/force8.coach\/de\/wp-json\/wp\/v2\/comments?post=6140"}],"version-history":[{"count":11,"href":"https:\/\/force8.coach\/de\/wp-json\/wp\/v2\/pages\/6140\/revisions"}],"predecessor-version":[{"id":6401,"href":"https:\/\/force8.coach\/de\/wp-json\/wp\/v2\/pages\/6140\/revisions\/6401"}],"wp:attachment":[{"href":"https:\/\/force8.coach\/de\/wp-json\/wp\/v2\/media?parent=6140"}],"curies":[{"name":"wp","href":"https:\/\/api.w.org\/{rel}","templated":true}]}}