{"id":6983,"date":"2021-01-29T12:21:53","date_gmt":"2021-01-29T12:21:53","guid":{"rendered":"https:\/\/force8.coach\/?page_id=6983"},"modified":"2025-12-05T10:56:25","modified_gmt":"2025-12-05T10:56:25","slug":"about","status":"publish","type":"page","link":"https:\/\/force8.coach\/de\/about\/","title":{"rendered":"About"},"content":{"rendered":"<div class=\"wpb-content-wrapper\">[mk_page_section bg_image=&#8220;https:\/\/force8.coach\/wp-content\/uploads\/2021\/08\/modules-page-bg1.jpg&#8220; bg_image_portrait=&#8220;https:\/\/force8.coach\/wp-content\/uploads\/2021\/08\/modules-page-bg1-mobile.jpg&#8220; bg_color=&#8220;#ffffff&#8220; bg_position=&#8220;left bottom&#8220; bg_stretch=&#8220;true&#8220; enable_3d=&#8220;true&#8220; video_color_mask=&#8220;#000000&#8243; video_opacity=&#8220;0.3&#8243; min_height=&#8220;650&#8243; js_vertical_centered=&#8220;true&#8220; sidebar=&#8220;sidebar-1&#8243;][vc_column width=&#8220;5\/6&#8243;][mk_fancy_title color=&#8220;#ffffff&#8220; size=&#8220;35&#8243; letter_spacing=&#8220;2&#8243; margin_bottom=&#8220;0&#8243; font_family=&#8220;none&#8220;]\n<p class=\"p1\">Seit 2008<\/p>\n[\/mk_fancy_title][mk_fancy_title color=&#8220;#ffffff&#8220; size=&#8220;64&#8243; force_font_size=&#8220;true&#8220; size_smallscreen=&#8220;64&#8243; size_tablet=&#8220;64&#8243; size_phone=&#8220;35&#8243; line_height=&#8220;99&#8243; font_weight=&#8220;900&#8243; margin_bottom=&#8220;0&#8243; font_family=&#8220;none&#8220;]Innovativ und vorausdenkend[\/mk_fancy_title][\/vc_column][vc_column width=&#8220;1\/6&#8243;][\/vc_column][\/mk_page_section][mk_page_section bg_color=&#8220;#f9f9f9&#8243; bg_stretch=&#8220;true&#8220; video_opacity=&#8220;0.4&#8243; padding_top=&#8220;100&#8243; padding_bottom=&#8220;80&#8243; bottom_shape_color=&#8220;#f7f7f7&#8243; sidebar=&#8220;sidebar-1&#8243;][vc_column width=&#8220;2\/3&#8243;][mk_fancy_title size=&#8220;25&#8243; font_weight=&#8220;600&#8243; margin_bottom=&#8220;0&#8243; font_family=&#8220;none&#8220;]\n<p class=\"p1\"><strong>Force8 Ltd\u00a0 &#8211; Digital. Sport. Innovations.<\/strong><br \/>\nWir sind ein in Z\u00fcrich ans\u00e4ssiges internationales Sporttechnologieunternehmen, das seit 2008 intelligente Systeme f\u00fcr das Management und Monitoring von Athlet:innen und Teams entwickelt. Unsere L\u00f6sungen werden immer in Zusammenarbeit mit Expert:innen aus Praxis und Wissenschaft entwickelt.<\/p>\n[\/mk_fancy_title][\/vc_column][vc_column width=&#8220;1\/3&#8243;][vc_column_text css=&#8220;.vc_custom_1622821535326{margin-bottom: 0px !important;}&#8220;]Als Sportbegeisterte m\u00f6chten wir allen Vereinen, Verb\u00e4nden, Institutionen und Organisationen vom Amateur- bis zum Profisport die M\u00f6glichkeit geben, mit unseren Produkten zu arbeiten &#8211; unabh\u00e4ngig von Budget und Gr\u00f6\u00dfe.<\/p>\n<p><strong>Unsere Philosophie ist einfach: Wenn unsere Kundschaft erfolgreich ist, werden wir es auch sein.<\/strong>[\/vc_column_text][\/vc_column][\/mk_page_section][mk_page_section bg_stretch=&#8220;true&#8220; video_opacity=&#8220;0.4&#8243; padding_top=&#8220;60&#8243; padding_bottom=&#8220;60&#8243; bottom_shape_color=&#8220;#f7f7f7&#8243; section_id=&#8220;about&#8220; sidebar=&#8220;sidebar-1&#8243;][vc_column][mk_fancy_title color=&#8220;#222222&#8243; size=&#8220;25&#8243; font_weight=&#8220;600&#8243; margin_bottom=&#8220;0&#8243; font_family=&#8220;none&#8220; align=&#8220;center&#8220;]Team[\/mk_fancy_title][mk_fancy_title color=&#8220;#222222&#8243; size=&#8220;64&#8243; force_font_size=&#8220;true&#8220; font_weight=&#8220;900&#8243; margin_bottom=&#8220;60&#8243; font_family=&#8220;none&#8220; align=&#8220;center&#8220;]Unser Team[\/mk_fancy_title][vc_row_inner][vc_column_inner width=&#8220;1\/4&#8243;][mk_circle_image src=&#8220;https:\/\/force8.coach\/wp-content\/uploads\/2021\/02\/marco_baeschlin_klein_nov2020-scaled.jpg&#8220; image_diameter=&#8220;100&#8243;][mk_fancy_title color=&#8220;#000000&#8243; size=&#8220;20&#8243; font_weight=&#8220;bold&#8220; margin_top=&#8220;20&#8243; margin_bottom=&#8220;0&#8243; font_family=&#8220;none&#8220; align=&#8220;center&#8220;]Marco B\u00e4schlin[\/mk_fancy_title][vc_column_text align=&#8220;center&#8220; css=&#8220;.vc_custom_1614602902351{margin-bottom: 0px !important;}&#8220;]Chief Everything Officer und Gr\u00fcnder[\/vc_column_text][\/vc_column_inner][vc_column_inner width=&#8220;1\/4&#8243;][mk_circle_image src=&#8220;https:\/\/force8.coach\/wp-content\/uploads\/2021\/02\/portrait-marco-pargatzi.png&#8220; image_diameter=&#8220;100&#8243;][mk_fancy_title color=&#8220;#000000&#8243; size=&#8220;20&#8243; font_weight=&#8220;bold&#8220; margin_top=&#8220;20&#8243; margin_bottom=&#8220;0&#8243; font_family=&#8220;none&#8220; align=&#8220;center&#8220;]Marco Parg\u00e4tzi[\/mk_fancy_title][vc_column_text align=&#8220;center&#8220; css=&#8220;.vc_custom_1611938901197{margin-bottom: 0px !important;}&#8220;]Chief Terrabyte Officer[\/vc_column_text][\/vc_column_inner][vc_column_inner width=&#8220;1\/4&#8243;][mk_circle_image src=&#8220;https:\/\/force8.coach\/wp-content\/uploads\/2021\/02\/francisco_barreto.png&#8220; image_diameter=&#8220;100&#8243;][mk_fancy_title color=&#8220;#000000&#8243; size=&#8220;20&#8243; font_weight=&#8220;bold&#8220; margin_top=&#8220;20&#8243; margin_bottom=&#8220;0&#8243; font_family=&#8220;none&#8220; align=&#8220;center&#8220;]Francisco Barreto[\/mk_fancy_title][vc_column_text align=&#8220;center&#8220; css=&#8220;.vc_custom_1637674068627{margin-bottom: 0px !important;}&#8220;]Technical Project Master[\/vc_column_text][\/vc_column_inner][vc_column_inner width=&#8220;1\/4&#8243;][mk_circle_image src=&#8220;https:\/\/force8.coach\/wp-content\/uploads\/2021\/02\/goncalo.jpg&#8220; image_diameter=&#8220;100&#8243;][mk_fancy_title color=&#8220;#000000&#8243; size=&#8220;20&#8243; font_weight=&#8220;bold&#8220; margin_top=&#8220;20&#8243; margin_bottom=&#8220;0&#8243; font_family=&#8220;none&#8220; align=&#8220;center&#8220;]Gon\u00e7alo Mendes[\/mk_fancy_title][vc_column_text align=&#8220;center&#8220; css=&#8220;.vc_custom_1613658094699{margin-bottom: 0px !important;}&#8220;]UX Virtuoso[\/vc_column_text][\/vc_column_inner][\/vc_row_inner][mk_padding_divider size=&#8220;20&#8243;][vc_row_inner][vc_column_inner width=&#8220;1\/4&#8243;][mk_circle_image src=&#8220;https:\/\/force8.coach\/wp-content\/uploads\/2021\/02\/avatar1.jpg&#8220; image_diameter=&#8220;100&#8243;][mk_fancy_title color=&#8220;#000000&#8243; size=&#8220;20&#8243; font_weight=&#8220;bold&#8220; margin_top=&#8220;20&#8243; margin_bottom=&#8220;0&#8243; font_family=&#8220;none&#8220; align=&#8220;center&#8220;]Jo\u00e3o Espadinha[\/mk_fancy_title][vc_column_text align=&#8220;center&#8220; css=&#8220;.vc_custom_1611938993666{margin-bottom: 0px !important;}&#8220;]Framework Champion[\/vc_column_text][\/vc_column_inner][vc_column_inner width=&#8220;1\/4&#8243;][mk_circle_image src=&#8220;https:\/\/force8.coach\/wp-content\/uploads\/2025\/12\/markus-pic.jpg&#8220; image_diameter=&#8220;100&#8243;][mk_fancy_title color=&#8220;#000000&#8243; size=&#8220;20&#8243; font_weight=&#8220;bold&#8220; margin_top=&#8220;20&#8243; margin_bottom=&#8220;0&#8243; font_family=&#8220;none&#8220; align=&#8220;center&#8220;]Markus Pietsch[\/mk_fancy_title][vc_column_text align=&#8220;center&#8220; css=&#8220;.vc_custom_1764848883814{margin-bottom: 0px !important;}&#8220;]Tea &amp; Territory Officer UK[\/vc_column_text][\/vc_column_inner][vc_column_inner width=&#8220;1\/4&#8243;][mk_circle_image src=&#8220;https:\/\/force8.coach\/wp-content\/uploads\/2021\/03\/nuno_santos.jpeg&#8220; image_diameter=&#8220;100&#8243;][mk_fancy_title color=&#8220;#000000&#8243; size=&#8220;20&#8243; font_weight=&#8220;bold&#8220; margin_top=&#8220;20&#8243; margin_bottom=&#8220;0&#8243; font_family=&#8220;none&#8220; align=&#8220;center&#8220;]Nuno Santos[\/mk_fancy_title][vc_column_text align=&#8220;center&#8220; css=&#8220;.vc_custom_1611939043346{margin-bottom: 0px !important;}&#8220;]Frontend Stylist[\/vc_column_text][\/vc_column_inner][vc_column_inner width=&#8220;1\/4&#8243;][mk_circle_image src=&#8220;https:\/\/force8.coach\/wp-content\/uploads\/2022\/09\/decio-image.jpg&#8220; image_diameter=&#8220;100&#8243;][mk_fancy_title color=&#8220;#000000&#8243; size=&#8220;20&#8243; font_weight=&#8220;bold&#8220; margin_top=&#8220;20&#8243; margin_bottom=&#8220;0&#8243; font_family=&#8220;none&#8220; align=&#8220;center&#8220;]D\u00e9cio Couto[\/mk_fancy_title][vc_column_text align=&#8220;center&#8220; css=&#8220;.vc_custom_1642616209555{margin-bottom: 0px !important;}&#8220;]Backend Wissenschaftler[\/vc_column_text][\/vc_column_inner][\/vc_row_inner][mk_padding_divider size=&#8220;20&#8243;][vc_row_inner][vc_column_inner width=&#8220;1\/4&#8243;][mk_circle_image src=&#8220;https:\/\/force8.coach\/wp-content\/uploads\/2025\/12\/leander_costa.jpg&#8220; image_diameter=&#8220;100&#8243;][mk_fancy_title color=&#8220;#000000&#8243; size=&#8220;20&#8243; font_weight=&#8220;bold&#8220; margin_top=&#8220;20&#8243; margin_bottom=&#8220;0&#8243; font_family=&#8220;none&#8220; align=&#8220;center&#8220;]Leander Costa[\/mk_fancy_title][vc_column_text align=&#8220;center&#8220; css=&#8220;.vc_custom_1764849059986{margin-bottom: 0px !important;}&#8220;]Zertifizierter Code Goblin[\/vc_column_text][\/vc_column_inner][vc_column_inner width=&#8220;1\/4&#8243;][mk_circle_image src=&#8220;https:\/\/force8.coach\/wp-content\/uploads\/2021\/02\/avatar1.jpg&#8220; image_diameter=&#8220;100&#8243;][mk_fancy_title color=&#8220;#000000&#8243; size=&#8220;20&#8243; font_weight=&#8220;bold&#8220; margin_top=&#8220;20&#8243; margin_bottom=&#8220;0&#8243; font_family=&#8220;none&#8220; align=&#8220;center&#8220;]Estev\u00e3o Butilheiro[\/mk_fancy_title][vc_column_text align=&#8220;center&#8220; css=&#8220;.vc_custom_1642616253331{margin-bottom: 0px !important;}&#8220;]Modul Knaller[\/vc_column_text][\/vc_column_inner][vc_column_inner width=&#8220;1\/4&#8243;][mk_circle_image src=&#8220;https:\/\/force8.coach\/wp-content\/uploads\/2021\/02\/unnamed-1.jpg&#8220; image_diameter=&#8220;100&#8243;][mk_fancy_title color=&#8220;#000000&#8243; size=&#8220;20&#8243; font_weight=&#8220;bold&#8220; margin_top=&#8220;20&#8243; margin_bottom=&#8220;0&#8243; font_family=&#8220;none&#8220; align=&#8220;center&#8220;]Nik Hirzel[\/mk_fancy_title][vc_column_text align=&#8220;center&#8220; css=&#8220;.vc_custom_1613658141693{margin-bottom: 0px !important;}&#8220;]Sports Science Guru[\/vc_column_text][\/vc_column_inner][vc_column_inner width=&#8220;1\/4&#8243;][mk_circle_image src=&#8220;https:\/\/force8.coach\/wp-content\/uploads\/2021\/02\/jungo_thomas1.jpg&#8220; image_diameter=&#8220;100&#8243;][mk_fancy_title color=&#8220;#000000&#8243; size=&#8220;20&#8243; font_weight=&#8220;bold&#8220; margin_top=&#8220;20&#8243; margin_bottom=&#8220;0&#8243; font_family=&#8220;none&#8220; align=&#8220;center&#8220;]Thomas Jungo[\/mk_fancy_title][vc_column_text align=&#8220;center&#8220; css=&#8220;.vc_custom_1614602989287{margin-bottom: 0px !important;}&#8220;]Frankophoner Projektjongleur[\/vc_column_text][\/vc_column_inner][\/vc_row_inner][mk_padding_divider size=&#8220;20&#8243;][vc_row_inner][vc_column_inner width=&#8220;1\/4&#8243;][mk_circle_image src=&#8220;https:\/\/force8.coach\/wp-content\/uploads\/2021\/02\/debbie.png&#8220; image_diameter=&#8220;100&#8243;][mk_fancy_title color=&#8220;#000000&#8243; size=&#8220;20&#8243; font_weight=&#8220;bold&#8220; margin_top=&#8220;20&#8243; margin_bottom=&#8220;0&#8243; font_family=&#8220;none&#8220; align=&#8220;center&#8220;]Debbie Veitch[\/mk_fancy_title][vc_column_text align=&#8220;center&#8220; css=&#8220;.vc_custom_1613658281599{margin-bottom: 0px !important;}&#8220;]North American Star[\/vc_column_text][\/vc_column_inner][vc_column_inner width=&#8220;1\/4&#8243;][mk_circle_image src=&#8220;https:\/\/force8.coach\/wp-content\/uploads\/2021\/02\/unnamed22.jpg&#8220; image_diameter=&#8220;100&#8243;][mk_fancy_title color=&#8220;#000000&#8243; size=&#8220;20&#8243; font_weight=&#8220;bold&#8220; margin_top=&#8220;20&#8243; margin_bottom=&#8220;0&#8243; font_family=&#8220;none&#8220; align=&#8220;center&#8220;]Elena Petrova[\/mk_fancy_title][vc_column_text align=&#8220;center&#8220; css=&#8220;.vc_custom_1614603044952{margin-bottom: 0px !important;}&#8220;]Social Media Fee[\/vc_column_text][\/vc_column_inner][vc_column_inner width=&#8220;1\/4&#8243;][mk_circle_image src=&#8220;https:\/\/force8.coach\/wp-content\/uploads\/2021\/06\/luana-bergamin_18.10.18_mh1_web.jpg&#8220; image_diameter=&#8220;100&#8243;][mk_fancy_title color=&#8220;#000000&#8243; size=&#8220;20&#8243; font_weight=&#8220;bold&#8220; margin_top=&#8220;20&#8243; margin_bottom=&#8220;0&#8243; font_family=&#8220;none&#8220; align=&#8220;center&#8220;]Luana Bergamin[\/mk_fancy_title][vc_column_text align=&#8220;center&#8220; css=&#8220;.vc_custom_1623077000700{margin-bottom: 0px !important;}&#8220;]Sports Mastermind[\/vc_column_text][\/vc_column_inner][vc_column_inner width=&#8220;1\/4&#8243;][mk_circle_image src=&#8220;https:\/\/force8.coach\/wp-content\/uploads\/2024\/05\/christian-franz-web.jpg&#8220; image_diameter=&#8220;100&#8243;][mk_fancy_title color=&#8220;#000000&#8243; size=&#8220;20&#8243; font_weight=&#8220;bold&#8220; margin_top=&#8220;20&#8243; margin_bottom=&#8220;0&#8243; font_family=&#8220;none&#8220; align=&#8220;center&#8220;]Christian Franz[\/mk_fancy_title][vc_column_text align=&#8220;center&#8220; css=&#8220;.vc_custom_1715850567898{margin-bottom: 0px !important;}&#8220;]Customer Success Bombe[\/vc_column_text][\/vc_column_inner][\/vc_row_inner][mk_padding_divider size=&#8220;20&#8243;][vc_row_inner][vc_column_inner width=&#8220;1\/4&#8243;][mk_circle_image src=&#8220;https:\/\/force8.coach\/wp-content\/uploads\/2023\/10\/manuel-img.jpg&#8220; image_diameter=&#8220;100&#8243;][mk_fancy_title color=&#8220;#000000&#8243; size=&#8220;20&#8243; font_weight=&#8220;bold&#8220; margin_top=&#8220;20&#8243; margin_bottom=&#8220;0&#8243; font_family=&#8220;none&#8220; align=&#8220;center&#8220;]Manuel Dinis[\/mk_fancy_title][vc_column_text align=&#8220;center&#8220; css=&#8220;.vc_custom_1698226681990{margin-bottom: 0px !important;}&#8220;]Backend Young Gun[\/vc_column_text][\/vc_column_inner][vc_column_inner width=&#8220;1\/4&#8243;][mk_circle_image src=&#8220;https:\/\/force8.coach\/wp-content\/uploads\/2021\/02\/avatar1.jpg&#8220; image_diameter=&#8220;100&#8243;][mk_fancy_title color=&#8220;#000000&#8243; size=&#8220;20&#8243; font_weight=&#8220;bold&#8220; margin_top=&#8220;20&#8243; margin_bottom=&#8220;0&#8243; font_family=&#8220;none&#8220; align=&#8220;center&#8220;]Ruben Las Casas[\/mk_fancy_title][vc_column_text align=&#8220;center&#8220; css=&#8220;.vc_custom_1764849003722{margin-bottom: 0px !important;}&#8220;]Klempner im Backend[\/vc_column_text][\/vc_column_inner][vc_column_inner width=&#8220;1\/4&#8243;][\/vc_column_inner][vc_column_inner width=&#8220;1\/4&#8243;][\/vc_column_inner][\/vc_row_inner][\/vc_column][\/mk_page_section][mk_page_section bg_color=&#8220;#f7f7f7&#8243; bg_stretch=&#8220;true&#8220; enable_3d=&#8220;true&#8220; min_height=&#8220;200&#8243; js_vertical_centered=&#8220;true&#8220; padding_top=&#8220;100&#8243; padding_bottom=&#8220;80&#8243; sidebar=&#8220;sidebar-1&#8243;][vc_column width=&#8220;1\/2&#8243;][mk_fancy_title size=&#8220;25&#8243; font_weight=&#8220;600&#8243; margin_bottom=&#8220;0&#8243; font_family=&#8220;none&#8220;]\n<p class=\"p1\">Force8<\/p>\n[\/mk_fancy_title][mk_fancy_title tag_name=&#8220;h1&#8243; size=&#8220;61&#8243; force_font_size=&#8220;true&#8220; line_height=&#8220;95&#8243; font_weight=&#8220;900&#8243; font_style=&#8220;normal&#8220; letter_spacing=&#8220;1&#8243; margin_bottom=&#8220;0&#8243; font_family=&#8220;none&#8220;]Woher kommt unser Unternehmensname?[\/mk_fancy_title][vc_column_text css=&#8220;.vc_custom_1706878103905{margin-bottom: 0px !important;}&#8220;]Die <strong>Beaufort-Skala<\/strong> ist eine Skala zur <strong>Klassifizierung <\/strong>von<strong> Windgeschwindigkeiten<\/strong>.[\/vc_column_text][\/vc_column][vc_column width=&#8220;1\/2&#8243;][vc_column_text css=&#8220;.vc_custom_1633420294282{margin-bottom: 0px !important;}&#8220;]Im Englischen wird diese Skala als &#8222;Beaufort wind force scale&#8220; &#8211; oder kurz &#8222;Force&#8220; &#8211; bezeichnet. Die Windst\u00e4rke wird von 0 (Windstille) bis 12 (Hurrikan) klassifiziert. Die Klassifizierung <strong>Force8<\/strong> entspricht einem <strong>st\u00fcrmischen Wind<\/strong> &#8211; aber noch nicht einem Sturm.<\/p>\n<p>F\u00fcr den Gr\u00fcnder &#8211; selbst begeisterter Wassersportler &#8211; steht Force8 als <strong>Symbol<\/strong> daf\u00fcr, <strong>etwas zu bewegen, etwas zu ver\u00e4ndern<\/strong> &#8211; und wenn n\u00f6tig &#8211; <strong>etwas wach- oder aufzur\u00fctteln.<\/strong>[\/vc_column_text][\/vc_column][\/mk_page_section][mk_page_section bg_color=&#8220;#31dcff&#8220; bg_stretch=&#8220;true&#8220; bg_gradient=&#8220;horizontal&#8220; video_color_mask=&#8220;#31dcff&#8220; gr_end=&#8220;#002efe&#8220; video_opacity=&#8220;1&#8243; min_height=&#8220;60&#8243; padding_top=&#8220;40&#8243; padding_bottom=&#8220;30&#8243; bottom_shape_color=&#8220;#f7f7f7&#8243; sidebar=&#8220;sidebar-1&#8243;][vc_column width=&#8220;2\/3&#8243;][mk_fancy_title color=&#8220;#ffffff&#8220; size=&#8220;35&#8243; line_height=&#8220;90&#8243; font_weight=&#8220;900&#8243; margin_top=&#8220;10&#8243; margin_bottom=&#8220;0&#8243; font_family=&#8220;none&#8220;]M\u00f6chtest du mit uns sprechen?[\/mk_fancy_title][\/vc_column][vc_column width=&#8220;1\/3&#8243;][mk_button dimension=&#8220;flat&#8220; corner_style=&#8220;full_rounded&#8220; size=&#8220;large&#8220; icon=&#8220;mk-moon-calendar-4&#8243; url=&#8220;https:\/\/meetings.hubspot.com\/marco-baeschlin&#8220; align=&#8220;right&#8220; bg_color=&#8220;#000000&#8243;]Ja, gerne[\/mk_button][\/vc_column][\/mk_page_section]\n<\/div>","protected":false},"excerpt":{"rendered":"<p>[mk_page_section bg_image=&#8220;https:\/\/force8.coach\/wp-content\/uploads\/2021\/08\/modules-page-bg1.jpg&#8220; bg_image_portrait=&#8220;https:\/\/force8.coach\/wp-content\/uploads\/2021\/08\/modules-page-bg1-mobile.jpg&#8220; bg_color=&#8220;#ffffff&#8220; bg_position=&#8220;left bottom&#8220; bg_stretch=&#8220;true&#8220; enable_3d=&#8220;true&#8220; video_color_mask=&#8220;#000000&#8243; video_opacity=&#8220;0.3&#8243; min_height=&#8220;650&#8243; js_vertical_centered=&#8220;true&#8220; sidebar=&#8220;sidebar-1&#8243;][vc_column width=&#8220;5\/6&#8243;][mk_fancy_title color=&#8220;#ffffff&#8220; size=&#8220;35&#8243; letter_spacing=&#8220;2&#8243; margin_bottom=&#8220;0&#8243; font_family=&#8220;none&#8220;] Seit 2008 [\/mk_fancy_title][mk_fancy_title color=&#8220;#ffffff&#8220; size=&#8220;64&#8243; force_font_size=&#8220;true&#8220; size_smallscreen=&#8220;64&#8243; size_tablet=&#8220;64&#8243; size_phone=&#8220;35&#8243; line_height=&#8220;99&#8243; font_weight=&#8220;900&#8243; margin_bottom=&#8220;0&#8243; font_family=&#8220;none&#8220;]Innovativ und vorausdenkend[\/mk_fancy_title][\/vc_column][vc_column width=&#8220;1\/6&#8243;][\/vc_column][\/mk_page_section][mk_page_section bg_color=&#8220;#f9f9f9&#8243; bg_stretch=&#8220;true&#8220; video_opacity=&#8220;0.4&#8243; padding_top=&#8220;100&#8243; padding_bottom=&#8220;80&#8243; bottom_shape_color=&#8220;#f7f7f7&#8243; sidebar=&#8220;sidebar-1&#8243;][vc_column width=&#8220;2\/3&#8243;][mk_fancy_title size=&#8220;25&#8243; font_weight=&#8220;600&#8243; margin_bottom=&#8220;0&#8243; font_family=&#8220;none&#8220;] Force8 Ltd\u00a0 &#8211; Digital. Sport. Innovations. Wir sind [&hellip;]<\/p>\n","protected":false},"author":1,"featured_media":0,"parent":0,"menu_order":0,"comment_status":"open","ping_status":"open","template":"","meta":{"inline_featured_image":false,"footnotes":""},"_links":{"self":[{"href":"https:\/\/force8.coach\/de\/wp-json\/wp\/v2\/pages\/6983"}],"collection":[{"href":"https:\/\/force8.coach\/de\/wp-json\/wp\/v2\/pages"}],"about":[{"href":"https:\/\/force8.coach\/de\/wp-json\/wp\/v2\/types\/page"}],"author":[{"embeddable":true,"href":"https:\/\/force8.coach\/de\/wp-json\/wp\/v2\/users\/1"}],"replies":[{"embeddable":true,"href":"https:\/\/force8.coach\/de\/wp-json\/wp\/v2\/comments?post=6983"}],"version-history":[{"count":37,"href":"https:\/\/force8.coach\/de\/wp-json\/wp\/v2\/pages\/6983\/revisions"}],"predecessor-version":[{"id":17142,"href":"https:\/\/force8.coach\/de\/wp-json\/wp\/v2\/pages\/6983\/revisions\/17142"}],"wp:attachment":[{"href":"https:\/\/force8.coach\/de\/wp-json\/wp\/v2\/media?parent=6983"}],"curies":[{"name":"wp","href":"https:\/\/api.w.org\/{rel}","templated":true}]}}