{"id":8672,"date":"2022-01-12T12:31:27","date_gmt":"2022-01-12T12:31:27","guid":{"rendered":"https:\/\/force8.coach\/terms-of-use\/"},"modified":"2023-12-04T15:18:03","modified_gmt":"2023-12-04T15:18:03","slug":"nutzungsbedingungen","status":"publish","type":"page","link":"https:\/\/force8.coach\/de\/nutzungsbedingungen\/","title":{"rendered":"nutzungsbedingungen"},"content":{"rendered":"[mk_page_section padding_top=&#8220;60&#8243; padding_bottom=&#8220;60&#8243; sidebar=&#8220;sidebar-1&#8243;][vc_column][mk_fancy_title size=&#8220;40&#8243; font_weight=&#8220;bold&#8220; font_family=&#8220;none&#8220;]Nutzungsbedingungen Force8 Coach und My Swiss-Ski[\/mk_fancy_title][vc_column_text css=&#8220;.vc_custom_1701703074071{margin-bottom: 0px !important;}&#8220;]<b>1. Geltungsbereich der Nutzungsbedingungen<\/b><\/p>\n<p class=\"p2\">Diese Nutzungsbedingungen gelten f\u00fcr die Plattformen Force8 Coach und My Swiss-Ski (nachfolgend die <b>Plattform<\/b>), die von der Force8 AG, Seefeldstrasse 233, CH-8008 Z\u00fcrich (der <b>Betreiber<\/b>) betrieben wird.<span class=\"Apple-converted-space\">\u00a0<\/span><\/p>\n<p class=\"p2\">Force8 Coach ist ein Athleten- und Team-Management System, das es Vereinen, Verb\u00e4nden, Institutionen, Organisationen oder Einzelpersonen erm\u00f6glicht, Trainingsprogramme (mit entsprechenden hinterlegten und selber hinaufgeladenen \u00dcbungen) zu digitalisieren, alle relevanten Daten wie Statistiken, Auswertungen, Tests und Umfragen zu erfassen und \u00fcbersichtlich darzustellen. Eine Trainings- und Wettkampfplanung ist ebenfalls m\u00f6glich. Die Plattform kann auch medizinische Daten der Athleten verarbeiten, wie z.B. Allergien, Arztzeugnisse und Operationen.<\/p>\n<p class=\"p2\">Hinweis: <a href=\"https:\/\/force8.coach\/wp-content\/uploads\/2022\/01\/force8-coach-nutzungsbedingungen-v1.0-ger.pdf\" target=\"_blank\" rel=\"noopener\">Hier k\u00f6nnen Sie diese Bedingungen als PDF herunterladen.<\/a><\/p>\n<p><b>2. Nutzung der Plattform<\/b><\/p>\n<p class=\"p2\">Die Nutzung der Plattform setzt voraus, dass sie beim ersten Login als Benutzer diese Nutzungsbedingungen akzeptieren. Das Benutzerkonto besteht insbesondere aus Benutzernamen (Emailadresse) und Kennwort (Log-in-Daten). Der Nutzer ist verpflichtet, seine Log-in-Daten jederzeit geheim zu halten und Dritten nicht mitzuteilen. Das Teilen bzw. gemeinsame Benutzen von Log-in-Daten mit anderen Nutzern ist untersagt.<\/p>\n<p class=\"p2\">Der Nutzer sichert zu, dass die bei Erstellung seines Benutzerkontos verwendeten Daten zutreffend und vollst\u00e4ndig sind. Die Nutzung von Pseudonymen ist unzul\u00e4ssig.<\/p>\n<p class=\"p2\">Bei jeglicher Kommunikation des Nutzers mit anderen Nutzern entstehen etwaige Vertragsbeziehungen ausschlie\u00dflich zwischen den beteiligten Nutzern. Der Betreiber ist weder Stellvertreter noch wird er selbst Vertragspartner.<\/p>\n<p class=\"p2\">Der Betreiber ist jederzeit berechtigt, den Zugang zu einzelnen Inhalten oder Benutzerkonten zu sperren, z.B. wenn der Verdacht besteht, dass diese gegen geltendes Recht oder Rechte Dritter verstossen. Weiter ist es dem Betreiber unbenommen, den Zugang zu der Plattform aufgrund von Wartungsarbeiten, Kapazit\u00e4tsbelangen und aufgrund anderer Ereignisse, die nicht in seinem Machtbereich stehen, ganz oder teilweise, zeitweise oder auf Dauer, einzuschr\u00e4nken. Es besteht kein Anspruch des Nutzers auf Aufrechterhaltung einzelner Funktionalit\u00e4ten oder der Plattform als Ganzes.<\/p>\n<p><b>3. Mitwirkungspflicht des Nutzers<\/b><\/p>\n<p class=\"p2\">Der Nutzer verpflichtet sich, bei der Erstellung und Verwendung eigener Inhalte geltendes Recht (z.B. Straf-, Wettbewerbs- und Jugendschutzrecht) zu beachten und keine Rechte Dritter (z.B. Namens-, Marken-, Urheber- und Datenschutzrechte) zu verletzen.<span class=\"Apple-converted-space\">\u00a0<\/span> Urheberrechtlich gesch\u00fctzte Inhalte d\u00fcrfen ohne Zustimmung des jeweiligen Rechteinhabers nur im Rahmen des anwendbaren Zitatrechts aufgenommen werden.<\/p>\n<p class=\"p2\">Nicht erlaubt ist insbesondere das Verbreiten von Inhalten, die folgendes darstellen, betreffen oder beinhalten:<span class=\"Apple-converted-space\">\u00a0<\/span><\/p>\n<ul class=\"ul1\">\n<li class=\"li3\">Rassismus<\/li>\n<li class=\"li3\">Gewaltverherrlichung und Extremismus irgendwelcher Art<\/li>\n<li class=\"li3\">Aufrufe und Anstiftung zu Straftaten und Gesetzesverst\u00f6ssen, Drohungen gegen Leib, Leben oder Eigentum<\/li>\n<li class=\"li3\">Hetzen gegen Personen oder Unternehmen<\/li>\n<li class=\"li3\">pers\u00f6nlichkeitsverletzende \u00c4usserungen, Verleumdung, Ehrverletzung und \u00fcble Nachrede von Nutzern und Dritten sowie Verst\u00f6sse gegen das Lauterkeitsrecht<\/li>\n<li class=\"li3\">urheberrechtsverletzende Inhalte oder andere Verletzungen von Immaterialg\u00fcterrechten<\/li>\n<li class=\"li3\">sexuelle Bel\u00e4stigung von Nutzerinnen und Nutzern und Dritten<\/li>\n<li class=\"li3\">Pornografie<\/li>\n<li class=\"li3\">anst\u00f6ssige, sexistische, obsz\u00f6ne, vulg\u00e4re, abscheuliche oder ekelerregende Materialien und Ausdrucksweisen<span class=\"Apple-converted-space\">\u00a0<\/span><\/li>\n<\/ul>\n<p class=\"p2\">Der Nutzer darf, ohne ausdr\u00fcckliche Gestattung des Betreibers, im Portal keine Werbung f\u00fcr sich oder Dritte machen. Das bedeutet insbesondere, dass der Nutzer keine Nachrichten werbenden Inhalts ohne eine Einwilligung des Betreibers und des Empf\u00e4ngers verwenden darf (insbesondere keine Spam-Nachrichten).<\/p>\n<p><b>4. Nutzungsrechte<\/b><\/p>\n<p class=\"p2\">Der Nutzer r\u00e4umt dem Betreiber ein r\u00e4umlich und zeitlich unbeschr\u00e4nktes, unwiderrufliches auf Dritte \u00fcbertragbares, nicht exklusives, unentgeltliches Recht ein, die eingestellten Inhalte auf der Plattform zu verwerten. Von der Verwertung ausgenommen sind personenbezogene Daten. Sollten Inhalte, die personenbezogene Daten enthalten, verwertet werden, so w\u00fcrden solche Inhalte anonymisiert. Der Betreiber ist jederzeit berechtigt, die Inhalte zu verwenden, zu bearbeiten und zu verwerten. Das schliesst insbesondere das Vervielf\u00e4ltigungsrecht, das Verbreitungsrecht und das Recht der \u00f6ffentlichen Wiedergabe, insbesondere das Recht der \u00f6ffentlichen Zug\u00e4nglichmachung mit ein. Der Nutzer verzichtet auf das Recht zur Urhebernennung. Von dieser Regelung unber\u00fchrt bleibt die M\u00f6glichkeit des Nutzers, Dritten Rechte an eingestellten Inhalten nach bestimmten Lizenzmodellen einzur\u00e4umen.<span class=\"Apple-converted-space\">\u00a0<\/span><\/p>\n<p><b>5. Haftungsausschluss<\/b><\/p>\n<p class=\"p2\">Die Haftung der Force8 AG f\u00fcr alle direkten und indirekten Sch\u00e4den, unmittelbaren und mittelbaren Sch\u00e4den und Folgesch\u00e4den (inkl. entgangener Gewinn), die sich aus oder im Zusammenhang mit dem Betrieb der Plattform ergeben, sind ausgeschlossen. Insbesondere ausgeschlossen ist die Haftung der Force8 AG f\u00fcr Sch\u00e4den:<\/p>\n<ul class=\"ul1\">\n<li class=\"li3\">als Folge von St\u00f6rungen der Kommunikationsnetze, wie z.B. \u00dcbermittlungsfehler, technischen M\u00e4ngel an der Netzwerkinfrastruktur, St\u00f6rungen des Internets, rechtswidrigen Eingriffen in die Kommunikationsnetze oder \u00dcberlastungen der Kommunikationsnetze;<span class=\"Apple-converted-space\">\u00a0<\/span><\/li>\n<li class=\"li3\">als Folge von St\u00f6rungen oder Unterbr\u00fcchen beim Endger\u00e4t (Computer bzw. Smartphone) des Nutzers;<\/li>\n<li class=\"li3\">als Folge von St\u00f6rungen oder Unterbr\u00fcchen der Plattform oder der Nichtverf\u00fcgbarkeit der Plattform;<\/li>\n<li class=\"li3\">als Folge von Computerviren oder anderer Schadsoftware; und<\/li>\n<li class=\"li3\">als Folge von Ereignissen der h\u00f6heren Gewalt oder ausserhalb des Kontrollbereichs der Force8 AG oder unsachgem\u00e4sser Verwendung der Plattform.<\/li>\n<\/ul>\n<p class=\"p2\">Der Haftungsausschluss dieser Ziffer:<\/p>\n<ul class=\"ul1\">\n<li class=\"li3\">umfasst auch Handlungen und Unterlassungen von Mitarbeitern, Vertretern und anderen Hilfspersonen der Force8 AG (Hilfspersonenhaftung, Art. 101 OR, und Gesch\u00e4ftsherrenhaftung, Art. 55 OR); und<\/li>\n<li class=\"li3\">gilt f\u00fcr s\u00e4mtliche potenziellen Anspr\u00fcche des Nutzers gegen\u00fcber Force8\u00a0AG, unabh\u00e4ngig von ihrer Rechtsgrundlage; und<\/li>\n<li class=\"li3\">gilt nur soweit es gesetzlich zul\u00e4ssig ist, die Haftung auszuschliessen.<\/li>\n<\/ul>\n<p><b>6. Anwendbares Recht und Gerichtsstand<\/b><\/p>\n<p class=\"p2\">F\u00fcr alle Streitigkeiten aus oder im Zusammenhang mit der Plattform und dessen Nutzung gilt Schweizer Recht.<span class=\"Apple-converted-space\">\u00a0<\/span><\/p>\n<p class=\"p4\">Ausschliesslicher Gerichtsstand ist Z\u00fcrich, Kanton Z\u00fcrich, Schweiz.<\/p>\n[\/vc_column_text][\/vc_column][\/mk_page_section]\n","protected":false},"excerpt":{"rendered":"<p>[mk_page_section padding_top=&#8220;60&#8243; padding_bottom=&#8220;60&#8243; sidebar=&#8220;sidebar-1&#8243;][vc_column][mk_fancy_title size=&#8220;40&#8243; font_weight=&#8220;bold&#8220; font_family=&#8220;none&#8220;]Nutzungsbedingungen Force8 Coach und My Swiss-Ski[\/mk_fancy_title][vc_column_text css=&#8220;.vc_custom_1701703074071{margin-bottom: 0px !important;}&#8220;]1. Geltungsbereich der Nutzungsbedingungen Diese Nutzungsbedingungen gelten f\u00fcr die Plattformen Force8 Coach und My Swiss-Ski (nachfolgend die Plattform), die von der Force8 AG, Seefeldstrasse 233, CH-8008 Z\u00fcrich (der Betreiber) betrieben wird.\u00a0 Force8 Coach ist ein Athleten- und Team-Management System, das es [&hellip;]<\/p>\n","protected":false},"author":1,"featured_media":0,"parent":0,"menu_order":0,"comment_status":"closed","ping_status":"closed","template":"","meta":{"inline_featured_image":false,"footnotes":""},"_links":{"self":[{"href":"https:\/\/force8.coach\/de\/wp-json\/wp\/v2\/pages\/8672"}],"collection":[{"href":"https:\/\/force8.coach\/de\/wp-json\/wp\/v2\/pages"}],"about":[{"href":"https:\/\/force8.coach\/de\/wp-json\/wp\/v2\/types\/page"}],"author":[{"embeddable":true,"href":"https:\/\/force8.coach\/de\/wp-json\/wp\/v2\/users\/1"}],"replies":[{"embeddable":true,"href":"https:\/\/force8.coach\/de\/wp-json\/wp\/v2\/comments?post=8672"}],"version-history":[{"count":6,"href":"https:\/\/force8.coach\/de\/wp-json\/wp\/v2\/pages\/8672\/revisions"}],"predecessor-version":[{"id":12630,"href":"https:\/\/force8.coach\/de\/wp-json\/wp\/v2\/pages\/8672\/revisions\/12630"}],"wp:attachment":[{"href":"https:\/\/force8.coach\/de\/wp-json\/wp\/v2\/media?parent=8672"}],"curies":[{"name":"wp","href":"https:\/\/api.w.org\/{rel}","templated":true}]}}