{"id":8811,"date":"2022-01-13T12:27:30","date_gmt":"2022-01-13T12:27:30","guid":{"rendered":"https:\/\/force8.coach\/jobs\/"},"modified":"2024-02-16T11:27:03","modified_gmt":"2024-02-16T11:27:03","slug":"jobs","status":"publish","type":"page","link":"https:\/\/force8.coach\/de\/jobs\/","title":{"rendered":"Jobs"},"content":{"rendered":"<div class=\"wpb-content-wrapper\">[mk_page_section padding_top=&#8220;60&#8243; padding_bottom=&#8220;60&#8243; sidebar=&#8220;sidebar-1&#8243;][vc_column][mk_fancy_title size=&#8220;45&#8243; font_weight=&#8220;bold&#8220; font_family=&#8220;none&#8220;]Force8 &#8211; Digital. Sport. Innovations.[\/mk_fancy_title][vc_column_text css=&#8220;.vc_custom_1675845036723{margin-bottom: 0px !important;}&#8220;]Force8 ist ein internationales Sporttechnologie-Unternehmen mit Sitz in Z\u00fcrich (Schweiz), das seit 2008 intelligente Systeme f\u00fcr das Management und das Montitoring von Athleten und Teams entwickelt. Wir arbeiten f\u00fcr weltweit f\u00fchrende Verb\u00e4nde wie Swiss-Ski, PluSport, Deutscher Eishockey Bund, Swiss Aquatics und bekannte Vereine wie EV Zug, ZSC Lions etc. Unsere L\u00f6sungen werden in Zusammenarbeit mit Experten aus Praxis und Wissenschaft entwickelt.<\/p>\n<p>Als Sportbegeisterte wollen wir allen Vereinen, Verb\u00e4nden, Institutionen und Organisationen vom Amateur- bis zum Profisport die M\u00f6glichkeit geben, mit unseren Produkten zu arbeiten.<\/p>\n<p>Force8 ist ein Unternehmen, bei welchem man von \u00fcberall arbeitet kann.[\/vc_column_text][\/vc_column][\/mk_page_section][mk_page_section bg_color=&#8220;#f9f9f9&#8243; padding_top=&#8220;60&#8243; padding_bottom=&#8220;60&#8243; sidebar=&#8220;sidebar-1&#8243;][vc_column][mk_fancy_title size=&#8220;30&#8243; font_weight=&#8220;bold&#8220; margin_bottom=&#8220;0&#8243; font_family=&#8220;none&#8220;]<strong>Sales Development Representative (m\/w\/d) 40-80% &#8211; STELLE DERZEIT BESETZT<br \/>\n<\/strong>[\/mk_fancy_title][vc_column_text css=&#8220;.vc_custom_1675844859793{margin-bottom: 0px !important;}&#8220;][\/vc_column_text][mk_padding_divider][vc_row_inner][vc_column_inner width=&#8220;1\/3&#8243;][vc_column_text css=&#8220;.vc_custom_1708082613416{margin-bottom: 0px !important;}&#8220;]<strong>Ihre Rolle &#8211; grosses Entwicklungspotenzial<\/strong><\/p>\n<p>Als <strong>Sales Development Representative (SDR)<\/strong> nehmen Sie an einem Programm teil, welches Ihnen eine langfristige Vertriebskarriere bei Force8 gew\u00e4hrleistet. Dieses besteht aus <strong>drei aufeinander aufbauenden Phasen<\/strong>:<\/p>\n<p><strong>Phase 1: <\/strong><\/p>\n<ul>\n<li>Sie werden als <strong>Sales Development Representative<\/strong> arbeiten. Wir bringen Ihnen die Sporttechnologiebranche und unsere hervorragenden SaaS-Produkte n\u00e4her. Durch Inbound- und Outbound-Prospecting generieren Sie Verkaufsnachfrage und Umsatzpotential.<\/li>\n<li>Die Hauptaufgabe dieser Rolle wird es sein, unsere Mission mit potenziellen Kunden zu teilen und umsatzsteigernde Meeting-M\u00f6glichkeiten f\u00fcr das Vertriebsteam zu schaffen.<\/li>\n<li>Zu den wichtigsten Aufgaben geh\u00f6ren die enge Zusammenarbeit mit dem Vertriebsteam bei der Auswahl von Zielgruppen, der Akquise und der Planung von Kundenkontakten sowie die Generierung eines kontinuierlichen Stroms von Gespr\u00e4chen in diesen Zielgebieten.<\/li>\n<li>Ein erfolgreicher Kandidat bringt die Bereitschaft zur kontinuierlichen Verbesserung mit und verf\u00fcgt \u00fcber herausragende F\u00e4higkeiten in den Bereichen Kundenplanung, Kundenbetreuung und Teamverkauf.<\/li>\n<li>Dieser Job wird Ihnen helfen, profunde Verkaufskompetenzen in Kombination mit einem authentischen Verkaufsansatz zu entwickeln.<\/li>\n<\/ul>\n<p><strong>Phase 2: <\/strong><em>(wenn gew\u00fcnscht und qualifiziert)<\/em><\/p>\n<ul>\n<li>Sie werden zum <strong>Account Executive<\/strong> bef\u00f6rdert. In dieser Rolle setzen Sie die Akquise fort. Ausserdem f\u00fchren Sie selbst Online-Produktpr\u00e4sentationen durch und erstellen Angebote f\u00fcr Ihre akquirierten potenziellen Kunden. Sie werden lernen, wie Sie mit diesen potenziellen Kunden verhandeln und Gesch\u00e4fte abschliessen k\u00f6nnen.<\/li>\n<\/ul>\n<p><strong>Phase 3: <\/strong><em>(wenn gew\u00fcnscht und qualifiziert)<\/em><\/p>\n<ul>\n<li>Sie werden zum <strong>Customer Success Manager<\/strong> bef\u00f6rdert. In dieser Phase betreuen Sie die Kunden, die Sie gewonnen haben, weiter. Sie spielen eine Schl\u00fcsselrolle dabei, sicherzustellen, dass die von Ihnen betreuten Kunden das Beste aus unseren Produkten und Dienstleistungen herausholen. Dar\u00fcber hinaus lernen Sie, wie Sie zus\u00e4tzliche Module an bestehende Kunden verkaufen k\u00f6nnen.<\/li>\n<\/ul>\n[\/vc_column_text][\/vc_column_inner][vc_column_inner width=&#8220;1\/3&#8243;][vc_column_text css=&#8220;.vc_custom_1708082622959{margin-bottom: 0px !important;}&#8220;]<strong>Was Sie gerne tun sollten (in Phase 1):<\/strong><\/p>\n<ul>\n<li>Strategische Recherche\/Ermittlung potenzieller Kunden und Generierung qualifizierter Leads.<\/li>\n<li>Effektives Vermitteln unserer Mission und unserer Produkte an potenzielle Kunden, indem Sie aufzeigen, warum eine Zusammenarbeit mit Force8 f\u00fcr die Unternehmen von Nutzen sein wird.<\/li>\n<li>Beschleunigung der Gesch\u00e4ftsentwicklung durch ausgehende Anrufe und Versendung strategischer E-Mails, die direkt auf die Bed\u00fcrfnisse eines potenziellen Kunden eingehen.<\/li>\n<li>Zusammenarbeit mit Teammitgliedern, um Interessenten durch effektives Team-Selling in Kunden umzuwandeln, einschliesslich der Vorbereitung von Meetings, Nachbereitung und Partnerschaften, um Interessenten durch den Zyklus der Nachfragegenerierung zu bringen.<\/li>\n<li>Entwerfen, organisieren und f\u00fchren Sie hocheffektive Outreach-Kampagnen (f\u00fcr \u2018warme\u2019 und \u2018kalte\u2019 Beziehungen) durch, um einen konstanten Strom von monatlichen Meetings zu generieren. Kontinuierliche Verbesserung durch A\/B-Tests.<\/li>\n<li>Nutzung von Hubspot und verwandten Systemen zur Gew\u00e4hrleistung eines genauen Wissenstransfers in Bezug auf die Entwicklung von Kunden, den Fortschritt bei der Kontaktaufnahme und die Verfolgung von Gesch\u00e4ftsm\u00f6glichkeiten.<\/li>\n<li>Sie entwickeln Ihre Verkaufskompetenzen schnell durch die t\u00e4gliche Arbeit und durch Schulungen und Veranstaltungen.<\/li>\n<\/ul>\n[\/vc_column_text][\/vc_column_inner][vc_column_inner width=&#8220;1\/3&#8243;][vc_column_text css=&#8220;.vc_custom_1708082638352{margin-bottom: 0px !important;}&#8220;]<strong>Wonach wir suchen:<\/strong><\/p>\n<ul>\n<li>Vollst\u00e4ndige Beherrschung der Gesch\u00e4ftssprache Deutsch und Englisch (und\/oder Franz\u00f6sisch).<\/li>\n<li>Mehr als ein Jahr Erfahrung in einem kommerziellen Unternehmen bevorzugt.<\/li>\n<li>Sie lieben Sport und betreiben (oder betrieben) eine Sportart in einem Verein.<\/li>\n<li>Idealerweise haben Sie Erfahrung in der (ehrenamtlichen) Vereinsarbeit (z. B. als Teammanager, Trainer, Assistent, Jugendf\u00f6rderer usw.).<\/li>\n<li>Sie sind ziel- und handlungsorientiert, haben ein Gef\u00fchl f\u00fcr Dringlichkeit und sind entschlossen, Ihre Ziele zu \u00fcbertreffen.<\/li>\n<li>Sie sind in der Lage, schnell vertrauensvolle Arbeitsbeziehungen zu einer Vielzahl von Menschen und Pers\u00f6nlichkeiten aufzubauen.<\/li>\n<li>Sie sind neugierig und verstehen es, Informationen zu pr\u00fcfen und zu konsolidieren, um verwertbare Erkenntnisse zu gewinnen.<\/li>\n<li>Sie sind in der Lage, auf Kunden zuzugehen, um Termine zu vereinbaren, und k\u00f6nnen Hindernisse mit Beharrlichkeit und Gelassenheit \u00fcberwinden.<\/li>\n<li>Sie sind in der Lage, in einem Umfeld zu arbeiten, in dem der Verkauf im Team stattfindet.<\/li>\n<li>Sie sind leidenschaftlich, proaktiv, einfallsreich und streben nach Spitzenleistungen und guten Ergebnissen.<\/li>\n<li>Sie f\u00fchlen sich in einem schnelllebigen, dynamischen Arbeitsumfeld wohl und sind in der Lage, mehrere Priorit\u00e4ten gleichzeitig zu bew\u00e4ltigen.<\/li>\n<li>Sie verf\u00fcgen \u00fcber ausgezeichnete Kommunikations-, Organisations- und Zeitmanagementf\u00e4higkeiten.<\/li>\n<li>Kenntnisse in MS Office, Google Suite, Hubspot oder einem vergleichbaren CRM, bevorzugt.<\/li>\n<\/ul>\n[\/vc_column_text][\/vc_column_inner][\/vc_row_inner][mk_padding_divider][vc_column_text css=&#8220;.vc_custom_1676280073886{margin-bottom: 0px !important;}&#8220;]<strong>Was wir anbieten:<\/strong><\/p>\n<ul>\n<li><strong>Festgehalt <\/strong>&#8211; Wir bieten ein wettbewerbsf\u00e4higes Festgehalt. Dieses Gehalt kann schnell steigen, wenn Sie Ihre Ziele erreicht haben und\/oder in die n\u00e4chste Phase eintreten.<\/li>\n<li><strong>Tolle Leute um Sie herum <\/strong>&#8211; Arbeiten Sie in einem internationalen Umfeld mit Gleichgesinnten in einer einzigartigen Mischung aus jungen und erfahrenen Kollegen, die nach Qualit\u00e4t, Wirkung und Teamerfolg streben.<\/li>\n<li><strong>Unternehmerisches Arbeitsumfeld <\/strong>&#8211; \u00dcbernehmen Sie die Verantwortung f\u00fcr Projekte in einem gut etablierten, aber Start-Up-m\u00e4ssigen Umfeld, in dem hervorragende Leistungen anerkannt werden.<\/li>\n<li><strong>Steile Lernkurve und intellektuell anregende Arbeit <\/strong>&#8211; Steigen Sie ein in eine Karriere in einem schnelllebigen Umfeld, das anspruchsvolle und anregende Arbeit und damit verbundene Entwicklungsberatung und Unterst\u00fctzung bietet.<\/li>\n<li><strong>Modernes Arbeitsmodell <\/strong>&#8211; Werden Sie Teil eines Unternehmens, das auf den Megatrend der Selbstst\u00e4ndigkeit setzt.<\/li>\n<li><strong>Einflussreiche Arbeit und die M\u00f6glichkeit, das Unternehmen mitzugestalten <\/strong>&#8211; Erleben Sie Ihren eigenen Einfluss auf die Arbeitsweise von Force8 und nutzen Sie die M\u00f6glichkeit, die Zukunft des Unternehmens mitzugestalten.<\/li>\n<\/ul>\n<p><em>Force8 ist bestrebt, eine Kultur der Integration zu f\u00f6rdern und eine vielf\u00e4ltige Belegschaft aufzubauen. Vielfalt macht uns st\u00e4rker. Sie kommt in vielen Formen vor. Geschlecht, Rasse, ethnische Zugeh\u00f6rigkeit, Religion, Politik, sexuelle Orientierung, Alter, Behinderung und Lebenserfahrung machen uns alle zu einzigartigen Individuen. Wir sch\u00e4tzen die Menschen als die, die sie sind, und die Beitr\u00e4ge, die sie in unsere Teams einbringen k\u00f6nnen.<\/em><\/p>\n<p><strong>Ihr Ansprechpartner:<\/strong><\/p>\n<p><strong>Name:<\/strong> Mike<br \/>\n<strong>E-Mail:<\/strong> jobs at force8.coach<br \/>\n<strong>Lebenslauf: <\/strong>Wenn Sie sich auf eine Stelle bewerben, senden Sie uns bitte auf jeden Fall Ihren Lebenslauf<br \/>\n<strong>Datenschutz: <\/strong>Wir l\u00f6schen Ihren Lebenslauf und andere pers\u00f6nliche Daten, wenn wir Sie nicht einstellen. Aufgrund des hohen Bewerbungsaufkommens kann es auch vorkommen, dass Sie keine R\u00fcckmeldung von uns erhalten. In diesem Fall hat Ihre Bewerbung nicht unseren Erwartungen entsprochen.[\/vc_column_text][\/vc_column][\/mk_page_section][mk_page_section bg_color=&#8220;#f9f9f9&#8243; padding_top=&#8220;60&#8243; padding_bottom=&#8220;60&#8243; sidebar=&#8220;sidebar-1&#8243;][vc_column][mk_fancy_title size=&#8220;30&#8243; font_weight=&#8220;bold&#8220; margin_bottom=&#8220;0&#8243; font_family=&#8220;none&#8220;]<strong>Customer Success Manager (m\/w\/d) 50-80% <\/strong>&#8211; <strong>STELLE DERZEIT BESETZT<\/strong>[\/mk_fancy_title][vc_column_text css=&#8220;.vc_custom_1675844859793{margin-bottom: 0px !important;}&#8220;][\/vc_column_text][mk_padding_divider][vc_row_inner][vc_column_inner width=&#8220;1\/3&#8243;][vc_column_text css=&#8220;.vc_custom_1708082668735{margin-bottom: 0px !important;}&#8220;]<strong>Ihre Rolle:<\/strong><\/p>\n<ul>\n<li>Wir suchen derzeit eine kundenorientierte, energiegeladene und hochmotivierte Person zur Verst\u00e4rkung unseres Customer Success Teams.<\/li>\n<li>Der <strong>Customer Success Manager<\/strong> (CSM) ist f\u00fcr den Aufbau und die Pflege enger Beziehungen zu den ihm zugewiesenen Kunden verantwortlich und sorgt f\u00fcr ein hohes Ma\u00df an Kundenzufriedenheit und die Anerkennung des ROI, was zu einer starken Erneuerung und zu Wachstumsm\u00f6glichkeiten f\u00fchrt.<\/li>\n<li>Der CSM arbeitet eng mit unseren Kunden, dem Vertrieb, dem Kundensupport, dem Produktmanagement und den Finanzteams zusammen, um sicherzustellen, dass unsere Dienstleistungen erfolgreich erbracht werden.<\/li>\n<\/ul>\n[\/vc_column_text][\/vc_column_inner][vc_column_inner width=&#8220;1\/3&#8243;][vc_column_text css=&#8220;.vc_custom_1708082677785{margin-bottom: 0px !important;}&#8220;]<strong>Was Sie gerne tun sollten:<br \/>\n<\/strong><\/p>\n<ul>\n<li>F\u00fchren Sie die Erstanmeldung von Force8-Kunden durch und sorgen Sie f\u00fcr eine starke Akzeptanz und eine kontinuierliche Einbindung w\u00e4hrend der gesamten Lebensdauer des Kunden.<\/li>\n<li>Aufbau von Beziehungen zu den zugewiesenen Kunden, Unterst\u00fctzung bei Problemen und kontinuierliche Begeisterung f\u00fcr sie durch eine positive, kundenorientierte Einstellung. Bereitstellung einer proaktiven Strategie f\u00fcr die ihnen zugewiesenen Kundenkonten.<\/li>\n<li>Zusammenarbeit mit den Kunden, um sicherzustellen, dass sie unsere Produkte und Dienstleistungen zu sch\u00e4tzen wissen.<\/li>\n<li>Werden Sie Experte f\u00fcr Athleten-Management-Systeme und informieren Sie Ihre Kunden \u00fcber den Einsatz und die Vorteile unserer Produkte.<\/li>\n<li>Arbeiten Sie eng mit dem Vertrieb, dem Support, der Rechnungsstellung und anderen technischen Teams zusammen, um ein au\u00dfergew\u00f6hnliches Kundenerlebnis zu gew\u00e4hrleisten und sich um alle Kundenprobleme zu k\u00fcmmern.<\/li>\n<li>Seien Sie ein F\u00fcrsprecher der Kunden, indem Sie das Kundenfeedback erfassen und Anfragen an das Produktmanagement und die Entwicklung weiterleiten.<\/li>\n<li>Effizientes Zeitmanagement, um sich auf die wesentlichen Aktivit\u00e4ten zu konzentrieren und Kundenzufriedenheit, Kundenerneuerung und Kundenwachstum zu gew\u00e4hrleisten.<\/li>\n<li>Entwicklung und Austausch bew\u00e4hrter Verfahren mit den Teammitgliedern zur kontinuierlichen Verbesserung der Qualit\u00e4t, Effektivit\u00e4t und Effizienz unserer Prozesse.<\/li>\n<li>Aufrechterhaltung einer Umsatzbasis durch Verwaltung der Kundenbindung und -erneuerung.<\/li>\n<li>Steigern Sie den Upgrade-Umsatz durch eine h\u00f6here Produktakzeptanz und eine st\u00e4rkere Nutzung.<\/li>\n<\/ul>\n[\/vc_column_text][\/vc_column_inner][vc_column_inner width=&#8220;1\/3&#8243;][vc_column_text css=&#8220;.vc_custom_1708082687365{margin-bottom: 0px !important;}&#8220;]<strong>Wonach wir suchen:<\/strong><\/p>\n<ul>\n<li>Bachelor-Abschluss und 1-3 Jahre Erfahrung in einer kundenorientierten Funktion, z. B. im Bereich Customer Success, Customer Support oder Account Management.<\/li>\n<li>Vollst\u00e4ndige Beherrschung der Gesch\u00e4ftssprache Deutsch und Englisch (und\/oder Franz\u00f6sisch)<\/li>\n<li>Ausgepr\u00e4gte telefonische, schriftliche und m\u00fcndliche Kommunikationsf\u00e4higkeiten sowie ausgezeichnete Pr\u00e4sentationsf\u00e4higkeiten.<\/li>\n<li>Selbstbewusst, energiegeladen, selbstmotiviert und ein echter Teamplayer.<\/li>\n<li>Erfahrung in der Arbeit mit Kundenkontakten auf hoher und h\u00f6chster Ebene.<\/li>\n<li>Nachgewiesene F\u00e4higkeit und Bereitschaft, in einem schnelllebigen Umfeld zu arbeiten und sich auszuzeichnen.<\/li>\n<li>Ausgezeichnete Multitasking- und Projektmanagementf\u00e4higkeiten.<\/li>\n<li>Verst\u00e4ndnis f\u00fcr Internet- und Webanwendungen und Interesse am Erlernen neuer Technologien.<\/li>\n<li>F\u00e4higkeit, Aufgaben im Zusammenhang mit SaaS zu verstehen und zu formulieren.<\/li>\n<li>Sie m\u00fcssen nachweislich \u00fcber ein Verst\u00e4ndnis von sportbezogenen Prozessen (auf Vereins- und\/oder Verbandsebene) verf\u00fcgen, wobei vorherige Erfahrungen mit SaaS bevorzugt werden.<\/li>\n<li>Gute Organisation, hohe Detailgenauigkeit und die F\u00e4higkeit, Priorit\u00e4ten zu setzen.<\/li>\n<li>Beherrschung von MS Office.<\/li>\n<\/ul>\n[\/vc_column_text][\/vc_column_inner][\/vc_row_inner][mk_padding_divider][vc_column_text css=&#8220;.vc_custom_1676280086161{margin-bottom: 0px !important;}&#8220;]<strong>Was wir anbieten:<\/strong><\/p>\n<ul>\n<li><strong>Festgehalt <\/strong>&#8211; Wir bieten ein wettbewerbsf\u00e4higes Festgehalt. Dieses Gehalt kann schnell steigen, wenn die Ziele erreicht sind.<\/li>\n<li><strong>Tolle Leute um Sie herum <\/strong>&#8211; Arbeiten Sie in einem internationalen Umfeld mit Gleichgesinnten in einer einzigartigen Mischung aus jungen und erfahrenen Kollegen, die nach Qualit\u00e4t, Wirkung und Teamerfolg streben.<\/li>\n<li><strong>Unternehmerisches Arbeitsumfeld <\/strong>&#8211; \u00dcbernahme von Verantwortung f\u00fcr Projekte in einem gut etablierten, aber gr\u00fcndungs\u00e4hnlichen Umfeld, in dem herausragende Leistungen anerkannt werden<\/li>\n<li><strong>Steile Lernkurve und intellektuell anregende Arbeit <\/strong>&#8211; Steigen Sie ein in eine Karriere in einem schnelllebigen Umfeld, das anspruchsvolle und anregende Arbeit und damit verbundene Entwicklungsberatung und Unterst\u00fctzung bietet.<\/li>\n<li><strong>Einzigartiges Liefermodell <\/strong>&#8211; Werden Sie Teil eines Unternehmens, das auf den Megatrend der Selbstst\u00e4ndigkeit setzt.<\/li>\n<li><strong>Einflussreiche Arbeit und die M\u00f6glichkeit, das Unternehmen mitzugestalten <\/strong>&#8211; Erleben Sie Ihren eigenen Einfluss auf die Arbeitsweise von Force8 und nutzen Sie die M\u00f6glichkeit, die Zukunft des Unternehmens mitzugestalten.<\/li>\n<\/ul>\n<p><em>Force8 ist bestrebt, eine Kultur der Integration zu f\u00f6rdern und eine vielf\u00e4ltige Belegschaft aufzubauen. Vielfalt macht uns st\u00e4rker. Sie kommt in vielen Formen vor. Geschlecht, Rasse, ethnische Zugeh\u00f6rigkeit, Religion, Politik, sexuelle Orientierung, Alter, Behinderung und Lebenserfahrung machen uns alle zu einzigartigen Individuen. Wir sch\u00e4tzen die Menschen als die, die sie sind, und die Beitr\u00e4ge, die sie in unsere Teams einbringen k\u00f6nnen.<\/em><\/p>\n<p><strong>Ihr Ansprechpartner:<\/strong><\/p>\n<p><strong>Name:<\/strong> Mike<br \/>\n<strong>E-Mail:<\/strong> jobs at force8.coach<br \/>\n<strong>Lebenslauf: <\/strong>Wenn Sie sich auf eine Stelle bewerben, senden Sie uns bitte auf jeden Fall Ihren Lebenslauf<br \/>\n<strong>Schutz der Daten: <\/strong>Wir l\u00f6schen Ihren Lebenslauf und andere pers\u00f6nliche Daten, wenn wir Sie nicht einstellen. Aufgrund des hohen Bewerbungsaufkommens kann es auch vorkommen, dass Sie keine R\u00fcckmeldung von uns erhalten. In diesem Fall hat Ihre Bewerbung nicht unseren Erwartungen entsprochen.[\/vc_column_text][\/vc_column][\/mk_page_section][mk_page_section bg_color=&#8220;#f9f9f9&#8243; padding_top=&#8220;60&#8243; padding_bottom=&#8220;60&#8243; sidebar=&#8220;sidebar-1&#8243;][vc_column][mk_fancy_title size=&#8220;30&#8243; font_weight=&#8220;bold&#8220; margin_bottom=&#8220;0&#8243; font_family=&#8220;none&#8220;]Coaches f\u00fcr den regionalen Verkauf[\/mk_fancy_title][vc_column_text css=&#8220;.vc_custom_1643961379079{margin-bottom: 0px !important;}&#8220;]Du bist ein <strong>Sporttrainer:in<\/strong> und m\u00f6chtest <strong>mit dem Sport, den du liebst,<\/strong> <strong>zus\u00e4tzliches Geld verdienen<\/strong>? Unsere <strong>grossartigen Produkte und unsere Provisionsstruktur<\/strong> werden dir helfen, genau das &#8211; und noch mehr! &#8211; zu erreichen.[\/vc_column_text][mk_padding_divider][vc_row_inner][vc_column_inner width=&#8220;1\/3&#8243;][vc_column_text css=&#8220;.vc_custom_1679037649703{margin-bottom: 0px !important;}&#8220;]<strong><span style=\"font-size: 18px;\">Verantwortlichkeiten<br \/>\n<\/span><\/strong><\/p>\n<p>Wir suchen Trainer:innen, die motiviert sind, mit unserem Athlet:innen- und Teammanagement-System Force8 Coach zu arbeiten und es an andere Organisationen (Clubs, Akademien, Hochschulen etc.) zu verkaufen.[\/vc_column_text][\/vc_column_inner][vc_column_inner width=&#8220;1\/3&#8243;][vc_column_text css=&#8220;.vc_custom_1643818794614{margin-bottom: 0px !important;}&#8220;]<strong><span style=\"font-size: 18px;\">Profil<\/span><\/strong><\/p>\n<p>Du musst \u00fcber ausgepr\u00e4gte Verkaufs- und Kundendienstf\u00e4higkeiten verf\u00fcgen und ein breites Netzwerk in der Sport-Community haben. Du generierst neue Kundenkontakte und schliesst sogar selber Gesch\u00e4fte ab &#8211; unterst\u00fctzt von unserem Country Manager.[\/vc_column_text][\/vc_column_inner][vc_column_inner width=&#8220;1\/3&#8243;][vc_column_text css=&#8220;.vc_custom_1643818861463{margin-bottom: 0px !important;}&#8220;]<strong><span style=\"font-size: 18px;\">Was wir Dir bieten<br \/>\n<\/span><\/strong><\/p>\n<p>Alle Verk\u00e4ufe, die mit deiner Hilfe zustande kommen, werden mit einer grossz\u00fcgigen Provision sowie j\u00e4hrlichen Lizenzauszahlungen verg\u00fctet. F\u00fcr diese Stelle brauchst du nur ein paar Stunden pro Woche und Force8 stellt dir die ben\u00f6tigten Materialien zur Verf\u00fcgung.[\/vc_column_text][\/vc_column_inner][\/vc_row_inner][mk_padding_divider][vc_column_text css=&#8220;.vc_custom_1679037659147{margin-bottom: 0px !important;}&#8220;]<em>Force8 ist bestrebt, eine Kultur der Integration zu f\u00f6rdern und eine vielf\u00e4ltige Belegschaft aufzubauen. Vielfalt macht uns st\u00e4rker. Sie kommt in vielen Formen vor. Geschlecht, Rasse, ethnische Zugeh\u00f6rigkeit, Religion, Politik, sexuelle Orientierung, Alter, Behinderung und Lebenserfahrung machen uns alle zu einzigartigen Individuen. Wir sch\u00e4tzen die Menschen als die, die sie sind, und die Beitr\u00e4ge, die sie in unsere Teams einbringen k\u00f6nnen.<\/em><\/p>\n<p><strong>Ihr Ansprechpartner:<\/strong><\/p>\n<p><strong>Name:<\/strong> Mike<br \/>\n<strong>E-Mail:<\/strong> jobs at force8.coach<br \/>\n<strong>Lebenslauf: <\/strong>Wenn Sie sich auf eine Stelle bewerben, senden Sie uns bitte auf jeden Fall Ihren Lebenslauf<br \/>\n<strong>Schutz der Daten: <\/strong>Wir l\u00f6schen Ihren Lebenslauf und andere pers\u00f6nliche Daten, wenn wir Sie nicht einstellen. Aufgrund des hohen Bewerbungsaufkommens kann es auch vorkommen, dass Sie keine R\u00fcckmeldung von uns erhalten. In diesem Fall hat Ihre Bewerbung nicht unseren Erwartungen entsprochen.[\/vc_column_text][\/vc_column][\/mk_page_section]\n<\/div>","protected":false},"excerpt":{"rendered":"<p>[mk_page_section padding_top=&#8220;60&#8243; padding_bottom=&#8220;60&#8243; sidebar=&#8220;sidebar-1&#8243;][vc_column][mk_fancy_title size=&#8220;45&#8243; font_weight=&#8220;bold&#8220; font_family=&#8220;none&#8220;]Force8 &#8211; Digital. Sport. Innovations.[\/mk_fancy_title][vc_column_text css=&#8220;.vc_custom_1675845036723{margin-bottom: 0px !important;}&#8220;]Force8 ist ein internationales Sporttechnologie-Unternehmen mit Sitz in Z\u00fcrich (Schweiz), das seit 2008 intelligente Systeme f\u00fcr das Management und das Montitoring von Athleten und Teams entwickelt. Wir arbeiten f\u00fcr weltweit f\u00fchrende Verb\u00e4nde wie Swiss-Ski, PluSport, Deutscher Eishockey Bund, Swiss Aquatics und bekannte [&hellip;]<\/p>\n","protected":false},"author":1,"featured_media":0,"parent":0,"menu_order":0,"comment_status":"closed","ping_status":"closed","template":"","meta":{"inline_featured_image":false,"footnotes":""},"_links":{"self":[{"href":"https:\/\/force8.coach\/de\/wp-json\/wp\/v2\/pages\/8811"}],"collection":[{"href":"https:\/\/force8.coach\/de\/wp-json\/wp\/v2\/pages"}],"about":[{"href":"https:\/\/force8.coach\/de\/wp-json\/wp\/v2\/types\/page"}],"author":[{"embeddable":true,"href":"https:\/\/force8.coach\/de\/wp-json\/wp\/v2\/users\/1"}],"replies":[{"embeddable":true,"href":"https:\/\/force8.coach\/de\/wp-json\/wp\/v2\/comments?post=8811"}],"version-history":[{"count":16,"href":"https:\/\/force8.coach\/de\/wp-json\/wp\/v2\/pages\/8811\/revisions"}],"predecessor-version":[{"id":14012,"href":"https:\/\/force8.coach\/de\/wp-json\/wp\/v2\/pages\/8811\/revisions\/14012"}],"wp:attachment":[{"href":"https:\/\/force8.coach\/de\/wp-json\/wp\/v2\/media?parent=8811"}],"curies":[{"name":"wp","href":"https:\/\/api.w.org\/{rel}","templated":true}]}}