{"id":12369,"date":"2023-11-16T15:53:53","date_gmt":"2023-11-16T15:53:53","guid":{"rendered":"https:\/\/force8.coach\/collecte-et-traitement-des-donnees-de-sante\/"},"modified":"2023-11-17T11:35:22","modified_gmt":"2023-11-17T11:35:22","slug":"collecte-et-traitement-des-donnees-de-sante","status":"publish","type":"page","link":"https:\/\/force8.coach\/fr\/collecte-et-traitement-des-donnees-de-sante\/","title":{"rendered":"Collecte et Traitement des Donn\u00e9es des Trackers de Fitness"},"content":{"rendered":"<h1>Collecte et Traitement des Donn\u00e9es des Trackers de Fitness<\/h1>\n<p>Derni\u00e8re mise \u00e0 jour : 16 novembre 2023<b><br \/>\n<\/b><\/p>\n<h3><\/h3>\n<p>&nbsp;<\/p>\n<h3><b>Recherche d&rsquo;informations<\/b><\/h3>\n<p>Force8 Coach r\u00e9cup\u00e8re et re\u00e7oit des informations de divers<strong><a href=\"https:\/\/force8.coach\/fr\/integrations\/\">Fournisseurs de Trackers de Fitness<\/a><\/strong>, sous r\u00e9serve de l&rsquo;autorisation de l&rsquo;utilisateur. Sans les autorisations n\u00e9cessaires, le Coach Force8 ne peut pas acc\u00e9der \u00e0 ces informations ni les recevoir.<\/p>\n<h3><b>Informations trait\u00e9es<\/b><\/h3>\n<p>Les donn\u00e9es trait\u00e9es sont conserv\u00e9es en toute s\u00e9curit\u00e9 jusqu&rsquo;\u00e0 ce que l&rsquo;utilisateur choisisse de les supprimer. A la date d&rsquo;aujourd&rsquo;hui, Force8 Coach traite et conserve les informations suivantes :<\/p>\n<ul>\n<li>Date et heure de l&rsquo;activit\u00e9<\/li>\n<li>Dur\u00e9e de l&rsquo;activit\u00e9<\/li>\n<li>Valeurs de fr\u00e9quence cardiaque pour les zones<\/li>\n<li>Fr\u00e9quence cardiaque maximale et minimale<\/li>\n<li>Fr\u00e9quence cardiaque moyenne<\/li>\n<li>Dispositif utilis\u00e9<\/li>\n<\/ul>\n<p>Ces informations sont exclusivement import\u00e9es et trait\u00e9es au sein de Force8 Coach. Toute donn\u00e9e suppl\u00e9mentaire fournie ne sera ni utilis\u00e9e ni sauvegard\u00e9e.<\/p>\n<p><i><strong>Note<\/strong>: Les<strong> informations trait\u00e9es par<\/strong> Force8 Coach peuvent \u00eatre sujettes \u00e0 des changements dans le futur.<\/i><\/p>\n<h3><b>Information originale<\/b><\/h3>\n<p>Les informations originales obtenues aupr\u00e8s des <a href=\"https:\/\/force8.coach\/fr\/integrations\/\"><strong>Fournisseurs de Trackers de Fitness<\/strong><\/a> sont stock\u00e9es dans Force8 Coach pendant une p\u00e9riode de 30 jours et sont automatiquement supprim\u00e9es par la suite. La r\u00e9cup\u00e9ration de ces informations devient impossible apr\u00e8s cette p\u00e9riode, car les <a href=\"https:\/\/force8.coach\/fr\/integrations\/\"><strong>Fournisseurs de Trackers de Fitness<\/strong><\/a> n&rsquo;autorisent g\u00e9n\u00e9ralement pas le remplissage des informations au-del\u00e0 de 30 jours.<\/p>\n<p>&nbsp;<\/p>\n<p>Pour une liste mise \u00e0 jour des Fournisseurs, consultez la page <a href=\"https:\/\/force8.coach\/fr\/integrations\/\"><strong>Int\u00e9grations<\/strong><\/a>.<\/p>\n<p>&nbsp;<\/p>\n","protected":false},"excerpt":{"rendered":"<p>Collecte et Traitement des Donn\u00e9es des Trackers de Fitness Derni\u00e8re mise \u00e0 jour : 16 novembre 2023 &nbsp; Recherche d&rsquo;informations Force8 Coach r\u00e9cup\u00e8re et re\u00e7oit des informations de diversFournisseurs de Trackers de Fitness, sous r\u00e9serve de l&rsquo;autorisation de l&rsquo;utilisateur. Sans les autorisations n\u00e9cessaires, le Coach Force8 ne peut pas acc\u00e9der \u00e0 ces informations ni les [&hellip;]<\/p>\n","protected":false},"author":1,"featured_media":0,"parent":0,"menu_order":0,"comment_status":"closed","ping_status":"closed","template":"","meta":{"inline_featured_image":false,"footnotes":""},"_links":{"self":[{"href":"https:\/\/force8.coach\/fr\/wp-json\/wp\/v2\/pages\/12369"}],"collection":[{"href":"https:\/\/force8.coach\/fr\/wp-json\/wp\/v2\/pages"}],"about":[{"href":"https:\/\/force8.coach\/fr\/wp-json\/wp\/v2\/types\/page"}],"author":[{"embeddable":true,"href":"https:\/\/force8.coach\/fr\/wp-json\/wp\/v2\/users\/1"}],"replies":[{"embeddable":true,"href":"https:\/\/force8.coach\/fr\/wp-json\/wp\/v2\/comments?post=12369"}],"version-history":[{"count":7,"href":"https:\/\/force8.coach\/fr\/wp-json\/wp\/v2\/pages\/12369\/revisions"}],"predecessor-version":[{"id":12411,"href":"https:\/\/force8.coach\/fr\/wp-json\/wp\/v2\/pages\/12369\/revisions\/12411"}],"wp:attachment":[{"href":"https:\/\/force8.coach\/fr\/wp-json\/wp\/v2\/media?parent=12369"}],"curies":[{"name":"wp","href":"https:\/\/api.w.org\/{rel}","templated":true}]}}