{"id":13691,"date":"2024-01-26T17:32:34","date_gmt":"2024-01-26T17:32:34","guid":{"rendered":"https:\/\/force8.coach\/centre-danalyses-24\/"},"modified":"2025-02-19T08:56:11","modified_gmt":"2025-02-19T08:56:11","slug":"centre-danalyses","status":"publish","type":"page","link":"https:\/\/force8.coach\/fr\/centre-danalyses\/","title":{"rendered":"Centre d&rsquo;analyse"},"content":{"rendered":"[mk_page_section bg_image=\u00a0\u00bbhttps:\/\/force8.coach\/wp-content\/uploads\/2023\/03\/shutterstock_1613780899-res-scaled.jpg\u00a0\u00bb bg_color=\u00a0\u00bb#ffffff\u00a0\u00bb bg_position=\u00a0\u00bbcenter center\u00a0\u00bb bg_stretch=\u00a0\u00bbtrue\u00a0\u00bb enable_3d=\u00a0\u00bbtrue\u00a0\u00bb video_color_mask=\u00a0\u00bb#000000&Prime; video_opacity=\u00a0\u00bb0.3&Prime; min_height=\u00a0\u00bb650&Prime; js_vertical_centered=\u00a0\u00bbtrue\u00a0\u00bb sidebar=\u00a0\u00bbsidebar-1&Prime;][vc_column width=\u00a0\u00bb1\/2&Prime;][mk_fancy_title color=\u00a0\u00bb#ffffff\u00a0\u00bb size=\u00a0\u00bb35&Prime; force_font_size=\u00a0\u00bbtrue\u00a0\u00bb size_phone=\u00a0\u00bb25&Prime; font_weight=\u00a0\u00bb400&Prime; font_style=\u00a0\u00bbnormal\u00a0\u00bb letter_spacing=\u00a0\u00bb1&Prime; margin_bottom=\u00a0\u00bb0&Prime; font_family=\u00a0\u00bbnone\u00a0\u00bb]Centre d&rsquo;analyse[\/mk_fancy_title][mk_fancy_title tag_name=\u00a0\u00bbh1&Prime; color=\u00a0\u00bb#ffffff\u00a0\u00bb size=\u00a0\u00bb64&Prime; force_font_size=\u00a0\u00bbtrue\u00a0\u00bb size_phone=\u00a0\u00bb50&Prime; line_height=\u00a0\u00bb95&Prime; font_weight=\u00a0\u00bb900&Prime; font_style=\u00a0\u00bbnormal\u00a0\u00bb letter_spacing=\u00a0\u00bb1&Prime; margin_bottom=\u00a0\u00bb0&Prime; font_family=\u00a0\u00bbnone\u00a0\u00bb]Soutiens ton instinct[\/mk_fancy_title][\/vc_column][vc_column width=\u00a0\u00bb1\/2&Prime;][\/vc_column][\/mk_page_section][mk_page_section bg_color=\u00a0\u00bb#f9f9f9&Prime; bg_stretch=\u00a0\u00bbtrue\u00a0\u00bb video_opacity=\u00a0\u00bb0.4&Prime; padding_top=\u00a0\u00bb100&Prime; padding_bottom=\u00a0\u00bb80&Prime; bottom_shape_color=\u00a0\u00bb#f7f7f7&Prime; sidebar=\u00a0\u00bbsidebar-1&Prime;][vc_column width=\u00a0\u00bb1\/2&Prime;][mk_fancy_title size=\u00a0\u00bb25&Prime; font_weight=\u00a0\u00bb600&Prime; margin_bottom=\u00a0\u00bb0&Prime; font_family=\u00a0\u00bbnone\u00a0\u00bb]Nous proposons diff\u00e9rentes options d&rsquo;analyse. Choisis celui qui te convient le mieux[\/mk_fancy_title][\/vc_column][vc_column width=\u00a0\u00bb1\/2&Prime;][vc_column_text css=\u00a0\u00bb.vc_custom_1706620698515{margin-bottom: 0px !important;}\u00a0\u00bb]<strong>Ton avantage<\/strong>: Nous visualisons tes donn\u00e9es pour toi. Peu importe que tu l&rsquo;aies enregistr\u00e9 dans Force8 Coach ou qu&rsquo;il soit disponible \u00e0 l&rsquo;ext\u00e9rieur dans n&rsquo;importe quel format.[\/vc_column_text][\/vc_column][\/mk_page_section][mk_page_section bg_stretch=\u00a0\u00bbtrue\u00a0\u00bb video_opacity=\u00a0\u00bb0.4&Prime; padding_top=\u00a0\u00bb100&Prime; padding_bottom=\u00a0\u00bb80&Prime; bottom_shape_color=\u00a0\u00bb#f7f7f7&Prime; section_id=\u00a0\u00bbsystem\u00a0\u00bb sidebar=\u00a0\u00bbsidebar-1&Prime;][vc_column width=\u00a0\u00bb1\/3&Prime;][mk_image src=\u00a0\u00bbhttps:\/\/force8.coach\/wp-content\/uploads\/2024\/02\/valuations-img3.png\u00a0\u00bb image_size=\u00a0\u00bbfull\u00a0\u00bb visibility=\u00a0\u00bbvisible-sm\u00a0\u00bb][mk_fancy_title size=\u00a0\u00bb25&Prime; font_weight=\u00a0\u00bb600&Prime; margin_bottom=\u00a0\u00bb0&Prime; font_family=\u00a0\u00bbnone\u00a0\u00bb]\n<p class=\"p1\">Centre d&rsquo;analyse<\/p>\n[\/mk_fancy_title][mk_fancy_title tag_name=\u00a0\u00bbh1&Prime; color=\u00a0\u00bb#000000&Prime; size=\u00a0\u00bb64&Prime; force_font_size=\u00a0\u00bbtrue\u00a0\u00bb line_height=\u00a0\u00bb95&Prime; font_weight=\u00a0\u00bb900&Prime; font_style=\u00a0\u00bbnormal\u00a0\u00bb letter_spacing=\u00a0\u00bb1&Prime; margin_bottom=\u00a0\u00bb30&Prime; font_family=\u00a0\u00bbnone\u00a0\u00bb]Entra\u00eenement[\/mk_fancy_title][mk_custom_list]\n<ul>\n<li>Le module de Planification de l\u2019Entra\u00eenement s&rsquo;accompagne de ses propres analyses<\/li>\n<li>Il se compose d&rsquo;une vue d&rsquo;ensemble, de performances, de pr\u00e9sences et de zones de pouls<\/li>\n<\/ul>\n[\/mk_custom_list][\/vc_column][vc_column width=\u00a0\u00bb2\/3&Prime;][mk_image src=\u00a0\u00bbhttps:\/\/force8.coach\/wp-content\/uploads\/2024\/02\/valuations-img3.png\u00a0\u00bb image_size=\u00a0\u00bbfull\u00a0\u00bb visibility=\u00a0\u00bbhidden-sm\u00a0\u00bb][\/vc_column][\/mk_page_section][mk_page_section bg_stretch=\u00a0\u00bbtrue\u00a0\u00bb video_opacity=\u00a0\u00bb0.4&Prime; padding_top=\u00a0\u00bb100&Prime; padding_bottom=\u00a0\u00bb80&Prime; bottom_shape_color=\u00a0\u00bb#f7f7f7&Prime; section_id=\u00a0\u00bbsystem\u00a0\u00bb sidebar=\u00a0\u00bbsidebar-1&Prime;][vc_column width=\u00a0\u00bb1\/3&Prime;][mk_image src=\u00a0\u00bbhttps:\/\/force8.coach\/wp-content\/uploads\/2024\/01\/img-lab-2.png\u00a0\u00bb image_size=\u00a0\u00bbfull\u00a0\u00bb margin_bottom=\u00a0\u00bb60&Prime; visibility=\u00a0\u00bbvisible-sm\u00a0\u00bb][mk_fancy_title size=\u00a0\u00bb25&Prime; font_weight=\u00a0\u00bb600&Prime; margin_bottom=\u00a0\u00bb0&Prime; font_family=\u00a0\u00bbnone\u00a0\u00bb]\n<p class=\"p1\">Centre d&rsquo;analyse<\/p>\n[\/mk_fancy_title][mk_fancy_title tag_name=\u00a0\u00bbh1&Prime; color=\u00a0\u00bb#000000&Prime; size=\u00a0\u00bb64&Prime; force_font_size=\u00a0\u00bbtrue\u00a0\u00bb line_height=\u00a0\u00bb95&Prime; font_weight=\u00a0\u00bb900&Prime; font_style=\u00a0\u00bbnormal\u00a0\u00bb letter_spacing=\u00a0\u00bb1&Prime; margin_bottom=\u00a0\u00bb30&Prime; font_family=\u00a0\u00bbnone\u00a0\u00bb]Avanc\u00e9[\/mk_fancy_title][mk_custom_list]\n<ul>\n<li>Dans les analyses avanc\u00e9es, tu peux visualiser les donn\u00e9es d\u00e9taill\u00e9es de Force8 Coach<\/li>\n<li>Par exemple : Suivi de la charge (RPE \/ Foster Load \/ ATL-CTL Training Stress Balance) \/ Analyses de l&rsquo;activit\u00e9 \/ D\u00e9tails de la planification de l&rsquo;entra\u00eeneur \/ Donn\u00e9es de l&rsquo;utilisateur et bien plus encore<\/li>\n<\/ul>\n[\/mk_custom_list][\/vc_column][vc_column width=\u00a0\u00bb2\/3&Prime;][mk_image src=\u00a0\u00bbhttps:\/\/force8.coach\/wp-content\/uploads\/2024\/01\/img-lab-2.png\u00a0\u00bb image_size=\u00a0\u00bbfull\u00a0\u00bb margin_bottom=\u00a0\u00bb60&Prime; visibility=\u00a0\u00bbhidden-sm\u00a0\u00bb][\/vc_column][\/mk_page_section][mk_page_section bg_stretch=\u00a0\u00bbtrue\u00a0\u00bb video_opacity=\u00a0\u00bb0.4&Prime; padding_top=\u00a0\u00bb100&Prime; padding_bottom=\u00a0\u00bb80&Prime; bottom_shape_color=\u00a0\u00bb#f7f7f7&Prime; section_id=\u00a0\u00bbsystem\u00a0\u00bb sidebar=\u00a0\u00bbsidebar-1&Prime;][vc_column width=\u00a0\u00bb1\/3&Prime;][mk_image src=\u00a0\u00bbhttps:\/\/force8.coach\/wp-content\/uploads\/2024\/01\/lab-img2.png\u00a0\u00bb image_size=\u00a0\u00bbfull\u00a0\u00bb margin_bottom=\u00a0\u00bb60&Prime; visibility=\u00a0\u00bbvisible-sm\u00a0\u00bb][mk_fancy_title size=\u00a0\u00bb25&Prime; font_weight=\u00a0\u00bb600&Prime; margin_bottom=\u00a0\u00bb0&Prime; font_family=\u00a0\u00bbnone\u00a0\u00bb]\n<p class=\"p1\">Centre d&rsquo;analyse<\/p>\n[\/mk_fancy_title][mk_fancy_title tag_name=\u00a0\u00bbh1&Prime; color=\u00a0\u00bb#000000&Prime; size=\u00a0\u00bb64&Prime; force_font_size=\u00a0\u00bbtrue\u00a0\u00bb line_height=\u00a0\u00bb95&Prime; font_weight=\u00a0\u00bb900&Prime; font_style=\u00a0\u00bbnormal\u00a0\u00bb letter_spacing=\u00a0\u00bb1&Prime; margin_bottom=\u00a0\u00bb30&Prime; font_family=\u00a0\u00bbnone\u00a0\u00bb]Force8 Lab[\/mk_fancy_title][mk_custom_list]\n<ul>\n<li>Es-tu int\u00e9ress\u00e9 \u00e0 cr\u00e9er tes propres analyses en utilisant les donn\u00e9es accessibles dans Force8 Coach?<\/li>\n<li>Nous pouvons \u00e9galement utiliser tes donn\u00e9es externes ou un m\u00e9lange avec les donn\u00e9es de Force8 Coach<\/li>\n<li>Nous offrons un service de visualisation individuelle pour toutes tes donn\u00e9es et nous les pr\u00e9sentons dans Force8 Coach<\/li>\n<li>Tu as la contr\u00f4le sur le design<\/li>\n<li><a href=\"https:\/\/force8.coach\/fr\/lab\/\" target=\"_blank\" rel=\"noopener\">Visitez notre page Force8 Lab pour plus d&rsquo;informations<\/a><\/li>\n<\/ul>\n[\/mk_custom_list][\/vc_column][vc_column width=\u00a0\u00bb2\/3&Prime;][mk_image src=\u00a0\u00bbhttps:\/\/force8.coach\/wp-content\/uploads\/2024\/01\/lab-img2.png\u00a0\u00bb image_size=\u00a0\u00bbfull\u00a0\u00bb margin_bottom=\u00a0\u00bb60&Prime; visibility=\u00a0\u00bbhidden-sm\u00a0\u00bb][\/vc_column][\/mk_page_section][mk_page_section bg_color=\u00a0\u00bb#31dcff\u00a0\u00bb bg_stretch=\u00a0\u00bbtrue\u00a0\u00bb bg_gradient=\u00a0\u00bbhorizontal\u00a0\u00bb video_color_mask=\u00a0\u00bb#31dcff\u00a0\u00bb gr_end=\u00a0\u00bb#002efe\u00a0\u00bb video_opacity=\u00a0\u00bb1&Prime; min_height=\u00a0\u00bb60&Prime; padding_top=\u00a0\u00bb40&Prime; padding_bottom=\u00a0\u00bb30&Prime; bottom_shape_color=\u00a0\u00bb#f7f7f7&Prime; sidebar=\u00a0\u00bbsidebar-1&Prime;][vc_column width=\u00a0\u00bb2\/3&Prime;][mk_fancy_title color=\u00a0\u00bb#ffffff\u00a0\u00bb size=\u00a0\u00bb35&Prime; line_height=\u00a0\u00bb90&Prime; font_weight=\u00a0\u00bb900&Prime; margin_top=\u00a0\u00bb10&Prime; margin_bottom=\u00a0\u00bb0&Prime; font_family=\u00a0\u00bbnone\u00a0\u00bb]Tu cherches une solution appropri\u00e9e ?[\/mk_fancy_title][\/vc_column][vc_column width=\u00a0\u00bb1\/3&Prime;][mk_button dimension=\u00a0\u00bbflat\u00a0\u00bb corner_style=\u00a0\u00bbfull_rounded\u00a0\u00bb size=\u00a0\u00bblarge\u00a0\u00bb icon=\u00a0\u00bbmk-moon-calendar\u00a0\u00bb url=\u00a0\u00bbhttps:\/\/meetings.hubspot.com\/marco-baeschlin\u00a0\u00bb target=\u00a0\u00bb_blank\u00a0\u00bb align=\u00a0\u00bbright\u00a0\u00bb id=\u00a0\u00bbvideoBtn\u00a0\u00bb margin_bottom=\u00a0\u00bb0&Prime; margin_right=\u00a0\u00bb0&Prime; bg_color=\u00a0\u00bb#000000&Prime;]Planifie une d\u00e9mo[\/mk_button][\/vc_column][\/mk_page_section]\n","protected":false},"excerpt":{"rendered":"<p>[mk_page_section bg_image=\u00a0\u00bbhttps:\/\/force8.coach\/wp-content\/uploads\/2023\/03\/shutterstock_1613780899-res-scaled.jpg\u00a0\u00bb bg_color=\u00a0\u00bb#ffffff\u00a0\u00bb bg_position=\u00a0\u00bbcenter center\u00a0\u00bb bg_stretch=\u00a0\u00bbtrue\u00a0\u00bb enable_3d=\u00a0\u00bbtrue\u00a0\u00bb video_color_mask=\u00a0\u00bb#000000&Prime; video_opacity=\u00a0\u00bb0.3&Prime; min_height=\u00a0\u00bb650&Prime; js_vertical_centered=\u00a0\u00bbtrue\u00a0\u00bb sidebar=\u00a0\u00bbsidebar-1&Prime;][vc_column width=\u00a0\u00bb1\/2&Prime;][mk_fancy_title color=\u00a0\u00bb#ffffff\u00a0\u00bb size=\u00a0\u00bb35&Prime; force_font_size=\u00a0\u00bbtrue\u00a0\u00bb size_phone=\u00a0\u00bb25&Prime; font_weight=\u00a0\u00bb400&Prime; font_style=\u00a0\u00bbnormal\u00a0\u00bb letter_spacing=\u00a0\u00bb1&Prime; margin_bottom=\u00a0\u00bb0&Prime; font_family=\u00a0\u00bbnone\u00a0\u00bb]Centre d&rsquo;analyse[\/mk_fancy_title][mk_fancy_title tag_name=\u00a0\u00bbh1&Prime; color=\u00a0\u00bb#ffffff\u00a0\u00bb size=\u00a0\u00bb64&Prime; force_font_size=\u00a0\u00bbtrue\u00a0\u00bb size_phone=\u00a0\u00bb50&Prime; line_height=\u00a0\u00bb95&Prime; font_weight=\u00a0\u00bb900&Prime; font_style=\u00a0\u00bbnormal\u00a0\u00bb letter_spacing=\u00a0\u00bb1&Prime; margin_bottom=\u00a0\u00bb0&Prime; font_family=\u00a0\u00bbnone\u00a0\u00bb]Soutiens ton instinct[\/mk_fancy_title][\/vc_column][vc_column width=\u00a0\u00bb1\/2&Prime;][\/vc_column][\/mk_page_section][mk_page_section bg_color=\u00a0\u00bb#f9f9f9&Prime; bg_stretch=\u00a0\u00bbtrue\u00a0\u00bb video_opacity=\u00a0\u00bb0.4&Prime; padding_top=\u00a0\u00bb100&Prime; padding_bottom=\u00a0\u00bb80&Prime; bottom_shape_color=\u00a0\u00bb#f7f7f7&Prime; sidebar=\u00a0\u00bbsidebar-1&Prime;][vc_column width=\u00a0\u00bb1\/2&Prime;][mk_fancy_title size=\u00a0\u00bb25&Prime; font_weight=\u00a0\u00bb600&Prime; margin_bottom=\u00a0\u00bb0&Prime; font_family=\u00a0\u00bbnone\u00a0\u00bb]Nous proposons diff\u00e9rentes options d&rsquo;analyse. Choisis celui [&hellip;]<\/p>\n","protected":false},"author":1,"featured_media":0,"parent":0,"menu_order":0,"comment_status":"closed","ping_status":"closed","template":"","meta":{"inline_featured_image":false,"footnotes":""},"_links":{"self":[{"href":"https:\/\/force8.coach\/fr\/wp-json\/wp\/v2\/pages\/13691"}],"collection":[{"href":"https:\/\/force8.coach\/fr\/wp-json\/wp\/v2\/pages"}],"about":[{"href":"https:\/\/force8.coach\/fr\/wp-json\/wp\/v2\/types\/page"}],"author":[{"embeddable":true,"href":"https:\/\/force8.coach\/fr\/wp-json\/wp\/v2\/users\/1"}],"replies":[{"embeddable":true,"href":"https:\/\/force8.coach\/fr\/wp-json\/wp\/v2\/comments?post=13691"}],"version-history":[{"count":28,"href":"https:\/\/force8.coach\/fr\/wp-json\/wp\/v2\/pages\/13691\/revisions"}],"predecessor-version":[{"id":16141,"href":"https:\/\/force8.coach\/fr\/wp-json\/wp\/v2\/pages\/13691\/revisions\/16141"}],"wp:attachment":[{"href":"https:\/\/force8.coach\/fr\/wp-json\/wp\/v2\/media?parent=13691"}],"curies":[{"name":"wp","href":"https:\/\/api.w.org\/{rel}","templated":true}]}}