{"id":13711,"date":"2024-01-26T16:23:50","date_gmt":"2024-01-26T16:23:50","guid":{"rendered":"https:\/\/force8.coach\/centre-de-competition-24\/"},"modified":"2025-02-21T12:25:12","modified_gmt":"2025-02-21T12:25:12","slug":"centre-de-competition","status":"publish","type":"page","link":"https:\/\/force8.coach\/fr\/centre-de-competition\/","title":{"rendered":"Centre de comp\u00e9tition"},"content":{"rendered":"[mk_page_section bg_image=\u00a0\u00bbhttps:\/\/force8.coach\/wp-content\/uploads\/2021\/08\/ftem-5.jpg\u00a0\u00bb bg_color=\u00a0\u00bb#ffffff\u00a0\u00bb bg_stretch=\u00a0\u00bbtrue\u00a0\u00bb enable_3d=\u00a0\u00bbtrue\u00a0\u00bb video_color_mask=\u00a0\u00bb#000000&Prime; video_opacity=\u00a0\u00bb0.3&Prime; min_height=\u00a0\u00bb650&Prime; js_vertical_centered=\u00a0\u00bbtrue\u00a0\u00bb sidebar=\u00a0\u00bbsidebar-1&Prime;][vc_column width=\u00a0\u00bb1\/2&Prime;][mk_fancy_title color=\u00a0\u00bb#ffffff\u00a0\u00bb size=\u00a0\u00bb35&Prime; force_font_size=\u00a0\u00bbtrue\u00a0\u00bb size_phone=\u00a0\u00bb25&Prime; font_weight=\u00a0\u00bb400&Prime; font_style=\u00a0\u00bbnormal\u00a0\u00bb letter_spacing=\u00a0\u00bb1&Prime; margin_bottom=\u00a0\u00bb0&Prime; font_family=\u00a0\u00bbnone\u00a0\u00bb]Centre de comp\u00e9tition[\/mk_fancy_title][mk_fancy_title tag_name=\u00a0\u00bbh1&Prime; color=\u00a0\u00bb#ffffff\u00a0\u00bb size=\u00a0\u00bb64&Prime; force_font_size=\u00a0\u00bbtrue\u00a0\u00bb size_phone=\u00a0\u00bb50&Prime; line_height=\u00a0\u00bb95&Prime; font_weight=\u00a0\u00bb900&Prime; font_style=\u00a0\u00bbnormal\u00a0\u00bb letter_spacing=\u00a0\u00bb1&Prime; margin_bottom=\u00a0\u00bb0&Prime; font_family=\u00a0\u00bbnone\u00a0\u00bb]Garder la trace[\/mk_fancy_title][\/vc_column][vc_column width=\u00a0\u00bb1\/2&Prime;][\/vc_column][\/mk_page_section][mk_page_section bg_color=\u00a0\u00bb#f9f9f9&Prime; bg_stretch=\u00a0\u00bbtrue\u00a0\u00bb video_opacity=\u00a0\u00bb0.4&Prime; padding_top=\u00a0\u00bb100&Prime; padding_bottom=\u00a0\u00bb80&Prime; bottom_shape_color=\u00a0\u00bb#f7f7f7&Prime; sidebar=\u00a0\u00bbsidebar-1&Prime;][vc_column width=\u00a0\u00bb1\/2&Prime;][mk_fancy_title size=\u00a0\u00bb25&Prime; font_weight=\u00a0\u00bb600&Prime; margin_bottom=\u00a0\u00bb0&Prime; font_family=\u00a0\u00bbnone\u00a0\u00bb]Ce module te permet de planifier facilement tes comp\u00e9titions.[\/mk_fancy_title][\/vc_column][vc_column width=\u00a0\u00bb1\/2&Prime;][vc_column_text css=\u00a0\u00bb.vc_custom_1706716637274{margin-bottom: 0px !important;}\u00a0\u00bb]<strong>Ton avantage:<\/strong> Tu saisis les dates des comp\u00e9titions, tu supervises les pr\u00e9sences et les absences et tu g\u00e9n\u00e8res la liste des participants lorsque c&rsquo;est n\u00e9cessaire.[\/vc_column_text][\/vc_column][\/mk_page_section][mk_page_section bg_stretch=\u00a0\u00bbtrue\u00a0\u00bb video_opacity=\u00a0\u00bb0.4&Prime; padding_top=\u00a0\u00bb100&Prime; padding_bottom=\u00a0\u00bb80&Prime; bottom_shape_color=\u00a0\u00bb#f7f7f7&Prime; section_id=\u00a0\u00bbsystem\u00a0\u00bb sidebar=\u00a0\u00bbsidebar-1&Prime;][vc_column width=\u00a0\u00bb1\/3&Prime;][mk_image src=\u00a0\u00bbhttps:\/\/force8.coach\/wp-content\/uploads\/2024\/01\/competition_img.png\u00a0\u00bb image_size=\u00a0\u00bbfull\u00a0\u00bb visibility=\u00a0\u00bbvisible-sm\u00a0\u00bb][mk_fancy_title size=\u00a0\u00bb25&Prime; font_weight=\u00a0\u00bb600&Prime; margin_bottom=\u00a0\u00bb0&Prime; font_family=\u00a0\u00bbnone\u00a0\u00bb]\n<p class=\"p1\">Centre de comp\u00e9tition<\/p>\n[\/mk_fancy_title][mk_fancy_title tag_name=\u00a0\u00bbh1&Prime; color=\u00a0\u00bb#000000&Prime; size=\u00a0\u00bb64&Prime; force_font_size=\u00a0\u00bbtrue\u00a0\u00bb line_height=\u00a0\u00bb95&Prime; font_weight=\u00a0\u00bb900&Prime; font_style=\u00a0\u00bbnormal\u00a0\u00bb letter_spacing=\u00a0\u00bb1&Prime; margin_bottom=\u00a0\u00bb30&Prime; font_family=\u00a0\u00bbnone\u00a0\u00bb]Gestion des Comp\u00e9titions[\/mk_fancy_title][mk_custom_list]\n<ul>\n<li><strong>Gestion :<\/strong> Cr\u00e9er diff\u00e9rents types de comp\u00e9titions \/ Mettre en place plusieurs \u00e9quipes \/ G\u00e9rer les num\u00e9ros de maillots<\/li>\n<li><strong>Appels : <\/strong>V\u00e9rifier la disponibilit\u00e9 des athl\u00e8tes \/ Organiser les listes d&rsquo;\u00e9quipes \/ Envoyer les avis de participation<\/li>\n<\/ul>\n[\/mk_custom_list][mk_button dimension=\u00a0\u00bbflat\u00a0\u00bb corner_style=\u00a0\u00bbfull_rounded\u00a0\u00bb size=\u00a0\u00bblarge\u00a0\u00bb icon=\u00a0\u00bbmk-moon-bubble-video-chat\u00a0\u00bb url=\u00a0\u00bb#\u00a0\u00bb id=\u00a0\u00bbvideoBtn\u00a0\u00bb]Vid\u00e9o du produit[\/mk_button][\/vc_column][vc_column width=\u00a0\u00bb2\/3&Prime;][mk_image src=\u00a0\u00bbhttps:\/\/force8.coach\/wp-content\/uploads\/2024\/01\/competition_img.png\u00a0\u00bb image_size=\u00a0\u00bbfull\u00a0\u00bb visibility=\u00a0\u00bbhidden-sm\u00a0\u00bb][\/vc_column][\/mk_page_section][mk_page_section bg_stretch=\u00a0\u00bbtrue\u00a0\u00bb video_opacity=\u00a0\u00bb0.4&Prime; padding_top=\u00a0\u00bb100&Prime; padding_bottom=\u00a0\u00bb80&Prime; bottom_shape_color=\u00a0\u00bb#f7f7f7&Prime; section_id=\u00a0\u00bbsystem\u00a0\u00bb sidebar=\u00a0\u00bbsidebar-1&Prime;][vc_column width=\u00a0\u00bb1\/3&Prime;][mk_image src=\u00a0\u00bbhttps:\/\/force8.coach\/wp-content\/uploads\/2024\/01\/competition-planing-img2.png\u00a0\u00bb image_size=\u00a0\u00bbfull\u00a0\u00bb visibility=\u00a0\u00bbvisible-sm\u00a0\u00bb][mk_fancy_title size=\u00a0\u00bb25&Prime; font_weight=\u00a0\u00bb600&Prime; margin_bottom=\u00a0\u00bb0&Prime; font_family=\u00a0\u00bbnone\u00a0\u00bb]\n<p class=\"p1\">Centre de comp\u00e9tition<\/p>\n[\/mk_fancy_title][mk_fancy_title tag_name=\u00a0\u00bbh1&Prime; color=\u00a0\u00bb#000000&Prime; size=\u00a0\u00bb64&Prime; force_font_size=\u00a0\u00bbtrue\u00a0\u00bb line_height=\u00a0\u00bb95&Prime; font_weight=\u00a0\u00bb900&Prime; font_style=\u00a0\u00bbnormal\u00a0\u00bb letter_spacing=\u00a0\u00bb1&Prime; margin_bottom=\u00a0\u00bb30&Prime; font_family=\u00a0\u00bbnone\u00a0\u00bb]R\u00e9sultats Externes[\/mk_fancy_title][mk_custom_list]\n<ul>\n<li><strong>Service de r\u00e9sultats : <\/strong>Si les donn\u00e9es du match ou du tournoi sont disponibles sur un autre service de r\u00e9sultats en ligne, nous pouvons r\u00e9cup\u00e9rer ces donn\u00e9es et les int\u00e9grer \u00e0 Force8 Coach<\/li>\n<li><strong>Remarque :<\/strong> Il s&rsquo;agit d&rsquo;un projet personnalis\u00e9 &#8211; parles-en avec nous<\/li>\n<\/ul>\n[\/mk_custom_list][\/vc_column][vc_column width=\u00a0\u00bb2\/3&Prime;][mk_image src=\u00a0\u00bbhttps:\/\/force8.coach\/wp-content\/uploads\/2024\/01\/competition-planing-img2.png\u00a0\u00bb image_size=\u00a0\u00bbfull\u00a0\u00bb visibility=\u00a0\u00bbhidden-sm\u00a0\u00bb][\/vc_column][\/mk_page_section][mk_page_section bg_color=\u00a0\u00bb#31dcff\u00a0\u00bb bg_stretch=\u00a0\u00bbtrue\u00a0\u00bb bg_gradient=\u00a0\u00bbhorizontal\u00a0\u00bb video_color_mask=\u00a0\u00bb#31dcff\u00a0\u00bb gr_end=\u00a0\u00bb#002efe\u00a0\u00bb video_opacity=\u00a0\u00bb1&Prime; min_height=\u00a0\u00bb60&Prime; padding_top=\u00a0\u00bb0&Prime; padding_bottom=\u00a0\u00bb0&Prime; bottom_shape_color=\u00a0\u00bb#f7f7f7&Prime; sidebar=\u00a0\u00bbsidebar-1&Prime;][vc_column width=\u00a0\u00bb2\/3&Prime;][mk_padding_divider][mk_fancy_title color=\u00a0\u00bb#ffffff\u00a0\u00bb size=\u00a0\u00bb35&Prime; line_height=\u00a0\u00bb90&Prime; font_weight=\u00a0\u00bb900&Prime; margin_top=\u00a0\u00bb10&Prime; margin_bottom=\u00a0\u00bb0&Prime; font_family=\u00a0\u00bbnone\u00a0\u00bb]Tu cherches une solution appropri\u00e9e ?[\/mk_fancy_title][mk_padding_divider size=\u00a0\u00bb30&Prime; visibility=\u00a0\u00bbhidden-sm\u00a0\u00bb][\/vc_column][vc_column width=\u00a0\u00bb1\/3&Prime;][mk_padding_divider visibility=\u00a0\u00bbhidden-sm\u00a0\u00bb][mk_button dimension=\u00a0\u00bbflat\u00a0\u00bb corner_style=\u00a0\u00bbfull_rounded\u00a0\u00bb size=\u00a0\u00bblarge\u00a0\u00bb icon=\u00a0\u00bbmk-moon-calendar\u00a0\u00bb url=\u00a0\u00bbhttps:\/\/meetings.hubspot.com\/marco-baeschlin\u00a0\u00bb target=\u00a0\u00bb_blank\u00a0\u00bb align=\u00a0\u00bbcenter\u00a0\u00bb id=\u00a0\u00bbvideoBtn\u00a0\u00bb margin_bottom=\u00a0\u00bb0&Prime; margin_right=\u00a0\u00bb0&Prime; bg_color=\u00a0\u00bb#000000&Prime;]Planifie une d\u00e9mo[\/mk_button][mk_padding_divider size=\u00a0\u00bb30&Prime;][\/vc_column][\/mk_page_section][mk_page_section section_id=\u00a0\u00bbvideoPromo\u00a0\u00bb sidebar=\u00a0\u00bbsidebar-1&Prime;][vc_column][vc_raw_html]JTNDZGl2JTIwY2xhc3MlM0QlMjJ2aWRlby1jb250YWluZXIlMjIlM0UlM0NpZnJhbWUlMjB3aWR0aCUzRCUyMjE3MTMlMjIlMjBoZWlnaHQlM0QlMjI4MzUlMjIlMjBzcmMlM0QlMjJodHRwcyUzQSUyRiUyRnd3dy55b3V0dWJlLmNvbSUyRmVtYmVkJTJGVnZiNzVEaHB5bU0lM0ZzaSUzREs1aUNfZHVTNXFqQV9rSFYlMjIlMjB0aXRsZSUzRCUyMkdlc3Rpb24lMjBkZSUyMGxhJTIwY29tcCVDMyVBOXRpdGlvbiUyMiUyMGZyYW1lYm9yZGVyJTNEJTIyMCUyMiUyMGFsbG93JTNEJTIyYWNjZWxlcm9tZXRlciUzQiUyMGF1dG9wbGF5JTNCJTIwY2xpcGJvYXJkLXdyaXRlJTNCJTIwZW5jcnlwdGVkLW1lZGlhJTNCJTIwZ3lyb3Njb3BlJTNCJTIwcGljdHVyZS1pbi1waWN0dXJlJTNCJTIwd2ViLXNoYXJlJTIyJTIwYWxsb3dmdWxsc2NyZWVuJTNEJTIyJTIyJTNFJTNDJTJGaWZyYW1lJTNFJTNDJTJGZGl2JTNF[\/vc_raw_html][vc_raw_js]JTNDc2NyaXB0JTIwdHlwZSUzRCUyMnRleHQlMkZqYXZhc2NyaXB0JTIyJTNFJTBBdmFyJTIwdmlkZW9TcmMlM0QlMjclMjclM0IlMEFqUXVlcnklMjglMjBkb2N1bWVudCUyMCUyOS5yZWFkeSUyOGZ1bmN0aW9uJTI4JTI5JTIwJTdCJTBBJTIwJTIwJTIwJTIwalF1ZXJ5JTI4JTI3JTIzdmlkZW9Qcm9tbyUyMC5wYWdlLXNlY3Rpb24tY29udGVudCUyNyUyOS5hcHBlbmQlMjglMjclM0NhJTIwY2xhc3MlM0QlMjJjbG9zZVZpZGVvJTIyJTIwaHJlZiUzRCUyMiUyMyUyMiUzRSUyNnRpbWVzJTNCJTNDJTJGYSUzRSUyNyUyOSUzQiUwQSUwQSUyMCUyMCUyMCUyMHZhciUyMF92aWRlb0JveCUzRGpRdWVyeSUyOCUyNyUyM3ZpZGVvUHJvbW8lMjclMjkuY2xvbmUlMjglMjkuYXBwZW5kVG8lMjglMjAlMjJib2R5JTIyJTIwJTI5JTNCJTBBdmlkZW9TcmMlM0RqUXVlcnklMjglMjclMjN2aWRlb1Byb21vJTIwaWZyYW1lJTI3JTI5LmF0dHIlMjglMjdzcmMlMjclMjklM0IlMEFqUXVlcnklMjglMjclMjN0aGVtZS1wYWdlJTIwJTIzdmlkZW9Qcm9tbyUyNyUyOS5yZW1vdmUlMjglMjklM0IlMEElMEElMjAlMjAlMjAlMjBqUXVlcnklMjglMjclMjN2aWRlb0J0biUyNyUyOS5vbiUyOCUyN2NsaWNrJTI3JTJDJTIwZnVuY3Rpb24lMjhlJTI5JTdCJTBBJTIwJTIwJTIwJTIwJTIwJTIwJTIwZS5wcmV2ZW50RGVmYXVsdCUyOCUyOSUzQiUwQWNvbnNvbGUubG9nJTI4JTI3VmlkZW8lMjBTcmMlM0ElMjAlMjclMkJ2aWRlb1NyYyUyOSUzQiUwQWpRdWVyeSUyOCUyNyUyM3ZpZGVvUHJvbW8lMjBpZnJhbWUlMjclMjkuYXR0ciUyOCUyN3NyYyUyNyUyQ3ZpZGVvU3JjJTJCJTI3JTNGY29udHJvbHMlM0QwJTI2YXV0b3BsYXklM0QxJTI2ZW5hYmxlanNhcGklM0QxJTI3JTI5JTNCJTBBJTIwJTIwJTIwJTIwJTIwJTIwJTIwalF1ZXJ5JTI4JTI3JTIzdmlkZW9Qcm9tbyUyNyUyOS5mYWRlSW4lMjg2MDAlMjkuYWRkQ2xhc3MlMjglMjdhY3RpdmUlMjclMjklM0IlMEElMjAlMjAlMjAlMjAlN0QlMjklM0IlMEElMjAlMjAlMjAlMjBqUXVlcnklMjglMjcuY2xvc2VWaWRlbyUyNyUyOS5vbiUyOCUyN2NsaWNrJTI3JTJDJTIwZnVuY3Rpb24lMjhlJTI5JTdCJTBBJTIwJTIwJTIwJTIwJTIwJTIwJTIwZS5wcmV2ZW50RGVmYXVsdCUyOCUyOSUzQiUwQWpRdWVyeSUyOCUyNyUyM3ZpZGVvUHJvbW8lMjBpZnJhbWUlMjclMjkuYXR0ciUyOCUyN3NyYyUyNyUyQyUyNyUyNyUyOSUzQiUwQSUyMCUyMCUyMCUyMCUyMCUyMCUyMGpRdWVyeSUyOCUyNyUyM3ZpZGVvUHJvbW8lMjclMjkuZmFkZU91dCUyODMwMCUyOS5yZW1vdmVDbGFzcyUyOCUyN2FjdGl2ZSUyNyUyOSUzQiUwQSUyMCUyMCUyMCUyMCU3RCUyOSUzQiUwQSU3RCUyOSUzQiUwQSUzQyUyRnNjcmlwdCUzRQ==[\/vc_raw_js][\/vc_column][\/mk_page_section]\n","protected":false},"excerpt":{"rendered":"<p>[mk_page_section bg_image=\u00a0\u00bbhttps:\/\/force8.coach\/wp-content\/uploads\/2021\/08\/ftem-5.jpg\u00a0\u00bb bg_color=\u00a0\u00bb#ffffff\u00a0\u00bb bg_stretch=\u00a0\u00bbtrue\u00a0\u00bb enable_3d=\u00a0\u00bbtrue\u00a0\u00bb video_color_mask=\u00a0\u00bb#000000&Prime; video_opacity=\u00a0\u00bb0.3&Prime; min_height=\u00a0\u00bb650&Prime; js_vertical_centered=\u00a0\u00bbtrue\u00a0\u00bb sidebar=\u00a0\u00bbsidebar-1&Prime;][vc_column width=\u00a0\u00bb1\/2&Prime;][mk_fancy_title color=\u00a0\u00bb#ffffff\u00a0\u00bb size=\u00a0\u00bb35&Prime; force_font_size=\u00a0\u00bbtrue\u00a0\u00bb size_phone=\u00a0\u00bb25&Prime; font_weight=\u00a0\u00bb400&Prime; font_style=\u00a0\u00bbnormal\u00a0\u00bb letter_spacing=\u00a0\u00bb1&Prime; margin_bottom=\u00a0\u00bb0&Prime; font_family=\u00a0\u00bbnone\u00a0\u00bb]Centre de comp\u00e9tition[\/mk_fancy_title][mk_fancy_title tag_name=\u00a0\u00bbh1&Prime; color=\u00a0\u00bb#ffffff\u00a0\u00bb size=\u00a0\u00bb64&Prime; force_font_size=\u00a0\u00bbtrue\u00a0\u00bb size_phone=\u00a0\u00bb50&Prime; line_height=\u00a0\u00bb95&Prime; font_weight=\u00a0\u00bb900&Prime; font_style=\u00a0\u00bbnormal\u00a0\u00bb letter_spacing=\u00a0\u00bb1&Prime; margin_bottom=\u00a0\u00bb0&Prime; font_family=\u00a0\u00bbnone\u00a0\u00bb]Garder la trace[\/mk_fancy_title][\/vc_column][vc_column width=\u00a0\u00bb1\/2&Prime;][\/vc_column][\/mk_page_section][mk_page_section bg_color=\u00a0\u00bb#f9f9f9&Prime; bg_stretch=\u00a0\u00bbtrue\u00a0\u00bb video_opacity=\u00a0\u00bb0.4&Prime; padding_top=\u00a0\u00bb100&Prime; padding_bottom=\u00a0\u00bb80&Prime; bottom_shape_color=\u00a0\u00bb#f7f7f7&Prime; sidebar=\u00a0\u00bbsidebar-1&Prime;][vc_column width=\u00a0\u00bb1\/2&Prime;][mk_fancy_title size=\u00a0\u00bb25&Prime; font_weight=\u00a0\u00bb600&Prime; margin_bottom=\u00a0\u00bb0&Prime; font_family=\u00a0\u00bbnone\u00a0\u00bb]Ce module te permet de planifier facilement tes [&hellip;]<\/p>\n","protected":false},"author":1,"featured_media":0,"parent":0,"menu_order":0,"comment_status":"closed","ping_status":"closed","template":"","meta":{"inline_featured_image":false,"footnotes":""},"_links":{"self":[{"href":"https:\/\/force8.coach\/fr\/wp-json\/wp\/v2\/pages\/13711"}],"collection":[{"href":"https:\/\/force8.coach\/fr\/wp-json\/wp\/v2\/pages"}],"about":[{"href":"https:\/\/force8.coach\/fr\/wp-json\/wp\/v2\/types\/page"}],"author":[{"embeddable":true,"href":"https:\/\/force8.coach\/fr\/wp-json\/wp\/v2\/users\/1"}],"replies":[{"embeddable":true,"href":"https:\/\/force8.coach\/fr\/wp-json\/wp\/v2\/comments?post=13711"}],"version-history":[{"count":41,"href":"https:\/\/force8.coach\/fr\/wp-json\/wp\/v2\/pages\/13711\/revisions"}],"predecessor-version":[{"id":16192,"href":"https:\/\/force8.coach\/fr\/wp-json\/wp\/v2\/pages\/13711\/revisions\/16192"}],"wp:attachment":[{"href":"https:\/\/force8.coach\/fr\/wp-json\/wp\/v2\/media?parent=13711"}],"curies":[{"name":"wp","href":"https:\/\/api.w.org\/{rel}","templated":true}]}}