{"id":13729,"date":"2024-01-26T16:42:05","date_gmt":"2024-01-26T16:42:05","guid":{"rendered":"https:\/\/force8.coach\/centre-de-test-24\/"},"modified":"2024-08-21T17:46:55","modified_gmt":"2024-08-21T17:46:55","slug":"centre-de-test","status":"publish","type":"page","link":"https:\/\/force8.coach\/fr\/centre-de-test\/","title":{"rendered":"Centre de test"},"content":{"rendered":"[mk_page_section bg_image=\u00a0\u00bbhttps:\/\/force8.coach\/wp-content\/uploads\/2021\/08\/organizations-1.jpg\u00a0\u00bb bg_color=\u00a0\u00bb#ffffff\u00a0\u00bb bg_stretch=\u00a0\u00bbtrue\u00a0\u00bb enable_3d=\u00a0\u00bbtrue\u00a0\u00bb video_color_mask=\u00a0\u00bb#000000&Prime; video_opacity=\u00a0\u00bb0.4&Prime; min_height=\u00a0\u00bb650&Prime; js_vertical_centered=\u00a0\u00bbtrue\u00a0\u00bb sidebar=\u00a0\u00bbsidebar-1&Prime;][vc_column width=\u00a0\u00bb2\/3&Prime;][mk_fancy_title color=\u00a0\u00bb#ffffff\u00a0\u00bb size=\u00a0\u00bb35&Prime; force_font_size=\u00a0\u00bbtrue\u00a0\u00bb size_phone=\u00a0\u00bb25&Prime; font_weight=\u00a0\u00bb400&Prime; font_style=\u00a0\u00bbnormal\u00a0\u00bb letter_spacing=\u00a0\u00bb1&Prime; margin_bottom=\u00a0\u00bb0&Prime; font_family=\u00a0\u00bbnone\u00a0\u00bb]Centre de test[\/mk_fancy_title][mk_fancy_title tag_name=\u00a0\u00bbh1&Prime; color=\u00a0\u00bb#ffffff\u00a0\u00bb size=\u00a0\u00bb64&Prime; force_font_size=\u00a0\u00bbtrue\u00a0\u00bb size_phone=\u00a0\u00bb50&Prime; line_height=\u00a0\u00bb95&Prime; font_weight=\u00a0\u00bb900&Prime; font_style=\u00a0\u00bbnormal\u00a0\u00bb letter_spacing=\u00a0\u00bb1&Prime; margin_bottom=\u00a0\u00bb0&Prime; font_family=\u00a0\u00bbnone\u00a0\u00bb]Du z\u00e9ro au h\u00e9ros[\/mk_fancy_title][\/vc_column][vc_column width=\u00a0\u00bb1\/3&Prime;][\/vc_column][\/mk_page_section][mk_page_section bg_color=\u00a0\u00bb#f9f9f9&Prime; bg_stretch=\u00a0\u00bbtrue\u00a0\u00bb video_opacity=\u00a0\u00bb0.4&Prime; padding_top=\u00a0\u00bb100&Prime; padding_bottom=\u00a0\u00bb80&Prime; bottom_shape_color=\u00a0\u00bb#f7f7f7&Prime; sidebar=\u00a0\u00bbsidebar-1&Prime;][vc_column width=\u00a0\u00bb1\/2&Prime;][mk_fancy_title size=\u00a0\u00bb25&Prime; font_weight=\u00a0\u00bb600&Prime; margin_bottom=\u00a0\u00bb0&Prime; font_family=\u00a0\u00bbnone\u00a0\u00bb]Si tu testes et \u00e9values r\u00e9guli\u00e8rement des athl\u00e8tes, ces modules sont faits pour toi. Tu peux choisir parmi trois modules innovants.<br \/>\n[\/mk_fancy_title][\/vc_column][vc_column width=\u00a0\u00bb1\/2&Prime;][vc_column_text css=\u00a0\u00bb.vc_custom_1706617352964{margin-bottom: 0px !important;}\u00a0\u00bb]<strong>Ton avantage:<\/strong> Utilise ce module pour tes diagnostics de performance, tes analyses pluriannuelles, tes crit\u00e8res de s\u00e9lection et tes comparaisons d&rsquo;athl\u00e8tes.[\/vc_column_text][\/vc_column][\/mk_page_section][mk_page_section bg_stretch=\u00a0\u00bbtrue\u00a0\u00bb video_opacity=\u00a0\u00bb0.4&Prime; padding_top=\u00a0\u00bb100&Prime; padding_bottom=\u00a0\u00bb80&Prime; bottom_shape_color=\u00a0\u00bb#f7f7f7&Prime; section_id=\u00a0\u00bbsystem\u00a0\u00bb sidebar=\u00a0\u00bbsidebar-1&Prime;][vc_column width=\u00a0\u00bb1\/2&Prime;][mk_image src=\u00a0\u00bbhttps:\/\/force8.coach\/wp-content\/uploads\/2024\/02\/test-center-img3.png\u00a0\u00bb image_size=\u00a0\u00bbfull\u00a0\u00bb visibility=\u00a0\u00bbvisible-sm\u00a0\u00bb][mk_fancy_title size=\u00a0\u00bb25&Prime; font_weight=\u00a0\u00bb600&Prime; margin_bottom=\u00a0\u00bb0&Prime; font_family=\u00a0\u00bbnone\u00a0\u00bb]\n<p class=\"p1\">Centre de test<\/p>\n[\/mk_fancy_title][mk_fancy_title tag_name=\u00a0\u00bbh1&Prime; color=\u00a0\u00bb#000000&Prime; size=\u00a0\u00bb64&Prime; force_font_size=\u00a0\u00bbtrue\u00a0\u00bb line_height=\u00a0\u00bb95&Prime; font_weight=\u00a0\u00bb900&Prime; font_style=\u00a0\u00bbnormal\u00a0\u00bb letter_spacing=\u00a0\u00bb1&Prime; margin_bottom=\u00a0\u00bb30&Prime; font_family=\u00a0\u00bbnone\u00a0\u00bb]Tests et Batteries[\/mk_fancy_title][mk_custom_list]\n<ul>\n<li>Con\u00e7ois tes tests individuels personnalis\u00e9s et tes batteries de tests<\/li>\n<li>Etablis ta base de donn\u00e9es de test personnalis\u00e9e<\/li>\n<li>Les graphiques et les tableaux repr\u00e9sentent visuellement les progr\u00e8s de tes athl\u00e8tes et la fa\u00e7on dont leurs performances se comparent \u00e0 la moyenne g\u00e9n\u00e9rale<\/li>\n<li>Comparer les athl\u00e8tes<\/li>\n<li>En option, tu peux transmettre les r\u00e9sultats aux athl\u00e8tes<\/li>\n<\/ul>\n[\/mk_custom_list][mk_button dimension=\u00a0\u00bbflat\u00a0\u00bb corner_style=\u00a0\u00bbfull_rounded\u00a0\u00bb size=\u00a0\u00bblarge\u00a0\u00bb icon=\u00a0\u00bbmk-moon-bubble-video-chat\u00a0\u00bb url=\u00a0\u00bb#\u00a0\u00bb id=\u00a0\u00bbvideoBtn\u00a0\u00bb]Vid\u00e9o du produit[\/mk_button][\/vc_column][vc_column width=\u00a0\u00bb1\/2&Prime;][mk_image src=\u00a0\u00bbhttps:\/\/force8.coach\/wp-content\/uploads\/2024\/02\/test-center-img3.png\u00a0\u00bb image_size=\u00a0\u00bbfull\u00a0\u00bb visibility=\u00a0\u00bbhidden-sm\u00a0\u00bb][\/vc_column][\/mk_page_section][mk_page_section bg_stretch=\u00a0\u00bbtrue\u00a0\u00bb video_opacity=\u00a0\u00bb0.4&Prime; padding_top=\u00a0\u00bb100&Prime; padding_bottom=\u00a0\u00bb80&Prime; bottom_shape_color=\u00a0\u00bb#f7f7f7&Prime; section_id=\u00a0\u00bbsystem\u00a0\u00bb sidebar=\u00a0\u00bbsidebar-1&Prime;][vc_column width=\u00a0\u00bb1\/3&Prime;][mk_image src=\u00a0\u00bbhttps:\/\/force8.coach\/wp-content\/uploads\/2024\/02\/valuations-img3.png\u00a0\u00bb image_size=\u00a0\u00bbfull\u00a0\u00bb visibility=\u00a0\u00bbvisible-sm\u00a0\u00bb][mk_fancy_title size=\u00a0\u00bb25&Prime; font_weight=\u00a0\u00bb600&Prime; margin_bottom=\u00a0\u00bb0&Prime; font_family=\u00a0\u00bbnone\u00a0\u00bb]\n<p class=\"p1\">Centre de test<\/p>\n[\/mk_fancy_title][mk_fancy_title tag_name=\u00a0\u00bbh1&Prime; color=\u00a0\u00bb#000000&Prime; size=\u00a0\u00bb64&Prime; force_font_size=\u00a0\u00bbtrue\u00a0\u00bb line_height=\u00a0\u00bb95&Prime; font_weight=\u00a0\u00bb900&Prime; font_style=\u00a0\u00bbnormal\u00a0\u00bb letter_spacing=\u00a0\u00bb1&Prime; margin_bottom=\u00a0\u00bb30&Prime; font_family=\u00a0\u00bbnone\u00a0\u00bb]\u00c9valuations[\/mk_fancy_title][mk_custom_list]\n<ul>\n<li>\u00c9tablis tes propres crit\u00e8res<\/li>\n<li>G\u00e9n\u00e8re des \u00e9valuations \u00e0 l&rsquo;aide de n&rsquo;importe quelle \u00e9chelle num\u00e9rique<\/li>\n<li>Personnalise la palette de couleurs de ton \u00e9chelle d&rsquo;\u00e9valuation<\/li>\n<li>Pr\u00e9sente les r\u00e9sultats sous forme de diagrammes en araign\u00e9e et de tableaux<\/li>\n<li>En option, tu peux transmettre les r\u00e9sultats aux athl\u00e8tes<\/li>\n<\/ul>\n[\/mk_custom_list][mk_button dimension=\u00a0\u00bbflat\u00a0\u00bb corner_style=\u00a0\u00bbfull_rounded\u00a0\u00bb size=\u00a0\u00bblarge\u00a0\u00bb icon=\u00a0\u00bbmk-moon-bubble-video-chat\u00a0\u00bb url=\u00a0\u00bb#\u00a0\u00bb id=\u00a0\u00bbvideoBtn1&Prime;]Vid\u00e9o du produit[\/mk_button][\/vc_column][vc_column width=\u00a0\u00bb2\/3&Prime;][mk_image src=\u00a0\u00bbhttps:\/\/force8.coach\/wp-content\/uploads\/2024\/02\/valuations-img3.png\u00a0\u00bb image_size=\u00a0\u00bbfull\u00a0\u00bb visibility=\u00a0\u00bbhidden-sm\u00a0\u00bb][\/vc_column][\/mk_page_section][mk_page_section bg_stretch=\u00a0\u00bbtrue\u00a0\u00bb video_opacity=\u00a0\u00bb0.4&Prime; padding_top=\u00a0\u00bb100&Prime; padding_bottom=\u00a0\u00bb80&Prime; bottom_shape_color=\u00a0\u00bb#f7f7f7&Prime; section_id=\u00a0\u00bbsystem\u00a0\u00bb sidebar=\u00a0\u00bbsidebar-1&Prime;][vc_column width=\u00a0\u00bb1\/3&Prime;][mk_image src=\u00a0\u00bbhttps:\/\/force8.coach\/wp-content\/uploads\/2024\/02\/power-test-img3.png\u00a0\u00bb image_size=\u00a0\u00bbfull\u00a0\u00bb visibility=\u00a0\u00bbvisible-sm\u00a0\u00bb][mk_fancy_title size=\u00a0\u00bb25&Prime; font_weight=\u00a0\u00bb600&Prime; margin_bottom=\u00a0\u00bb0&Prime; font_family=\u00a0\u00bbnone\u00a0\u00bb]\n<p class=\"p1\">Centre de test<\/p>\n[\/mk_fancy_title][mk_fancy_title tag_name=\u00a0\u00bbh1&Prime; color=\u00a0\u00bb#000000&Prime; size=\u00a0\u00bb64&Prime; force_font_size=\u00a0\u00bbtrue\u00a0\u00bb line_height=\u00a0\u00bb95&Prime; font_weight=\u00a0\u00bb900&Prime; font_style=\u00a0\u00bbnormal\u00a0\u00bb letter_spacing=\u00a0\u00bb1&Prime; margin_bottom=\u00a0\u00bb30&Prime; font_family=\u00a0\u00bbnone\u00a0\u00bb]Power Test[\/mk_fancy_title][mk_custom_list]\n<ul>\n<li>Concevoir des tests individuels \u00e9valuant la force, l&rsquo;endurance, la vitesse et l&rsquo;agilit\u00e9<\/li>\n<li>Personnalise les formats de test pour chaque sport<\/li>\n<li>Compare les r\u00e9sultats actuels avec les donn\u00e9es historiques, si elles sont disponibles<\/li>\n<li>Calcule les rangs en pourcentage (percentiles) \u00e0 partir de la base de donn\u00e9es pour d\u00e9terminer les scores<\/li>\n<\/ul>\n[\/mk_custom_list][\/vc_column][vc_column width=\u00a0\u00bb2\/3&Prime;][mk_image src=\u00a0\u00bbhttps:\/\/force8.coach\/wp-content\/uploads\/2024\/02\/power-test-img3.png\u00a0\u00bb image_size=\u00a0\u00bbfull\u00a0\u00bb visibility=\u00a0\u00bbhidden-sm\u00a0\u00bb][\/vc_column][\/mk_page_section][mk_page_section bg_color=\u00a0\u00bb#31dcff\u00a0\u00bb bg_stretch=\u00a0\u00bbtrue\u00a0\u00bb bg_gradient=\u00a0\u00bbhorizontal\u00a0\u00bb video_color_mask=\u00a0\u00bb#31dcff\u00a0\u00bb gr_end=\u00a0\u00bb#002efe\u00a0\u00bb video_opacity=\u00a0\u00bb1&Prime; min_height=\u00a0\u00bb60&Prime; padding_top=\u00a0\u00bb40&Prime; padding_bottom=\u00a0\u00bb30&Prime; bottom_shape_color=\u00a0\u00bb#f7f7f7&Prime; sidebar=\u00a0\u00bbsidebar-1&Prime;][vc_column width=\u00a0\u00bb2\/3&Prime;][mk_fancy_title color=\u00a0\u00bb#ffffff\u00a0\u00bb size=\u00a0\u00bb35&Prime; line_height=\u00a0\u00bb90&Prime; font_weight=\u00a0\u00bb900&Prime; margin_top=\u00a0\u00bb10&Prime; margin_bottom=\u00a0\u00bb0&Prime; font_family=\u00a0\u00bbnone\u00a0\u00bb]Tu cherches une solution appropri\u00e9e ?[\/mk_fancy_title][\/vc_column][vc_column width=\u00a0\u00bb1\/3&Prime;][mk_button dimension=\u00a0\u00bbflat\u00a0\u00bb corner_style=\u00a0\u00bbfull_rounded\u00a0\u00bb size=\u00a0\u00bblarge\u00a0\u00bb icon=\u00a0\u00bbmk-moon-calendar\u00a0\u00bb url=\u00a0\u00bbhttps:\/\/meetings.hubspot.com\/marco-baeschlin\u00a0\u00bb target=\u00a0\u00bb_blank\u00a0\u00bb align=\u00a0\u00bbright\u00a0\u00bb id=\u00a0\u00bbvideoBtn\u00a0\u00bb margin_bottom=\u00a0\u00bb0&Prime; margin_right=\u00a0\u00bb0&Prime; bg_color=\u00a0\u00bb#000000&Prime;]Planifie une d\u00e9mo[\/mk_button][\/vc_column][\/mk_page_section][mk_page_section section_id=\u00a0\u00bbvideoPromo\u00a0\u00bb sidebar=\u00a0\u00bbsidebar-1&Prime;][vc_column][vc_raw_html]JTNDZGl2JTIwY2xhc3MlM0QlMjJ2aWRlby1jb250YWluZXIlMjIlM0UlM0NpZnJhbWUlMjB3aWR0aCUzRCUyMjE3MTMlMjIlMjBoZWlnaHQlM0QlMjI4MzUlMjIlMjBzcmMlM0QlMjJodHRwcyUzQSUyRiUyRnd3dy55b3V0dWJlLmNvbSUyRmVtYmVkJTJGbXZlMVU0RF9PY1klM0ZzaSUzRGJ3NFJrSDJseWdoTXh5X1QlMjIlMjB0aXRsZSUzRCUyMldldHRrYW1wZm1hbmFnZW1lbnQlMjIlMjBmcmFtZWJvcmRlciUzRCUyMjAlMjIlMjBhbGxvdyUzRCUyMmFjY2VsZXJvbWV0ZXIlM0IlMjBhdXRvcGxheSUzQiUyMGNsaXBib2FyZC13cml0ZSUzQiUyMGVuY3J5cHRlZC1tZWRpYSUzQiUyMGd5cm9zY29wZSUzQiUyMHBpY3R1cmUtaW4tcGljdHVyZSUzQiUyMHdlYi1zaGFyZSUyMiUyMGFsbG93ZnVsbHNjcmVlbiUzRSUzQyUyRmlmcmFtZSUzRSUzQyUyRmRpdiUzRQ==[\/vc_raw_html][vc_raw_js]JTNDc2NyaXB0JTIwdHlwZSUzRCUyMnRleHQlMkZqYXZhc2NyaXB0JTIyJTNFJTBBdmFyJTIwdmlkZW9TcmMlM0QlMjclMjclM0IlMEFqUXVlcnklMjglMjBkb2N1bWVudCUyMCUyOS5yZWFkeSUyOGZ1bmN0aW9uJTI4JTI5JTIwJTdCJTBBJTIwJTIwJTIwJTIwalF1ZXJ5JTI4JTI3JTIzdmlkZW9Qcm9tbyUyMC5wYWdlLXNlY3Rpb24tY29udGVudCUyNyUyOS5hcHBlbmQlMjglMjclM0NhJTIwY2xhc3MlM0QlMjJjbG9zZVZpZGVvJTIyJTIwaHJlZiUzRCUyMiUyMyUyMiUzRSUyNnRpbWVzJTNCJTNDJTJGYSUzRSUyNyUyOSUzQiUwQSUwQSUyMCUyMCUyMCUyMHZhciUyMF92aWRlb0JveCUzRGpRdWVyeSUyOCUyNyUyM3ZpZGVvUHJvbW8lMjclMjkuY2xvbmUlMjglMjkuYXBwZW5kVG8lMjglMjAlMjJib2R5JTIyJTIwJTI5JTNCJTBBdmlkZW9TcmMlM0RqUXVlcnklMjglMjclMjN2aWRlb1Byb21vJTIwaWZyYW1lJTI3JTI5LmF0dHIlMjglMjdzcmMlMjclMjklM0IlMEFqUXVlcnklMjglMjclMjN0aGVtZS1wYWdlJTIwJTIzdmlkZW9Qcm9tbyUyNyUyOS5yZW1vdmUlMjglMjklM0IlMEElMEElMjAlMjAlMjAlMjBqUXVlcnklMjglMjclMjN2aWRlb0J0biUyNyUyOS5vbiUyOCUyN2NsaWNrJTI3JTJDJTIwZnVuY3Rpb24lMjhlJTI5JTdCJTBBJTIwJTIwJTIwJTIwJTIwJTIwJTIwZS5wcmV2ZW50RGVmYXVsdCUyOCUyOSUzQiUwQWNvbnNvbGUubG9nJTI4JTI3VmlkZW8lMjBTcmMlM0ElMjAlMjclMkJ2aWRlb1NyYyUyOSUzQiUwQWpRdWVyeSUyOCUyNyUyM3ZpZGVvUHJvbW8lMjBpZnJhbWUlMjclMjkuYXR0ciUyOCUyN3NyYyUyNyUyQ3ZpZGVvU3JjJTJCJTI3JTNGY29udHJvbHMlM0QwJTI2YXV0b3BsYXklM0QxJTI2ZW5hYmxlanNhcGklM0QxJTI3JTI5JTNCJTBBJTIwJTIwJTIwJTIwJTIwJTIwJTIwalF1ZXJ5JTI4JTI3JTIzdmlkZW9Qcm9tbyUyNyUyOS5mYWRlSW4lMjg2MDAlMjkuYWRkQ2xhc3MlMjglMjdhY3RpdmUlMjclMjklM0IlMEElMjAlMjAlMjAlMjAlN0QlMjklM0IlMEElMjAlMjAlMjAlMjBqUXVlcnklMjglMjcuY2xvc2VWaWRlbyUyNyUyOS5vbiUyOCUyN2NsaWNrJTI3JTJDJTIwZnVuY3Rpb24lMjhlJTI5JTdCJTBBJTIwJTIwJTIwJTIwJTIwJTIwJTIwZS5wcmV2ZW50RGVmYXVsdCUyOCUyOSUzQiUwQWpRdWVyeSUyOCUyNyUyM3ZpZGVvUHJvbW8lMjBpZnJhbWUlMjclMjkuYXR0ciUyOCUyN3NyYyUyNyUyQyUyNyUyNyUyOSUzQiUwQSUyMCUyMCUyMCUyMCUyMCUyMCUyMGpRdWVyeSUyOCUyNyUyM3ZpZGVvUHJvbW8lMjclMjkuZmFkZU91dCUyODMwMCUyOS5yZW1vdmVDbGFzcyUyOCUyN2FjdGl2ZSUyNyUyOSUzQiUwQSUyMCUyMCUyMCUyMCU3RCUyOSUzQiUwQSU3RCUyOSUzQiUwQSUzQyUyRnNjcmlwdCUzRQ==[\/vc_raw_js][\/vc_column][\/mk_page_section][mk_page_section section_id=\u00a0\u00bbvideoPromo1&Prime; sidebar=\u00a0\u00bbsidebar-1&Prime;][vc_column][vc_raw_html]JTNDZGl2JTIwY2xhc3MlM0QlMjJ2aWRlby1jb250YWluZXIlMjIlM0UlM0NpZnJhbWUlMjB3aWR0aCUzRCUyMjE2OTMlMjIlMjBoZWlnaHQlM0QlMjI4MTUlMjIlMjBzcmMlM0QlMjJodHRwcyUzQSUyRiUyRnd3dy55b3V0dWJlLmNvbSUyRmVtYmVkJTJGOFVhT3ZpbmY5SjQlM0ZzaSUzRDNhdHZPcURkUFBXYkVCSVUlMjIlMjB0aXRsZSUzRCUyMkJld2VydHVuZ2VuJTIyJTIwZnJhbWVib3JkZXIlM0QlMjIwJTIyJTIwYWxsb3clM0QlMjJhY2NlbGVyb21ldGVyJTNCJTIwYXV0b3BsYXklM0IlMjBjbGlwYm9hcmQtd3JpdGUlM0IlMjBlbmNyeXB0ZWQtbWVkaWElM0IlMjBneXJvc2NvcGUlM0IlMjBwaWN0dXJlLWluLXBpY3R1cmUlM0IlMjB3ZWItc2hhcmUlMjIlMjBhbGxvd2Z1bGxzY3JlZW4lM0UlM0MlMkZpZnJhbWUlM0UlM0MlMkZkaXYlM0U=[\/vc_raw_html][vc_raw_js]JTNDc2NyaXB0JTIwdHlwZSUzRCUyMnRleHQlMkZqYXZhc2NyaXB0JTIyJTNFJTBBdmFyJTIwdmlkZW9TcmMxJTNEJTI3JTI3JTNCJTBBalF1ZXJ5JTI4JTIwZG9jdW1lbnQlMjAlMjkucmVhZHklMjhmdW5jdGlvbiUyOCUyOSUyMCU3QiUwQSUyMCUyMCUyMCUyMGpRdWVyeSUyOCUyNyUyM3ZpZGVvUHJvbW8xJTIwLnBhZ2Utc2VjdGlvbi1jb250ZW50JTI3JTI5LmFwcGVuZCUyOCUyNyUzQ2ElMjBjbGFzcyUzRCUyMmNsb3NlVmlkZW8lMjIlMjBocmVmJTNEJTIyJTIzJTIyJTNFJTI2dGltZXMlM0IlM0MlMkZhJTNFJTI3JTI5JTNCJTBBJTBBJTIwJTIwJTIwJTIwdmFyJTIwX3ZpZGVvQm94JTNEalF1ZXJ5JTI4JTI3JTIzdmlkZW9Qcm9tbzElMjclMjkuY2xvbmUlMjglMjkuYXBwZW5kVG8lMjglMjAlMjJib2R5JTIyJTIwJTI5JTNCJTBBdmlkZW9TcmMxJTNEalF1ZXJ5JTI4JTI3JTIzdmlkZW9Qcm9tbzElMjBpZnJhbWUlMjclMjkuYXR0ciUyOCUyN3NyYyUyNyUyOSUzQiUwQWpRdWVyeSUyOCUyNyUyM3RoZW1lLXBhZ2UlMjAlMjN2aWRlb1Byb21vMSUyNyUyOS5yZW1vdmUlMjglMjklM0IlMEElMEElMjAlMjAlMjAlMjBqUXVlcnklMjglMjclMjN2aWRlb0J0bjElMjclMjkub24lMjglMjdjbGljayUyNyUyQyUyMGZ1bmN0aW9uJTI4ZSUyOSU3QiUwQSUyMCUyMCUyMCUyMCUyMCUyMCUyMGUucHJldmVudERlZmF1bHQlMjglMjklM0IlMEFjb25zb2xlLmxvZyUyOCUyN1ZpZGVvJTIwU3JjJTNBJTIwJTI3JTJCdmlkZW9TcmMxJTI5JTNCJTBBalF1ZXJ5JTI4JTI3JTIzdmlkZW9Qcm9tbzElMjBpZnJhbWUlMjclMjkuYXR0ciUyOCUyN3NyYyUyNyUyQ3ZpZGVvU3JjMSUyQiUyNyUzRmNvbnRyb2xzJTNEMCUyNmF1dG9wbGF5JTNEMSUyNmVuYWJsZWpzYXBpJTNEMSUyNyUyOSUzQiUwQSUyMCUyMCUyMCUyMCUyMCUyMCUyMGpRdWVyeSUyOCUyNyUyM3ZpZGVvUHJvbW8xJTI3JTI5LmZhZGVJbiUyODYwMCUyOS5hZGRDbGFzcyUyOCUyN2FjdGl2ZSUyNyUyOSUzQiUwQSUyMCUyMCUyMCUyMCU3RCUyOSUzQiUwQSUyMCUyMCUyMCUyMGpRdWVyeSUyOCUyNy5jbG9zZVZpZGVvJTI3JTI5Lm9uJTI4JTI3Y2xpY2slMjclMkMlMjBmdW5jdGlvbiUyOGUlMjklN0IlMEElMjAlMjAlMjAlMjAlMjAlMjAlMjBlLnByZXZlbnREZWZhdWx0JTI4JTI5JTNCJTBBalF1ZXJ5JTI4JTI3JTIzdmlkZW9Qcm9tbzElMjBpZnJhbWUlMjclMjkuYXR0ciUyOCUyN3NyYyUyNyUyQyUyNyUyNyUyOSUzQiUwQSUyMCUyMCUyMCUyMCUyMCUyMCUyMGpRdWVyeSUyOCUyNyUyM3ZpZGVvUHJvbW8xJTI3JTI5LmZhZGVPdXQlMjgzMDAlMjkucmVtb3ZlQ2xhc3MlMjglMjdhY3RpdmUlMjclMjklM0IlMEElMjAlMjAlMjAlMjAlN0QlMjklM0IlMEElN0QlMjklM0IlMEElM0MlMkZzY3JpcHQlM0U=[\/vc_raw_js][\/vc_column][\/mk_page_section]\n","protected":false},"excerpt":{"rendered":"<p>[mk_page_section bg_image=\u00a0\u00bbhttps:\/\/force8.coach\/wp-content\/uploads\/2021\/08\/organizations-1.jpg\u00a0\u00bb bg_color=\u00a0\u00bb#ffffff\u00a0\u00bb bg_stretch=\u00a0\u00bbtrue\u00a0\u00bb enable_3d=\u00a0\u00bbtrue\u00a0\u00bb video_color_mask=\u00a0\u00bb#000000&Prime; video_opacity=\u00a0\u00bb0.4&Prime; min_height=\u00a0\u00bb650&Prime; js_vertical_centered=\u00a0\u00bbtrue\u00a0\u00bb sidebar=\u00a0\u00bbsidebar-1&Prime;][vc_column width=\u00a0\u00bb2\/3&Prime;][mk_fancy_title color=\u00a0\u00bb#ffffff\u00a0\u00bb size=\u00a0\u00bb35&Prime; force_font_size=\u00a0\u00bbtrue\u00a0\u00bb size_phone=\u00a0\u00bb25&Prime; font_weight=\u00a0\u00bb400&Prime; font_style=\u00a0\u00bbnormal\u00a0\u00bb letter_spacing=\u00a0\u00bb1&Prime; margin_bottom=\u00a0\u00bb0&Prime; font_family=\u00a0\u00bbnone\u00a0\u00bb]Centre de test[\/mk_fancy_title][mk_fancy_title tag_name=\u00a0\u00bbh1&Prime; color=\u00a0\u00bb#ffffff\u00a0\u00bb size=\u00a0\u00bb64&Prime; force_font_size=\u00a0\u00bbtrue\u00a0\u00bb size_phone=\u00a0\u00bb50&Prime; line_height=\u00a0\u00bb95&Prime; font_weight=\u00a0\u00bb900&Prime; font_style=\u00a0\u00bbnormal\u00a0\u00bb letter_spacing=\u00a0\u00bb1&Prime; margin_bottom=\u00a0\u00bb0&Prime; font_family=\u00a0\u00bbnone\u00a0\u00bb]Du z\u00e9ro au h\u00e9ros[\/mk_fancy_title][\/vc_column][vc_column width=\u00a0\u00bb1\/3&Prime;][\/vc_column][\/mk_page_section][mk_page_section bg_color=\u00a0\u00bb#f9f9f9&Prime; bg_stretch=\u00a0\u00bbtrue\u00a0\u00bb video_opacity=\u00a0\u00bb0.4&Prime; padding_top=\u00a0\u00bb100&Prime; padding_bottom=\u00a0\u00bb80&Prime; bottom_shape_color=\u00a0\u00bb#f7f7f7&Prime; sidebar=\u00a0\u00bbsidebar-1&Prime;][vc_column width=\u00a0\u00bb1\/2&Prime;][mk_fancy_title size=\u00a0\u00bb25&Prime; font_weight=\u00a0\u00bb600&Prime; margin_bottom=\u00a0\u00bb0&Prime; font_family=\u00a0\u00bbnone\u00a0\u00bb]Si tu testes et \u00e9values r\u00e9guli\u00e8rement des [&hellip;]<\/p>\n","protected":false},"author":1,"featured_media":0,"parent":0,"menu_order":0,"comment_status":"closed","ping_status":"closed","template":"","meta":{"inline_featured_image":false,"footnotes":""},"_links":{"self":[{"href":"https:\/\/force8.coach\/fr\/wp-json\/wp\/v2\/pages\/13729"}],"collection":[{"href":"https:\/\/force8.coach\/fr\/wp-json\/wp\/v2\/pages"}],"about":[{"href":"https:\/\/force8.coach\/fr\/wp-json\/wp\/v2\/types\/page"}],"author":[{"embeddable":true,"href":"https:\/\/force8.coach\/fr\/wp-json\/wp\/v2\/users\/1"}],"replies":[{"embeddable":true,"href":"https:\/\/force8.coach\/fr\/wp-json\/wp\/v2\/comments?post=13729"}],"version-history":[{"count":25,"href":"https:\/\/force8.coach\/fr\/wp-json\/wp\/v2\/pages\/13729\/revisions"}],"predecessor-version":[{"id":15314,"href":"https:\/\/force8.coach\/fr\/wp-json\/wp\/v2\/pages\/13729\/revisions\/15314"}],"wp:attachment":[{"href":"https:\/\/force8.coach\/fr\/wp-json\/wp\/v2\/media?parent=13729"}],"curies":[{"name":"wp","href":"https:\/\/api.w.org\/{rel}","templated":true}]}}