{"id":14078,"date":"2024-02-16T16:25:05","date_gmt":"2024-02-16T16:25:05","guid":{"rendered":"https:\/\/force8.coach\/centre-de-communication-plein\/"},"modified":"2026-02-18T11:39:50","modified_gmt":"2026-02-18T11:39:50","slug":"centre-de-communication","status":"publish","type":"page","link":"https:\/\/force8.coach\/fr\/centre-de-communication\/","title":{"rendered":"Centre de communication"},"content":{"rendered":"[mk_page_section bg_image=\u00a0\u00bbhttps:\/\/force8.coach\/wp-content\/uploads\/2023\/03\/shutterstock_1998139583-res.jpg\u00a0\u00bb bg_color=\u00a0\u00bb#ffffff\u00a0\u00bb bg_stretch=\u00a0\u00bbtrue\u00a0\u00bb enable_3d=\u00a0\u00bbtrue\u00a0\u00bb video_color_mask=\u00a0\u00bb#000000&Prime; video_opacity=\u00a0\u00bb0.3&Prime; min_height=\u00a0\u00bb650&Prime; js_vertical_centered=\u00a0\u00bbtrue\u00a0\u00bb sidebar=\u00a0\u00bbsidebar-1&Prime;][vc_column width=\u00a0\u00bb2\/3&Prime;][mk_fancy_title color=\u00a0\u00bb#ffffff\u00a0\u00bb size=\u00a0\u00bb35&Prime; force_font_size=\u00a0\u00bbtrue\u00a0\u00bb size_phone=\u00a0\u00bb25&Prime; font_weight=\u00a0\u00bb400&Prime; font_style=\u00a0\u00bbnormal\u00a0\u00bb letter_spacing=\u00a0\u00bb1&Prime; margin_bottom=\u00a0\u00bb0&Prime; font_family=\u00a0\u00bbnone\u00a0\u00bb]Centre de communication[\/mk_fancy_title][mk_fancy_title tag_name=\u00a0\u00bbh1&Prime; color=\u00a0\u00bb#ffffff\u00a0\u00bb size=\u00a0\u00bb64&Prime; force_font_size=\u00a0\u00bbtrue\u00a0\u00bb size_phone=\u00a0\u00bb50&Prime; line_height=\u00a0\u00bb95&Prime; font_weight=\u00a0\u00bb900&Prime; font_style=\u00a0\u00bbnormal\u00a0\u00bb letter_spacing=\u00a0\u00bb1&Prime; margin_bottom=\u00a0\u00bb0&Prime; font_family=\u00a0\u00bbnone\u00a0\u00bb]La communication est essentielle[\/mk_fancy_title][\/vc_column][vc_column width=\u00a0\u00bb1\/3&Prime;][\/vc_column][\/mk_page_section][mk_page_section bg_color=\u00a0\u00bb#f9f9f9&Prime; bg_stretch=\u00a0\u00bbtrue\u00a0\u00bb video_opacity=\u00a0\u00bb0.4&Prime; padding_top=\u00a0\u00bb100&Prime; padding_bottom=\u00a0\u00bb80&Prime; bottom_shape_color=\u00a0\u00bb#f7f7f7&Prime; sidebar=\u00a0\u00bbsidebar-1&Prime;][vc_column width=\u00a0\u00bb1\/2&Prime;][mk_fancy_title size=\u00a0\u00bb25&Prime; font_weight=\u00a0\u00bb600&Prime; margin_bottom=\u00a0\u00bb0&Prime; font_family=\u00a0\u00bbnone\u00a0\u00bb]Dans le <a href=\"https:\/\/force8.coach\/fr\/systeme-de-base\/\">syst\u00e8me de base<\/a>, la communication par courriel, la gestion des statuts et les notifications sont d\u00e9j\u00e0 incluses. En outre, tu peux r\u00e9server ces modules de communication utiles.[\/mk_fancy_title][\/vc_column][vc_column width=\u00a0\u00bb1\/2&Prime;][vc_column_text css=\u00a0\u00bb.vc_custom_1706807316141{margin-bottom: 0px !important;}\u00a0\u00bb]<strong>Ton avantage:<\/strong> Centralise toutes les communications entre les athl\u00e8tes et les entra\u00eeneurs, le personnel m\u00e9dical et le personnel en un seul endroit.[\/vc_column_text][\/vc_column][\/mk_page_section][mk_page_section bg_stretch=\u00a0\u00bbtrue\u00a0\u00bb video_opacity=\u00a0\u00bb0.4&Prime; padding_top=\u00a0\u00bb100&Prime; padding_bottom=\u00a0\u00bb80&Prime; bottom_shape_color=\u00a0\u00bb#f7f7f7&Prime; section_id=\u00a0\u00bbsystem\u00a0\u00bb sidebar=\u00a0\u00bbsidebar-1&Prime;][vc_column width=\u00a0\u00bb1\/3&Prime;][mk_image src=\u00a0\u00bbhttps:\/\/force8.coach\/wp-content\/uploads\/2024\/01\/talks-img3.png\u00a0\u00bb image_size=\u00a0\u00bbfull\u00a0\u00bb align=\u00a0\u00bbcenter\u00a0\u00bb margin_bottom=\u00a0\u00bb0&Prime; visibility=\u00a0\u00bbvisible-sm\u00a0\u00bb][mk_padding_divider size=\u00a0\u00bb20&Prime; visibility=\u00a0\u00bbvisible-sm\u00a0\u00bb][mk_fancy_title size=\u00a0\u00bb25&Prime; font_weight=\u00a0\u00bb600&Prime; margin_bottom=\u00a0\u00bb0&Prime; font_family=\u00a0\u00bbnone\u00a0\u00bb]\n<p class=\"p1\">Centre de communication<\/p>\n[\/mk_fancy_title][mk_fancy_title tag_name=\u00a0\u00bbh1&Prime; color=\u00a0\u00bb#000000&Prime; size=\u00a0\u00bb64&Prime; force_font_size=\u00a0\u00bbtrue\u00a0\u00bb line_height=\u00a0\u00bb95&Prime; font_weight=\u00a0\u00bb900&Prime; font_style=\u00a0\u00bbnormal\u00a0\u00bb letter_spacing=\u00a0\u00bb1&Prime; margin_bottom=\u00a0\u00bb30&Prime; font_family=\u00a0\u00bbnone\u00a0\u00bb]Family Connect[\/mk_fancy_title][vc_column_text css=\u00a0\u00bb.vc_custom_1768220664732{margin-bottom: 0px !important;}\u00a0\u00bb]Family Connect est l\u00e0 pour rapprocher les familles des athl\u00e8tes du club. C&rsquo;est un moyen simple et s\u00e9curis\u00e9 pour les parents de rester inform\u00e9s et impliqu\u00e9s dans les activit\u00e9s sportives de leurs enfants, sans que les jeunes athl\u00e8tes aient besoin de g\u00e9rer leurs propres comptes ou adresses e-mail.[\/vc_column_text][mk_custom_list]\n<ul>\n<li>Regarde le planning de l&rsquo;athl\u00e8te<\/li>\n<li>V\u00e9rifie l&rsquo;Aper\u00e7u de la Saison<\/li>\n<li>Dis si tu peux venir aux prochains \u00e9v\u00e9nements ou pas<\/li>\n<li>Exporte le calendrier de chaque athl\u00e8te vers iCal pour le mettre facilement dans ton agenda perso<\/li>\n<li>Mets \u00e0 jour le statut global de l&rsquo;athl\u00e8te (bless\u00e9, malade, en vacances, etc.)<\/li>\n<li>Plusieurs athl\u00e8tes peuvent \u00eatre li\u00e9s au m\u00eame compte parent<\/li>\n<li>Chaque athl\u00e8te peut avoir plusieurs parents\/tuteurs associ\u00e9s<\/li>\n<li>Les athl\u00e8tes n&rsquo;ont pas besoin d&rsquo;une adresse e-mail perso<\/li>\n<\/ul>\n[\/mk_custom_list][mk_button dimension=\u00a0\u00bbflat\u00a0\u00bb corner_style=\u00a0\u00bbfull_rounded\u00a0\u00bb size=\u00a0\u00bblarge\u00a0\u00bb icon=\u00a0\u00bbmk-moon-bubble-video-chat\u00a0\u00bb id=\u00a0\u00bbvideoBtn1&Prime; bg_color=\u00a0\u00bb#d66f28&Prime;]Vid\u00e9o du produit[\/mk_button][\/vc_column][vc_column width=\u00a0\u00bb2\/3&Prime;][mk_image src=\u00a0\u00bbhttps:\/\/force8.coach\/wp-content\/uploads\/2026\/01\/family-connect_1.png\u00a0\u00bb image_size=\u00a0\u00bbfull\u00a0\u00bb align=\u00a0\u00bbcenter\u00a0\u00bb margin_bottom=\u00a0\u00bb0&Prime; visibility=\u00a0\u00bbhidden-sm\u00a0\u00bb][\/vc_column][\/mk_page_section][mk_page_section bg_stretch=\u00a0\u00bbtrue\u00a0\u00bb video_opacity=\u00a0\u00bb0.4&Prime; padding_top=\u00a0\u00bb100&Prime; padding_bottom=\u00a0\u00bb80&Prime; bottom_shape_color=\u00a0\u00bb#f7f7f7&Prime; section_id=\u00a0\u00bbsystem\u00a0\u00bb sidebar=\u00a0\u00bbsidebar-1&Prime;][vc_column width=\u00a0\u00bb1\/3&Prime;][mk_image src=\u00a0\u00bbhttps:\/\/force8.coach\/wp-content\/uploads\/2024\/01\/talks-img3.png\u00a0\u00bb image_size=\u00a0\u00bbfull\u00a0\u00bb align=\u00a0\u00bbcenter\u00a0\u00bb margin_bottom=\u00a0\u00bb0&Prime; visibility=\u00a0\u00bbvisible-sm\u00a0\u00bb][mk_fancy_title size=\u00a0\u00bb25&Prime; font_weight=\u00a0\u00bb600&Prime; margin_bottom=\u00a0\u00bb0&Prime; font_family=\u00a0\u00bbnone\u00a0\u00bb]\n<p class=\"p1\">Centre de communication<\/p>\n[\/mk_fancy_title][mk_fancy_title tag_name=\u00a0\u00bbh1&Prime; color=\u00a0\u00bb#000000&Prime; size=\u00a0\u00bb64&Prime; force_font_size=\u00a0\u00bbtrue\u00a0\u00bb line_height=\u00a0\u00bb95&Prime; font_weight=\u00a0\u00bb900&Prime; font_style=\u00a0\u00bbnormal\u00a0\u00bb letter_spacing=\u00a0\u00bb1&Prime; margin_bottom=\u00a0\u00bb30&Prime; font_family=\u00a0\u00bbnone\u00a0\u00bb]Discussions[\/mk_fancy_title][mk_custom_list]\n<ul>\n<li>Conserver efficacement tous les entretiens d&rsquo;une mani\u00e8re conviviale<\/li>\n<li>Personnalise les mod\u00e8les pour les r\u00e9unions d&rsquo;athl\u00e8tes, les \u00e9valuations de fin de saison, les sessions de planification de carri\u00e8re, etc.<\/li>\n<li>Enregistrement instantan\u00e9 des entretiens dans Force8 Coach<\/li>\n<li>Permet aux athl\u00e8tes de remplir leurs r\u00e9ponses \u00e0 l&rsquo;avance via la plateforme des athl\u00e8tes<\/li>\n<\/ul>\n[\/mk_custom_list][mk_button dimension=\u00a0\u00bbflat\u00a0\u00bb corner_style=\u00a0\u00bbfull_rounded\u00a0\u00bb size=\u00a0\u00bblarge\u00a0\u00bb icon=\u00a0\u00bbmk-moon-bubble-video-chat\u00a0\u00bb id=\u00a0\u00bbvideoBtn\u00a0\u00bb bg_color=\u00a0\u00bb#d66f28&Prime;]Vid\u00e9o du produit[\/mk_button][\/vc_column][vc_column width=\u00a0\u00bb2\/3&Prime;][mk_image src=\u00a0\u00bbhttps:\/\/force8.coach\/wp-content\/uploads\/2024\/01\/talks-img3.png\u00a0\u00bb image_size=\u00a0\u00bbfull\u00a0\u00bb align=\u00a0\u00bbcenter\u00a0\u00bb margin_bottom=\u00a0\u00bb0&Prime; visibility=\u00a0\u00bbhidden-sm\u00a0\u00bb][\/vc_column][\/mk_page_section][mk_page_section bg_color=\u00a0\u00bb#31dcff\u00a0\u00bb bg_stretch=\u00a0\u00bbtrue\u00a0\u00bb bg_gradient=\u00a0\u00bbhorizontal\u00a0\u00bb video_color_mask=\u00a0\u00bb#31dcff\u00a0\u00bb gr_end=\u00a0\u00bb#002efe\u00a0\u00bb video_opacity=\u00a0\u00bb1&Prime; min_height=\u00a0\u00bb60&Prime; padding_top=\u00a0\u00bb40&Prime; padding_bottom=\u00a0\u00bb30&Prime; bottom_shape_color=\u00a0\u00bb#f7f7f7&Prime; sidebar=\u00a0\u00bbsidebar-1&Prime;][vc_column width=\u00a0\u00bb2\/3&Prime;][mk_fancy_title color=\u00a0\u00bb#ffffff\u00a0\u00bb size=\u00a0\u00bb35&Prime; line_height=\u00a0\u00bb90&Prime; font_weight=\u00a0\u00bb900&Prime; margin_top=\u00a0\u00bb10&Prime; margin_bottom=\u00a0\u00bb0&Prime; font_family=\u00a0\u00bbnone\u00a0\u00bb]Tu cherches une solution appropri\u00e9e ?[\/mk_fancy_title][\/vc_column][vc_column width=\u00a0\u00bb1\/3&Prime;][mk_button dimension=\u00a0\u00bbflat\u00a0\u00bb corner_style=\u00a0\u00bbfull_rounded\u00a0\u00bb size=\u00a0\u00bblarge\u00a0\u00bb icon=\u00a0\u00bbmk-moon-calendar\u00a0\u00bb url=\u00a0\u00bbhttps:\/\/meetings.hubspot.com\/marco-baeschlin\u00a0\u00bb target=\u00a0\u00bb_blank\u00a0\u00bb align=\u00a0\u00bbright\u00a0\u00bb id=\u00a0\u00bbvideoBtn\u00a0\u00bb margin_bottom=\u00a0\u00bb0&Prime; margin_right=\u00a0\u00bb0&Prime; bg_color=\u00a0\u00bb#000000&Prime;]Planifie une d\u00e9mo[\/mk_button][\/vc_column][\/mk_page_section][mk_page_section section_id=\u00a0\u00bbvideoPromo\u00a0\u00bb sidebar=\u00a0\u00bbsidebar-1&Prime;][vc_column][vc_raw_html]PGRpdiBjbGFzcz0idmlkZW8tY29udGFpbmVyIj48aWZyYW1lIHdpZHRoPSIxNzEzIiBoZWlnaHQ9IjgzNSIgc3JjPSJodHRwczovL3d3dy55b3V0dWJlLmNvbS9lbWJlZC9SeEdobFJ0NzBzcz9zaT1qM0dWcF82VHp2bjlhcFZKIiB0aXRsZT0iUGxhbiBkZSBmb3JtYXRpb24iIGZyYW1lYm9yZGVyPSIwIiBhbGxvdz0iYWNjZWxlcm9tZXRlcjsgYXV0b3BsYXk7IGNsaXBib2FyZC13cml0ZTsgZW5jcnlwdGVkLW1lZGlhOyBneXJvc2NvcGU7IHBpY3R1cmUtaW4tcGljdHVyZTsgd2ViLXNoYXJlIiBhbGxvd2Z1bGxzY3JlZW49IiI+PC9pZnJhbWU+PC9kaXY+[\/vc_raw_html][vc_raw_js]JTNDc2NyaXB0JTIwdHlwZSUzRCUyMnRleHQlMkZqYXZhc2NyaXB0JTIyJTNFJTBBalF1ZXJ5JTI4ZG9jdW1lbnQlMjkucmVhZHklMjhmdW5jdGlvbiUyMCUyOCUyNCUyOSUyMCU3QiUwQSUwQSUyMCUyMCUyNCUyOCUyNyUyM3ZpZGVvUHJvbW8lMjAucGFnZS1zZWN0aW9uLWNvbnRlbnQlMjclMjkuYXBwZW5kJTI4JTI3JTNDYSUyMGNsYXNzJTNEJTIyY2xvc2VWaWRlbyUyMiUyMGhyZWYlM0QlMjIlMjMlMjIlM0UlMjZ0aW1lcyUzQiUzQyUyRmElM0UlMjclMjklM0IlMEElMEElMjAlMjB2YXIlMjAlMjRwcm9tb0JveCUyMCUzRCUyMCUyNCUyOCUyNyUyM3ZpZGVvUHJvbW8lMjclMjkuY2xvbmUlMjglMjkuYXBwZW5kVG8lMjglMjdib2R5JTI3JTI5JTNCJTBBJTIwJTIwdmFyJTIwcHJvbW9TcmMlMjAlMjAlM0QlMjAlMjRwcm9tb0JveC5maW5kJTI4JTI3aWZyYW1lJTI3JTI5LmF0dHIlMjglMjdzcmMlMjclMjklM0IlMEElMEElMjAlMjAlMjQlMjglMjclMjN0aGVtZS1wYWdlJTIwJTIzdmlkZW9Qcm9tbyUyNyUyOS5yZW1vdmUlMjglMjklM0IlMEElMEElMjAlMjAlMjQlMjglMjclMjN2aWRlb0J0biUyNyUyOS5vbiUyOCUyN2NsaWNrJTI3JTJDJTIwZnVuY3Rpb24lMjAlMjhlJTI5JTIwJTdCJTBBJTIwJTIwJTIwJTIwZS5wcmV2ZW50RGVmYXVsdCUyOCUyOSUzQiUwQSUyMCUyMCUyMCUyMCUyNHByb21vQm94LmZpbmQlMjglMjdpZnJhbWUlMjclMjkuYXR0ciUyOCUyN3NyYyUyNyUyQyUyMHByb21vU3JjJTIwJTJCJTIwJTI3JTI2Y29udHJvbHMlM0QwJTI2YXV0b3BsYXklM0QxJTI2ZW5hYmxlanNhcGklM0QxJTI3JTI5JTNCJTBBJTIwJTIwJTIwJTIwJTI0cHJvbW9Cb3guZmFkZUluJTI4NjAwJTI5LmFkZENsYXNzJTI4JTI3YWN0aXZlJTI3JTI5JTNCJTBBJTIwJTIwJTdEJTI5JTNCJTBBJTBBJTIwJTIwJTI0cHJvbW9Cb3gub24lMjglMjdjbGljayUyNyUyQyUyMCUyNy5jbG9zZVZpZGVvJTI3JTJDJTIwZnVuY3Rpb24lMjAlMjhlJTI5JTIwJTdCJTBBJTIwJTIwJTIwJTIwZS5wcmV2ZW50RGVmYXVsdCUyOCUyOSUzQiUwQSUyMCUyMCUyMCUyMCUyNHByb21vQm94LmZpbmQlMjglMjdpZnJhbWUlMjclMjkuYXR0ciUyOCUyN3NyYyUyNyUyQyUyMCUyNyUyNyUyOSUzQiUwQSUyMCUyMCUyMCUyMCUyNHByb21vQm94LmZhZGVPdXQlMjgzMDAlMjkucmVtb3ZlQ2xhc3MlMjglMjdhY3RpdmUlMjclMjklM0IlMEElMjAlMjAlN0QlMjklM0IlMEElMEElN0QlMjklM0IlMEElM0MlMkZzY3JpcHQlM0UlMEE=[\/vc_raw_js][\/vc_column][\/mk_page_section][mk_page_section section_id=\u00a0\u00bbFamilyconnect\u00a0\u00bb sidebar=\u00a0\u00bbsidebar-1&Prime;][vc_column][vc_raw_html]JTNDZGl2JTIwY2xhc3MlM0QlMjJ2aWRlby1jb250YWluZXIlMjIlM0UlM0NpZnJhbWUlMjB3aWR0aCUzRCUyMjE3MTMlMjIlMjBoZWlnaHQlM0QlMjI4MzUlMjIlMjBzcmMlM0QlMjJodHRwcyUzQSUyRiUyRnd3dy55b3V0dWJlLmNvbSUyRmVtYmVkJTJGdFcxeF9sejQ4X28lM0ZzaSUzREVuRzgtT2RUUk5TMjVjQ28lMjIlMjB0aXRsZSUzRCUyMlBsYW4lMjBkZSUyMGZvcm1hdGlvbiUyMiUyMGZyYW1lYm9yZGVyJTNEJTIyMCUyMiUyMGFsbG93JTNEJTIyYWNjZWxlcm9tZXRlciUzQiUyMGF1dG9wbGF5JTNCJTIwY2xpcGJvYXJkLXdyaXRlJTNCJTIwZW5jcnlwdGVkLW1lZGlhJTNCJTIwZ3lyb3Njb3BlJTNCJTIwcGljdHVyZS1pbi1waWN0dXJlJTNCJTIwd2ViLXNoYXJlJTIyJTIwYWxsb3dmdWxsc2NyZWVuJTNEJTIyJTIyJTNFJTNDJTJGaWZyYW1lJTNFJTNDJTJGZGl2JTNF[\/vc_raw_html][vc_raw_js]JTNDc2NyaXB0JTIwdHlwZSUzRCUyMnRleHQlMkZqYXZhc2NyaXB0JTIyJTNFJTBBalF1ZXJ5JTI4ZG9jdW1lbnQlMjkucmVhZHklMjhmdW5jdGlvbiUyMCUyOCUyNCUyOSUyMCU3QiUwQSUwQSUyMCUyMCUyNCUyOCUyNyUyM0ZhbWlseWNvbm5lY3QlMjAucGFnZS1zZWN0aW9uLWNvbnRlbnQlMjclMjkuYXBwZW5kJTI4JTI3JTNDYSUyMGNsYXNzJTNEJTIyY2xvc2VWaWRlbyUyMiUyMGhyZWYlM0QlMjIlMjMlMjIlM0UlMjZ0aW1lcyUzQiUzQyUyRmElM0UlMjclMjklM0IlMEElMEElMjAlMjB2YXIlMjAlMjRmYW1pbHlCb3glMjAlM0QlMjAlMjQlMjglMjclMjNGYW1pbHljb25uZWN0JTI3JTI5LmNsb25lJTI4JTI5LmFwcGVuZFRvJTI4JTI3Ym9keSUyNyUyOSUzQiUwQSUyMCUyMHZhciUyMGZhbWlseVNyYyUyMCUyMCUzRCUyMCUyNGZhbWlseUJveC5maW5kJTI4JTI3aWZyYW1lJTI3JTI5LmF0dHIlMjglMjdzcmMlMjclMjklM0IlMEElMEElMjAlMjAlMjQlMjglMjclMjN0aGVtZS1wYWdlJTIwJTIzRmFtaWx5Y29ubmVjdCUyNyUyOS5yZW1vdmUlMjglMjklM0IlMEElMEElMjAlMjAlMjQlMjglMjclMjN2aWRlb0J0bjElMjclMjkub24lMjglMjdjbGljayUyNyUyQyUyMGZ1bmN0aW9uJTIwJTI4ZSUyOSUyMCU3QiUwQSUyMCUyMCUyMCUyMGUucHJldmVudERlZmF1bHQlMjglMjklM0IlMEElMjAlMjAlMjAlMjAlMjRmYW1pbHlCb3guZmluZCUyOCUyN2lmcmFtZSUyNyUyOS5hdHRyJTI4JTI3c3JjJTI3JTJDJTIwZmFtaWx5U3JjJTIwJTJCJTIwJTI3JTI2Y29udHJvbHMlM0QwJTI2YXV0b3BsYXklM0QxJTI2ZW5hYmxlanNhcGklM0QxJTI3JTI5JTNCJTBBJTIwJTIwJTIwJTIwJTI0ZmFtaWx5Qm94LmZhZGVJbiUyODYwMCUyOS5hZGRDbGFzcyUyOCUyN2FjdGl2ZSUyNyUyOSUzQiUwQSUyMCUyMCU3RCUyOSUzQiUwQSUwQSUyMCUyMCUyNGZhbWlseUJveC5vbiUyOCUyN2NsaWNrJTI3JTJDJTIwJTI3LmNsb3NlVmlkZW8lMjclMkMlMjBmdW5jdGlvbiUyMCUyOGUlMjklMjAlN0IlMEElMjAlMjAlMjAlMjBlLnByZXZlbnREZWZhdWx0JTI4JTI5JTNCJTBBJTIwJTIwJTIwJTIwJTI0ZmFtaWx5Qm94LmZpbmQlMjglMjdpZnJhbWUlMjclMjkuYXR0ciUyOCUyN3NyYyUyNyUyQyUyMCUyNyUyNyUyOSUzQiUwQSUyMCUyMCUyMCUyMCUyNGZhbWlseUJveC5mYWRlT3V0JTI4MzAwJTI5LnJlbW92ZUNsYXNzJTI4JTI3YWN0aXZlJTI3JTI5JTNCJTBBJTIwJTIwJTdEJTI5JTNCJTBBJTBBJTdEJTI5JTNCJTBBJTNDJTJGc2NyaXB0JTNFJTBB[\/vc_raw_js][\/vc_column][\/mk_page_section]\n","protected":false},"excerpt":{"rendered":"<p>[mk_page_section bg_image=\u00a0\u00bbhttps:\/\/force8.coach\/wp-content\/uploads\/2023\/03\/shutterstock_1998139583-res.jpg\u00a0\u00bb bg_color=\u00a0\u00bb#ffffff\u00a0\u00bb bg_stretch=\u00a0\u00bbtrue\u00a0\u00bb enable_3d=\u00a0\u00bbtrue\u00a0\u00bb video_color_mask=\u00a0\u00bb#000000&Prime; video_opacity=\u00a0\u00bb0.3&Prime; min_height=\u00a0\u00bb650&Prime; js_vertical_centered=\u00a0\u00bbtrue\u00a0\u00bb sidebar=\u00a0\u00bbsidebar-1&Prime;][vc_column width=\u00a0\u00bb2\/3&Prime;][mk_fancy_title color=\u00a0\u00bb#ffffff\u00a0\u00bb size=\u00a0\u00bb35&Prime; force_font_size=\u00a0\u00bbtrue\u00a0\u00bb size_phone=\u00a0\u00bb25&Prime; font_weight=\u00a0\u00bb400&Prime; font_style=\u00a0\u00bbnormal\u00a0\u00bb letter_spacing=\u00a0\u00bb1&Prime; margin_bottom=\u00a0\u00bb0&Prime; font_family=\u00a0\u00bbnone\u00a0\u00bb]Centre de communication[\/mk_fancy_title][mk_fancy_title tag_name=\u00a0\u00bbh1&Prime; color=\u00a0\u00bb#ffffff\u00a0\u00bb size=\u00a0\u00bb64&Prime; force_font_size=\u00a0\u00bbtrue\u00a0\u00bb size_phone=\u00a0\u00bb50&Prime; line_height=\u00a0\u00bb95&Prime; font_weight=\u00a0\u00bb900&Prime; font_style=\u00a0\u00bbnormal\u00a0\u00bb letter_spacing=\u00a0\u00bb1&Prime; margin_bottom=\u00a0\u00bb0&Prime; font_family=\u00a0\u00bbnone\u00a0\u00bb]La communication est essentielle[\/mk_fancy_title][\/vc_column][vc_column width=\u00a0\u00bb1\/3&Prime;][\/vc_column][\/mk_page_section][mk_page_section bg_color=\u00a0\u00bb#f9f9f9&Prime; bg_stretch=\u00a0\u00bbtrue\u00a0\u00bb video_opacity=\u00a0\u00bb0.4&Prime; padding_top=\u00a0\u00bb100&Prime; padding_bottom=\u00a0\u00bb80&Prime; bottom_shape_color=\u00a0\u00bb#f7f7f7&Prime; sidebar=\u00a0\u00bbsidebar-1&Prime;][vc_column width=\u00a0\u00bb1\/2&Prime;][mk_fancy_title size=\u00a0\u00bb25&Prime; font_weight=\u00a0\u00bb600&Prime; margin_bottom=\u00a0\u00bb0&Prime; font_family=\u00a0\u00bbnone\u00a0\u00bb]Dans le syst\u00e8me de base, la communication [&hellip;]<\/p>\n","protected":false},"author":1,"featured_media":0,"parent":0,"menu_order":0,"comment_status":"closed","ping_status":"closed","template":"","meta":{"inline_featured_image":false,"footnotes":""},"_links":{"self":[{"href":"https:\/\/force8.coach\/fr\/wp-json\/wp\/v2\/pages\/14078"}],"collection":[{"href":"https:\/\/force8.coach\/fr\/wp-json\/wp\/v2\/pages"}],"about":[{"href":"https:\/\/force8.coach\/fr\/wp-json\/wp\/v2\/types\/page"}],"author":[{"embeddable":true,"href":"https:\/\/force8.coach\/fr\/wp-json\/wp\/v2\/users\/1"}],"replies":[{"embeddable":true,"href":"https:\/\/force8.coach\/fr\/wp-json\/wp\/v2\/comments?post=14078"}],"version-history":[{"count":39,"href":"https:\/\/force8.coach\/fr\/wp-json\/wp\/v2\/pages\/14078\/revisions"}],"predecessor-version":[{"id":17388,"href":"https:\/\/force8.coach\/fr\/wp-json\/wp\/v2\/pages\/14078\/revisions\/17388"}],"wp:attachment":[{"href":"https:\/\/force8.coach\/fr\/wp-json\/wp\/v2\/media?parent=14078"}],"curies":[{"name":"wp","href":"https:\/\/api.w.org\/{rel}","templated":true}]}}