{"id":14117,"date":"2024-02-16T17:58:34","date_gmt":"2024-02-16T17:58:34","guid":{"rendered":"https:\/\/force8.coach\/health-center-full\/"},"modified":"2024-09-02T16:55:20","modified_gmt":"2024-09-02T16:55:20","slug":"centre-de-sante","status":"publish","type":"page","link":"https:\/\/force8.coach\/fr\/centre-de-sante\/","title":{"rendered":"Centre de Sant\u00e9"},"content":{"rendered":"[mk_page_section bg_image=\u00a0\u00bbhttps:\/\/force8.coach\/wp-content\/uploads\/2023\/03\/shutterstock_446653762-comp-scaled.jpg\u00a0\u00bb bg_color=\u00a0\u00bb#ffffff\u00a0\u00bb bg_stretch=\u00a0\u00bbtrue\u00a0\u00bb enable_3d=\u00a0\u00bbtrue\u00a0\u00bb video_color_mask=\u00a0\u00bb#000000&Prime; video_opacity=\u00a0\u00bb0.3&Prime; min_height=\u00a0\u00bb650&Prime; js_vertical_centered=\u00a0\u00bbtrue\u00a0\u00bb sidebar=\u00a0\u00bbsidebar-1&Prime;][vc_column width=\u00a0\u00bb1\/2&Prime;][mk_fancy_title color=\u00a0\u00bb#ffffff\u00a0\u00bb size=\u00a0\u00bb35&Prime; force_font_size=\u00a0\u00bbtrue\u00a0\u00bb size_phone=\u00a0\u00bb25&Prime; font_weight=\u00a0\u00bb400&Prime; font_style=\u00a0\u00bbnormal\u00a0\u00bb letter_spacing=\u00a0\u00bb1&Prime; margin_bottom=\u00a0\u00bb0&Prime; font_family=\u00a0\u00bbnone\u00a0\u00bb]Centre de Sant\u00e9[\/mk_fancy_title][mk_fancy_title tag_name=\u00a0\u00bbh1&Prime; color=\u00a0\u00bb#ffffff\u00a0\u00bb size=\u00a0\u00bb64&Prime; force_font_size=\u00a0\u00bbtrue\u00a0\u00bb size_phone=\u00a0\u00bb50&Prime; line_height=\u00a0\u00bb95&Prime; font_weight=\u00a0\u00bb900&Prime; font_style=\u00a0\u00bbnormal\u00a0\u00bb letter_spacing=\u00a0\u00bb1&Prime; margin_bottom=\u00a0\u00bb0&Prime; font_family=\u00a0\u00bbnone\u00a0\u00bb]La sant\u00e9 est primordiale[\/mk_fancy_title][\/vc_column][vc_column width=\u00a0\u00bb1\/2&Prime;][\/vc_column][\/mk_page_section][mk_page_section bg_color=\u00a0\u00bb#f9f9f9&Prime; bg_stretch=\u00a0\u00bbtrue\u00a0\u00bb video_opacity=\u00a0\u00bb0.4&Prime; padding_top=\u00a0\u00bb100&Prime; padding_bottom=\u00a0\u00bb80&Prime; bottom_shape_color=\u00a0\u00bb#f7f7f7&Prime; sidebar=\u00a0\u00bbsidebar-1&Prime;][vc_column width=\u00a0\u00bb1\/2&Prime;][mk_fancy_title size=\u00a0\u00bb25&Prime; font_weight=\u00a0\u00bb600&Prime; margin_bottom=\u00a0\u00bb0&Prime; font_family=\u00a0\u00bbnone\u00a0\u00bb]Laisse les m\u00e9decins, les phyisioth\u00e9rapeutes et les autres membres du personnel m\u00e9dical travailler avec tes athl\u00e8tes. Tu peux choisir parmi quatre modules innovants.[\/mk_fancy_title][\/vc_column][vc_column width=\u00a0\u00bb1\/2&Prime;][vc_column_text css=\u00a0\u00bb.vc_custom_1707503291815{margin-bottom: 0px !important;}\u00a0\u00bb]<strong>Ton avantage :<\/strong> Enregistrement rapide, simple et personnalis\u00e9 de l&rsquo;\u00e9tat physique et mental. Consolidation des donn\u00e9es m\u00e9dicales de base pour une vue d&rsquo;ensemble.[\/vc_column_text][\/vc_column][\/mk_page_section][mk_page_section bg_stretch=\u00a0\u00bbtrue\u00a0\u00bb video_opacity=\u00a0\u00bb0.4&Prime; padding_top=\u00a0\u00bb100&Prime; padding_bottom=\u00a0\u00bb80&Prime; bottom_shape_color=\u00a0\u00bb#f7f7f7&Prime; section_id=\u00a0\u00bbsystem\u00a0\u00bb sidebar=\u00a0\u00bbsidebar-1&Prime;][vc_column width=\u00a0\u00bb1\/3&Prime;][mk_image src=\u00a0\u00bbhttps:\/\/force8.coach\/wp-content\/uploads\/2024\/02\/daily-values-img3.jpg\u00a0\u00bb image_size=\u00a0\u00bbfull\u00a0\u00bb visibility=\u00a0\u00bbvisible-sm\u00a0\u00bb][mk_fancy_title size=\u00a0\u00bb25&Prime; font_weight=\u00a0\u00bb600&Prime; margin_bottom=\u00a0\u00bb0&Prime; font_family=\u00a0\u00bbnone\u00a0\u00bb]\n<p class=\"p1\">Centre de Sant\u00e9<\/p>\n[\/mk_fancy_title][mk_fancy_title tag_name=\u00a0\u00bbh1&Prime; color=\u00a0\u00bb#000000&Prime; size=\u00a0\u00bb64&Prime; force_font_size=\u00a0\u00bbtrue\u00a0\u00bb line_height=\u00a0\u00bb95&Prime; font_weight=\u00a0\u00bb900&Prime; font_style=\u00a0\u00bbnormal\u00a0\u00bb letter_spacing=\u00a0\u00bb1&Prime; margin_bottom=\u00a0\u00bb30&Prime; font_family=\u00a0\u00bbnone\u00a0\u00bb]Valeurs quotidiennes[\/mk_fancy_title][mk_custom_list]\n<ul>\n<li>\u00c0 intervalles d\u00e9finis par toi, les athl\u00e8tes peuvent rendre compte de leur bien-\u00eatre physique et mental<\/li>\n<li>L&rsquo;enqu\u00eate porte sur la dur\u00e9e et la qualit\u00e9 du sommeil, les blessures, les maladies, la douleur, l&rsquo;humeur et la motivation<\/li>\n<li>Les donn\u00e9es sont pr\u00e9sent\u00e9es \u00e0 l&rsquo;entra\u00eeneur et \u00e0 l&rsquo;athl\u00e8te dans un format visuellement attrayant et compr\u00e9hensible<\/li>\n<\/ul>\n[\/mk_custom_list][mk_button dimension=\u00a0\u00bbflat\u00a0\u00bb corner_style=\u00a0\u00bbfull_rounded\u00a0\u00bb size=\u00a0\u00bblarge\u00a0\u00bb icon=\u00a0\u00bbmk-moon-bubble-video-chat\u00a0\u00bb url=\u00a0\u00bb#\u00a0\u00bb id=\u00a0\u00bbvideoBtn\u00a0\u00bb]Vid\u00e9o du produit[\/mk_button][\/vc_column][vc_column width=\u00a0\u00bb2\/3&Prime;][mk_image src=\u00a0\u00bbhttps:\/\/force8.coach\/wp-content\/uploads\/2024\/02\/daily-values-img3.jpg\u00a0\u00bb image_size=\u00a0\u00bbfull\u00a0\u00bb visibility=\u00a0\u00bbhidden-sm\u00a0\u00bb][\/vc_column][\/mk_page_section][mk_page_section bg_stretch=\u00a0\u00bbtrue\u00a0\u00bb video_opacity=\u00a0\u00bb0.4&Prime; padding_top=\u00a0\u00bb100&Prime; padding_bottom=\u00a0\u00bb80&Prime; bottom_shape_color=\u00a0\u00bb#f7f7f7&Prime; section_id=\u00a0\u00bbsystem\u00a0\u00bb sidebar=\u00a0\u00bbsidebar-1&Prime;][vc_column width=\u00a0\u00bb1\/3&Prime;][mk_image src=\u00a0\u00bbhttps:\/\/force8.coach\/wp-content\/uploads\/2024\/01\/basic-system-img1.png\u00a0\u00bb image_size=\u00a0\u00bbfull\u00a0\u00bb visibility=\u00a0\u00bbvisible-sm\u00a0\u00bb][mk_fancy_title size=\u00a0\u00bb25&Prime; font_weight=\u00a0\u00bb600&Prime; margin_bottom=\u00a0\u00bb0&Prime; font_family=\u00a0\u00bbnone\u00a0\u00bb]\n<p class=\"p1\">Centre de Sant\u00e9<\/p>\n[\/mk_fancy_title][mk_fancy_title tag_name=\u00a0\u00bbh1&Prime; color=\u00a0\u00bb#000000&Prime; size=\u00a0\u00bb64&Prime; force_font_size=\u00a0\u00bbtrue\u00a0\u00bb line_height=\u00a0\u00bb95&Prime; font_weight=\u00a0\u00bb900&Prime; font_style=\u00a0\u00bbnormal\u00a0\u00bb letter_spacing=\u00a0\u00bb1&Prime; margin_bottom=\u00a0\u00bb30&Prime; font_family=\u00a0\u00bbnone\u00a0\u00bb]Dossier m\u00e9dical[\/mk_fancy_title][mk_custom_list]\n<ul>\n<li>Documente sans effort et efficacement les informations m\u00e9dicales<\/li>\n<li>\u00c9change des messages avec d&rsquo;autres m\u00e9decins ou formateurs<\/li>\n<li>Proc\u00e8de \u00e0 l&rsquo;\u00e9valuation des sympt\u00f4mes de la commotion c\u00e9r\u00e9brale \u00e0 l&rsquo;aide du protocole SCAT5<\/li>\n<li>Acc\u00e8de aux informations sur les \u00e9tablissements m\u00e9dicaux importants<\/li>\n<\/ul>\n[\/mk_custom_list][mk_button dimension=\u00a0\u00bbflat\u00a0\u00bb corner_style=\u00a0\u00bbfull_rounded\u00a0\u00bb size=\u00a0\u00bblarge\u00a0\u00bb icon=\u00a0\u00bbmk-moon-bubble-video-chat\u00a0\u00bb url=\u00a0\u00bb#\u00a0\u00bb id=\u00a0\u00bbvideoBtn3&Prime;]Vid\u00e9o du produit[\/mk_button][\/vc_column][vc_column width=\u00a0\u00bb2\/3&Prime;][mk_image src=\u00a0\u00bbhttps:\/\/force8.coach\/wp-content\/uploads\/2024\/01\/basic-system-img1.png\u00a0\u00bb image_size=\u00a0\u00bbfull\u00a0\u00bb visibility=\u00a0\u00bbhidden-sm\u00a0\u00bb][\/vc_column][\/mk_page_section][mk_page_section bg_stretch=\u00a0\u00bbtrue\u00a0\u00bb video_opacity=\u00a0\u00bb0.4&Prime; padding_top=\u00a0\u00bb100&Prime; padding_bottom=\u00a0\u00bb80&Prime; bottom_shape_color=\u00a0\u00bb#f7f7f7&Prime; section_id=\u00a0\u00bbsystem\u00a0\u00bb sidebar=\u00a0\u00bbsidebar-1&Prime;][vc_column width=\u00a0\u00bb1\/3&Prime;][mk_image src=\u00a0\u00bbhttps:\/\/force8.coach\/wp-content\/uploads\/2024\/01\/health-center-img2.png\u00a0\u00bb image_size=\u00a0\u00bbfull\u00a0\u00bb visibility=\u00a0\u00bbvisible-sm\u00a0\u00bb][mk_fancy_title size=\u00a0\u00bb25&Prime; font_weight=\u00a0\u00bb600&Prime; margin_bottom=\u00a0\u00bb0&Prime; font_family=\u00a0\u00bbnone\u00a0\u00bb]\n<p class=\"p1\">Centre de Sant\u00e9<\/p>\n[\/mk_fancy_title][mk_fancy_title tag_name=\u00a0\u00bbh1&Prime; color=\u00a0\u00bb#000000&Prime; size=\u00a0\u00bb64&Prime; force_font_size=\u00a0\u00bbtrue\u00a0\u00bb line_height=\u00a0\u00bb95&Prime; font_weight=\u00a0\u00bb900&Prime; font_style=\u00a0\u00bbnormal\u00a0\u00bb letter_spacing=\u00a0\u00bb1&Prime; margin_bottom=\u00a0\u00bb30&Prime; font_family=\u00a0\u00bbnone\u00a0\u00bb]D\u00e9pistage des athl\u00e8tes[\/mk_fancy_title][mk_custom_list]\n<ul>\n<li>Effectue le suivi de la condition physique et des blessures des athl\u00e8tes<\/li>\n<li>D\u00e9veloppe tes propres \u00e9valuations de d\u00e9pistage<\/li>\n<li>Construis des batteries de d\u00e9pistage enti\u00e8rement personnalisables \u00e0 partir de ces tests<\/li>\n<li>Id\u00e9al pour les physioth\u00e9rapeutes<\/li>\n<\/ul>\n[\/mk_custom_list][mk_button dimension=\u00a0\u00bbflat\u00a0\u00bb corner_style=\u00a0\u00bbfull_rounded\u00a0\u00bb size=\u00a0\u00bblarge\u00a0\u00bb icon=\u00a0\u00bbmk-moon-bubble-video-chat\u00a0\u00bb url=\u00a0\u00bb#\u00a0\u00bb id=\u00a0\u00bbvideoBtn2&Prime;]Vid\u00e9o du produit[\/mk_button][\/vc_column][vc_column width=\u00a0\u00bb2\/3&Prime;][mk_image src=\u00a0\u00bbhttps:\/\/force8.coach\/wp-content\/uploads\/2024\/01\/health-center-img2.png\u00a0\u00bb image_size=\u00a0\u00bbfull\u00a0\u00bb visibility=\u00a0\u00bbhidden-sm\u00a0\u00bb][\/vc_column][\/mk_page_section][mk_page_section bg_stretch=\u00a0\u00bbtrue\u00a0\u00bb video_opacity=\u00a0\u00bb0.4&Prime; padding_top=\u00a0\u00bb100&Prime; padding_bottom=\u00a0\u00bb80&Prime; bottom_shape_color=\u00a0\u00bb#f7f7f7&Prime; section_id=\u00a0\u00bbsystem\u00a0\u00bb sidebar=\u00a0\u00bbsidebar-1&Prime;][vc_column width=\u00a0\u00bb1\/3&Prime;][mk_image src=\u00a0\u00bbhttps:\/\/force8.coach\/wp-content\/uploads\/2024\/01\/menstruation-img2.png\u00a0\u00bb image_size=\u00a0\u00bbfull\u00a0\u00bb visibility=\u00a0\u00bbvisible-sm\u00a0\u00bb][mk_fancy_title size=\u00a0\u00bb25&Prime; font_weight=\u00a0\u00bb600&Prime; margin_bottom=\u00a0\u00bb0&Prime; font_family=\u00a0\u00bbnone\u00a0\u00bb]\n<p class=\"p1\">Centre de Sant\u00e9<\/p>\n[\/mk_fancy_title][mk_fancy_title tag_name=\u00a0\u00bbh1&Prime; color=\u00a0\u00bb#000000&Prime; size=\u00a0\u00bb61&Prime; force_font_size=\u00a0\u00bbtrue\u00a0\u00bb line_height=\u00a0\u00bb95&Prime; font_weight=\u00a0\u00bb900&Prime; font_style=\u00a0\u00bbnormal\u00a0\u00bb letter_spacing=\u00a0\u00bb1&Prime; margin_bottom=\u00a0\u00bb30&Prime; font_family=\u00a0\u00bbnone\u00a0\u00bb]Menstruation<br \/>\nCycle[\/mk_fancy_title][mk_custom_list]\n<ul>\n<li>Les athl\u00e8tes f\u00e9minines ont la possibilit\u00e9 d&rsquo;enregistrer leur cycle menstruel<\/li>\n<li>Ils indiquent si cela a influenc\u00e9 leur formation<\/li>\n<li>Cela permet aux entra\u00eeneurs d&rsquo;optimiser plus efficacement le r\u00e9gime d&rsquo;entra\u00eenement<\/li>\n<\/ul>\n[\/mk_custom_list][mk_button dimension=\u00a0\u00bbflat\u00a0\u00bb corner_style=\u00a0\u00bbfull_rounded\u00a0\u00bb size=\u00a0\u00bblarge\u00a0\u00bb icon=\u00a0\u00bbmk-moon-bubble-video-chat\u00a0\u00bb url=\u00a0\u00bb#\u00a0\u00bb id=\u00a0\u00bbvideoBtn1&Prime;]Vid\u00e9o du produit[\/mk_button][\/vc_column][vc_column width=\u00a0\u00bb2\/3&Prime;][mk_image src=\u00a0\u00bbhttps:\/\/force8.coach\/wp-content\/uploads\/2024\/01\/menstruation-img2.png\u00a0\u00bb image_size=\u00a0\u00bbfull\u00a0\u00bb visibility=\u00a0\u00bbhidden-sm\u00a0\u00bb][\/vc_column][\/mk_page_section][mk_page_section bg_color=\u00a0\u00bb#31dcff\u00a0\u00bb bg_stretch=\u00a0\u00bbtrue\u00a0\u00bb bg_gradient=\u00a0\u00bbhorizontal\u00a0\u00bb video_color_mask=\u00a0\u00bb#31dcff\u00a0\u00bb gr_end=\u00a0\u00bb#002efe\u00a0\u00bb video_opacity=\u00a0\u00bb1&Prime; min_height=\u00a0\u00bb60&Prime; padding_top=\u00a0\u00bb40&Prime; padding_bottom=\u00a0\u00bb30&Prime; bottom_shape_color=\u00a0\u00bb#f7f7f7&Prime; sidebar=\u00a0\u00bbsidebar-1&Prime;][vc_column width=\u00a0\u00bb2\/3&Prime;][mk_fancy_title color=\u00a0\u00bb#ffffff\u00a0\u00bb size=\u00a0\u00bb35&Prime; line_height=\u00a0\u00bb90&Prime; font_weight=\u00a0\u00bb900&Prime; margin_top=\u00a0\u00bb10&Prime; margin_bottom=\u00a0\u00bb0&Prime; font_family=\u00a0\u00bbnone\u00a0\u00bb]Tu cherches une solution appropri\u00e9e ?[\/mk_fancy_title][\/vc_column][vc_column width=\u00a0\u00bb1\/3&Prime;][mk_button dimension=\u00a0\u00bbflat\u00a0\u00bb corner_style=\u00a0\u00bbfull_rounded\u00a0\u00bb size=\u00a0\u00bblarge\u00a0\u00bb icon=\u00a0\u00bbmk-moon-calendar\u00a0\u00bb url=\u00a0\u00bbhttps:\/\/meetings.hubspot.com\/marco-baeschlin\u00a0\u00bb target=\u00a0\u00bb_blank\u00a0\u00bb align=\u00a0\u00bbright\u00a0\u00bb id=\u00a0\u00bbvideoBtn\u00a0\u00bb margin_bottom=\u00a0\u00bb0&Prime; margin_right=\u00a0\u00bb0&Prime; bg_color=\u00a0\u00bb#000000&Prime;]Planifie une d\u00e9mo[\/mk_button][\/vc_column][\/mk_page_section][mk_page_section section_id=\u00a0\u00bbvideoPromo\u00a0\u00bb sidebar=\u00a0\u00bbsidebar-1&Prime;][vc_column][vc_raw_html]JTNDZGl2JTIwY2xhc3MlM0QlMjJ2aWRlby1jb250YWluZXIlMjIlM0UlM0NpZnJhbWUlMjB3aWR0aCUzRCUyMjE3MTMlMjIlMjBoZWlnaHQlM0QlMjI4MzUlMjIlMjBzcmMlM0QlMjJodHRwcyUzQSUyRiUyRnd3dy55b3V0dWJlLmNvbSUyRmVtYmVkJTJGQUNmY3piS250bG8lM0ZzaSUzRFM4NnBUSWFWVzVxYkw3VEMlMjIlMjB0aXRsZSUzRCUyMkRvc3NpZXIlMjBtJUMzJUE5ZGljYWwlMjIlMjBmcmFtZWJvcmRlciUzRCUyMjAlMjIlMjBhbGxvdyUzRCUyMmFjY2VsZXJvbWV0ZXIlM0IlMjBhdXRvcGxheSUzQiUyMGNsaXBib2FyZC13cml0ZSUzQiUyMGVuY3J5cHRlZC1tZWRpYSUzQiUyMGd5cm9zY29wZSUzQiUyMHBpY3R1cmUtaW4tcGljdHVyZSUzQiUyMHdlYi1zaGFyZSUyMiUyMGFsbG93ZnVsbHNjcmVlbiUzRCUyMiUyMiUzRSUzQyUyRmlmcmFtZSUzRSUzQyUyRmRpdiUzRSUwQSUwQSUwQQ==[\/vc_raw_html][vc_raw_js]JTNDc2NyaXB0JTIwdHlwZSUzRCUyMnRleHQlMkZqYXZhc2NyaXB0JTIyJTNFJTBBdmFyJTIwdmlkZW9TcmMxJTNEJTI3JTI3JTNCJTBBalF1ZXJ5JTI4JTIwZG9jdW1lbnQlMjAlMjkucmVhZHklMjhmdW5jdGlvbiUyOCUyOSUyMCU3QiUwQSUyMCUyMCUyMCUyMGpRdWVyeSUyOCUyNyUyM3ZpZGVvUHJvbW8lMjAucGFnZS1zZWN0aW9uLWNvbnRlbnQlMjclMjkuYXBwZW5kJTI4JTI3JTNDYSUyMGNsYXNzJTNEJTIyY2xvc2VWaWRlbyUyMiUyMGhyZWYlM0QlMjIlMjMlMjIlM0UlMjZ0aW1lcyUzQiUzQyUyRmElM0UlMjclMjklM0IlMEElMEElMjAlMjAlMjAlMjB2YXIlMjBfdmlkZW9Cb3glM0RqUXVlcnklMjglMjclMjN2aWRlb1Byb21vJTI3JTI5LmNsb25lJTI4JTI5LmFwcGVuZFRvJTI4JTIwJTIyYm9keSUyMiUyMCUyOSUzQiUwQXZpZGVvU3JjMSUzRGpRdWVyeSUyOCUyNyUyM3ZpZGVvUHJvbW8lMjBpZnJhbWUlMjclMjkuYXR0ciUyOCUyN3NyYyUyNyUyOSUzQiUwQWpRdWVyeSUyOCUyNyUyM3RoZW1lLXBhZ2UlMjAlMjN2aWRlb1Byb21vJTI3JTI5LnJlbW92ZSUyOCUyOSUzQiUwQSUwQSUyMCUyMCUyMCUyMGpRdWVyeSUyOCUyNyUyM3ZpZGVvQnRuJTI3JTI5Lm9uJTI4JTI3Y2xpY2slMjclMkMlMjBmdW5jdGlvbiUyOGUlMjklN0IlMEElMjAlMjAlMjAlMjAlMjAlMjAlMjBlLnByZXZlbnREZWZhdWx0JTI4JTI5JTNCJTBBY29uc29sZS5sb2clMjglMjdWaWRlbyUyMFNyYyUzQSUyMCUyNyUyQnZpZGVvU3JjMSUyOSUzQiUwQWpRdWVyeSUyOCUyNyUyM3ZpZGVvUHJvbW8lMjBpZnJhbWUlMjclMjkuYXR0ciUyOCUyN3NyYyUyNyUyQ3ZpZGVvU3JjMSUyQiUyNyUzRmNvbnRyb2xzJTNEMCUyNmF1dG9wbGF5JTNEMSUyNmVuYWJsZWpzYXBpJTNEMSUyNyUyOSUzQiUwQSUyMCUyMCUyMCUyMCUyMCUyMCUyMGpRdWVyeSUyOCUyNyUyM3ZpZGVvUHJvbW8lMjclMjkuZmFkZUluJTI4NjAwJTI5LmFkZENsYXNzJTI4JTI3YWN0aXZlJTI3JTI5JTNCJTBBJTIwJTIwJTIwJTIwJTdEJTI5JTNCJTBBJTIwJTIwJTIwJTIwalF1ZXJ5JTI4JTI3LmNsb3NlVmlkZW8lMjclMjkub24lMjglMjdjbGljayUyNyUyQyUyMGZ1bmN0aW9uJTI4ZSUyOSU3QiUwQSUyMCUyMCUyMCUyMCUyMCUyMCUyMGUucHJldmVudERlZmF1bHQlMjglMjklM0IlMEFqUXVlcnklMjglMjclMjN2aWRlb1Byb21vJTIwaWZyYW1lJTI3JTI5LmF0dHIlMjglMjdzcmMlMjclMkMlMjclMjclMjklM0IlMEElMjAlMjAlMjAlMjAlMjAlMjAlMjBqUXVlcnklMjglMjclMjN2aWRlb1Byb21vJTI3JTI5LmZhZGVPdXQlMjgzMDAlMjkucmVtb3ZlQ2xhc3MlMjglMjdhY3RpdmUlMjclMjklM0IlMEElMjAlMjAlMjAlMjAlN0QlMjklM0IlMEElN0QlMjklM0IlMEElM0MlMkZzY3JpcHQlM0U=[\/vc_raw_js][\/vc_column][\/mk_page_section][mk_page_section section_id=\u00a0\u00bbvideoPromo1&Prime; sidebar=\u00a0\u00bbsidebar-1&Prime;][vc_column][vc_raw_html]JTNDZGl2JTIwY2xhc3MlM0QlMjJ2aWRlby1jb250YWluZXIlMjIlM0UlM0NpZnJhbWUlMjB3aWR0aCUzRCUyMjE3MTMlMjIlMjBoZWlnaHQlM0QlMjI4MzUlMjIlMjBzcmMlM0QlMjJodHRwcyUzQSUyRiUyRnd3dy55b3V0dWJlLmNvbSUyRmVtYmVkJTJGQXJBTHgxY0ZkLUklM0ZzaSUzRDVyRU8wVDQ2NS1wd19LalklMjIlMjB0aXRsZSUzRCUyMkRvc3NpZXIlMjBtJUMzJUE5ZGljYWwlMjIlMjBmcmFtZWJvcmRlciUzRCUyMjAlMjIlMjBhbGxvdyUzRCUyMmFjY2VsZXJvbWV0ZXIlM0IlMjBhdXRvcGxheSUzQiUyMGNsaXBib2FyZC13cml0ZSUzQiUyMGVuY3J5cHRlZC1tZWRpYSUzQiUyMGd5cm9zY29wZSUzQiUyMHBpY3R1cmUtaW4tcGljdHVyZSUzQiUyMHdlYi1zaGFyZSUyMiUyMGFsbG93ZnVsbHNjcmVlbiUzRCUyMiUyMiUzRSUzQyUyRmlmcmFtZSUzRSUzQyUyRmRpdiUzRSUwQSUwQSUwQQ==[\/vc_raw_html][vc_raw_js]JTNDc2NyaXB0JTIwdHlwZSUzRCUyMnRleHQlMkZqYXZhc2NyaXB0JTIyJTNFJTBBdmFyJTIwdmlkZW9TcmMyJTNEJTI3JTI3JTNCJTBBalF1ZXJ5JTI4JTIwZG9jdW1lbnQlMjAlMjkucmVhZHklMjhmdW5jdGlvbiUyOCUyOSUyMCU3QiUwQSUyMCUyMCUyMCUyMGpRdWVyeSUyOCUyNyUyM3ZpZGVvUHJvbW8xJTIwLnBhZ2Utc2VjdGlvbi1jb250ZW50JTI3JTI5LmFwcGVuZCUyOCUyNyUzQ2ElMjBjbGFzcyUzRCUyMmNsb3NlVmlkZW8lMjIlMjBocmVmJTNEJTIyJTIzJTIyJTNFJTI2dGltZXMlM0IlM0MlMkZhJTNFJTI3JTI5JTNCJTBBJTBBJTIwJTIwJTIwJTIwdmFyJTIwX3ZpZGVvQm94JTNEalF1ZXJ5JTI4JTI3JTIzdmlkZW9Qcm9tbzElMjclMjkuY2xvbmUlMjglMjkuYXBwZW5kVG8lMjglMjAlMjJib2R5JTIyJTIwJTI5JTNCJTBBdmlkZW9TcmMyJTNEalF1ZXJ5JTI4JTI3JTIzdmlkZW9Qcm9tbzElMjBpZnJhbWUlMjclMjkuYXR0ciUyOCUyN3NyYyUyNyUyOSUzQiUwQWpRdWVyeSUyOCUyNyUyM3RoZW1lLXBhZ2UlMjAlMjN2aWRlb1Byb21vMSUyNyUyOS5yZW1vdmUlMjglMjklM0IlMEElMEElMjAlMjAlMjAlMjBqUXVlcnklMjglMjclMjN2aWRlb0J0bjElMjclMjkub24lMjglMjdjbGljayUyNyUyQyUyMGZ1bmN0aW9uJTI4ZSUyOSU3QiUwQSUyMCUyMCUyMCUyMCUyMCUyMCUyMGUucHJldmVudERlZmF1bHQlMjglMjklM0IlMEFjb25zb2xlLmxvZyUyOCUyN1ZpZGVvJTIwU3JjJTNBJTIwJTI3JTJCdmlkZW9TcmMyJTI5JTNCJTBBalF1ZXJ5JTI4JTI3JTIzdmlkZW9Qcm9tbzElMjBpZnJhbWUlMjclMjkuYXR0ciUyOCUyN3NyYyUyNyUyQ3ZpZGVvU3JjMiUyQiUyNyUzRmNvbnRyb2xzJTNEMCUyNmF1dG9wbGF5JTNEMSUyNmVuYWJsZWpzYXBpJTNEMSUyNyUyOSUzQiUwQSUyMCUyMCUyMCUyMCUyMCUyMCUyMGpRdWVyeSUyOCUyNyUyM3ZpZGVvUHJvbW8xJTI3JTI5LmZhZGVJbiUyODYwMCUyOS5hZGRDbGFzcyUyOCUyN2FjdGl2ZSUyNyUyOSUzQiUwQSUyMCUyMCUyMCUyMCU3RCUyOSUzQiUwQSUyMCUyMCUyMCUyMGpRdWVyeSUyOCUyNy5jbG9zZVZpZGVvJTI3JTI5Lm9uJTI4JTI3Y2xpY2slMjclMkMlMjBmdW5jdGlvbiUyOGUlMjklN0IlMEElMjAlMjAlMjAlMjAlMjAlMjAlMjBlLnByZXZlbnREZWZhdWx0JTI4JTI5JTNCJTBBalF1ZXJ5JTI4JTI3JTIzdmlkZW9Qcm9tbzElMjBpZnJhbWUlMjclMjkuYXR0ciUyOCUyN3NyYyUyNyUyQyUyNyUyNyUyOSUzQiUwQSUyMCUyMCUyMCUyMCUyMCUyMCUyMGpRdWVyeSUyOCUyNyUyM3ZpZGVvUHJvbW8xJTI3JTI5LmZhZGVPdXQlMjgzMDAlMjkucmVtb3ZlQ2xhc3MlMjglMjdhY3RpdmUlMjclMjklM0IlMEElMjAlMjAlMjAlMjAlN0QlMjklM0IlMEElN0QlMjklM0IlMEElM0MlMkZzY3JpcHQlM0U=[\/vc_raw_js][\/vc_column][\/mk_page_section][mk_page_section section_id=\u00a0\u00bbvideoPromo2&Prime; sidebar=\u00a0\u00bbsidebar-1&Prime;][vc_column][vc_raw_html]JTNDZGl2JTIwY2xhc3MlM0QlMjJ2aWRlby1jb250YWluZXIlMjIlM0UlM0NpZnJhbWUlMjB3aWR0aCUzRCUyMjE3MTMlMjIlMjBoZWlnaHQlM0QlMjI4MzUlMjIlMjBzcmMlM0QlMjJodHRwcyUzQSUyRiUyRnd3dy55b3V0dWJlLmNvbSUyRmVtYmVkJTJGXy1DZW5ucW9RSEElM0ZzaSUzRG1ERWZldEgxZldDckQ1c3IlMjIlMjB0aXRsZSUzRCUyMkRvc3NpZXIlMjBtJUMzJUE5ZGljYWwlMjIlMjBmcmFtZWJvcmRlciUzRCUyMjAlMjIlMjBhbGxvdyUzRCUyMmFjY2VsZXJvbWV0ZXIlM0IlMjBhdXRvcGxheSUzQiUyMGNsaXBib2FyZC13cml0ZSUzQiUyMGVuY3J5cHRlZC1tZWRpYSUzQiUyMGd5cm9zY29wZSUzQiUyMHBpY3R1cmUtaW4tcGljdHVyZSUzQiUyMHdlYi1zaGFyZSUyMiUyMGFsbG93ZnVsbHNjcmVlbiUzRCUyMiUyMiUzRSUzQyUyRmlmcmFtZSUzRSUzQyUyRmRpdiUzRSUwQSUwQSUwQQ==[\/vc_raw_html][vc_raw_js]JTNDc2NyaXB0JTIwdHlwZSUzRCUyMnRleHQlMkZqYXZhc2NyaXB0JTIyJTNFJTBBdmFyJTIwdmlkZW9TcmMzJTNEJTI3JTI3JTNCJTBBalF1ZXJ5JTI4JTIwZG9jdW1lbnQlMjAlMjkucmVhZHklMjhmdW5jdGlvbiUyOCUyOSUyMCU3QiUwQSUyMCUyMCUyMCUyMGpRdWVyeSUyOCUyNyUyM3ZpZGVvUHJvbW8yJTIwLnBhZ2Utc2VjdGlvbi1jb250ZW50JTI3JTI5LmFwcGVuZCUyOCUyNyUzQ2ElMjBjbGFzcyUzRCUyMmNsb3NlVmlkZW8lMjIlMjBocmVmJTNEJTIyJTIzJTIyJTNFJTI2dGltZXMlM0IlM0MlMkZhJTNFJTI3JTI5JTNCJTBBJTBBJTIwJTIwJTIwJTIwdmFyJTIwX3ZpZGVvQm94JTNEalF1ZXJ5JTI4JTI3JTIzdmlkZW9Qcm9tbzIlMjclMjkuY2xvbmUlMjglMjkuYXBwZW5kVG8lMjglMjAlMjJib2R5JTIyJTIwJTI5JTNCJTBBdmlkZW9TcmMzJTNEalF1ZXJ5JTI4JTI3JTIzdmlkZW9Qcm9tbzIlMjBpZnJhbWUlMjclMjkuYXR0ciUyOCUyN3NyYyUyNyUyOSUzQiUwQWpRdWVyeSUyOCUyNyUyM3RoZW1lLXBhZ2UlMjAlMjN2aWRlb1Byb21vMiUyNyUyOS5yZW1vdmUlMjglMjklM0IlMEElMEElMjAlMjAlMjAlMjBqUXVlcnklMjglMjclMjN2aWRlb0J0bjIlMjclMjkub24lMjglMjdjbGljayUyNyUyQyUyMGZ1bmN0aW9uJTI4ZSUyOSU3QiUwQSUyMCUyMCUyMCUyMCUyMCUyMCUyMGUucHJldmVudERlZmF1bHQlMjglMjklM0IlMEFjb25zb2xlLmxvZyUyOCUyN1ZpZGVvJTIwU3JjJTNBJTIwJTI3JTJCdmlkZW9TcmMzJTI5JTNCJTBBalF1ZXJ5JTI4JTI3JTIzdmlkZW9Qcm9tbzIlMjBpZnJhbWUlMjclMjkuYXR0ciUyOCUyN3NyYyUyNyUyQ3ZpZGVvU3JjMyUyQiUyNyUzRmNvbnRyb2xzJTNEMCUyNmF1dG9wbGF5JTNEMSUyNmVuYWJsZWpzYXBpJTNEMSUyNyUyOSUzQiUwQSUyMCUyMCUyMCUyMCUyMCUyMCUyMGpRdWVyeSUyOCUyNyUyM3ZpZGVvUHJvbW8yJTI3JTI5LmZhZGVJbiUyODYwMCUyOS5hZGRDbGFzcyUyOCUyN2FjdGl2ZSUyNyUyOSUzQiUwQSUyMCUyMCUyMCUyMCU3RCUyOSUzQiUwQSUyMCUyMCUyMCUyMGpRdWVyeSUyOCUyNy5jbG9zZVZpZGVvJTI3JTI5Lm9uJTI4JTI3Y2xpY2slMjclMkMlMjBmdW5jdGlvbiUyOGUlMjklN0IlMEElMjAlMjAlMjAlMjAlMjAlMjAlMjBlLnByZXZlbnREZWZhdWx0JTI4JTI5JTNCJTBBalF1ZXJ5JTI4JTI3JTIzdmlkZW9Qcm9tbzIlMjBpZnJhbWUlMjclMjkuYXR0ciUyOCUyN3NyYyUyNyUyQyUyNyUyNyUyOSUzQiUwQSUyMCUyMCUyMCUyMCUyMCUyMCUyMGpRdWVyeSUyOCUyNyUyM3ZpZGVvUHJvbW8yJTI3JTI5LmZhZGVPdXQlMjgzMDAlMjkucmVtb3ZlQ2xhc3MlMjglMjdhY3RpdmUlMjclMjklM0IlMEElMjAlMjAlMjAlMjAlN0QlMjklM0IlMEElN0QlMjklM0IlMEElM0MlMkZzY3JpcHQlM0U=[\/vc_raw_js][\/vc_column][\/mk_page_section][mk_page_section section_id=\u00a0\u00bbvideoPromo3&Prime; sidebar=\u00a0\u00bbsidebar-1&Prime;][vc_column][vc_raw_html]JTNDZGl2JTIwY2xhc3MlM0QlMjJ2aWRlby1jb250YWluZXIlMjIlM0UlM0NpZnJhbWUlMjB3aWR0aCUzRCUyMjE3MTMlMjIlMjBoZWlnaHQlM0QlMjI4MzUlMjIlMjBzcmMlM0QlMjJodHRwcyUzQSUyRiUyRnd3dy55b3V0dWJlLmNvbSUyRmVtYmVkJTJGTTI3TG9uazVsS2MlM0ZzaSUzRDFlSlNsbm42aGFrMzFSMWclMjIlMjB0aXRsZSUzRCUyMkRvc3NpZXIlMjBtJUMzJUE5ZGljYWwlMjIlMjBmcmFtZWJvcmRlciUzRCUyMjAlMjIlMjBhbGxvdyUzRCUyMmFjY2VsZXJvbWV0ZXIlM0IlMjBhdXRvcGxheSUzQiUyMGNsaXBib2FyZC13cml0ZSUzQiUyMGVuY3J5cHRlZC1tZWRpYSUzQiUyMGd5cm9zY29wZSUzQiUyMHBpY3R1cmUtaW4tcGljdHVyZSUzQiUyMHdlYi1zaGFyZSUyMiUyMGFsbG93ZnVsbHNjcmVlbiUzRCUyMiUyMiUzRSUzQyUyRmlmcmFtZSUzRSUzQyUyRmRpdiUzRSUwQSUwQSUwQQ==[\/vc_raw_html][vc_raw_js]JTNDc2NyaXB0JTIwdHlwZSUzRCUyMnRleHQlMkZqYXZhc2NyaXB0JTIyJTNFJTBBdmFyJTIwdmlkZW9TcmM0JTNEJTI3JTI3JTNCJTBBalF1ZXJ5JTI4JTIwZG9jdW1lbnQlMjAlMjkucmVhZHklMjhmdW5jdGlvbiUyOCUyOSUyMCU3QiUwQSUyMCUyMCUyMCUyMGpRdWVyeSUyOCUyNyUyM3ZpZGVvUHJvbW8zJTIwLnBhZ2Utc2VjdGlvbi1jb250ZW50JTI3JTI5LmFwcGVuZCUyOCUyNyUzQ2ElMjBjbGFzcyUzRCUyMmNsb3NlVmlkZW8lMjIlMjBocmVmJTNEJTIyJTIzJTIyJTNFJTI2dGltZXMlM0IlM0MlMkZhJTNFJTI3JTI5JTNCJTBBJTBBJTIwJTIwJTIwJTIwdmFyJTIwX3ZpZGVvQm94JTNEalF1ZXJ5JTI4JTI3JTIzdmlkZW9Qcm9tbzMlMjclMjkuY2xvbmUlMjglMjkuYXBwZW5kVG8lMjglMjAlMjJib2R5JTIyJTIwJTI5JTNCJTBBdmlkZW9TcmM0JTNEalF1ZXJ5JTI4JTI3JTIzdmlkZW9Qcm9tbzMlMjBpZnJhbWUlMjclMjkuYXR0ciUyOCUyN3NyYyUyNyUyOSUzQiUwQWpRdWVyeSUyOCUyNyUyM3RoZW1lLXBhZ2UlMjAlMjN2aWRlb1Byb21vMyUyNyUyOS5yZW1vdmUlMjglMjklM0IlMEElMEElMjAlMjAlMjAlMjBqUXVlcnklMjglMjclMjN2aWRlb0J0bjMlMjclMjkub24lMjglMjdjbGljayUyNyUyQyUyMGZ1bmN0aW9uJTI4ZSUyOSU3QiUwQSUyMCUyMCUyMCUyMCUyMCUyMCUyMGUucHJldmVudERlZmF1bHQlMjglMjklM0IlMEFjb25zb2xlLmxvZyUyOCUyN1ZpZGVvJTIwU3JjJTNBJTIwJTI3JTJCdmlkZW9TcmM0JTI5JTNCJTBBalF1ZXJ5JTI4JTI3JTIzdmlkZW9Qcm9tbzMlMjBpZnJhbWUlMjclMjkuYXR0ciUyOCUyN3NyYyUyNyUyQ3ZpZGVvU3JjNCUyQiUyNyUzRmNvbnRyb2xzJTNEMCUyNmF1dG9wbGF5JTNEMSUyNmVuYWJsZWpzYXBpJTNEMSUyNyUyOSUzQiUwQSUyMCUyMCUyMCUyMCUyMCUyMCUyMGpRdWVyeSUyOCUyNyUyM3ZpZGVvUHJvbW8zJTI3JTI5LmZhZGVJbiUyODYwMCUyOS5hZGRDbGFzcyUyOCUyN2FjdGl2ZSUyNyUyOSUzQiUwQSUyMCUyMCUyMCUyMCU3RCUyOSUzQiUwQSUyMCUyMCUyMCUyMGpRdWVyeSUyOCUyNy5jbG9zZVZpZGVvJTI3JTI5Lm9uJTI4JTI3Y2xpY2slMjclMkMlMjBmdW5jdGlvbiUyOGUlMjklN0IlMEElMjAlMjAlMjAlMjAlMjAlMjAlMjBlLnByZXZlbnREZWZhdWx0JTI4JTI5JTNCJTBBalF1ZXJ5JTI4JTI3JTIzdmlkZW9Qcm9tbzMlMjBpZnJhbWUlMjclMjkuYXR0ciUyOCUyN3NyYyUyNyUyQyUyNyUyNyUyOSUzQiUwQSUyMCUyMCUyMCUyMCUyMCUyMCUyMGpRdWVyeSUyOCUyNyUyM3ZpZGVvUHJvbW8zJTI3JTI5LmZhZGVPdXQlMjgzMDAlMjkucmVtb3ZlQ2xhc3MlMjglMjdhY3RpdmUlMjclMjklM0IlMEElMjAlMjAlMjAlMjAlN0QlMjklM0IlMEElN0QlMjklM0IlMEElM0MlMkZzY3JpcHQlM0U=[\/vc_raw_js][\/vc_column][\/mk_page_section]\n","protected":false},"excerpt":{"rendered":"<p>[mk_page_section bg_image=\u00a0\u00bbhttps:\/\/force8.coach\/wp-content\/uploads\/2023\/03\/shutterstock_446653762-comp-scaled.jpg\u00a0\u00bb bg_color=\u00a0\u00bb#ffffff\u00a0\u00bb bg_stretch=\u00a0\u00bbtrue\u00a0\u00bb enable_3d=\u00a0\u00bbtrue\u00a0\u00bb video_color_mask=\u00a0\u00bb#000000&Prime; video_opacity=\u00a0\u00bb0.3&Prime; min_height=\u00a0\u00bb650&Prime; js_vertical_centered=\u00a0\u00bbtrue\u00a0\u00bb sidebar=\u00a0\u00bbsidebar-1&Prime;][vc_column width=\u00a0\u00bb1\/2&Prime;][mk_fancy_title color=\u00a0\u00bb#ffffff\u00a0\u00bb size=\u00a0\u00bb35&Prime; force_font_size=\u00a0\u00bbtrue\u00a0\u00bb size_phone=\u00a0\u00bb25&Prime; font_weight=\u00a0\u00bb400&Prime; font_style=\u00a0\u00bbnormal\u00a0\u00bb letter_spacing=\u00a0\u00bb1&Prime; margin_bottom=\u00a0\u00bb0&Prime; font_family=\u00a0\u00bbnone\u00a0\u00bb]Centre de Sant\u00e9[\/mk_fancy_title][mk_fancy_title tag_name=\u00a0\u00bbh1&Prime; color=\u00a0\u00bb#ffffff\u00a0\u00bb size=\u00a0\u00bb64&Prime; force_font_size=\u00a0\u00bbtrue\u00a0\u00bb size_phone=\u00a0\u00bb50&Prime; line_height=\u00a0\u00bb95&Prime; font_weight=\u00a0\u00bb900&Prime; font_style=\u00a0\u00bbnormal\u00a0\u00bb letter_spacing=\u00a0\u00bb1&Prime; margin_bottom=\u00a0\u00bb0&Prime; font_family=\u00a0\u00bbnone\u00a0\u00bb]La sant\u00e9 est primordiale[\/mk_fancy_title][\/vc_column][vc_column width=\u00a0\u00bb1\/2&Prime;][\/vc_column][\/mk_page_section][mk_page_section bg_color=\u00a0\u00bb#f9f9f9&Prime; bg_stretch=\u00a0\u00bbtrue\u00a0\u00bb video_opacity=\u00a0\u00bb0.4&Prime; padding_top=\u00a0\u00bb100&Prime; padding_bottom=\u00a0\u00bb80&Prime; bottom_shape_color=\u00a0\u00bb#f7f7f7&Prime; sidebar=\u00a0\u00bbsidebar-1&Prime;][vc_column width=\u00a0\u00bb1\/2&Prime;][mk_fancy_title size=\u00a0\u00bb25&Prime; font_weight=\u00a0\u00bb600&Prime; margin_bottom=\u00a0\u00bb0&Prime; font_family=\u00a0\u00bbnone\u00a0\u00bb]Laisse les m\u00e9decins, les phyisioth\u00e9rapeutes et les [&hellip;]<\/p>\n","protected":false},"author":1,"featured_media":0,"parent":0,"menu_order":0,"comment_status":"closed","ping_status":"closed","template":"","meta":{"inline_featured_image":false,"footnotes":""},"_links":{"self":[{"href":"https:\/\/force8.coach\/fr\/wp-json\/wp\/v2\/pages\/14117"}],"collection":[{"href":"https:\/\/force8.coach\/fr\/wp-json\/wp\/v2\/pages"}],"about":[{"href":"https:\/\/force8.coach\/fr\/wp-json\/wp\/v2\/types\/page"}],"author":[{"embeddable":true,"href":"https:\/\/force8.coach\/fr\/wp-json\/wp\/v2\/users\/1"}],"replies":[{"embeddable":true,"href":"https:\/\/force8.coach\/fr\/wp-json\/wp\/v2\/comments?post=14117"}],"version-history":[{"count":16,"href":"https:\/\/force8.coach\/fr\/wp-json\/wp\/v2\/pages\/14117\/revisions"}],"predecessor-version":[{"id":15323,"href":"https:\/\/force8.coach\/fr\/wp-json\/wp\/v2\/pages\/14117\/revisions\/15323"}],"wp:attachment":[{"href":"https:\/\/force8.coach\/fr\/wp-json\/wp\/v2\/media?parent=14117"}],"curies":[{"name":"wp","href":"https:\/\/api.w.org\/{rel}","templated":true}]}}