{"id":15887,"date":"2025-01-08T10:39:13","date_gmt":"2025-01-08T10:39:13","guid":{"rendered":"https:\/\/force8.coach\/events-wip\/"},"modified":"2025-09-02T13:49:36","modified_gmt":"2025-09-02T13:49:36","slug":"evenements","status":"publish","type":"page","link":"https:\/\/force8.coach\/fr\/evenements\/","title":{"rendered":"Ev\u00e9nements"},"content":{"rendered":"<div class=\"wpb-content-wrapper\">[mk_page_section bg_image=\u00a0\u00bbhttps:\/\/force8.coach\/wp-content\/uploads\/2025\/01\/events-bg.jpg\u00a0\u00bb bg_color=\u00a0\u00bb#ffffff\u00a0\u00bb bg_position=\u00a0\u00bbleft bottom\u00a0\u00bb bg_stretch=\u00a0\u00bbtrue\u00a0\u00bb enable_3d=\u00a0\u00bbtrue\u00a0\u00bb video_color_mask=\u00a0\u00bb#000000&Prime; video_opacity=\u00a0\u00bb0.3&Prime; min_height=\u00a0\u00bb650&Prime; js_vertical_centered=\u00a0\u00bbtrue\u00a0\u00bb sidebar=\u00a0\u00bbsidebar-1&Prime;][vc_column width=\u00a0\u00bb5\/6&Prime;][mk_fancy_title color=\u00a0\u00bb#ffffff\u00a0\u00bb size=\u00a0\u00bb35&Prime; letter_spacing=\u00a0\u00bb2&Prime; margin_bottom=\u00a0\u00bb0&Prime; font_family=\u00a0\u00bbnone\u00a0\u00bb]\n<p class=\"p1\">Ev\u00e9nements<\/p>\n[\/mk_fancy_title][mk_fancy_title color=\u00a0\u00bb#ffffff\u00a0\u00bb size=\u00a0\u00bb64&Prime; force_font_size=\u00a0\u00bbtrue\u00a0\u00bb size_smallscreen=\u00a0\u00bb64&Prime; size_tablet=\u00a0\u00bb64&Prime; size_phone=\u00a0\u00bb35&Prime; line_height=\u00a0\u00bb99&Prime; font_weight=\u00a0\u00bb900&Prime; margin_bottom=\u00a0\u00bb0&Prime; font_family=\u00a0\u00bbnone\u00a0\u00bb]\u00c9v\u00e9nements, formations sur les produits et derni\u00e8res mises \u00e0 jour des produits.[\/mk_fancy_title][\/vc_column][vc_column width=\u00a0\u00bb1\/6&Prime;][\/vc_column][\/mk_page_section][mk_page_section bg_color=\u00a0\u00bb#f9f9f9&Prime; bg_stretch=\u00a0\u00bbtrue\u00a0\u00bb video_opacity=\u00a0\u00bb0.4&Prime; padding_top=\u00a0\u00bb100&Prime; padding_bottom=\u00a0\u00bb80&Prime; bottom_shape_color=\u00a0\u00bb#f7f7f7&Prime; sidebar=\u00a0\u00bbsidebar-1&Prime;][vc_column width=\u00a0\u00bb2\/3&Prime;][mk_fancy_title size=\u00a0\u00bb25&Prime; font_weight=\u00a0\u00bb600&Prime; margin_bottom=\u00a0\u00bb0&Prime; font_family=\u00a0\u00bbnone\u00a0\u00bb]Rencontre-nous lors d&rsquo;\u00e9v\u00e9nements ou inscris-toi \u00e0 l&rsquo;une de nos sessions de formation sur les produits.[\/mk_fancy_title][\/vc_column][vc_column width=\u00a0\u00bb1\/3&Prime;][vc_column_text css=\u00a0\u00bb.vc_custom_1736336052170{margin-bottom: 0px !important;}\u00a0\u00bb]D\u00e9couvrez nos modules en quelques minutes seulement et d\u00e9couvrez les derni\u00e8res mises \u00e0 jour produits du dernier trimestre.[\/vc_column_text][\/vc_column][\/mk_page_section][vc_row][vc_column][mk_padding_divider size=\u00a0\u00bb60&Prime;][\/vc_column][\/vc_row][mk_page_section bg_color=\u00a0\u00bb#ffffff\u00a0\u00bb bg_stretch=\u00a0\u00bbtrue\u00a0\u00bb enable_3d=\u00a0\u00bbtrue\u00a0\u00bb video_opacity=\u00a0\u00bb1&Prime; min_height=\u00a0\u00bb250&Prime; padding_top=\u00a0\u00bb0&Prime; padding_bottom=\u00a0\u00bb60&Prime; sidebar=\u00a0\u00bbsidebar-1&Prime;][vc_column][mk_custom_box margin_bottom=\u00a0\u00bb0&Prime; bg_color=\u00a0\u00bb#ffffff\u00a0\u00bb drop_shadow=\u00a0\u00bbtrue\u00a0\u00bb drop_shadow_color=\u00a0\u00bbrgba(221,221,221,0.5)\u00a0\u00bb bg_stretch=\u00a0\u00bbtrue\u00a0\u00bb][vc_row_inner][vc_column_inner width=\u00a0\u00bb1\/2&Prime;][mk_image src=\u00a0\u00bbhttps:\/\/force8.coach\/wp-content\/uploads\/2025\/09\/ssca_img_1.jpg\u00a0\u00bb image_size=\u00a0\u00bbfull\u00a0\u00bb][\/vc_column_inner][vc_column_inner width=\u00a0\u00bb1\/2&Prime;][mk_fancy_title size=\u00a0\u00bb25&Prime; font_weight=\u00a0\u00bb600&Prime; margin_bottom=\u00a0\u00bb0&Prime; font_family=\u00a0\u00bbnone\u00a0\u00bb responsive_align=\u00a0\u00bbleft\u00a0\u00bb]\n<p class=\"p1\">SSCA Workshop<\/p>\n[\/mk_fancy_title][vc_column_text css=\u00a0\u00bb.vc_custom_1756820974150{margin-bottom: 0px !important;}\u00a0\u00bb]<strong>Date: <\/strong>4-5 Octobre<br \/>\n<strong>Heure:<\/strong> Journ\u00e9e compl\u00e8te<br \/>\n<strong>H\u00e9berg\u00e9 par:<\/strong> SSCA<br \/>\n<strong>Sujet:<\/strong> Retour aux Performances<br \/>\n<strong>D\u00e9tails: <\/strong> Voir le site internet<br \/>\n<strong>Date limite d&rsquo;inscription:<\/strong> d\u00e8s que possible<br \/>\n<strong>Inscription: <\/strong><a href=\"https:\/\/ssca.swiss\/events_home\/\" target=\"_blank\" rel=\"noopener\">https:\/\/ssca.swiss\/events_home\/<\/a>[\/vc_column_text][\/vc_column_inner][\/vc_row_inner][\/mk_custom_box][\/vc_column][\/mk_page_section][mk_page_section bg_color=\u00a0\u00bb#ffffff\u00a0\u00bb bg_stretch=\u00a0\u00bbtrue\u00a0\u00bb enable_3d=\u00a0\u00bbtrue\u00a0\u00bb video_opacity=\u00a0\u00bb1&Prime; min_height=\u00a0\u00bb250&Prime; padding_top=\u00a0\u00bb0&Prime; padding_bottom=\u00a0\u00bb60&Prime; sidebar=\u00a0\u00bbsidebar-1&Prime;][vc_column][mk_custom_box margin_bottom=\u00a0\u00bb0&Prime; bg_color=\u00a0\u00bb#ffffff\u00a0\u00bb drop_shadow=\u00a0\u00bbtrue\u00a0\u00bb drop_shadow_color=\u00a0\u00bbrgba(221,221,221,0.5)\u00a0\u00bb bg_stretch=\u00a0\u00bbtrue\u00a0\u00bb][vc_row_inner][vc_column_inner width=\u00a0\u00bb1\/2&Prime;][mk_image src=\u00a0\u00bbhttps:\/\/force8.coach\/wp-content\/uploads\/2025\/01\/product-training-en_v2.jpg\u00a0\u00bb image_size=\u00a0\u00bbfull\u00a0\u00bb][\/vc_column_inner][vc_column_inner width=\u00a0\u00bb1\/2&Prime;][mk_fancy_title size=\u00a0\u00bb25&Prime; font_weight=\u00a0\u00bb600&Prime; margin_bottom=\u00a0\u00bb0&Prime; font_family=\u00a0\u00bbnone\u00a0\u00bb responsive_align=\u00a0\u00bbleft\u00a0\u00bb]\n<p class=\"p1\">Formations produits<\/p>\n[\/mk_fancy_title][vc_column_text css=\u00a0\u00bb.vc_custom_1748862250675{margin-bottom: 0px !important;}\u00a0\u00bb]<strong>Date: <\/strong>Jeudi 18.9.25<br \/>\n<strong>Heure:<\/strong> 11-11:30h<br \/>\n<strong>H\u00e9berg\u00e9 par:<\/strong> Chef Produit Nicolas Hirzel<br \/>\n<strong>Sujet:<\/strong> Player \/ Planification th\u00e9orique\/r\u00e9elle \/ Plans d&rsquo;entra\u00eenement<br \/>\n<strong>D\u00e9tails: <\/strong>D\u00e9couvrez les nouveaux modules<br \/>\n<strong>Date limite d&rsquo;inscription:<\/strong> 17.9.25<br \/>\n<strong>Inscription: <\/strong><a href=\"https:\/\/invite.force8.net\/ProduktTrainingPlayer\/\">https:\/\/invite.force8.net\/ProduktTrainingPlayer\/<\/a>[\/vc_column_text][\/vc_column_inner][\/vc_row_inner][\/mk_custom_box][\/vc_column][\/mk_page_section][mk_page_section bg_color=\u00a0\u00bb#ffffff\u00a0\u00bb bg_stretch=\u00a0\u00bbtrue\u00a0\u00bb enable_3d=\u00a0\u00bbtrue\u00a0\u00bb video_opacity=\u00a0\u00bb1&Prime; min_height=\u00a0\u00bb250&Prime; padding_top=\u00a0\u00bb0&Prime; padding_bottom=\u00a0\u00bb60&Prime; sidebar=\u00a0\u00bbsidebar-1&Prime;][vc_column][mk_custom_box margin_bottom=\u00a0\u00bb0&Prime; bg_color=\u00a0\u00bb#ffffff\u00a0\u00bb drop_shadow=\u00a0\u00bbtrue\u00a0\u00bb drop_shadow_color=\u00a0\u00bbrgba(221,221,221,0.5)\u00a0\u00bb bg_stretch=\u00a0\u00bbtrue\u00a0\u00bb][vc_row_inner][vc_column_inner width=\u00a0\u00bb1\/2&Prime;][mk_image src=\u00a0\u00bbhttps:\/\/force8.coach\/wp-content\/uploads\/2025\/01\/product-update-en.v2.jpg\u00a0\u00bb image_size=\u00a0\u00bbfull\u00a0\u00bb][\/vc_column_inner][vc_column_inner width=\u00a0\u00bb1\/2&Prime;][mk_fancy_title size=\u00a0\u00bb25&Prime; font_weight=\u00a0\u00bb600&Prime; margin_bottom=\u00a0\u00bb0&Prime; font_family=\u00a0\u00bbnone\u00a0\u00bb responsive_align=\u00a0\u00bbleft\u00a0\u00bb]\n<p class=\"p1\">Mises \u00e0 jour des produits Q2\/25<\/p>\n[\/mk_fancy_title][vc_column_text css=\u00a0\u00bb.vc_custom_1748862102405{margin-bottom: 0px !important;}\u00a0\u00bb]<strong>Date: <\/strong>Jeudi 10.7.25<br \/>\n<strong>Heure: <\/strong>11-11:30h<br \/>\n<strong>H\u00e9berg\u00e9 par:<\/strong> Chef Produit Nicolas Hirzel<br \/>\n<strong>Sujet:<\/strong> Planification th\u00e9orique\/r\u00e9elle \/ Plans d&rsquo;entra\u00eenement<br \/>\n<strong>Details: <\/strong>D\u00e9couvrez les nouveaux modules<br \/>\n<strong>Date limite d&rsquo;inscription:<\/strong> 09.7.25<br \/>\n<strong>Inscription:<\/strong> <a href=\"https:\/\/invite.force8.net\/Force8CoachProduktUpdatesvonQ225\/\" target=\"_blank\" rel=\"noopener\">https:\/\/invite.force8.net\/Force8CoachProduktUpdatesvonQ225\/<\/a>[\/vc_column_text][\/vc_column_inner][\/vc_row_inner][\/mk_custom_box][\/vc_column][\/mk_page_section][mk_page_section bg_color=\u00a0\u00bb#ffffff\u00a0\u00bb bg_stretch=\u00a0\u00bbtrue\u00a0\u00bb enable_3d=\u00a0\u00bbtrue\u00a0\u00bb video_opacity=\u00a0\u00bb1&Prime; min_height=\u00a0\u00bb250&Prime; padding_top=\u00a0\u00bb0&Prime; padding_bottom=\u00a0\u00bb60&Prime; sidebar=\u00a0\u00bbsidebar-1&Prime;][vc_column][mk_custom_box margin_bottom=\u00a0\u00bb0&Prime; bg_color=\u00a0\u00bb#ffffff\u00a0\u00bb drop_shadow=\u00a0\u00bbtrue\u00a0\u00bb drop_shadow_color=\u00a0\u00bbrgba(221,221,221,0.5)\u00a0\u00bb bg_stretch=\u00a0\u00bbtrue\u00a0\u00bb][vc_row_inner][vc_column_inner width=\u00a0\u00bb1\/2&Prime;][mk_image src=\u00a0\u00bbhttps:\/\/force8.coach\/wp-content\/uploads\/2025\/01\/product-training-en_v2.jpg\u00a0\u00bb image_size=\u00a0\u00bbfull\u00a0\u00bb][\/vc_column_inner][vc_column_inner width=\u00a0\u00bb1\/2&Prime;][mk_fancy_title size=\u00a0\u00bb25&Prime; font_weight=\u00a0\u00bb600&Prime; margin_bottom=\u00a0\u00bb0&Prime; font_family=\u00a0\u00bbnone\u00a0\u00bb responsive_align=\u00a0\u00bbleft\u00a0\u00bb]\n<p class=\"p1\">Formations produits<\/p>\n[\/mk_fancy_title][vc_column_text css=\u00a0\u00bb.vc_custom_1749033307388{margin-bottom: 0px !important;}\u00a0\u00bb]<strong>Date: <\/strong>Jeudi 26 juin 2025<br \/>\n<strong>Heure:<\/strong> 11-11:30h<br \/>\n<strong>H\u00e9berg\u00e9 par:<\/strong> Chef Produit Nicolas Hirzel<br \/>\n<strong>Sujet:<\/strong> Dossier m\u00e9dical et valeurs journali\u00e8res<br \/>\n<strong>D\u00e9tails:<br \/>\n<\/strong>1) \u00e9tablir le dossier m\u00e9dical<br \/>\n2) Utiliser le dossier m\u00e9dical sur une longue p\u00e9riode<br \/>\n3) Utiliser les valeurs journali\u00e8res du point de vue de l&rsquo;athl\u00e8te et en faire profiter le coach<br \/>\n<strong>Date limite d&rsquo;inscription:<\/strong> 2 juillet 2025<br \/>\n<strong>Inscription:<\/strong>\u00a0<a href=\"https:\/\/invite.force8.net\/ProduktTrainingMedDossierTageswerte\/\" target=\"_blank\" rel=\"noopener\">https:\/\/invite.force8.net\/ProduktTrainingMedDossierTageswerte\/<\/a>[\/vc_column_text][\/vc_column_inner][\/vc_row_inner][\/mk_custom_box][\/vc_column][\/mk_page_section][mk_page_section bg_color=\u00a0\u00bb#ffffff\u00a0\u00bb bg_stretch=\u00a0\u00bbtrue\u00a0\u00bb enable_3d=\u00a0\u00bbtrue\u00a0\u00bb video_opacity=\u00a0\u00bb1&Prime; min_height=\u00a0\u00bb250&Prime; padding_top=\u00a0\u00bb0&Prime; padding_bottom=\u00a0\u00bb60&Prime; sidebar=\u00a0\u00bbsidebar-1&Prime;][vc_column][mk_custom_box margin_bottom=\u00a0\u00bb0&Prime; bg_color=\u00a0\u00bb#ffffff\u00a0\u00bb drop_shadow=\u00a0\u00bbtrue\u00a0\u00bb drop_shadow_color=\u00a0\u00bbrgba(221,221,221,0.5)\u00a0\u00bb bg_stretch=\u00a0\u00bbtrue\u00a0\u00bb][vc_row_inner][vc_column_inner width=\u00a0\u00bb1\/2&Prime;][mk_image src=\u00a0\u00bbhttps:\/\/force8.coach\/wp-content\/uploads\/2025\/01\/product-training-en_v2.jpg\u00a0\u00bb image_size=\u00a0\u00bbfull\u00a0\u00bb][\/vc_column_inner][vc_column_inner width=\u00a0\u00bb1\/2&Prime;][mk_fancy_title size=\u00a0\u00bb25&Prime; font_weight=\u00a0\u00bb600&Prime; margin_bottom=\u00a0\u00bb0&Prime; font_family=\u00a0\u00bbnone\u00a0\u00bb responsive_align=\u00a0\u00bbleft\u00a0\u00bb]\n<p class=\"p1\">Formations Produits<\/p>\n[\/mk_fancy_title][vc_column_text css=\u00a0\u00bb.vc_custom_1736343010049{margin-bottom: 0px !important;}\u00a0\u00bb]<strong>Date: <\/strong>Jeudi 22.5.25<br \/>\n<strong>Heure:<\/strong> 11-11:30h<br \/>\n<strong>H\u00e9berg\u00e9 par:<\/strong> Chef Produit Nicolas Hirzel<br \/>\n<strong>Sujet:<\/strong> Screening des athl\u00e8tes<br \/>\n<strong>D\u00e9tails:<br \/>\n<\/strong>1) Pr\u00e9parer au mieux les tests de d\u00e9pistage<br \/>\n2) R\u00e9aliser un screening<br \/>\n3) Lire l&rsquo;\u00e9valuation et prendre les mesures qui s&rsquo;imposent<br \/>\n<strong>Date limite d&rsquo;inscription:<\/strong> 21.5.25<br \/>\n<strong>Inscription:<\/strong>\u00a0<a href=\"https:\/\/invite.force8.net\/ProduktTrainingAthletenScreening\/\" target=\"_blank\" rel=\"noopener\">https:\/\/invite.force8.net\/ProduktTrainingAthletenScreening\/<\/a>[\/vc_column_text][\/vc_column_inner][\/vc_row_inner][\/mk_custom_box][\/vc_column][\/mk_page_section][mk_page_section bg_color=\u00a0\u00bb#ffffff\u00a0\u00bb bg_stretch=\u00a0\u00bbtrue\u00a0\u00bb enable_3d=\u00a0\u00bbtrue\u00a0\u00bb video_opacity=\u00a0\u00bb1&Prime; min_height=\u00a0\u00bb250&Prime; padding_top=\u00a0\u00bb0&Prime; padding_bottom=\u00a0\u00bb60&Prime; sidebar=\u00a0\u00bbsidebar-1&Prime;][vc_column][mk_custom_box margin_bottom=\u00a0\u00bb0&Prime; bg_color=\u00a0\u00bb#ffffff\u00a0\u00bb drop_shadow=\u00a0\u00bbtrue\u00a0\u00bb drop_shadow_color=\u00a0\u00bbrgba(221,221,221,0.5)\u00a0\u00bb bg_stretch=\u00a0\u00bbtrue\u00a0\u00bb][vc_row_inner][vc_column_inner width=\u00a0\u00bb1\/2&Prime;][mk_image src=\u00a0\u00bbhttps:\/\/force8.coach\/wp-content\/uploads\/2025\/01\/product-update-en.v2.jpg\u00a0\u00bb image_size=\u00a0\u00bbfull\u00a0\u00bb][\/vc_column_inner][vc_column_inner width=\u00a0\u00bb1\/2&Prime;][mk_fancy_title size=\u00a0\u00bb25&Prime; font_weight=\u00a0\u00bb600&Prime; margin_bottom=\u00a0\u00bb0&Prime; font_family=\u00a0\u00bbnone\u00a0\u00bb responsive_align=\u00a0\u00bbleft\u00a0\u00bb]\n<p class=\"p1\">Mises \u00e0 jour des produits Q1\/25<\/p>\n[\/mk_fancy_title][vc_column_text css=\u00a0\u00bb.vc_custom_1736342946074{margin-bottom: 0px !important;}\u00a0\u00bb]<strong>Date: <\/strong>Jeudi 24.4.25<br \/>\n<strong>Heure:<\/strong> 11-11:30h<br \/>\n<strong>H\u00e9berg\u00e9 par:<\/strong> Chef Produit Nicolas Hirzel<br \/>\n<strong>Sujet:<\/strong> Sera communiqu\u00e9 plus tard<br \/>\n<strong>D\u00e9tails: <\/strong>Sera communiqu\u00e9 plus tard<br \/>\n<strong>Date limite d&rsquo;inscription:<\/strong> 23.4.25<br \/>\n<strong>Inscription: <\/strong><a href=\"https:\/\/invite.force8.net\/Force8CoachProduktUpdatesvonQ125\/\" target=\"_blank\" rel=\"noopener\">https:\/\/invite.force8.net\/Force8CoachProduktUpdatesvonQ125\/<\/a>[\/vc_column_text][\/vc_column_inner][\/vc_row_inner][\/mk_custom_box][\/vc_column][\/mk_page_section][mk_page_section bg_color=\u00a0\u00bb#ffffff\u00a0\u00bb bg_stretch=\u00a0\u00bbtrue\u00a0\u00bb enable_3d=\u00a0\u00bbtrue\u00a0\u00bb video_opacity=\u00a0\u00bb1&Prime; min_height=\u00a0\u00bb250&Prime; padding_top=\u00a0\u00bb0&Prime; padding_bottom=\u00a0\u00bb60&Prime; sidebar=\u00a0\u00bbsidebar-1&Prime;][vc_column][mk_custom_box margin_bottom=\u00a0\u00bb0&Prime; bg_color=\u00a0\u00bb#ffffff\u00a0\u00bb drop_shadow=\u00a0\u00bbtrue\u00a0\u00bb drop_shadow_color=\u00a0\u00bbrgba(221,221,221,0.5)\u00a0\u00bb bg_stretch=\u00a0\u00bbtrue\u00a0\u00bb][vc_row_inner][vc_column_inner width=\u00a0\u00bb1\/2&Prime;][mk_image src=\u00a0\u00bbhttps:\/\/force8.coach\/wp-content\/uploads\/2025\/01\/product-training-en_v2.jpg\u00a0\u00bb image_size=\u00a0\u00bbfull\u00a0\u00bb][\/vc_column_inner][vc_column_inner width=\u00a0\u00bb1\/2&Prime;][mk_fancy_title size=\u00a0\u00bb25&Prime; font_weight=\u00a0\u00bb600&Prime; margin_bottom=\u00a0\u00bb0&Prime; font_family=\u00a0\u00bbnone\u00a0\u00bb responsive_align=\u00a0\u00bbleft\u00a0\u00bb]\n<p class=\"p1\">Formations Produits Basic et Advanced<\/p>\n[\/mk_fancy_title][vc_column_text css=\u00a0\u00bb.vc_custom_1736342891228{margin-bottom: 0px !important;}\u00a0\u00bb]<strong>Date: <\/strong>Jeudi 20.3.25<br \/>\n<strong>Heure: <em>Basic <\/em><\/strong><em>de 11-11:30h et<\/em><strong><em> Advanced <\/em><\/strong><em>de 11:30-12h<\/em><br \/>\n<strong>H\u00e9berg\u00e9 par:<\/strong> Ched de Produit Nicolas Hirzel<br \/>\n<strong>Sujet:<\/strong> Planification de l&rsquo;entra\u00eenement Basic et Advanced<br \/>\n<strong>D\u00e9tails Basic:<\/strong><br \/>\n1) comment planifier des entra\u00eenements rapidement et facilement<br \/>\n2) Comment garder une vue d&rsquo;ensemble de tes athl\u00e8tes<br \/>\n<strong>D\u00e9tails Advanced:<\/strong><br \/>\n1) Demander un feedback aux athl\u00e8tes (RPE, ensembles, kilos, etc).<br \/>\n2) Utiliser les analyses<br \/>\n<strong>Date limite d&rsquo;inscription:<\/strong> 19.3.25<br \/>\n<strong>Inscription Basic: <\/strong><a href=\"https:\/\/invite.force8.net\/ProduktTrainingTrainingsplanungBasic\/\" target=\"_blank\" rel=\"noopener\">https:\/\/invite.force8.net\/ProduktTrainingTrainingsplanungBasic\/<\/a><br \/>\n<strong>Inscription Advanced:<\/strong> <a href=\"https:\/\/invite.force8.net\/ProduktTrainingTrainingsplanungAdvanced\/\" target=\"_blank\" rel=\"noopener\">https:\/\/invite.force8.net\/ProduktTrainingTrainingsplanungAdvanced\/<\/a>[\/vc_column_text][\/vc_column_inner][\/vc_row_inner][\/mk_custom_box][\/vc_column][\/mk_page_section][mk_page_section bg_color=\u00a0\u00bb#ffffff\u00a0\u00bb bg_stretch=\u00a0\u00bbtrue\u00a0\u00bb enable_3d=\u00a0\u00bbtrue\u00a0\u00bb video_opacity=\u00a0\u00bb1&Prime; min_height=\u00a0\u00bb250&Prime; padding_top=\u00a0\u00bb0&Prime; padding_bottom=\u00a0\u00bb60&Prime; sidebar=\u00a0\u00bbsidebar-1&Prime;][vc_column][mk_custom_box margin_bottom=\u00a0\u00bb0&Prime; bg_color=\u00a0\u00bb#ffffff\u00a0\u00bb drop_shadow=\u00a0\u00bbtrue\u00a0\u00bb drop_shadow_color=\u00a0\u00bbrgba(221,221,221,0.5)\u00a0\u00bb bg_stretch=\u00a0\u00bbtrue\u00a0\u00bb][vc_row_inner][vc_column_inner width=\u00a0\u00bb1\/2&Prime;][mk_image src=\u00a0\u00bbhttps:\/\/force8.coach\/wp-content\/uploads\/2025\/02\/f8c-swiss-tennis-forum_website.jpg\u00a0\u00bb image_size=\u00a0\u00bbfull\u00a0\u00bb][\/vc_column_inner][vc_column_inner width=\u00a0\u00bb1\/2&Prime;][mk_fancy_title size=\u00a0\u00bb25&Prime; font_weight=\u00a0\u00bb600&Prime; margin_bottom=\u00a0\u00bb0&Prime; font_family=\u00a0\u00bbnone\u00a0\u00bb responsive_align=\u00a0\u00bbleft\u00a0\u00bb]\n<p class=\"p1\">Swiss Tennis Forum<\/p>\n[\/mk_fancy_title][vc_column_text css=\u00a0\u00bb.vc_custom_1739985237805{margin-bottom: 0px !important;}\u00a0\u00bb]<strong>Date: <\/strong>Dimanche 9 mars 25<br \/>\n<strong>Heures: <\/strong>09:30 &#8211; 17:00h<br \/>\n<strong>H\u00e9berg\u00e9 par:<\/strong> Swiss Tennis<br \/>\n<strong>Sujet:<\/strong> Forum<br \/>\n<strong>Details:<br \/>\n<\/strong>1) D\u00e9mo Force8 Coach<br \/>\n2) Concours Force8 Coach<br \/>\n<strong>Date limite d&rsquo;inscription:<\/strong> 08.03.25<br \/>\n<strong>Inscription:<\/strong><br \/>\n<a href=\"https:\/\/www.swisstennis.ch\/fr\/formation\/formation-continue\/enseignants\/forum-du-tennis\/\">https:\/\/www.swisstennis.ch\/fr\/formation\/formation-continue\/enseignants\/forum-du-tennis\/<\/a>[\/vc_column_text][\/vc_column_inner][\/vc_row_inner][\/mk_custom_box][\/vc_column][\/mk_page_section][mk_page_section bg_color=\u00a0\u00bb#ffffff\u00a0\u00bb bg_stretch=\u00a0\u00bbtrue\u00a0\u00bb enable_3d=\u00a0\u00bbtrue\u00a0\u00bb video_opacity=\u00a0\u00bb1&Prime; min_height=\u00a0\u00bb250&Prime; padding_top=\u00a0\u00bb0&Prime; padding_bottom=\u00a0\u00bb60&Prime; sidebar=\u00a0\u00bbsidebar-1&Prime;][vc_column][mk_custom_box margin_bottom=\u00a0\u00bb0&Prime; bg_color=\u00a0\u00bb#ffffff\u00a0\u00bb drop_shadow=\u00a0\u00bbtrue\u00a0\u00bb drop_shadow_color=\u00a0\u00bbrgba(221,221,221,0.5)\u00a0\u00bb bg_stretch=\u00a0\u00bbtrue\u00a0\u00bb][vc_row_inner][vc_column_inner width=\u00a0\u00bb1\/2&Prime;][mk_image src=\u00a0\u00bbhttps:\/\/force8.coach\/wp-content\/uploads\/2025\/01\/product-training-en_v2.jpg\u00a0\u00bb image_size=\u00a0\u00bbfull\u00a0\u00bb][\/vc_column_inner][vc_column_inner width=\u00a0\u00bb1\/2&Prime;][mk_fancy_title size=\u00a0\u00bb25&Prime; font_weight=\u00a0\u00bb600&Prime; margin_bottom=\u00a0\u00bb0&Prime; font_family=\u00a0\u00bbnone\u00a0\u00bb responsive_align=\u00a0\u00bbleft\u00a0\u00bb]\n<p class=\"p1\">Formations de Produits<\/p>\n[\/mk_fancy_title][vc_column_text css=\u00a0\u00bb.vc_custom_1736342823682{margin-bottom: 0px !important;}\u00a0\u00bb]<strong>Date:<\/strong> Jeudi 27.2.25<br \/>\n<strong>Heure:<\/strong> 11-11:30h<br \/>\n<strong>H\u00e9berg\u00e9 par:<\/strong> Chef de Produit Nicolas Hirzel<br \/>\n<strong>Sujet:<\/strong> Media Center<br \/>\n<strong>D\u00e9tails:<\/strong><br \/>\n1) le nouveau module \u00ab\u00a0partage de fichiers\u00a0\u00bb<br \/>\n2) le module \u00ab\u00a0vid\u00e9os\u00a0\u00bb<br \/>\n3) ainsi que l&rsquo; \u00ab\u00a0Academy\u00a0\u00bb<br \/>\n<strong>Date limite d&rsquo;inscription:<\/strong> 26.2.25<br \/>\n<strong>Inscription:<\/strong>\u00a0<a href=\"https:\/\/invite.force8.net\/ProduktTrainingMediaCenter\/\" target=\"_blank\" rel=\"noopener\">https:\/\/invite.force8.net\/ProduktTrainingMediaCenter\/<\/a>[\/vc_column_text][\/vc_column_inner][\/vc_row_inner][\/mk_custom_box][\/vc_column][\/mk_page_section][mk_page_section bg_color=\u00a0\u00bb#ffffff\u00a0\u00bb bg_stretch=\u00a0\u00bbtrue\u00a0\u00bb enable_3d=\u00a0\u00bbtrue\u00a0\u00bb video_opacity=\u00a0\u00bb1&Prime; min_height=\u00a0\u00bb250&Prime; padding_top=\u00a0\u00bb0&Prime; padding_bottom=\u00a0\u00bb20&Prime; sidebar=\u00a0\u00bbsidebar-1&Prime;][vc_column][mk_custom_box margin_bottom=\u00a0\u00bb0&Prime; bg_color=\u00a0\u00bb#ffffff\u00a0\u00bb drop_shadow=\u00a0\u00bbtrue\u00a0\u00bb drop_shadow_color=\u00a0\u00bbrgba(221,221,221,0.5)\u00a0\u00bb bg_stretch=\u00a0\u00bbtrue\u00a0\u00bb][vc_row_inner][vc_column_inner width=\u00a0\u00bb1\/2&Prime;][mk_image src=\u00a0\u00bbhttps:\/\/force8.coach\/wp-content\/uploads\/2025\/01\/product-update-en.v2.jpg\u00a0\u00bb image_size=\u00a0\u00bbfull\u00a0\u00bb][\/vc_column_inner][vc_column_inner width=\u00a0\u00bb1\/2&Prime;][mk_fancy_title size=\u00a0\u00bb25&Prime; font_weight=\u00a0\u00bb600&Prime; margin_bottom=\u00a0\u00bb0&Prime; font_family=\u00a0\u00bbnone\u00a0\u00bb responsive_align=\u00a0\u00bbleft\u00a0\u00bb]\n<p class=\"p1\">Mises \u00e0 jour de produits Q4\/24<\/p>\n[\/mk_fancy_title][vc_column_text css=\u00a0\u00bb.vc_custom_1736342766147{margin-bottom: 0px !important;}\u00a0\u00bb]<strong>Date: <\/strong>Jeudi 16 Janvier 25<br \/>\n<strong>Heure:<\/strong> 11-11:30h<br \/>\n<strong>H\u00e9berg\u00e9 par:<\/strong> Chef de Produit Nicolas Hirzel<br \/>\n<strong>Sujet:<\/strong> Planification de la Saison \/ Importation J+S<br \/>\n<strong>D\u00e9tails:<\/strong><br \/>\n1) le nouveau module \u00ab\u00a0Planification de la saison\u00a0\u00bb.<br \/>\n2) le nouveau service \u00ab\u00a0Importation J+S dans la BDNS\u00a0\u00bb<br \/>\n<strong>Date limite d&rsquo;inscription:<\/strong> 15.1.25<br \/>\n<strong>Inscription:<\/strong> <a href=\"https:\/\/invite.force8.net\/productupdatesq424\/\" target=\"_blank\" rel=\"noopener\">https:\/\/invite.force8.net\/productupdatesq424\/<\/a>[\/vc_column_text][\/vc_column_inner][\/vc_row_inner][\/mk_custom_box][\/vc_column][\/mk_page_section][vc_row][vc_column][mk_padding_divider size=\u00a0\u00bb60&Prime;][\/vc_column][\/vc_row][mk_page_section bg_color=\u00a0\u00bb#31dcff\u00a0\u00bb bg_stretch=\u00a0\u00bbtrue\u00a0\u00bb bg_gradient=\u00a0\u00bbhorizontal\u00a0\u00bb video_color_mask=\u00a0\u00bb#31dcff\u00a0\u00bb gr_end=\u00a0\u00bb#002efe\u00a0\u00bb video_opacity=\u00a0\u00bb1&Prime; min_height=\u00a0\u00bb60&Prime; padding_top=\u00a0\u00bb40&Prime; padding_bottom=\u00a0\u00bb30&Prime; bottom_shape_color=\u00a0\u00bb#f7f7f7&Prime; sidebar=\u00a0\u00bbsidebar-1&Prime;][vc_column width=\u00a0\u00bb2\/3&Prime;][mk_fancy_title color=\u00a0\u00bb#ffffff\u00a0\u00bb size=\u00a0\u00bb35&Prime; line_height=\u00a0\u00bb90&Prime; font_weight=\u00a0\u00bb900&Prime; margin_top=\u00a0\u00bb10&Prime; margin_bottom=\u00a0\u00bb0&Prime; font_family=\u00a0\u00bbnone\u00a0\u00bb]Voudriez-vous nous parler?[\/mk_fancy_title][\/vc_column][vc_column width=\u00a0\u00bb1\/3&Prime;][mk_button dimension=\u00a0\u00bbflat\u00a0\u00bb corner_style=\u00a0\u00bbfull_rounded\u00a0\u00bb size=\u00a0\u00bblarge\u00a0\u00bb icon=\u00a0\u00bbmk-moon-calendar-4&Prime; url=\u00a0\u00bbhttps:\/\/meetings.hubspot.com\/marco-baeschlin\u00a0\u00bb align=\u00a0\u00bbright\u00a0\u00bb bg_color=\u00a0\u00bb#000000&Prime;]Planifier une d\u00e9mo[\/mk_button][\/vc_column][\/mk_page_section]\n<\/div>","protected":false},"excerpt":{"rendered":"<p>[mk_page_section bg_image=\u00a0\u00bbhttps:\/\/force8.coach\/wp-content\/uploads\/2025\/01\/events-bg.jpg\u00a0\u00bb bg_color=\u00a0\u00bb#ffffff\u00a0\u00bb bg_position=\u00a0\u00bbleft bottom\u00a0\u00bb bg_stretch=\u00a0\u00bbtrue\u00a0\u00bb enable_3d=\u00a0\u00bbtrue\u00a0\u00bb video_color_mask=\u00a0\u00bb#000000&Prime; video_opacity=\u00a0\u00bb0.3&Prime; min_height=\u00a0\u00bb650&Prime; js_vertical_centered=\u00a0\u00bbtrue\u00a0\u00bb sidebar=\u00a0\u00bbsidebar-1&Prime;][vc_column width=\u00a0\u00bb5\/6&Prime;][mk_fancy_title color=\u00a0\u00bb#ffffff\u00a0\u00bb size=\u00a0\u00bb35&Prime; letter_spacing=\u00a0\u00bb2&Prime; margin_bottom=\u00a0\u00bb0&Prime; font_family=\u00a0\u00bbnone\u00a0\u00bb] Ev\u00e9nements [\/mk_fancy_title][mk_fancy_title color=\u00a0\u00bb#ffffff\u00a0\u00bb size=\u00a0\u00bb64&Prime; force_font_size=\u00a0\u00bbtrue\u00a0\u00bb size_smallscreen=\u00a0\u00bb64&Prime; size_tablet=\u00a0\u00bb64&Prime; size_phone=\u00a0\u00bb35&Prime; line_height=\u00a0\u00bb99&Prime; font_weight=\u00a0\u00bb900&Prime; margin_bottom=\u00a0\u00bb0&Prime; font_family=\u00a0\u00bbnone\u00a0\u00bb]\u00c9v\u00e9nements, formations sur les produits et derni\u00e8res mises \u00e0 jour des produits.[\/mk_fancy_title][\/vc_column][vc_column width=\u00a0\u00bb1\/6&Prime;][\/vc_column][\/mk_page_section][mk_page_section bg_color=\u00a0\u00bb#f9f9f9&Prime; bg_stretch=\u00a0\u00bbtrue\u00a0\u00bb video_opacity=\u00a0\u00bb0.4&Prime; padding_top=\u00a0\u00bb100&Prime; padding_bottom=\u00a0\u00bb80&Prime; bottom_shape_color=\u00a0\u00bb#f7f7f7&Prime; sidebar=\u00a0\u00bbsidebar-1&Prime;][vc_column width=\u00a0\u00bb2\/3&Prime;][mk_fancy_title size=\u00a0\u00bb25&Prime; font_weight=\u00a0\u00bb600&Prime; margin_bottom=\u00a0\u00bb0&Prime; font_family=\u00a0\u00bbnone\u00a0\u00bb]Rencontre-nous lors [&hellip;]<\/p>\n","protected":false},"author":1,"featured_media":0,"parent":0,"menu_order":0,"comment_status":"closed","ping_status":"closed","template":"","meta":{"inline_featured_image":false,"footnotes":""},"_links":{"self":[{"href":"https:\/\/force8.coach\/fr\/wp-json\/wp\/v2\/pages\/15887"}],"collection":[{"href":"https:\/\/force8.coach\/fr\/wp-json\/wp\/v2\/pages"}],"about":[{"href":"https:\/\/force8.coach\/fr\/wp-json\/wp\/v2\/types\/page"}],"author":[{"embeddable":true,"href":"https:\/\/force8.coach\/fr\/wp-json\/wp\/v2\/users\/1"}],"replies":[{"embeddable":true,"href":"https:\/\/force8.coach\/fr\/wp-json\/wp\/v2\/comments?post=15887"}],"version-history":[{"count":15,"href":"https:\/\/force8.coach\/fr\/wp-json\/wp\/v2\/pages\/15887\/revisions"}],"predecessor-version":[{"id":16750,"href":"https:\/\/force8.coach\/fr\/wp-json\/wp\/v2\/pages\/15887\/revisions\/16750"}],"wp:attachment":[{"href":"https:\/\/force8.coach\/fr\/wp-json\/wp\/v2\/media?parent=15887"}],"curies":[{"name":"wp","href":"https:\/\/api.w.org\/{rel}","templated":true}]}}