{"id":15933,"date":"2025-01-08T13:35:35","date_gmt":"2025-01-08T13:35:35","guid":{"rendered":"https:\/\/force8.coach\/downloads\/"},"modified":"2026-03-09T10:34:05","modified_gmt":"2026-03-09T10:34:05","slug":"downloads","status":"publish","type":"page","link":"https:\/\/force8.coach\/fr\/downloads\/","title":{"rendered":"Downloads"},"content":{"rendered":"<div class=\"wpb-content-wrapper\">[mk_page_section bg_image=\u00a0\u00bbhttps:\/\/force8.coach\/wp-content\/uploads\/2025\/01\/download_bg.jpg\u00a0\u00bb bg_color=\u00a0\u00bb#ffffff\u00a0\u00bb bg_stretch=\u00a0\u00bbtrue\u00a0\u00bb enable_3d=\u00a0\u00bbtrue\u00a0\u00bb video_color_mask=\u00a0\u00bb#000000&Prime; video_opacity=\u00a0\u00bb0.3&Prime; min_height=\u00a0\u00bb650&Prime; js_vertical_centered=\u00a0\u00bbtrue\u00a0\u00bb sidebar=\u00a0\u00bbsidebar-1&Prime;][vc_column width=\u00a0\u00bb2\/3&Prime;][mk_fancy_title color=\u00a0\u00bb#ffffff\u00a0\u00bb size=\u00a0\u00bb35&Prime; force_font_size=\u00a0\u00bbtrue\u00a0\u00bb font_weight=\u00a0\u00bb400&Prime; letter_spacing=\u00a0\u00bb2&Prime; margin_bottom=\u00a0\u00bb0&Prime; font_family=\u00a0\u00bbnone\u00a0\u00bb]\n<p class=\"p1\">Downloads<\/p>\n[\/mk_fancy_title][mk_fancy_title color=\u00a0\u00bb#ffffff\u00a0\u00bb size=\u00a0\u00bb64&Prime; force_font_size=\u00a0\u00bbtrue\u00a0\u00bb size_phone=\u00a0\u00bb50&Prime; line_height=\u00a0\u00bb99&Prime; font_weight=\u00a0\u00bb900&Prime; margin_bottom=\u00a0\u00bb0&Prime; font_family=\u00a0\u00bbnone\u00a0\u00bb]T\u00e9l\u00e9charge notre contenu marketing[\/mk_fancy_title][\/vc_column][vc_column width=\u00a0\u00bb1\/3&Prime;][\/vc_column][\/mk_page_section][mk_page_section bg_color=\u00a0\u00bb#f9f9f9&Prime; bg_stretch=\u00a0\u00bbtrue\u00a0\u00bb video_opacity=\u00a0\u00bb0.4&Prime; padding_top=\u00a0\u00bb100&Prime; padding_bottom=\u00a0\u00bb80&Prime; bottom_shape_color=\u00a0\u00bb#f7f7f7&Prime; sidebar=\u00a0\u00bbsidebar-1&Prime;][vc_column width=\u00a0\u00bb1\/2&Prime;][mk_fancy_title size=\u00a0\u00bb25&Prime; font_weight=\u00a0\u00bb600&Prime; margin_bottom=\u00a0\u00bb0&Prime; font_family=\u00a0\u00bbnone\u00a0\u00bb]\n<p class=\"p1\">Nous fournissons un large \u00e9ventail d&rsquo;outils et de ressources marketing pr\u00e9cieux.<\/p>\n[\/mk_fancy_title][\/vc_column][vc_column width=\u00a0\u00bb1\/2&Prime;][vc_column_text css=\u00a0\u00bb.vc_custom_1736411835962{margin-bottom: 0px !important;}\u00a0\u00bb]Pour soutenir tes efforts de marketing, t\u00e9l\u00e9charge le contenu que tu veux.[\/vc_column_text][\/vc_column][\/mk_page_section][vc_row][vc_column][mk_padding_divider size=\u00a0\u00bb60&Prime;][vc_accordions action_style=\u00a0\u00bbtoggle-action\u00a0\u00bb][vc_accordion_tab title=\u00a0\u00bbVid\u00e9os de produits (1-2 minutes)\u00a0\u00bb][mk_custom_list style=\u00a0\u00bbmk-moon-link-4&Prime;]\n<ul>\n<li style=\"list-style-type: none;\">\n<ul>\n<li style=\"list-style-type: none;\">\n<ul>\n<li><a href=\"https:\/\/youtube.com\/playlist?list=PLHP0KdFdcflQ-kjS5Vpu128YHy7wcvj2D&amp;si=i2q9FxaHeejtfEaA\" target=\"_blank\" rel=\"noopener\">Aper\u00e7u<\/a><\/li>\n<li><a href=\"https:\/\/www.youtube.com\/watch?v=O9eMIrrbmio\" target=\"_blank\" rel=\"noopener\">Aper\u00e7u de la Saison<\/a><\/li>\n<li><a href=\"https:\/\/www.youtube.com\/watch?v=tW1x_lz48_o\" target=\"_blank\" rel=\"noopener\">Family Connect<\/a><\/li>\n<li><a href=\"https:\/\/youtu.be\/vCkjqduiJBw?si=S3g-PUx2FIQzkJW9\" target=\"_blank\" rel=\"noopener\">Configurateur de d\u00e9tails<\/a><\/li>\n<li><a href=\"https:\/\/www.youtube.com\/watch?v=EhHra6BYDC0\" target=\"_blank\" rel=\"noopener\">Gestionnaire de Site<\/a><\/li>\n<li><a href=\"https:\/\/www.youtube.com\/watch?v=LRPdOtCf3jg\" target=\"_blank\" rel=\"noopener\">Plans d\u2019entra\u00eenement<\/a><\/li>\n<li><a href=\"https:\/\/youtu.be\/zRv5gry7G9Q?si=HjV9T-O_PoXrD-4r\" target=\"_blank\" rel=\"noopener\">Planification de l&rsquo;entra\u00eenement\u00a0<\/a><\/li>\n<li><a href=\"https:\/\/www.youtube.com\/watch?v=9FjJfymkLws&amp;t=2s\" target=\"_blank\" rel=\"noopener\">Planification th\u00e9oriques et r\u00e9alis\u00e9e<\/a><\/li>\n<li><a href=\"https:\/\/youtu.be\/Vvb75DhpymM?si=SAIHDa-c7odUBNnV\" target=\"_blank\" rel=\"noopener\">Comp\u00e9tition<\/a><\/li>\n<li><a href=\"https:\/\/youtu.be\/mve1U4D_OcY?si=-gO-rXUkWyV4wFz8\" target=\"_blank\" rel=\"noopener\">Tests &amp; Batteries<\/a><\/li>\n<li><a href=\"https:\/\/youtu.be\/8UaOvinf9J4?si=kKcDUQDg-kwdHUT0\" target=\"_blank\" rel=\"noopener\">\u00c9valuations<\/a><\/li>\n<li><a href=\"https:\/\/youtu.be\/RxGhlRt70ss?si=snTb7eKfW-w9GJ4_\" target=\"_blank\" rel=\"noopener\">Discussions<\/a><\/li>\n<li><a href=\"https:\/\/youtu.be\/ACfczbKntlo?si=H8T-i8Vo15xRNdnm\" target=\"_blank\" rel=\"noopener\">Valeurs quotidiennes<\/a><\/li>\n<li><a href=\"https:\/\/youtu.be\/ArALx1cFd-I?si=dxEDu1NAjtKSNHGs\" target=\"_blank\" rel=\"noopener\">Cycle menstruel\u00a0<\/a><\/li>\n<li><a href=\"https:\/\/youtu.be\/wXqi7ePTjsc?si=iSrsa3DLA_it4xUy\" target=\"_blank\" rel=\"noopener\">Vid\u00e9os<\/a><\/li>\n<li><a href=\"https:\/\/www.youtube.com\/watch?v=4py6GgXM20s\" target=\"_blank\" rel=\"noopener\">File Sharing<\/a><\/li>\n<li><a href=\"https:\/\/youtu.be\/_-CennqoQHA?si=m6EwINT11DFHfGsh\" target=\"_blank\" rel=\"noopener\">Screening des athl\u00e8tes<\/a><\/li>\n<li><a href=\"https:\/\/youtu.be\/M27Lonk5lKc?si=Q2WeuvKAkURCd7-T\" target=\"_blank\" rel=\"noopener\">Dossier m\u00e9dical<\/a><\/li>\n<\/ul>\n<\/li>\n<\/ul>\n<\/li>\n<\/ul>\n[\/mk_custom_list][\/vc_accordion_tab][vc_accordion_tab title=\u00a0\u00bbVid\u00e9os tutorielles\u00a0\u00bb][mk_custom_list style=\u00a0\u00bbmk-moon-link-4&Prime;]\n<ul>\n<li><a href=\"https:\/\/www.youtube.com\/playlist?list=PLHP0KdFdcflSFrruCElpiky3f9XQ0AgvR\" target=\"_blank\" rel=\"noopener\">Vid\u00e9os Admin<\/a><\/li>\n<li><a href=\"https:\/\/www.youtube.com\/playlist?list=PLHP0KdFdcflQhtkYveiQXSQQxuobJYs1-\" target=\"_blank\" rel=\"noopener\">Vid\u00e9os Coaches<\/a><\/li>\n<li><a href=\"https:\/\/www.youtube.com\/playlist?list=PLHP0KdFdcflRhjp0RppZTLWAWsVJBJTrQ\" target=\"_blank\" rel=\"noopener\">Vid\u00e9o d&rsquo;Athl\u00e8te<\/a><\/li>\n<\/ul>\n[\/mk_custom_list][\/vc_accordion_tab][vc_accordion_tab title=\u00a0\u00bbVid\u00e9os d&rsquo;athl\u00e9tisme fournies par Swiss-Ski (400+ disponibles)\u00a0\u00bb][mk_custom_list style=\u00a0\u00bbmk-moon-link-4&Prime;]\n<ul>\n<li><a href=\"https:\/\/youtu.be\/dCqBw3yY9n0\">Squat sur les deux jambes avec halt\u00e8res excentriques<\/a><\/li>\n<li><a href=\"https:\/\/youtu.be\/ps_G0ueMqtw\">Single Arm Row avec kettlebel<\/a>l<\/li>\n<li><a href=\"https:\/\/youtu.be\/WZQAMa8myWc\">Essuie-glace suspendu<\/a><\/li>\n<li><a href=\"https:\/\/youtu.be\/ioR3x1qe_Fg\">Balancement de disque avec disque de poids<\/a><\/li>\n<li><a href=\"https:\/\/youtu.be\/YQhgBt9L2E8\">Overhead Squat avec halt\u00e8re long<\/a><\/li>\n<li><a href=\"https:\/\/youtu.be\/FmilyINAO_w\">Lunges avec halt\u00e8res<\/a><\/li>\n<li><a href=\"https:\/\/youtu.be\/cLE7lzeqi9o\">Leg Scissors avec ballon de gymnastique<\/a><\/li>\n<li><a href=\"https:\/\/youtu.be\/0wSj4z5yGaA\">Extension de la jambe<\/a><\/li>\n<\/ul>\n[\/mk_custom_list][\/vc_accordion_tab][vc_accordion_tab title=\u00a0\u00bbVid\u00e9os marketing\u00a0\u00bb][mk_custom_list style=\u00a0\u00bbmk-moon-link-4&Prime;]\n<ul>\n<li style=\"list-style-type: none;\">\n<ul>\n<li><a href=\"https:\/\/www.youtube.com\/watch?v=4W97XC3fvr4\" target=\"_blank\" rel=\"noopener\">Cycle d&rsquo;entra\u00eenement<\/a><\/li>\n<li><a href=\"https:\/\/www.youtube.com\/watch?v=1NXojC6zO6Q\" target=\"_blank\" rel=\"noopener\">Aper\u00e7u bref<\/a><\/li>\n<li><a href=\"https:\/\/www.youtube.com\/watch?v=dTfGFeFneec\" target=\"_blank\" rel=\"noopener\">Aper\u00e7u long<\/a><\/li>\n<li><a href=\"https:\/\/youtu.be\/9IDtnfPXhLI?si=lafV4zhMNEL2AmlA\" target=\"_blank\" rel=\"noopener\">Teaser 1 <\/a><\/li>\n<li><a href=\"https:\/\/youtu.be\/3Cd2ND0frBw?si=4QwIEa2vRX7LdmWB\" target=\"_blank\" rel=\"noopener\">Teaser 2<\/a><\/li>\n<li><a href=\"https:\/\/youtu.be\/C1A0wsKJiXg?si=RhYP5Hln2j9UT8LP\" target=\"_blank\" rel=\"noopener\">L&rsquo;IA parle de Force8 Coach<\/a><\/li>\n<\/ul>\n<\/li>\n<\/ul>\n[\/mk_custom_list][\/vc_accordion_tab][vc_accordion_tab title=\u00a0\u00bbBrochures\u00a0\u00bb][mk_custom_list style=\u00a0\u00bbmk-moon-link-4&Prime;]\n<ul>\n<li><a href=\"https:\/\/force8.coach\/wp-content\/uploads\/2025\/06\/f8c-form-2025_fr.pdf\" target=\"_blank\" rel=\"noopener\">Aper\u00e7u des modules<\/a><\/li>\n<li><a href=\"https:\/\/force8.coach\/wp-content\/uploads\/2023\/11\/force8-coach-brochure-en.pdf\" target=\"_blank\" rel=\"noopener\">Pourquoi ton organisation sportive a besoin d&rsquo;un AMS<\/a><\/li>\n<li><a href=\"https:\/\/force8.coach\/wp-content\/uploads\/2024\/02\/force8coach_fr.pdf\" target=\"_blank\" rel=\"noopener\">Flyer Force8 Coach<\/a><\/li>\n<li><a href=\"https:\/\/force8.coach\/wp-content\/uploads\/2024\/02\/force8-lab-flyer-en.pdf\" target=\"_blank\" rel=\"noopener\">Force8 Lab Flyer<\/a><\/li>\n<li><a href=\"https:\/\/force8.coach\/wp-content\/uploads\/2026\/02\/f8c_overview-center-modules_en.pdf\" target=\"_blank\" rel=\"noopener\">Aper\u00e7u des centres\/modules<\/a><\/li>\n<\/ul>\n[\/mk_custom_list][\/vc_accordion_tab][vc_accordion_tab title=\u00a0\u00bbShow Cases\u00a0\u00bb][mk_custom_list style=\u00a0\u00bbmk-moon-link-4&Prime;]\n<ul>\n<li><a href=\"https:\/\/force8.coach\/fr\/video-show-case-et-interview\/\" target=\"_blank\" rel=\"noopener\">SWISSCURLING Wipe Test<\/a><\/li>\n<li><a href=\"https:\/\/force8.coach\/fr\/show-case-swiss-aquatics-swimming\/\" target=\"_blank\" rel=\"noopener\">Swiss Aquatics<\/a><\/li>\n<li><a href=\"https:\/\/youtu.be\/3WBOIPZWZ84?si=13bUZtuM7kVHKWfU\" target=\"_blank\" rel=\"noopener\">Swiss-Ski &#8211; On the edge<\/a><\/li>\n<\/ul>\n[\/mk_custom_list][\/vc_accordion_tab][vc_accordion_tab title=\u00a0\u00bbLogos\u00a0\u00bb][mk_custom_list style=\u00a0\u00bbmk-moon-link-4&Prime;]\n<ul>\n<li><a href=\"https:\/\/force8.coach\/wp-content\/uploads\/2025\/01\/f8c_logo-kit.zip\" target=\"_blank\" rel=\"noopener\">Force8 Coach Logo Kit<\/a><\/li>\n<li><a href=\"https:\/\/force8.coach\/wp-content\/uploads\/2025\/01\/f8_logo-kit.zip\" target=\"_blank\" rel=\"noopener\">Force8 SA Logo Kit<\/a><\/li>\n<\/ul>\n[\/mk_custom_list][\/vc_accordion_tab][\/vc_accordions][mk_padding_divider size=\u00a0\u00bb60&Prime;][\/vc_column][\/vc_row][mk_page_section bg_color=\u00a0\u00bb#31dcff\u00a0\u00bb bg_stretch=\u00a0\u00bbtrue\u00a0\u00bb bg_gradient=\u00a0\u00bbhorizontal\u00a0\u00bb video_color_mask=\u00a0\u00bb#31dcff\u00a0\u00bb gr_end=\u00a0\u00bb#002efe\u00a0\u00bb video_opacity=\u00a0\u00bb1&Prime; min_height=\u00a0\u00bb60&Prime; padding_top=\u00a0\u00bb40&Prime; padding_bottom=\u00a0\u00bb30&Prime; bottom_shape_color=\u00a0\u00bb#f7f7f7&Prime; sidebar=\u00a0\u00bbsidebar-1&Prime;][vc_column width=\u00a0\u00bb2\/3&Prime;][mk_fancy_title color=\u00a0\u00bb#ffffff\u00a0\u00bb size=\u00a0\u00bb35&Prime; line_height=\u00a0\u00bb90&Prime; font_weight=\u00a0\u00bb900&Prime; margin_top=\u00a0\u00bb10&Prime; margin_bottom=\u00a0\u00bb0&Prime; font_family=\u00a0\u00bbnone\u00a0\u00bb]Vous cherchez une solution pour vous ou votre organisation ?[\/mk_fancy_title][\/vc_column][vc_column width=\u00a0\u00bb1\/3&Prime;][mk_button dimension=\u00a0\u00bbflat\u00a0\u00bb corner_style=\u00a0\u00bbfull_rounded\u00a0\u00bb size=\u00a0\u00bblarge\u00a0\u00bb icon=\u00a0\u00bbmk-moon-calendar-4&Prime; url=\u00a0\u00bbhttps:\/\/meetings.hubspot.com\/marco-baeschlin\u00a0\u00bb align=\u00a0\u00bbright\u00a0\u00bb bg_color=\u00a0\u00bb#000000&Prime;]Planifier une d\u00e9mo[\/mk_button][\/vc_column][\/mk_page_section]\n<\/div>","protected":false},"excerpt":{"rendered":"<p>[mk_page_section bg_image=\u00a0\u00bbhttps:\/\/force8.coach\/wp-content\/uploads\/2025\/01\/download_bg.jpg\u00a0\u00bb bg_color=\u00a0\u00bb#ffffff\u00a0\u00bb bg_stretch=\u00a0\u00bbtrue\u00a0\u00bb enable_3d=\u00a0\u00bbtrue\u00a0\u00bb video_color_mask=\u00a0\u00bb#000000&Prime; video_opacity=\u00a0\u00bb0.3&Prime; min_height=\u00a0\u00bb650&Prime; js_vertical_centered=\u00a0\u00bbtrue\u00a0\u00bb sidebar=\u00a0\u00bbsidebar-1&Prime;][vc_column width=\u00a0\u00bb2\/3&Prime;][mk_fancy_title color=\u00a0\u00bb#ffffff\u00a0\u00bb size=\u00a0\u00bb35&Prime; force_font_size=\u00a0\u00bbtrue\u00a0\u00bb font_weight=\u00a0\u00bb400&Prime; letter_spacing=\u00a0\u00bb2&Prime; margin_bottom=\u00a0\u00bb0&Prime; font_family=\u00a0\u00bbnone\u00a0\u00bb] Downloads [\/mk_fancy_title][mk_fancy_title color=\u00a0\u00bb#ffffff\u00a0\u00bb size=\u00a0\u00bb64&Prime; force_font_size=\u00a0\u00bbtrue\u00a0\u00bb size_phone=\u00a0\u00bb50&Prime; line_height=\u00a0\u00bb99&Prime; font_weight=\u00a0\u00bb900&Prime; margin_bottom=\u00a0\u00bb0&Prime; font_family=\u00a0\u00bbnone\u00a0\u00bb]T\u00e9l\u00e9charge notre contenu marketing[\/mk_fancy_title][\/vc_column][vc_column width=\u00a0\u00bb1\/3&Prime;][\/vc_column][\/mk_page_section][mk_page_section bg_color=\u00a0\u00bb#f9f9f9&Prime; bg_stretch=\u00a0\u00bbtrue\u00a0\u00bb video_opacity=\u00a0\u00bb0.4&Prime; padding_top=\u00a0\u00bb100&Prime; padding_bottom=\u00a0\u00bb80&Prime; bottom_shape_color=\u00a0\u00bb#f7f7f7&Prime; sidebar=\u00a0\u00bbsidebar-1&Prime;][vc_column width=\u00a0\u00bb1\/2&Prime;][mk_fancy_title size=\u00a0\u00bb25&Prime; font_weight=\u00a0\u00bb600&Prime; margin_bottom=\u00a0\u00bb0&Prime; font_family=\u00a0\u00bbnone\u00a0\u00bb] Nous fournissons un large \u00e9ventail d&rsquo;outils et de ressources marketing pr\u00e9cieux. [&hellip;]<\/p>\n","protected":false},"author":1,"featured_media":0,"parent":0,"menu_order":0,"comment_status":"closed","ping_status":"closed","template":"","meta":{"inline_featured_image":false,"footnotes":""},"_links":{"self":[{"href":"https:\/\/force8.coach\/fr\/wp-json\/wp\/v2\/pages\/15933"}],"collection":[{"href":"https:\/\/force8.coach\/fr\/wp-json\/wp\/v2\/pages"}],"about":[{"href":"https:\/\/force8.coach\/fr\/wp-json\/wp\/v2\/types\/page"}],"author":[{"embeddable":true,"href":"https:\/\/force8.coach\/fr\/wp-json\/wp\/v2\/users\/1"}],"replies":[{"embeddable":true,"href":"https:\/\/force8.coach\/fr\/wp-json\/wp\/v2\/comments?post=15933"}],"version-history":[{"count":28,"href":"https:\/\/force8.coach\/fr\/wp-json\/wp\/v2\/pages\/15933\/revisions"}],"predecessor-version":[{"id":17459,"href":"https:\/\/force8.coach\/fr\/wp-json\/wp\/v2\/pages\/15933\/revisions\/17459"}],"wp:attachment":[{"href":"https:\/\/force8.coach\/fr\/wp-json\/wp\/v2\/media?parent=15933"}],"curies":[{"name":"wp","href":"https:\/\/api.w.org\/{rel}","templated":true}]}}