{"id":17154,"date":"2025-12-05T10:34:13","date_gmt":"2025-12-05T10:34:13","guid":{"rendered":"https:\/\/force8.coach\/prices-copy\/"},"modified":"2025-12-16T15:47:12","modified_gmt":"2025-12-16T15:47:12","slug":"prix","status":"publish","type":"page","link":"https:\/\/force8.coach\/fr\/prix\/","title":{"rendered":"Prices"},"content":{"rendered":"<div class=\"wpb-content-wrapper\">[mk_page_section bg_image=\u00a0\u00bbhttps:\/\/force8.coach\/wp-content\/uploads\/2021\/09\/website_1106794844-huge.jpg\u00a0\u00bb bg_image_portrait=\u00a0\u00bbhttps:\/\/force8.coach\/wp-content\/uploads\/2021\/09\/prices-image.jpg\u00a0\u00bb bg_color=\u00a0\u00bb#ffffff\u00a0\u00bb bg_stretch=\u00a0\u00bbtrue\u00a0\u00bb enable_3d=\u00a0\u00bbtrue\u00a0\u00bb video_color_mask=\u00a0\u00bb#000000&Prime; video_opacity=\u00a0\u00bb0.2&Prime; min_height=\u00a0\u00bb650&Prime; js_vertical_centered=\u00a0\u00bbtrue\u00a0\u00bb padding_top=\u00a0\u00bb0&Prime; padding_bottom=\u00a0\u00bb60&Prime; sidebar=\u00a0\u00bbsidebar-1&Prime;][vc_column width=\u00a0\u00bb2\/3&Prime;][mk_fancy_title color=\u00a0\u00bb#ffffff\u00a0\u00bb size=\u00a0\u00bb35&Prime; force_font_size=\u00a0\u00bbtrue\u00a0\u00bb font_weight=\u00a0\u00bb400&Prime; letter_spacing=\u00a0\u00bb2&Prime; margin_bottom=\u00a0\u00bb0&Prime; font_family=\u00a0\u00bbnone\u00a0\u00bb]\n<p class=\"p1\">Forfaits et prix<\/p>\n[\/mk_fancy_title][mk_fancy_title color=\u00a0\u00bb#ffffff\u00a0\u00bb size=\u00a0\u00bb64&Prime; force_font_size=\u00a0\u00bbtrue\u00a0\u00bb size_phone=\u00a0\u00bb50&Prime; line_height=\u00a0\u00bb99&Prime; font_weight=\u00a0\u00bb900&Prime; margin_bottom=\u00a0\u00bb0&Prime; font_family=\u00a0\u00bbnone\u00a0\u00bb]Toute personne ayant besoin d&rsquo;un AMS devrait pouvoir acheter Force8 Coach.[\/mk_fancy_title][\/vc_column][vc_column width=\u00a0\u00bb1\/3&Prime;][\/vc_column][\/mk_page_section][mk_page_section bg_stretch=\u00a0\u00bbtrue\u00a0\u00bb video_opacity=\u00a0\u00bb0.4&Prime; padding_top=\u00a0\u00bb100&Prime; padding_bottom=\u00a0\u00bb40&Prime; bottom_shape_color=\u00a0\u00bb#f7f7f7&Prime; section_id=\u00a0\u00bbsystem\u00a0\u00bb sidebar=\u00a0\u00bbsidebar-1&Prime;][vc_column][mk_fancy_title tag_name=\u00a0\u00bbh1&Prime; color=\u00a0\u00bb#000000&Prime; size=\u00a0\u00bb64&Prime; force_font_size=\u00a0\u00bbtrue\u00a0\u00bb line_height=\u00a0\u00bb95&Prime; font_weight=\u00a0\u00bb900&Prime; font_style=\u00a0\u00bbnormal\u00a0\u00bb letter_spacing=\u00a0\u00bb1&Prime; margin_bottom=\u00a0\u00bb0&Prime; font_family=\u00a0\u00bbnone\u00a0\u00bb]Tarifs des Modules[\/mk_fancy_title][vc_row_inner][vc_column_inner width=\u00a0\u00bb1\/2&Prime;][vc_column_text css=\u00a0\u00bb.vc_custom_1765468821278{margin-bottom: 0px !important;}\u00a0\u00bb]Les prix d\u00e9pendent du <strong>nombre d&rsquo;utilisateurs<\/strong> qui interagissent sur Force8 Coach et du <strong>nombre de Modules<\/strong>. Gr\u00e2ce au concept modulaire, chacun peut composer son propre syst\u00e8me de gestion des athl\u00e8tes et des \u00e9quipes, en fonction de son budget et de ses besoins.[\/vc_column_text][\/vc_column_inner][vc_column_inner width=\u00a0\u00bb1\/2&Prime;][vc_column_text css=\u00a0\u00bb.vc_custom_1765468544250{margin-bottom: 0px !important;}\u00a0\u00bb]Le syst\u00e8me de base Force8 Coach est disponible \u00e0 partir de<br \/>\n<strong> CHF\/EUR 4.00 par utilisateur et par an<\/strong><br \/>\n(exemple pour un client avec 100 utilisateurs)[\/vc_column_text][\/vc_column_inner][\/vc_row_inner][\/vc_column][\/mk_page_section][mk_page_section bg_stretch=\u00a0\u00bbtrue\u00a0\u00bb video_opacity=\u00a0\u00bb0.4&Prime; padding_top=\u00a0\u00bb100&Prime; padding_bottom=\u00a0\u00bb80&Prime; bottom_shape_color=\u00a0\u00bb#f7f7f7&Prime; section_id=\u00a0\u00bbsystem\u00a0\u00bb sidebar=\u00a0\u00bbsidebar-1&Prime;][vc_column width=\u00a0\u00bb1\/3&Prime;][mk_fancy_title tag_name=\u00a0\u00bbh1&Prime; color=\u00a0\u00bb#000000&Prime; size=\u00a0\u00bb64&Prime; force_font_size=\u00a0\u00bbtrue\u00a0\u00bb line_height=\u00a0\u00bb95&Prime; font_weight=\u00a0\u00bb900&Prime; font_style=\u00a0\u00bbnormal\u00a0\u00bb letter_spacing=\u00a0\u00bb1&Prime; margin_bottom=\u00a0\u00bb0&Prime; font_family=\u00a0\u00bbnone\u00a0\u00bb]Prix \u200b\u200bdes Forfaits[\/mk_fancy_title][vc_column_text css=\u00a0\u00bb.vc_custom_1765468871607{margin-bottom: 0px !important;}\u00a0\u00bb]Force8 Coach est \u00e9galement disponible sous forme de Forfaits \u00e0 des prix tr\u00e8s attractifs. Ces Forfaits vous permettent de b\u00e9n\u00e9ficier d&rsquo;une <strong>r\u00e9duction de 50 %<\/strong> par rapport au prix des Modules individuels :[\/vc_column_text][\/vc_column][vc_column width=\u00a0\u00bb2\/3&Prime;][vc_row_inner][vc_column_inner width=\u00a0\u00bb1\/2&Prime;][mk_custom_box padding_horizental=\u00a0\u00bb30&Prime; margin_bottom=\u00a0\u00bb0&Prime; min_height=\u00a0\u00bb336&Prime; bg_color=\u00a0\u00bb#f9f9f9&Prime;][mk_fancy_title color=\u00a0\u00bb#000000&Prime; size=\u00a0\u00bb30&Prime; font_weight=\u00a0\u00bb900&Prime; margin_bottom=\u00a0\u00bb0&Prime; font_family=\u00a0\u00bbnone\u00a0\u00bb]Le Forfait Training[\/mk_fancy_title][mk_custom_list]\n<ul>\n<li>Planification Th\u00e9orique et R\u00e9alis\u00e9e<\/li>\n<li>Plans d&rsquo;Entra\u00eenement<\/li>\n<li>Planification de l&rsquo;Entra\u00eenement<\/li>\n<li>Configurateur de D\u00e9tails<\/li>\n<li>Analyses Standard<\/li>\n<\/ul>\n[\/mk_custom_list][\/mk_custom_box][\/vc_column_inner][vc_column_inner width=\u00a0\u00bb1\/2&Prime;][mk_custom_box padding_horizental=\u00a0\u00bb30&Prime; margin_bottom=\u00a0\u00bb0&Prime; min_height=\u00a0\u00bb336&Prime; bg_color=\u00a0\u00bb#f9f9f9&Prime;][mk_fancy_title color=\u00a0\u00bb#000000&Prime; size=\u00a0\u00bb30&Prime; font_weight=\u00a0\u00bb900&Prime; margin_bottom=\u00a0\u00bb0&Prime; font_family=\u00a0\u00bbnone\u00a0\u00bb]Le Forfait Insights[\/mk_fancy_title][mk_custom_list]\n<ul>\n<li>\u00c9valuations<\/li>\n<li>Tests et Batteries<\/li>\n<li>Discussions<\/li>\n<li>File Sharing<\/li>\n<li>Vid\u00e9os<\/li>\n<\/ul>\n[\/mk_custom_list][\/mk_custom_box][\/vc_column_inner][\/vc_row_inner][mk_padding_divider size=\u00a0\u00bb30&Prime;][vc_row_inner][vc_column_inner width=\u00a0\u00bb1\/2&Prime;][mk_custom_box padding_horizental=\u00a0\u00bb30&Prime; margin_bottom=\u00a0\u00bb0&Prime; min_height=\u00a0\u00bb336&Prime; bg_color=\u00a0\u00bb#f9f9f9&Prime;][mk_fancy_title color=\u00a0\u00bb#000000&Prime; size=\u00a0\u00bb30&Prime; font_weight=\u00a0\u00bb900&Prime; margin_bottom=\u00a0\u00bb0&Prime; font_family=\u00a0\u00bbnone\u00a0\u00bb]Le fortait Performance[\/mk_fancy_title][mk_custom_list]\n<ul>\n<li>Valeurs Quotidiennes<\/li>\n<li>Cycle Menstruel<\/li>\n<\/ul>\n[\/mk_custom_list][\/mk_custom_box][\/vc_column_inner][vc_column_inner width=\u00a0\u00bb1\/2&Prime;][mk_custom_box padding_horizental=\u00a0\u00bb30&Prime; margin_bottom=\u00a0\u00bb\u00a0\u00bb min_height=\u00a0\u00bb336&Prime; bg_color=\u00a0\u00bb#f9f9f9&Prime;][mk_fancy_title color=\u00a0\u00bb#000000&Prime; size=\u00a0\u00bb30&Prime; font_weight=\u00a0\u00bb900&Prime; margin_bottom=\u00a0\u00bb0&Prime; font_family=\u00a0\u00bbnone\u00a0\u00bb]Le Forfait Health[\/mk_fancy_title][mk_custom_list]\n<ul>\n<li>Athl\u00e8tes Screening<\/li>\n<li>Dossier M\u00e9dical<\/li>\n<\/ul>\n[\/mk_custom_list][\/mk_custom_box][\/vc_column_inner][\/vc_row_inner][\/vc_column][\/mk_page_section][mk_page_section bg_color=\u00a0\u00bb#f9f9f9&Prime; bg_stretch=\u00a0\u00bbtrue\u00a0\u00bb video_opacity=\u00a0\u00bb0.4&Prime; padding_top=\u00a0\u00bb60&Prime; padding_bottom=\u00a0\u00bb80&Prime; bottom_shape_color=\u00a0\u00bb#f7f7f7&Prime; section_id=\u00a0\u00bbsystem\u00a0\u00bb sidebar=\u00a0\u00bbsidebar-1&Prime;][vc_column width=\u00a0\u00bb1\/3&Prime;][mk_font_icons icon=\u00a0\u00bbmk-icon-exchange\u00a0\u00bb color=\u00a0\u00bb#ffffff\u00a0\u00bb size=\u00a0\u00bblarge\u00a0\u00bb margin_vertical=\u00a0\u00bb20&Prime; circle=\u00a0\u00bbtrue\u00a0\u00bb circle_color=\u00a0\u00bb#d66f28&Prime; circle_border_color=\u00a0\u00bbrgba(0,0,0,0)\u00a0\u00bb][mk_fancy_title tag_name=\u00a0\u00bbh1&Prime; color=\u00a0\u00bb#000000&Prime; size=\u00a0\u00bb30&Prime; force_font_size=\u00a0\u00bbtrue\u00a0\u00bb line_height=\u00a0\u00bb95&Prime; font_weight=\u00a0\u00bb900&Prime; font_style=\u00a0\u00bbnormal\u00a0\u00bb letter_spacing=\u00a0\u00bb1&Prime; margin_bottom=\u00a0\u00bb0&Prime; font_family=\u00a0\u00bbnone\u00a0\u00bb]Promotion[\/mk_fancy_title][vc_column_text css=\u00a0\u00bb.vc_custom_1765536513888{margin-bottom: 0px !important;}\u00a0\u00bb]Nous soutenons ton <strong>programme de d\u00e9veloppement<\/strong> avec des remises de <strong>promotion int\u00e9ressantes<\/strong>.[\/vc_column_text][\/vc_column][vc_column width=\u00a0\u00bb1\/3&Prime;][mk_font_icons icon=\u00a0\u00bbmk-icon-line-chart\u00a0\u00bb color=\u00a0\u00bb#ffffff\u00a0\u00bb size=\u00a0\u00bblarge\u00a0\u00bb margin_vertical=\u00a0\u00bb20&Prime; circle=\u00a0\u00bbtrue\u00a0\u00bb circle_color=\u00a0\u00bb#d66f28&Prime; circle_border_color=\u00a0\u00bbrgba(0,0,0,0)\u00a0\u00bb][mk_fancy_title tag_name=\u00a0\u00bbh1&Prime; color=\u00a0\u00bb#000000&Prime; size=\u00a0\u00bb30&Prime; force_font_size=\u00a0\u00bbtrue\u00a0\u00bb line_height=\u00a0\u00bb95&Prime; font_weight=\u00a0\u00bb900&Prime; font_style=\u00a0\u00bbnormal\u00a0\u00bb letter_spacing=\u00a0\u00bb1&Prime; margin_bottom=\u00a0\u00bb0&Prime; font_family=\u00a0\u00bbnone\u00a0\u00bb]Consulting inclus[\/mk_fancy_title][vc_column_text css=\u00a0\u00bb.vc_custom_1765294477737{margin-bottom: 0px !important;}\u00a0\u00bb]Nous proposons des services <strong>de conseil inclus<\/strong> pour la conception, l&rsquo;int\u00e9gration, les r\u00e9unions et les questions-r\u00e9ponses.[\/vc_column_text][\/vc_column][vc_column width=\u00a0\u00bb1\/3&Prime;][mk_font_icons icon=\u00a0\u00bbmk-icon-comments-o\u00a0\u00bb color=\u00a0\u00bb#ffffff\u00a0\u00bb size=\u00a0\u00bblarge\u00a0\u00bb margin_vertical=\u00a0\u00bb20&Prime; circle=\u00a0\u00bbtrue\u00a0\u00bb circle_color=\u00a0\u00bb#d66f28&Prime; circle_border_color=\u00a0\u00bbrgba(0,0,0,0)\u00a0\u00bb][mk_fancy_title tag_name=\u00a0\u00bbh1&Prime; color=\u00a0\u00bb#000000&Prime; size=\u00a0\u00bb30&Prime; force_font_size=\u00a0\u00bbtrue\u00a0\u00bb line_height=\u00a0\u00bb95&Prime; font_weight=\u00a0\u00bb900&Prime; font_style=\u00a0\u00bbnormal\u00a0\u00bb letter_spacing=\u00a0\u00bb1&Prime; margin_bottom=\u00a0\u00bb0&Prime; font_family=\u00a0\u00bbnone\u00a0\u00bb]Assistance[\/mk_fancy_title][vc_column_text css=\u00a0\u00bb.vc_custom_1765294527268{margin-bottom: 0px !important;}\u00a0\u00bb]Nous offrons <strong>une assistance gratuite<\/strong> pendant toute la dur\u00e9e du contrat.[\/vc_column_text][\/vc_column][\/mk_page_section][mk_page_section bg_stretch=\u00a0\u00bbtrue\u00a0\u00bb video_opacity=\u00a0\u00bb0.4&Prime; padding_top=\u00a0\u00bb100&Prime; padding_bottom=\u00a0\u00bb80&Prime; bottom_shape_color=\u00a0\u00bb#f7f7f7&Prime; section_id=\u00a0\u00bbsystem\u00a0\u00bb sidebar=\u00a0\u00bbsidebar-1&Prime;][vc_column width=\u00a0\u00bb1\/3&Prime;][mk_fancy_title tag_name=\u00a0\u00bbh1&Prime; color=\u00a0\u00bb#000000&Prime; size=\u00a0\u00bb64&Prime; force_font_size=\u00a0\u00bbtrue\u00a0\u00bb line_height=\u00a0\u00bb95&Prime; font_weight=\u00a0\u00bb900&Prime; font_style=\u00a0\u00bbnormal\u00a0\u00bb letter_spacing=\u00a0\u00bb1&Prime; margin_bottom=\u00a0\u00bb0&Prime; font_family=\u00a0\u00bbnone\u00a0\u00bb]Contenus[\/mk_fancy_title][vc_column_text css=\u00a0\u00bb.vc_custom_1765294562593{margin-bottom: 0px !important;}\u00a0\u00bb]Nous proposons deux options de contenu:[\/vc_column_text][\/vc_column][vc_column width=\u00a0\u00bb2\/3&Prime;][vc_row_inner][vc_column_inner width=\u00a0\u00bb1\/2&Prime;][mk_custom_box padding_vertical=\u00a0\u00bb0&Prime;][mk_fancy_title color=\u00a0\u00bb#000000&Prime; size=\u00a0\u00bb30&Prime; font_weight=\u00a0\u00bb900&Prime; margin_bottom=\u00a0\u00bb0&Prime; font_family=\u00a0\u00bbnone\u00a0\u00bb]Gratuit[\/mk_fancy_title][vc_column_text css=\u00a0\u00bb.vc_custom_1765294581428{margin-bottom: 0px !important;}\u00a0\u00bb]100 exercices de fitness et 40 exercices de r\u00e9cup\u00e9ration\/activation. De plus, vous pouvez t\u00e9l\u00e9charger votre propre contenu.[\/vc_column_text][\/mk_custom_box][\/vc_column_inner][vc_column_inner width=\u00a0\u00bb1\/2&Prime;][mk_custom_box padding_vertical=\u00a0\u00bb0&Prime;][mk_fancy_title color=\u00a0\u00bb#000000&Prime; size=\u00a0\u00bb30&Prime; font_weight=\u00a0\u00bb900&Prime; margin_bottom=\u00a0\u00bb0&Prime; font_family=\u00a0\u00bbnone\u00a0\u00bb]Premium[\/mk_fancy_title][vc_column_text css=\u00a0\u00bb.vc_custom_1765469875937{margin-bottom: 0px !important;}\u00a0\u00bb]contenu de qualit\u00e9 pour l&rsquo;Athl\u00e9tisme (plus de 450 vid\u00e9os) et Tests de D\u00e9pistage (45x).[\/vc_column_text][\/mk_custom_box][\/vc_column_inner][\/vc_row_inner][\/vc_column][\/mk_page_section][mk_page_section bg_color=\u00a0\u00bb#31dcff\u00a0\u00bb bg_stretch=\u00a0\u00bbtrue\u00a0\u00bb enable_3d=\u00a0\u00bbtrue\u00a0\u00bb bg_gradient=\u00a0\u00bbleft_top\u00a0\u00bb video_color_mask=\u00a0\u00bb#31dcff\u00a0\u00bb gr_end=\u00a0\u00bb#002efe\u00a0\u00bb video_opacity=\u00a0\u00bb1&Prime; min_height=\u00a0\u00bb250&Prime; js_vertical_centered=\u00a0\u00bbtrue\u00a0\u00bb sidebar=\u00a0\u00bbsidebar-1&Prime;][vc_column width=\u00a0\u00bb2\/3&Prime;][mk_fancy_title color=\u00a0\u00bb#ffffff\u00a0\u00bb size=\u00a0\u00bb35&Prime; font_weight=\u00a0\u00bb900&Prime; margin_bottom=\u00a0\u00bb0&Prime; font_family=\u00a0\u00bbnone\u00a0\u00bb align=\u00a0\u00bbright\u00a0\u00bb]Tu cherches une solution appropri\u00e9e?[\/mk_fancy_title][\/vc_column][vc_column width=\u00a0\u00bb1\/3&Prime;][mk_button dimension=\u00a0\u00bbflat\u00a0\u00bb corner_style=\u00a0\u00bbfull_rounded\u00a0\u00bb size=\u00a0\u00bblarge\u00a0\u00bb icon=\u00a0\u00bbmk-icon-angle-double-right\u00a0\u00bb url=\u00a0\u00bbhttps:\/\/meetings.hubspot.com\/marco-baeschlin\u00a0\u00bb bg_color=\u00a0\u00bb#000000&Prime; btn_hover_bg=\u00a0\u00bb#000000&Prime;]Planifie une d\u00e9mo[\/mk_button][\/vc_column][\/mk_page_section]\n<\/div>","protected":false},"excerpt":{"rendered":"<p>[mk_page_section bg_image=\u00a0\u00bbhttps:\/\/force8.coach\/wp-content\/uploads\/2021\/09\/website_1106794844-huge.jpg\u00a0\u00bb bg_image_portrait=\u00a0\u00bbhttps:\/\/force8.coach\/wp-content\/uploads\/2021\/09\/prices-image.jpg\u00a0\u00bb bg_color=\u00a0\u00bb#ffffff\u00a0\u00bb bg_stretch=\u00a0\u00bbtrue\u00a0\u00bb enable_3d=\u00a0\u00bbtrue\u00a0\u00bb video_color_mask=\u00a0\u00bb#000000&Prime; video_opacity=\u00a0\u00bb0.2&Prime; min_height=\u00a0\u00bb650&Prime; js_vertical_centered=\u00a0\u00bbtrue\u00a0\u00bb padding_top=\u00a0\u00bb0&Prime; padding_bottom=\u00a0\u00bb60&Prime; sidebar=\u00a0\u00bbsidebar-1&Prime;][vc_column width=\u00a0\u00bb2\/3&Prime;][mk_fancy_title color=\u00a0\u00bb#ffffff\u00a0\u00bb size=\u00a0\u00bb35&Prime; force_font_size=\u00a0\u00bbtrue\u00a0\u00bb font_weight=\u00a0\u00bb400&Prime; letter_spacing=\u00a0\u00bb2&Prime; margin_bottom=\u00a0\u00bb0&Prime; font_family=\u00a0\u00bbnone\u00a0\u00bb] Forfaits et prix [\/mk_fancy_title][mk_fancy_title color=\u00a0\u00bb#ffffff\u00a0\u00bb size=\u00a0\u00bb64&Prime; force_font_size=\u00a0\u00bbtrue\u00a0\u00bb size_phone=\u00a0\u00bb50&Prime; line_height=\u00a0\u00bb99&Prime; font_weight=\u00a0\u00bb900&Prime; margin_bottom=\u00a0\u00bb0&Prime; font_family=\u00a0\u00bbnone\u00a0\u00bb]Toute personne ayant besoin d&rsquo;un AMS devrait pouvoir acheter Force8 Coach.[\/mk_fancy_title][\/vc_column][vc_column width=\u00a0\u00bb1\/3&Prime;][\/vc_column][\/mk_page_section][mk_page_section bg_stretch=\u00a0\u00bbtrue\u00a0\u00bb video_opacity=\u00a0\u00bb0.4&Prime; padding_top=\u00a0\u00bb100&Prime; padding_bottom=\u00a0\u00bb40&Prime; bottom_shape_color=\u00a0\u00bb#f7f7f7&Prime; section_id=\u00a0\u00bbsystem\u00a0\u00bb sidebar=\u00a0\u00bbsidebar-1&Prime;][vc_column][mk_fancy_title tag_name=\u00a0\u00bbh1&Prime; color=\u00a0\u00bb#000000&Prime; size=\u00a0\u00bb64&Prime; force_font_size=\u00a0\u00bbtrue\u00a0\u00bb [&hellip;]<\/p>\n","protected":false},"author":1,"featured_media":0,"parent":0,"menu_order":0,"comment_status":"closed","ping_status":"closed","template":"","meta":{"inline_featured_image":false,"footnotes":""},"_links":{"self":[{"href":"https:\/\/force8.coach\/fr\/wp-json\/wp\/v2\/pages\/17154"}],"collection":[{"href":"https:\/\/force8.coach\/fr\/wp-json\/wp\/v2\/pages"}],"about":[{"href":"https:\/\/force8.coach\/fr\/wp-json\/wp\/v2\/types\/page"}],"author":[{"embeddable":true,"href":"https:\/\/force8.coach\/fr\/wp-json\/wp\/v2\/users\/1"}],"replies":[{"embeddable":true,"href":"https:\/\/force8.coach\/fr\/wp-json\/wp\/v2\/comments?post=17154"}],"version-history":[{"count":15,"href":"https:\/\/force8.coach\/fr\/wp-json\/wp\/v2\/pages\/17154\/revisions"}],"predecessor-version":[{"id":17240,"href":"https:\/\/force8.coach\/fr\/wp-json\/wp\/v2\/pages\/17154\/revisions\/17240"}],"wp:attachment":[{"href":"https:\/\/force8.coach\/fr\/wp-json\/wp\/v2\/media?parent=17154"}],"curies":[{"name":"wp","href":"https:\/\/api.w.org\/{rel}","templated":true}]}}