{"id":6019,"date":"2014-09-04T13:09:28","date_gmt":"2014-09-04T13:09:28","guid":{"rendered":"https:\/\/force8.coach\/contact\/"},"modified":"2025-12-12T14:53:13","modified_gmt":"2025-12-12T14:53:13","slug":"contact","status":"publish","type":"page","link":"https:\/\/force8.coach\/fr\/contact\/","title":{"rendered":"Contact"},"content":{"rendered":"<div class=\"wpb-content-wrapper\">[mk_page_section bg_gradient=\u00a0\u00bbvertical\u00a0\u00bb video_color_mask=\u00a0\u00bb#ffffff\u00a0\u00bb gr_end=\u00a0\u00bb#f7f7f7&Prime; video_opacity=\u00a0\u00bb1&Prime; padding_top=\u00a0\u00bb200&Prime; sidebar=\u00a0\u00bbsidebar-1&Prime;][vc_column width=\u00a0\u00bb2\/3&Prime;][mk_fancy_title tag_name=\u00a0\u00bbh3&Prime; color=\u00a0\u00bb#222222&Prime; size=\u00a0\u00bb35&Prime; font_weight=\u00a0\u00bb900&Prime; margin_bottom=\u00a0\u00bb40&Prime; font_family=\u00a0\u00bbnone\u00a0\u00bb responsive_align=\u00a0\u00bbleft\u00a0\u00bb]Contactes[\/mk_fancy_title][vc_row_inner][vc_column_inner width=\u00a0\u00bb1\/3&Prime;][mk_icon_box icon=\u00a0\u00bbmk-icon-map-marker\u00a0\u00bb title=\u00a0\u00bbSuisse &amp; le monde entier\u00a0\u00bb text_size=\u00a0\u00bb18&Prime; font_weight=\u00a0\u00bb900&Prime; title_color=\u00a0\u00bb#222222&Prime; margin=\u00a0\u00bb0&Prime; box_blur=\u00a0\u00bbfalse\u00a0\u00bb]<span style=\"font-size: 13px;\">Force8 SA \u2013 Quartier g\u00e9n\u00e9ral<br \/>\nM\u00fchle Tiefenbrunnen, Seefeldstrasse 233<br \/>\n8008 Zurich \u2013 Suisse<br \/>\n<em>+41 79 150 36 71<\/em><br \/>\n<em>info@force8.coach<\/em><\/span>[\/mk_icon_box][\/vc_column_inner][vc_column_inner width=\u00a0\u00bb1\/3&Prime;][mk_icon_box icon=\u00a0\u00bbmk-icon-map-marker\u00a0\u00bb title=\u00a0\u00bbAm\u00e9rique du Nord\u00a0\u00bb text_size=\u00a0\u00bb18&Prime; font_weight=\u00a0\u00bb900&Prime; title_color=\u00a0\u00bb#222222&Prime; margin=\u00a0\u00bb0&Prime; box_blur=\u00a0\u00bbfalse\u00a0\u00bb]<span style=\"font-size: 13px;\">Force8 SA c\/o DVP<br \/>\n1246 Relkoff Road<br \/>\nCastlegar, BC V1N 4T8 \u2013 Canada<br \/>\n<em>northamerica@force8.coach<\/em><\/span>[\/mk_icon_box][\/vc_column_inner][vc_column_inner width=\u00a0\u00bb1\/3&Prime;][mk_icon_box icon=\u00a0\u00bbmk-icon-map-marker\u00a0\u00bb title=\u00a0\u00bbEurope du Nord\u00a0\u00bb text_size=\u00a0\u00bb18&Prime; font_weight=\u00a0\u00bb900&Prime; title_color=\u00a0\u00bb#222222&Prime; margin=\u00a0\u00bb0&Prime; box_blur=\u00a0\u00bbfalse\u00a0\u00bb]<span style=\"font-size: 13px;\">Force8 SA c\/o Markus Pietsch<br \/>\nLondon, UK<br \/>\n<em>northeurope@force8.coach<\/em><\/span>[\/mk_icon_box][\/vc_column_inner][\/vc_row_inner][mk_padding_divider][vc_row_inner][vc_column_inner width=\u00a0\u00bb1\/3&Prime;][mk_icon_box icon=\u00a0\u00bbmk-icon-map-marker\u00a0\u00bb title=\u00a0\u00bbEurope Centrale\u00a0\u00bb text_size=\u00a0\u00bb18&Prime; font_weight=\u00a0\u00bb900&Prime; title_color=\u00a0\u00bb#222222&Prime; margin=\u00a0\u00bb0&Prime; box_blur=\u00a0\u00bbfalse\u00a0\u00bb]<span style=\"font-size: 13px;\">Force8 SA c\/o MP<br \/>\nMuseumstrasse 22a<br \/>\n7260 Davos Dorf &#8211; Suisse<br \/>\n+41 79 150 36 71<br \/>\n<em>centraleurope@force8.coach<\/em><\/span>[\/mk_icon_box][\/vc_column_inner][vc_column_inner width=\u00a0\u00bb1\/3&Prime;][mk_icon_box icon=\u00a0\u00bbmk-icon-map-marker\u00a0\u00bb title=\u00a0\u00bbEurope du Sud\u00a0\u00bb text_size=\u00a0\u00bb18&Prime; font_weight=\u00a0\u00bb900&Prime; title_color=\u00a0\u00bb#222222&Prime; margin=\u00a0\u00bb0&Prime; box_blur=\u00a0\u00bbfalse\u00a0\u00bb]<span style=\"font-size: 13px;\">Force8 SA c\/o ING<br \/>\nRua Brito Pais No 8 5 Esq<br \/>\n1495-028 Alg\u00e9s \u2013 Portugal<br \/>\n<em>southeurope@force8.coach<\/em><\/span>[\/mk_icon_box][\/vc_column_inner][vc_column_inner width=\u00a0\u00bb1\/3&Prime;][\/vc_column_inner][\/vc_row_inner][mk_padding_divider][mk_fancy_title tag_name=\u00a0\u00bbh3&Prime; color=\u00a0\u00bb#222222&Prime; size=\u00a0\u00bb35&Prime; font_weight=\u00a0\u00bb900&Prime; margin_bottom=\u00a0\u00bb40&Prime; font_family=\u00a0\u00bbnone\u00a0\u00bb responsive_align=\u00a0\u00bbleft\u00a0\u00bb]Mentions l\u00e9gales[\/mk_fancy_title][vc_row_inner][vc_column_inner width=\u00a0\u00bb1\/3&Prime;][mk_icon_box icon=\u00a0\u00bbmk-icon-map-marker\u00a0\u00bb title=\u00a0\u00bbForme juridique\u00a0\u00bb text_size=\u00a0\u00bb18&Prime; font_weight=\u00a0\u00bb900&Prime; title_color=\u00a0\u00bb#222222&Prime; margin=\u00a0\u00bb0&Prime; box_blur=\u00a0\u00bbfalse\u00a0\u00bb]<span style=\"font-size: 13px;\">Force8 SA est une soci\u00e9t\u00e9 dont le si\u00e8ge est \u00e0 Zurich, Suisse.<\/span>[\/mk_icon_box][\/vc_column_inner][vc_column_inner width=\u00a0\u00bb1\/3&Prime;][mk_icon_box icon=\u00a0\u00bbmk-icon-map-marker\u00a0\u00bb title=\u00a0\u00bbDirecteur g\u00e9n\u00e9ral\u00a0\u00bb text_size=\u00a0\u00bb18&Prime; font_weight=\u00a0\u00bb900&Prime; title_color=\u00a0\u00bb#222222&Prime; margin=\u00a0\u00bb0&Prime; box_blur=\u00a0\u00bbfalse\u00a0\u00bb]<span style=\"font-size: 13px;\">Le directeur g\u00e9n\u00e9ral est Marco B\u00e4schlin.<\/span>[\/mk_icon_box][\/vc_column_inner][vc_column_inner width=\u00a0\u00bb1\/3&Prime;][mk_icon_box icon=\u00a0\u00bbmk-icon-map-marker\u00a0\u00bb title=\u00a0\u00bbNo d&rsquo;identification\u00a0\u00bb text_size=\u00a0\u00bb18&Prime; font_weight=\u00a0\u00bb900&Prime; title_color=\u00a0\u00bb#222222&Prime; margin=\u00a0\u00bb0&Prime; box_blur=\u00a0\u00bbfalse\u00a0\u00bb]<span style=\"font-size: 13px;\">Le num\u00e9ro d&rsquo;identification de la soci\u00e9t\u00e9 Force8 SA est le suivant: CHE-114.032.515.<\/span>[\/mk_icon_box][\/vc_column_inner][\/vc_row_inner][\/vc_column][vc_column width=\u00a0\u00bb1\/3&Prime;][mk_fancy_title tag_name=\u00a0\u00bbh3&Prime; color=\u00a0\u00bb#222222&Prime; size=\u00a0\u00bb35&Prime; font_weight=\u00a0\u00bb900&Prime; margin_bottom=\u00a0\u00bb40&Prime; font_family=\u00a0\u00bbnone\u00a0\u00bb responsive_align=\u00a0\u00bbleft\u00a0\u00bb]Entrer en contact[\/mk_fancy_title]\n<div class=\"wpcf7 no-js\" id=\"wpcf7-f5924-o1\" lang=\"en-US\" dir=\"ltr\">\n<div class=\"screen-reader-response\"><p role=\"status\" aria-live=\"polite\" aria-atomic=\"true\"><\/p> <ul><\/ul><\/div>\n<form action=\"\/fr\/wp-json\/wp\/v2\/pages\/6019#wpcf7-f5924-o1\" method=\"post\" class=\"wpcf7-form init\" aria-label=\"Contact form\" novalidate=\"novalidate\" data-status=\"init\">\n<div style=\"display: none;\">\n<input type=\"hidden\" name=\"_wpcf7\" value=\"5924\" \/>\n<input type=\"hidden\" name=\"_wpcf7_version\" value=\"5.9.8\" \/>\n<input type=\"hidden\" name=\"_wpcf7_locale\" value=\"en_US\" \/>\n<input type=\"hidden\" name=\"_wpcf7_unit_tag\" value=\"wpcf7-f5924-o1\" \/>\n<input type=\"hidden\" name=\"_wpcf7_container_post\" value=\"0\" \/>\n<input type=\"hidden\" name=\"_wpcf7_posted_data_hash\" value=\"\" \/>\n<input type=\"hidden\" name=\"_wpcf7_recaptcha_response\" value=\"\" \/>\n<\/div>\n<div class=\"vc_row vc_row-fluid\">\n\t<div class=\"vc_col-sm-6 wpb_column column_container\">\n\t\t<p><label> Name*<br \/>\n<span class=\"wpcf7-form-control-wrap\" data-name=\"your-name\"><input size=\"40\" maxlength=\"400\" class=\"wpcf7-form-control wpcf7-text wpcf7-validates-as-required\" aria-required=\"true\" aria-invalid=\"false\" value=\"\" type=\"text\" name=\"your-name\" \/><\/span> <\/label>\n\t\t<\/p>\n\t<\/div>\n\t<div class=\"vc_col-sm-6 wpb_column column_container\">\n\t\t<p><label> Email*<br \/>\n<span class=\"wpcf7-form-control-wrap\" data-name=\"your-email\"><input size=\"40\" maxlength=\"400\" class=\"wpcf7-form-control wpcf7-email wpcf7-validates-as-required wpcf7-text wpcf7-validates-as-email\" aria-required=\"true\" aria-invalid=\"false\" value=\"\" type=\"email\" name=\"your-email\" \/><\/span> <\/label>\n\t\t<\/p>\n\t<\/div>\n<\/div>\n<div class=\"vc_row vc_row-fluid\">\n\t<div class=\"vc_col-sm-12 wpb_column column_container\">\n\t\t<p><label> Club\/Organisation Name*<br \/>\n<span class=\"wpcf7-form-control-wrap\" data-name=\"your-subject\"><input size=\"40\" maxlength=\"400\" class=\"wpcf7-form-control wpcf7-text wpcf7-validates-as-required\" aria-required=\"true\" aria-invalid=\"false\" value=\"\" type=\"text\" name=\"your-subject\" \/><\/span> <\/label>\n\t\t<\/p>\n\t<\/div>\n<\/div>\n<div class=\"vc_row vc_row-fluid\">\n\t<div class=\"vc_col-sm-12 wpb_column column_container\">\n\t\t<p><label> Message*<br \/>\n<span class=\"wpcf7-form-control-wrap\" data-name=\"your-message\"><textarea cols=\"40\" rows=\"10\" maxlength=\"2000\" class=\"wpcf7-form-control wpcf7-textarea wpcf7-validates-as-required\" aria-required=\"true\" aria-invalid=\"false\" name=\"your-message\"><\/textarea><\/span> <\/label>\n\t\t<\/p>\n\t<\/div>\n<\/div>\n<div class=\"vc_row vc_row-fluid\">\n\t<div class=\"vc_col-sm-12 wpb_column column_container\">\n\t\n\t\t<p><input class=\"wpcf7-form-control wpcf7-submit has-spinner\" type=\"submit\" value=\"Send\" \/>\n\t\t<\/p>\n\t<\/div>\n<\/div><div class=\"wpcf7-response-output\" aria-hidden=\"true\"><\/div>\n<\/form>\n<\/div>\n[\/vc_column][\/mk_page_section]\n<\/div>","protected":false},"excerpt":{"rendered":"<p>[mk_page_section bg_gradient=\u00a0\u00bbvertical\u00a0\u00bb video_color_mask=\u00a0\u00bb#ffffff\u00a0\u00bb gr_end=\u00a0\u00bb#f7f7f7&Prime; video_opacity=\u00a0\u00bb1&Prime; padding_top=\u00a0\u00bb200&Prime; sidebar=\u00a0\u00bbsidebar-1&Prime;][vc_column width=\u00a0\u00bb2\/3&Prime;][mk_fancy_title tag_name=\u00a0\u00bbh3&Prime; color=\u00a0\u00bb#222222&Prime; size=\u00a0\u00bb35&Prime; font_weight=\u00a0\u00bb900&Prime; margin_bottom=\u00a0\u00bb40&Prime; font_family=\u00a0\u00bbnone\u00a0\u00bb responsive_align=\u00a0\u00bbleft\u00a0\u00bb]Contactes[\/mk_fancy_title][vc_row_inner][vc_column_inner width=\u00a0\u00bb1\/3&Prime;][mk_icon_box icon=\u00a0\u00bbmk-icon-map-marker\u00a0\u00bb title=\u00a0\u00bbSuisse &amp; le monde entier\u00a0\u00bb text_size=\u00a0\u00bb18&Prime; font_weight=\u00a0\u00bb900&Prime; title_color=\u00a0\u00bb#222222&Prime; margin=\u00a0\u00bb0&Prime; box_blur=\u00a0\u00bbfalse\u00a0\u00bb]Force8 SA \u2013 Quartier g\u00e9n\u00e9ral M\u00fchle Tiefenbrunnen, Seefeldstrasse 233 8008 Zurich \u2013 Suisse +41 79 150 36 71 info@force8.coach[\/mk_icon_box][\/vc_column_inner][vc_column_inner width=\u00a0\u00bb1\/3&Prime;][mk_icon_box icon=\u00a0\u00bbmk-icon-map-marker\u00a0\u00bb title=\u00a0\u00bbAm\u00e9rique du Nord\u00a0\u00bb text_size=\u00a0\u00bb18&Prime; font_weight=\u00a0\u00bb900&Prime; title_color=\u00a0\u00bb#222222&Prime; margin=\u00a0\u00bb0&Prime; box_blur=\u00a0\u00bbfalse\u00a0\u00bb]Force8 [&hellip;]<\/p>\n","protected":false},"author":1,"featured_media":0,"parent":0,"menu_order":0,"comment_status":"open","ping_status":"open","template":"","meta":{"inline_featured_image":false,"footnotes":""},"_links":{"self":[{"href":"https:\/\/force8.coach\/fr\/wp-json\/wp\/v2\/pages\/6019"}],"collection":[{"href":"https:\/\/force8.coach\/fr\/wp-json\/wp\/v2\/pages"}],"about":[{"href":"https:\/\/force8.coach\/fr\/wp-json\/wp\/v2\/types\/page"}],"author":[{"embeddable":true,"href":"https:\/\/force8.coach\/fr\/wp-json\/wp\/v2\/users\/1"}],"replies":[{"embeddable":true,"href":"https:\/\/force8.coach\/fr\/wp-json\/wp\/v2\/comments?post=6019"}],"version-history":[{"count":14,"href":"https:\/\/force8.coach\/fr\/wp-json\/wp\/v2\/pages\/6019\/revisions"}],"predecessor-version":[{"id":17224,"href":"https:\/\/force8.coach\/fr\/wp-json\/wp\/v2\/pages\/6019\/revisions\/17224"}],"wp:attachment":[{"href":"https:\/\/force8.coach\/fr\/wp-json\/wp\/v2\/media?parent=6019"}],"curies":[{"name":"wp","href":"https:\/\/api.w.org\/{rel}","templated":true}]}}