{"id":7219,"date":"2021-01-29T12:21:53","date_gmt":"2021-01-29T12:21:53","guid":{"rendered":"https:\/\/force8.coach\/about\/"},"modified":"2025-12-05T10:56:00","modified_gmt":"2025-12-05T10:56:00","slug":"a-propos-de-nous","status":"publish","type":"page","link":"https:\/\/force8.coach\/fr\/a-propos-de-nous\/","title":{"rendered":"About"},"content":{"rendered":"<div class=\"wpb-content-wrapper\">[mk_page_section bg_image=\u00a0\u00bbhttps:\/\/force8.coach\/wp-content\/uploads\/2021\/08\/modules-page-bg1.jpg\u00a0\u00bb bg_image_portrait=\u00a0\u00bbhttps:\/\/force8.coach\/wp-content\/uploads\/2021\/08\/modules-page-bg1-mobile.jpg\u00a0\u00bb bg_color=\u00a0\u00bb#ffffff\u00a0\u00bb bg_position=\u00a0\u00bbleft bottom\u00a0\u00bb bg_stretch=\u00a0\u00bbtrue\u00a0\u00bb enable_3d=\u00a0\u00bbtrue\u00a0\u00bb video_color_mask=\u00a0\u00bb#000000&Prime; video_opacity=\u00a0\u00bb0.3&Prime; min_height=\u00a0\u00bb650&Prime; js_vertical_centered=\u00a0\u00bbtrue\u00a0\u00bb sidebar=\u00a0\u00bbsidebar-1&Prime;][vc_column width=\u00a0\u00bb5\/6&Prime;][mk_fancy_title color=\u00a0\u00bb#ffffff\u00a0\u00bb size=\u00a0\u00bb35&Prime; letter_spacing=\u00a0\u00bb2&Prime; margin_bottom=\u00a0\u00bb0&Prime; font_family=\u00a0\u00bbnone\u00a0\u00bb]Depuis 2008[\/mk_fancy_title][mk_fancy_title color=\u00a0\u00bb#ffffff\u00a0\u00bb size=\u00a0\u00bb64&Prime; force_font_size=\u00a0\u00bbtrue\u00a0\u00bb size_smallscreen=\u00a0\u00bb64&Prime; size_tablet=\u00a0\u00bb64&Prime; size_phone=\u00a0\u00bb35&Prime; line_height=\u00a0\u00bb99&Prime; font_weight=\u00a0\u00bb900&Prime; margin_bottom=\u00a0\u00bb0&Prime; font_family=\u00a0\u00bbnone\u00a0\u00bb]Innovant et pr\u00e9voyant[\/mk_fancy_title][\/vc_column][vc_column width=\u00a0\u00bb1\/6&Prime;][\/vc_column][\/mk_page_section][mk_page_section bg_color=\u00a0\u00bb#f9f9f9&Prime; bg_stretch=\u00a0\u00bbtrue\u00a0\u00bb video_opacity=\u00a0\u00bb0.4&Prime; padding_top=\u00a0\u00bb100&Prime; padding_bottom=\u00a0\u00bb80&Prime; bottom_shape_color=\u00a0\u00bb#f7f7f7&Prime; sidebar=\u00a0\u00bbsidebar-1&Prime;][vc_column width=\u00a0\u00bb2\/3&Prime;][mk_fancy_title size=\u00a0\u00bb25&Prime; font_weight=\u00a0\u00bb600&Prime; margin_bottom=\u00a0\u00bb0&Prime; font_family=\u00a0\u00bbnone\u00a0\u00bb]\n<p class=\"p1\"><strong>Force8 Ltd\u00a0 &#8211; Digital. Sport. Innovations.<\/strong><br \/>\nNous sommes une entreprise internationale de technologie sportive bas\u00e9e \u00e0 Zurich qui d\u00e9veloppe depuis 2008 des syst\u00e8mes intelligents pour la gestion et le suivi des athl\u00e8tes et des \u00e9quipes. Nos solutions sont toujours d\u00e9velopp\u00e9es en coop\u00e9ration avec des experts de la pratique et de la science.<\/p>\n[\/mk_fancy_title][\/vc_column][vc_column width=\u00a0\u00bb1\/3&Prime;][vc_column_text css=\u00a0\u00bb.vc_custom_1618302470717{margin-bottom: 0px !important;}\u00a0\u00bb]En tant que passionn\u00e9s de sport, nous voulons donner \u00e0 tous les clubs, associations, institutions et organisations, du sport amateur au sport professionnel, la possibilit\u00e9 de travailler avec nos produits, quels que soient leur budget et leur taille.<\/p>\n<p><strong>Notre philosophie est simple : Si nos clients ont du succ\u00e8s, nous en aurons \u00e9galement.<\/strong>[\/vc_column_text][\/vc_column][\/mk_page_section][mk_page_section bg_stretch=\u00a0\u00bbtrue\u00a0\u00bb video_opacity=\u00a0\u00bb0.4&Prime; padding_top=\u00a0\u00bb60&Prime; padding_bottom=\u00a0\u00bb60&Prime; bottom_shape_color=\u00a0\u00bb#f7f7f7&Prime; section_id=\u00a0\u00bbabout\u00a0\u00bb sidebar=\u00a0\u00bbsidebar-1&Prime;][vc_column][mk_padding_divider size=\u00a0\u00bb60&Prime;][mk_fancy_title size=\u00a0\u00bb25&Prime; font_weight=\u00a0\u00bb600&Prime; margin_bottom=\u00a0\u00bb0&Prime; font_family=\u00a0\u00bbnone\u00a0\u00bb align=\u00a0\u00bbcenter\u00a0\u00bb]\n<p class=\"p1\">\u00c9quipe<\/p>\n[\/mk_fancy_title][mk_fancy_title tag_name=\u00a0\u00bbh1&Prime; size=\u00a0\u00bb61&Prime; force_font_size=\u00a0\u00bbtrue\u00a0\u00bb line_height=\u00a0\u00bb95&Prime; font_weight=\u00a0\u00bb900&Prime; font_style=\u00a0\u00bbnormal\u00a0\u00bb letter_spacing=\u00a0\u00bb1&Prime; margin_bottom=\u00a0\u00bb80&Prime; font_family=\u00a0\u00bbnone\u00a0\u00bb align=\u00a0\u00bbcenter\u00a0\u00bb]Rencontrez notre \u00e9quipe exceptionnelle[\/mk_fancy_title][vc_row_inner][vc_column_inner width=\u00a0\u00bb1\/4&Prime;][mk_circle_image src=\u00a0\u00bbhttps:\/\/force8.coach\/wp-content\/uploads\/2021\/02\/marco_baeschlin_klein_nov2020-scaled.jpg\u00a0\u00bb image_diameter=\u00a0\u00bb100&Prime;][mk_fancy_title color=\u00a0\u00bb#000000&Prime; size=\u00a0\u00bb20&Prime; font_weight=\u00a0\u00bbbold\u00a0\u00bb margin_top=\u00a0\u00bb20&Prime; margin_bottom=\u00a0\u00bb0&Prime; font_family=\u00a0\u00bbnone\u00a0\u00bb align=\u00a0\u00bbcenter\u00a0\u00bb]Marco B\u00e4schlin[\/mk_fancy_title][vc_column_text align=\u00a0\u00bbcenter\u00a0\u00bb css=\u00a0\u00bb.vc_custom_1618302558531{margin-bottom: 0px !important;}\u00a0\u00bb]Chief Everything Officer et fondateur[\/vc_column_text][\/vc_column_inner][vc_column_inner width=\u00a0\u00bb1\/4&Prime;][mk_circle_image src=\u00a0\u00bbhttps:\/\/force8.coach\/wp-content\/uploads\/2021\/02\/portrait-marco-pargatzi.png\u00a0\u00bb image_diameter=\u00a0\u00bb100&Prime;][mk_fancy_title color=\u00a0\u00bb#000000&Prime; size=\u00a0\u00bb20&Prime; font_weight=\u00a0\u00bbbold\u00a0\u00bb margin_top=\u00a0\u00bb20&Prime; margin_bottom=\u00a0\u00bb0&Prime; font_family=\u00a0\u00bbnone\u00a0\u00bb align=\u00a0\u00bbcenter\u00a0\u00bb]Marco Parg\u00e4tzi[\/mk_fancy_title][vc_column_text align=\u00a0\u00bbcenter\u00a0\u00bb css=\u00a0\u00bb.vc_custom_1611938901197{margin-bottom: 0px !important;}\u00a0\u00bb]Chief Terrabyte Officer[\/vc_column_text][\/vc_column_inner][vc_column_inner width=\u00a0\u00bb1\/4&Prime;][mk_circle_image src=\u00a0\u00bbhttps:\/\/force8.coach\/wp-content\/uploads\/2021\/02\/francisco_barreto.png\u00a0\u00bb image_diameter=\u00a0\u00bb100&Prime;][mk_fancy_title color=\u00a0\u00bb#000000&Prime; size=\u00a0\u00bb20&Prime; font_weight=\u00a0\u00bbbold\u00a0\u00bb margin_top=\u00a0\u00bb20&Prime; margin_bottom=\u00a0\u00bb0&Prime; font_family=\u00a0\u00bbnone\u00a0\u00bb align=\u00a0\u00bbcenter\u00a0\u00bb]Francisco Barreto[\/mk_fancy_title][vc_column_text align=\u00a0\u00bbcenter\u00a0\u00bb css=\u00a0\u00bb.vc_custom_1618302782842{margin-bottom: 0px !important;}\u00a0\u00bb]Ma\u00eetre de projets techniques[\/vc_column_text][\/vc_column_inner][vc_column_inner width=\u00a0\u00bb1\/4&Prime;][mk_circle_image src=\u00a0\u00bbhttps:\/\/force8.coach\/wp-content\/uploads\/2021\/02\/goncalo.jpg\u00a0\u00bb image_diameter=\u00a0\u00bb100&Prime;][mk_fancy_title color=\u00a0\u00bb#000000&Prime; size=\u00a0\u00bb20&Prime; font_weight=\u00a0\u00bbbold\u00a0\u00bb margin_top=\u00a0\u00bb20&Prime; margin_bottom=\u00a0\u00bb0&Prime; font_family=\u00a0\u00bbnone\u00a0\u00bb align=\u00a0\u00bbcenter\u00a0\u00bb]Gon\u00e7alo Mendes[\/mk_fancy_title][vc_column_text align=\u00a0\u00bbcenter\u00a0\u00bb css=\u00a0\u00bb.vc_custom_1613658094699{margin-bottom: 0px !important;}\u00a0\u00bb]UX Virtuoso[\/vc_column_text][\/vc_column_inner][\/vc_row_inner][mk_padding_divider size=\u00a0\u00bb20&Prime;][vc_row_inner][vc_column_inner width=\u00a0\u00bb1\/4&Prime;][mk_circle_image src=\u00a0\u00bbhttps:\/\/force8.coach\/wp-content\/uploads\/2021\/02\/avatar1.jpg\u00a0\u00bb image_diameter=\u00a0\u00bb100&Prime;][mk_fancy_title color=\u00a0\u00bb#000000&Prime; size=\u00a0\u00bb20&Prime; font_weight=\u00a0\u00bbbold\u00a0\u00bb margin_top=\u00a0\u00bb20&Prime; margin_bottom=\u00a0\u00bb0&Prime; font_family=\u00a0\u00bbnone\u00a0\u00bb align=\u00a0\u00bbcenter\u00a0\u00bb]Jo\u00e3o Espadinha[\/mk_fancy_title][vc_column_text align=\u00a0\u00bbcenter\u00a0\u00bb css=\u00a0\u00bb.vc_custom_1611938993666{margin-bottom: 0px !important;}\u00a0\u00bb]Framework Champion[\/vc_column_text][\/vc_column_inner][vc_column_inner width=\u00a0\u00bb1\/4&Prime;][mk_circle_image src=\u00a0\u00bbhttps:\/\/force8.coach\/wp-content\/uploads\/2025\/12\/markus-pic.jpg\u00a0\u00bb image_diameter=\u00a0\u00bb100&Prime;][mk_fancy_title color=\u00a0\u00bb#000000&Prime; size=\u00a0\u00bb20&Prime; font_weight=\u00a0\u00bbbold\u00a0\u00bb margin_top=\u00a0\u00bb20&Prime; margin_bottom=\u00a0\u00bb0&Prime; font_family=\u00a0\u00bbnone\u00a0\u00bb align=\u00a0\u00bbcenter\u00a0\u00bb]Markus Pietsch[\/mk_fancy_title][vc_column_text align=\u00a0\u00bbcenter\u00a0\u00bb css=\u00a0\u00bb.vc_custom_1764849289137{margin-bottom: 0px !important;}\u00a0\u00bb]Tea &amp; Territory Officer UK[\/vc_column_text][\/vc_column_inner][vc_column_inner width=\u00a0\u00bb1\/4&Prime;][mk_circle_image src=\u00a0\u00bbhttps:\/\/force8.coach\/wp-content\/uploads\/2021\/03\/nuno_santos.jpeg\u00a0\u00bb image_diameter=\u00a0\u00bb100&Prime;][mk_fancy_title color=\u00a0\u00bb#000000&Prime; size=\u00a0\u00bb20&Prime; font_weight=\u00a0\u00bbbold\u00a0\u00bb margin_top=\u00a0\u00bb20&Prime; margin_bottom=\u00a0\u00bb0&Prime; font_family=\u00a0\u00bbnone\u00a0\u00bb align=\u00a0\u00bbcenter\u00a0\u00bb]Nuno Santos[\/mk_fancy_title][vc_column_text align=\u00a0\u00bbcenter\u00a0\u00bb css=\u00a0\u00bb.vc_custom_1611939043346{margin-bottom: 0px !important;}\u00a0\u00bb]Frontend Stylist[\/vc_column_text][\/vc_column_inner][vc_column_inner width=\u00a0\u00bb1\/4&Prime;][mk_circle_image src=\u00a0\u00bbhttps:\/\/force8.coach\/wp-content\/uploads\/2022\/09\/decio-image.jpg\u00a0\u00bb image_diameter=\u00a0\u00bb100&Prime;][mk_fancy_title color=\u00a0\u00bb#000000&Prime; size=\u00a0\u00bb20&Prime; font_weight=\u00a0\u00bbbold\u00a0\u00bb margin_top=\u00a0\u00bb20&Prime; margin_bottom=\u00a0\u00bb0&Prime; font_family=\u00a0\u00bbnone\u00a0\u00bb align=\u00a0\u00bbcenter\u00a0\u00bb]D\u00e9cio Couto[\/mk_fancy_title][vc_column_text align=\u00a0\u00bbcenter\u00a0\u00bb css=\u00a0\u00bb.vc_custom_1642616976423{margin-bottom: 0px !important;}\u00a0\u00bb]Scientifique Backend[\/vc_column_text][\/vc_column_inner][\/vc_row_inner][mk_padding_divider size=\u00a0\u00bb20&Prime;][vc_row_inner][vc_column_inner width=\u00a0\u00bb1\/4&Prime;][mk_circle_image src=\u00a0\u00bbhttps:\/\/force8.coach\/wp-content\/uploads\/2025\/12\/leander_costa.jpg\u00a0\u00bb image_diameter=\u00a0\u00bb100&Prime;][mk_fancy_title color=\u00a0\u00bb#000000&Prime; size=\u00a0\u00bb20&Prime; font_weight=\u00a0\u00bbbold\u00a0\u00bb margin_top=\u00a0\u00bb20&Prime; margin_bottom=\u00a0\u00bb0&Prime; font_family=\u00a0\u00bbnone\u00a0\u00bb align=\u00a0\u00bbcenter\u00a0\u00bb]Leander Costa[\/mk_fancy_title][vc_column_text align=\u00a0\u00bbcenter\u00a0\u00bb css=\u00a0\u00bb.vc_custom_1764849267455{margin-bottom: 0px !important;}\u00a0\u00bb]Gobelin code certifi\u00e9[\/vc_column_text][\/vc_column_inner][vc_column_inner width=\u00a0\u00bb1\/4&Prime;][mk_circle_image src=\u00a0\u00bbhttps:\/\/force8.coach\/wp-content\/uploads\/2021\/02\/avatar1.jpg\u00a0\u00bb image_diameter=\u00a0\u00bb100&Prime;][mk_fancy_title color=\u00a0\u00bb#000000&Prime; size=\u00a0\u00bb20&Prime; font_weight=\u00a0\u00bbbold\u00a0\u00bb margin_top=\u00a0\u00bb20&Prime; margin_bottom=\u00a0\u00bb0&Prime; font_family=\u00a0\u00bbnone\u00a0\u00bb align=\u00a0\u00bbcenter\u00a0\u00bb]Estev\u00e3o Butilheiro[\/mk_fancy_title][vc_column_text align=\u00a0\u00bbcenter\u00a0\u00bb css=\u00a0\u00bb.vc_custom_1642617096878{margin-bottom: 0px !important;}\u00a0\u00bb]Modul Crasher[\/vc_column_text][\/vc_column_inner][vc_column_inner width=\u00a0\u00bb1\/4&Prime;][mk_circle_image src=\u00a0\u00bbhttps:\/\/force8.coach\/wp-content\/uploads\/2021\/02\/unnamed-1.jpg\u00a0\u00bb image_diameter=\u00a0\u00bb100&Prime;][mk_fancy_title color=\u00a0\u00bb#000000&Prime; size=\u00a0\u00bb20&Prime; font_weight=\u00a0\u00bbbold\u00a0\u00bb margin_top=\u00a0\u00bb20&Prime; margin_bottom=\u00a0\u00bb0&Prime; font_family=\u00a0\u00bbnone\u00a0\u00bb align=\u00a0\u00bbcenter\u00a0\u00bb]Nik Hirzel[\/mk_fancy_title][vc_column_text align=\u00a0\u00bbcenter\u00a0\u00bb css=\u00a0\u00bb.vc_custom_1618302885351{margin-bottom: 0px !important;}\u00a0\u00bb]Guru des sciences du sport[\/vc_column_text][\/vc_column_inner][vc_column_inner width=\u00a0\u00bb1\/4&Prime;][mk_circle_image src=\u00a0\u00bbhttps:\/\/force8.coach\/wp-content\/uploads\/2021\/02\/jungo_thomas1.jpg\u00a0\u00bb image_diameter=\u00a0\u00bb100&Prime;][mk_fancy_title color=\u00a0\u00bb#000000&Prime; size=\u00a0\u00bb20&Prime; font_weight=\u00a0\u00bbbold\u00a0\u00bb margin_top=\u00a0\u00bb20&Prime; margin_bottom=\u00a0\u00bb0&Prime; font_family=\u00a0\u00bbnone\u00a0\u00bb align=\u00a0\u00bbcenter\u00a0\u00bb]Thomas Jungo[\/mk_fancy_title][vc_column_text align=\u00a0\u00bbcenter\u00a0\u00bb css=\u00a0\u00bb.vc_custom_1618302627400{margin-bottom: 0px !important;}\u00a0\u00bb]Jongleur de projets francophones[\/vc_column_text][\/vc_column_inner][\/vc_row_inner][mk_padding_divider size=\u00a0\u00bb20&Prime;][vc_row_inner][vc_column_inner width=\u00a0\u00bb1\/4&Prime;][mk_circle_image src=\u00a0\u00bbhttps:\/\/force8.coach\/wp-content\/uploads\/2021\/02\/debbie.png\u00a0\u00bb image_diameter=\u00a0\u00bb100&Prime;][mk_fancy_title color=\u00a0\u00bb#000000&Prime; size=\u00a0\u00bb20&Prime; font_weight=\u00a0\u00bbbold\u00a0\u00bb margin_top=\u00a0\u00bb20&Prime; margin_bottom=\u00a0\u00bb0&Prime; font_family=\u00a0\u00bbnone\u00a0\u00bb align=\u00a0\u00bbcenter\u00a0\u00bb]Debbie Veitch[\/mk_fancy_title][vc_column_text align=\u00a0\u00bbcenter\u00a0\u00bb css=\u00a0\u00bb.vc_custom_1613658281599{margin-bottom: 0px !important;}\u00a0\u00bb]North American Star[\/vc_column_text][\/vc_column_inner][vc_column_inner width=\u00a0\u00bb1\/4&Prime;][mk_circle_image src=\u00a0\u00bbhttps:\/\/force8.coach\/wp-content\/uploads\/2021\/02\/unnamed22.jpg\u00a0\u00bb image_diameter=\u00a0\u00bb100&Prime;][mk_fancy_title color=\u00a0\u00bb#000000&Prime; size=\u00a0\u00bb20&Prime; font_weight=\u00a0\u00bbbold\u00a0\u00bb margin_top=\u00a0\u00bb20&Prime; margin_bottom=\u00a0\u00bb0&Prime; font_family=\u00a0\u00bbnone\u00a0\u00bb align=\u00a0\u00bbcenter\u00a0\u00bb]Elena Petrova[\/mk_fancy_title][vc_column_text align=\u00a0\u00bbcenter\u00a0\u00bb css=\u00a0\u00bb.vc_custom_1618302688737{margin-bottom: 0px !important;}\u00a0\u00bb]F\u00e9e des m\u00e9dias sociaux[\/vc_column_text][\/vc_column_inner][vc_column_inner width=\u00a0\u00bb1\/4&Prime;][mk_circle_image src=\u00a0\u00bbhttps:\/\/force8.coach\/wp-content\/uploads\/2021\/06\/luana-bergamin_18.10.18_mh1_web.jpg\u00a0\u00bb image_diameter=\u00a0\u00bb100&Prime;][mk_fancy_title color=\u00a0\u00bb#000000&Prime; size=\u00a0\u00bb20&Prime; font_weight=\u00a0\u00bbbold\u00a0\u00bb margin_top=\u00a0\u00bb20&Prime; margin_bottom=\u00a0\u00bb0&Prime; font_family=\u00a0\u00bbnone\u00a0\u00bb align=\u00a0\u00bbcenter\u00a0\u00bb]Luana Bergamin[\/mk_fancy_title][vc_column_text align=\u00a0\u00bbcenter\u00a0\u00bb css=\u00a0\u00bb.vc_custom_1623077303760{margin-bottom: 0px !important;}\u00a0\u00bb]Sports Mastermind[\/vc_column_text][\/vc_column_inner][vc_column_inner width=\u00a0\u00bb1\/4&Prime;][mk_circle_image src=\u00a0\u00bbhttps:\/\/force8.coach\/wp-content\/uploads\/2024\/05\/christian-franz-web.jpg\u00a0\u00bb image_diameter=\u00a0\u00bb100&Prime;][mk_fancy_title color=\u00a0\u00bb#000000&Prime; size=\u00a0\u00bb20&Prime; font_weight=\u00a0\u00bbbold\u00a0\u00bb margin_top=\u00a0\u00bb20&Prime; margin_bottom=\u00a0\u00bb0&Prime; font_family=\u00a0\u00bbnone\u00a0\u00bb align=\u00a0\u00bbcenter\u00a0\u00bb]Christian Franz[\/mk_fancy_title][vc_column_text align=\u00a0\u00bbcenter\u00a0\u00bb css=\u00a0\u00bb.vc_custom_1715850659484{margin-bottom: 0px !important;}\u00a0\u00bb]Bombe de Customer Success[\/vc_column_text][\/vc_column_inner][\/vc_row_inner][mk_padding_divider size=\u00a0\u00bb20&Prime;][vc_row_inner][vc_column_inner width=\u00a0\u00bb1\/4&Prime;][mk_circle_image src=\u00a0\u00bbhttps:\/\/force8.coach\/wp-content\/uploads\/2023\/10\/manuel-img.jpg\u00a0\u00bb image_diameter=\u00a0\u00bb100&Prime;][mk_fancy_title color=\u00a0\u00bb#000000&Prime; size=\u00a0\u00bb20&Prime; font_weight=\u00a0\u00bbbold\u00a0\u00bb margin_top=\u00a0\u00bb20&Prime; margin_bottom=\u00a0\u00bb0&Prime; font_family=\u00a0\u00bbnone\u00a0\u00bb align=\u00a0\u00bbcenter\u00a0\u00bb]Manuel Dinis[\/mk_fancy_title][vc_column_text align=\u00a0\u00bbcenter\u00a0\u00bb css=\u00a0\u00bb.vc_custom_1698226731780{margin-bottom: 0px !important;}\u00a0\u00bb]Backend Young Gun[\/vc_column_text][\/vc_column_inner][vc_column_inner width=\u00a0\u00bb1\/4&Prime;][mk_circle_image src=\u00a0\u00bbhttps:\/\/force8.coach\/wp-content\/uploads\/2021\/02\/avatar1.jpg\u00a0\u00bb image_diameter=\u00a0\u00bb100&Prime;][mk_fancy_title color=\u00a0\u00bb#000000&Prime; size=\u00a0\u00bb20&Prime; font_weight=\u00a0\u00bbbold\u00a0\u00bb margin_top=\u00a0\u00bb20&Prime; margin_bottom=\u00a0\u00bb0&Prime; font_family=\u00a0\u00bbnone\u00a0\u00bb align=\u00a0\u00bbcenter\u00a0\u00bb]Ruben Las Casas[\/mk_fancy_title][vc_column_text align=\u00a0\u00bbcenter\u00a0\u00bb css=\u00a0\u00bb.vc_custom_1764849379159{margin-bottom: 0px !important;}\u00a0\u00bb]Back-End Plumber[\/vc_column_text][\/vc_column_inner][vc_column_inner width=\u00a0\u00bb1\/4&Prime;][\/vc_column_inner][vc_column_inner width=\u00a0\u00bb1\/4&Prime;][\/vc_column_inner][\/vc_row_inner][\/vc_column][\/mk_page_section][mk_page_section bg_color=\u00a0\u00bb#f7f7f7&Prime; bg_stretch=\u00a0\u00bbtrue\u00a0\u00bb enable_3d=\u00a0\u00bbtrue\u00a0\u00bb min_height=\u00a0\u00bb200&Prime; js_vertical_centered=\u00a0\u00bbtrue\u00a0\u00bb padding_top=\u00a0\u00bb100&Prime; padding_bottom=\u00a0\u00bb80&Prime; sidebar=\u00a0\u00bbsidebar-1&Prime;][vc_column width=\u00a0\u00bb1\/2&Prime;][mk_fancy_title size=\u00a0\u00bb25&Prime; font_weight=\u00a0\u00bb600&Prime; margin_bottom=\u00a0\u00bb0&Prime; font_family=\u00a0\u00bbnone\u00a0\u00bb]\n<p class=\"p1\">Force8<\/p>\n[\/mk_fancy_title][mk_fancy_title tag_name=\u00a0\u00bbh1&Prime; size=\u00a0\u00bb61&Prime; force_font_size=\u00a0\u00bbtrue\u00a0\u00bb line_height=\u00a0\u00bb95&Prime; font_weight=\u00a0\u00bb900&Prime; font_style=\u00a0\u00bbnormal\u00a0\u00bb letter_spacing=\u00a0\u00bb1&Prime; margin_bottom=\u00a0\u00bb0&Prime; font_family=\u00a0\u00bbnone\u00a0\u00bb]D\u2019o\u00f9 vient le nom de notre entreprise?[\/mk_fancy_title][vc_column_text css=\u00a0\u00bb.vc_custom_1706883185403{margin-bottom: 0px !important;}\u00a0\u00bb]L\u2019\u00e9chelle de Beaufort est une \u00e9chelle utilis\u00e9e pour classer les vitesses du vent.[\/vc_column_text][\/vc_column][vc_column width=\u00a0\u00bb1\/2&Prime;][vc_column_text css=\u00a0\u00bb.vc_custom_1618303056027{margin-bottom: 0px !important;}\u00a0\u00bb]En anglais, cette \u00e9chelle est appel\u00e9e \u00ab\u00a0beaufort wind force scale\u00a0\u00bb &#8211; ou \u00ab\u00a0Force\u00a0\u00bb en abr\u00e9g\u00e9. La force du vent est class\u00e9e de 0 (calme) \u00e0 12 (ouragan). La classification <strong>Force8 correspond \u00e0 un vent temp\u00e9tueux<\/strong> &#8211; mais pas encore \u00e0 une temp\u00eate.<\/p>\n<p>Pour le fondateur &#8211; lui-m\u00eame passionn\u00e9 de sports nautiques &#8211; Force8 est un symbole pour faire <strong>bouger<\/strong> quelque chose, <strong>changer<\/strong> quelque chose &#8211; et si n\u00e9cessaire &#8211; <strong>r\u00e9veiller<\/strong> quelque chose <strong>ou le secouer<\/strong>.[\/vc_column_text][\/vc_column][\/mk_page_section][mk_page_section bg_color=\u00a0\u00bb#31dcff\u00a0\u00bb bg_stretch=\u00a0\u00bbtrue\u00a0\u00bb bg_gradient=\u00a0\u00bbhorizontal\u00a0\u00bb video_color_mask=\u00a0\u00bb#31dcff\u00a0\u00bb gr_end=\u00a0\u00bb#002efe\u00a0\u00bb video_opacity=\u00a0\u00bb1&Prime; min_height=\u00a0\u00bb60&Prime; padding_top=\u00a0\u00bb40&Prime; padding_bottom=\u00a0\u00bb30&Prime; bottom_shape_color=\u00a0\u00bb#f7f7f7&Prime; sidebar=\u00a0\u00bbsidebar-1&Prime;][vc_column width=\u00a0\u00bb2\/3&Prime;][mk_fancy_title color=\u00a0\u00bb#ffffff\u00a0\u00bb size=\u00a0\u00bb35&Prime; line_height=\u00a0\u00bb90&Prime; font_weight=\u00a0\u00bb900&Prime; margin_top=\u00a0\u00bb10&Prime; margin_bottom=\u00a0\u00bb0&Prime; font_family=\u00a0\u00bbnone\u00a0\u00bb]Voulez-vous nous parler?[\/mk_fancy_title][\/vc_column][vc_column width=\u00a0\u00bb1\/3&Prime;][mk_button dimension=\u00a0\u00bbflat\u00a0\u00bb corner_style=\u00a0\u00bbfull_rounded\u00a0\u00bb size=\u00a0\u00bblarge\u00a0\u00bb icon=\u00a0\u00bbmk-moon-calendar-4&Prime; url=\u00a0\u00bbhttps:\/\/meetings.hubspot.com\/marco-baeschlin\u00a0\u00bb align=\u00a0\u00bbright\u00a0\u00bb bg_color=\u00a0\u00bb#000000&Prime;]Oui, s&rsquo;ill vous pla\u00eet[\/mk_button][\/vc_column][\/mk_page_section]\n<\/div>","protected":false},"excerpt":{"rendered":"<p>[mk_page_section bg_image=\u00a0\u00bbhttps:\/\/force8.coach\/wp-content\/uploads\/2021\/08\/modules-page-bg1.jpg\u00a0\u00bb bg_image_portrait=\u00a0\u00bbhttps:\/\/force8.coach\/wp-content\/uploads\/2021\/08\/modules-page-bg1-mobile.jpg\u00a0\u00bb bg_color=\u00a0\u00bb#ffffff\u00a0\u00bb bg_position=\u00a0\u00bbleft bottom\u00a0\u00bb bg_stretch=\u00a0\u00bbtrue\u00a0\u00bb enable_3d=\u00a0\u00bbtrue\u00a0\u00bb video_color_mask=\u00a0\u00bb#000000&Prime; video_opacity=\u00a0\u00bb0.3&Prime; min_height=\u00a0\u00bb650&Prime; js_vertical_centered=\u00a0\u00bbtrue\u00a0\u00bb sidebar=\u00a0\u00bbsidebar-1&Prime;][vc_column width=\u00a0\u00bb5\/6&Prime;][mk_fancy_title color=\u00a0\u00bb#ffffff\u00a0\u00bb size=\u00a0\u00bb35&Prime; letter_spacing=\u00a0\u00bb2&Prime; margin_bottom=\u00a0\u00bb0&Prime; font_family=\u00a0\u00bbnone\u00a0\u00bb]Depuis 2008[\/mk_fancy_title][mk_fancy_title color=\u00a0\u00bb#ffffff\u00a0\u00bb size=\u00a0\u00bb64&Prime; force_font_size=\u00a0\u00bbtrue\u00a0\u00bb size_smallscreen=\u00a0\u00bb64&Prime; size_tablet=\u00a0\u00bb64&Prime; size_phone=\u00a0\u00bb35&Prime; line_height=\u00a0\u00bb99&Prime; font_weight=\u00a0\u00bb900&Prime; margin_bottom=\u00a0\u00bb0&Prime; font_family=\u00a0\u00bbnone\u00a0\u00bb]Innovant et pr\u00e9voyant[\/mk_fancy_title][\/vc_column][vc_column width=\u00a0\u00bb1\/6&Prime;][\/vc_column][\/mk_page_section][mk_page_section bg_color=\u00a0\u00bb#f9f9f9&Prime; bg_stretch=\u00a0\u00bbtrue\u00a0\u00bb video_opacity=\u00a0\u00bb0.4&Prime; padding_top=\u00a0\u00bb100&Prime; padding_bottom=\u00a0\u00bb80&Prime; bottom_shape_color=\u00a0\u00bb#f7f7f7&Prime; sidebar=\u00a0\u00bbsidebar-1&Prime;][vc_column width=\u00a0\u00bb2\/3&Prime;][mk_fancy_title size=\u00a0\u00bb25&Prime; font_weight=\u00a0\u00bb600&Prime; margin_bottom=\u00a0\u00bb0&Prime; font_family=\u00a0\u00bbnone\u00a0\u00bb] Force8 Ltd\u00a0 &#8211; Digital. Sport. Innovations. Nous sommes une entreprise [&hellip;]<\/p>\n","protected":false},"author":1,"featured_media":0,"parent":0,"menu_order":0,"comment_status":"open","ping_status":"open","template":"","meta":{"inline_featured_image":false,"footnotes":""},"_links":{"self":[{"href":"https:\/\/force8.coach\/fr\/wp-json\/wp\/v2\/pages\/7219"}],"collection":[{"href":"https:\/\/force8.coach\/fr\/wp-json\/wp\/v2\/pages"}],"about":[{"href":"https:\/\/force8.coach\/fr\/wp-json\/wp\/v2\/types\/page"}],"author":[{"embeddable":true,"href":"https:\/\/force8.coach\/fr\/wp-json\/wp\/v2\/users\/1"}],"replies":[{"embeddable":true,"href":"https:\/\/force8.coach\/fr\/wp-json\/wp\/v2\/comments?post=7219"}],"version-history":[{"count":24,"href":"https:\/\/force8.coach\/fr\/wp-json\/wp\/v2\/pages\/7219\/revisions"}],"predecessor-version":[{"id":17141,"href":"https:\/\/force8.coach\/fr\/wp-json\/wp\/v2\/pages\/7219\/revisions\/17141"}],"wp:attachment":[{"href":"https:\/\/force8.coach\/fr\/wp-json\/wp\/v2\/media?parent=7219"}],"curies":[{"name":"wp","href":"https:\/\/api.w.org\/{rel}","templated":true}]}}