{"id":7892,"date":"2021-08-10T10:03:58","date_gmt":"2021-08-10T10:03:58","guid":{"rendered":"https:\/\/force8.coach\/integrations\/"},"modified":"2024-02-13T17:16:34","modified_gmt":"2024-02-13T17:16:34","slug":"integrations","status":"publish","type":"page","link":"https:\/\/force8.coach\/fr\/integrations\/","title":{"rendered":"Integrations"},"content":{"rendered":"<div class=\"wpb-content-wrapper\">[mk_page_section bg_image=\u00a0\u00bbhttps:\/\/force8.coach\/wp-content\/uploads\/2021\/08\/shutterstock_1141318046-e1630415139622.jpg\u00a0\u00bb bg_color=\u00a0\u00bb#ffffff\u00a0\u00bb bg_stretch=\u00a0\u00bbtrue\u00a0\u00bb enable_3d=\u00a0\u00bbtrue\u00a0\u00bb video_color_mask=\u00a0\u00bb#000000&Prime; video_opacity=\u00a0\u00bb0.3&Prime; min_height=\u00a0\u00bb650&Prime; js_vertical_centered=\u00a0\u00bbtrue\u00a0\u00bb sidebar=\u00a0\u00bbsidebar-1&Prime;][vc_column width=\u00a0\u00bb1\/2&Prime;][mk_fancy_title color=\u00a0\u00bb#ffffff\u00a0\u00bb size=\u00a0\u00bb16&Prime; letter_spacing=\u00a0\u00bb2&Prime; margin_bottom=\u00a0\u00bb0&Prime; font_family=\u00a0\u00bbnone\u00a0\u00bb]\n<p class=\"p1\">INTEGRATIONS<\/p>\n[\/mk_fancy_title][mk_fancy_title color=\u00a0\u00bb#ffffff\u00a0\u00bb size=\u00a0\u00bb50&Prime; line_height=\u00a0\u00bb99&Prime; font_weight=\u00a0\u00bb900&Prime; margin_bottom=\u00a0\u00bb0&Prime; font_family=\u00a0\u00bbnone\u00a0\u00bb]Des partenaires solides[\/mk_fancy_title][\/vc_column][vc_column width=\u00a0\u00bb1\/2&Prime;][\/vc_column][\/mk_page_section][mk_page_section bg_color=\u00a0\u00bb#31dcff\u00a0\u00bb bg_stretch=\u00a0\u00bbtrue\u00a0\u00bb bg_gradient=\u00a0\u00bbhorizontal\u00a0\u00bb video_color_mask=\u00a0\u00bb#31dcff\u00a0\u00bb gr_end=\u00a0\u00bb#002efe\u00a0\u00bb video_opacity=\u00a0\u00bb1&Prime; min_height=\u00a0\u00bb60&Prime; padding_top=\u00a0\u00bb40&Prime; padding_bottom=\u00a0\u00bb30&Prime; bottom_shape_color=\u00a0\u00bb#f7f7f7&Prime; sidebar=\u00a0\u00bbsidebar-1&Prime;][vc_column width=\u00a0\u00bb2\/3&Prime;][mk_fancy_title color=\u00a0\u00bb#ffffff\u00a0\u00bb size=\u00a0\u00bb25&Prime; line_height=\u00a0\u00bb90&Prime; font_weight=\u00a0\u00bb900&Prime; margin_top=\u00a0\u00bb10&Prime; margin_bottom=\u00a0\u00bb0&Prime; font_family=\u00a0\u00bbnone\u00a0\u00bb]Vous cherchez une solution pour vous ou votre organisation?[\/mk_fancy_title][\/vc_column][vc_column width=\u00a0\u00bb1\/3&Prime;][mk_button dimension=\u00a0\u00bbflat\u00a0\u00bb corner_style=\u00a0\u00bbfull_rounded\u00a0\u00bb size=\u00a0\u00bbmedium\u00a0\u00bb url=\u00a0\u00bbhttps:\/\/force8.coach\/fr\/contact\/\u00a0\u00bb align=\u00a0\u00bbright\u00a0\u00bb button_custom_width=\u00a0\u00bb\u00a0\u00bb margin_bottom=\u00a0\u00bb0&Prime; margin_right=\u00a0\u00bb0&Prime; bg_color=\u00a0\u00bb#ffffff\u00a0\u00bb btn_hover_bg=\u00a0\u00bbrgba(255,255,255,0.68)\u00a0\u00bb text_color=\u00a0\u00bbdark\u00a0\u00bb]Demander une d\u00e9mo[\/mk_button][\/vc_column][\/mk_page_section][mk_page_section bg_stretch=\u00a0\u00bbtrue\u00a0\u00bb video_opacity=\u00a0\u00bb0.4&Prime; padding_top=\u00a0\u00bb0&Prime; padding_bottom=\u00a0\u00bb80&Prime; bottom_shape_color=\u00a0\u00bb#f7f7f7&Prime; sidebar=\u00a0\u00bbsidebar-1&Prime;][vc_column width=\u00a0\u00bb1\/3&Prime;][mk_padding_divider size=\u00a0\u00bb60&Prime;][mk_image src=\u00a0\u00bbhttps:\/\/force8.coach\/wp-content\/uploads\/2021\/09\/integrations-04.jpg\u00a0\u00bb image_size=\u00a0\u00bbfull\u00a0\u00bb align=\u00a0\u00bbcenter\u00a0\u00bb margin_bottom=\u00a0\u00bb20&Prime; visibility=\u00a0\u00bbvisible-sm\u00a0\u00bb][mk_fancy_title color=\u00a0\u00bb#000000&Prime; size=\u00a0\u00bb35&Prime; line_height=\u00a0\u00bb90&Prime; font_weight=\u00a0\u00bb900&Prime; margin_top=\u00a0\u00bb60&Prime; font_family=\u00a0\u00bbnone\u00a0\u00bb]Integrations[\/mk_fancy_title][vc_column_text css=\u00a0\u00bb.vc_custom_1631720247376{margin-bottom: 0px !important;}\u00a0\u00bb]<strong>Force8 Coach est un hub central pour toutes les donn\u00e9es de vos athl\u00e8tes et de votre \u00e9quipe.<\/strong>[\/vc_column_text][vc_column_text css=\u00a0\u00bb.vc_custom_1631720276366{margin-bottom: 0px !important;}\u00a0\u00bb]C&rsquo;est pourquoi nous synchronisons les informations provenant d&rsquo;autres solutions technologiques sportives gr\u00e2ce \u00e0 de puissantes interfaces (API).<\/p>\n<p>Si vous avez besoin d&rsquo;une int\u00e9gration, parlez-nous en. Nous ferons en sorte que toutes vos donn\u00e9es soient disponibles sur Force8 Coach.[\/vc_column_text][\/vc_column][vc_column width=\u00a0\u00bb2\/3&Prime;][mk_padding_divider size=\u00a0\u00bb60&Prime;][mk_image src=\u00a0\u00bbhttps:\/\/force8.coach\/wp-content\/uploads\/2021\/09\/integrations-04.jpg\u00a0\u00bb image_size=\u00a0\u00bbfull\u00a0\u00bb align=\u00a0\u00bbcenter\u00a0\u00bb margin_bottom=\u00a0\u00bb0&Prime; visibility=\u00a0\u00bbhidden-sm\u00a0\u00bb][\/vc_column][\/mk_page_section][mk_page_section bg_color=\u00a0\u00bb#31dcff\u00a0\u00bb bg_stretch=\u00a0\u00bbtrue\u00a0\u00bb bg_gradient=\u00a0\u00bbhorizontal\u00a0\u00bb video_color_mask=\u00a0\u00bb#31dcff\u00a0\u00bb gr_end=\u00a0\u00bb#002efe\u00a0\u00bb video_opacity=\u00a0\u00bb1&Prime; min_height=\u00a0\u00bb60&Prime; padding_top=\u00a0\u00bb40&Prime; padding_bottom=\u00a0\u00bb30&Prime; bottom_shape_color=\u00a0\u00bb#f7f7f7&Prime; sidebar=\u00a0\u00bbsidebar-1&Prime;][vc_column width=\u00a0\u00bb2\/3&Prime;][mk_fancy_title color=\u00a0\u00bb#ffffff\u00a0\u00bb size=\u00a0\u00bb25&Prime; line_height=\u00a0\u00bb90&Prime; font_weight=\u00a0\u00bb900&Prime; margin_top=\u00a0\u00bb10&Prime; margin_bottom=\u00a0\u00bb0&Prime; font_family=\u00a0\u00bbnone\u00a0\u00bb]Vous cherchez une solution pour vous ou votre organisation?[\/mk_fancy_title][\/vc_column][vc_column width=\u00a0\u00bb1\/3&Prime;][mk_button dimension=\u00a0\u00bbflat\u00a0\u00bb corner_style=\u00a0\u00bbfull_rounded\u00a0\u00bb size=\u00a0\u00bbmedium\u00a0\u00bb url=\u00a0\u00bbhttps:\/\/force8.coach\/fr\/contact\/\u00a0\u00bb align=\u00a0\u00bbright\u00a0\u00bb button_custom_width=\u00a0\u00bb\u00a0\u00bb margin_bottom=\u00a0\u00bb0&Prime; margin_right=\u00a0\u00bb0&Prime; bg_color=\u00a0\u00bb#ffffff\u00a0\u00bb btn_hover_bg=\u00a0\u00bbrgba(255,255,255,0.68)\u00a0\u00bb text_color=\u00a0\u00bbdark\u00a0\u00bb]Demander une d\u00e9mo[\/mk_button][\/vc_column][\/mk_page_section][mk_page_section min_height=\u00a0\u00bb400&Prime; full_width=\u00a0\u00bbtrue\u00a0\u00bb full_height=\u00a0\u00bbtrue\u00a0\u00bb padding_top=\u00a0\u00bb0&Prime; padding_bottom=\u00a0\u00bb0&Prime; section_id=\u00a0\u00bbvideoPromo\u00a0\u00bb sidebar=\u00a0\u00bbsidebar-1&Prime;][vc_column][vc_row_inner is_fullwidth_content=\u00a0\u00bbfalse\u00a0\u00bb][vc_column_inner][vc_raw_html]JTNDZGl2JTIwY2xhc3MlM0QlMjJ2aWRlby1jb250YWluZXIlMjIlM0UlM0NpZnJhbWUlMjB3aWR0aCUzRCUyMjEwMCUyNSUyMiUyMGhlaWdodCUzRCUyMmF1dG8lMjIlMjBzcmMlM0QlMjJodHRwcyUzQSUyRiUyRnd3dy55b3V0dWJlLmNvbSUyRmVtYmVkJTJGcy11U3lPY2F5QWslMjIlMjBmcmFtZWJvcmRlciUzRCUyMjAlMjIlMjBhbGxvdyUzRCUyMmFjY2VsZXJvbWV0ZXIlM0IlMjBhdXRvcGxheSUzQiUyMGVuY3J5cHRlZC1tZWRpYSUzQiUyMGd5cm9zY29wZSUzQiUyMHBpY3R1cmUtaW4tcGljdHVyZSUyMiUyMGFsbG93ZnVsbHNjcmVlbiUzRSUzQyUyRmlmcmFtZSUzRSUzQyUyRmRpdiUzRQ==[\/vc_raw_html][\/vc_column_inner][\/vc_row_inner][\/vc_column][\/mk_page_section][vc_row][vc_column][vc_raw_js]JTNDc2NyaXB0JTIwdHlwZSUzRCUyMnRleHQlMkZqYXZhc2NyaXB0JTIyJTNFJTBBdmFyJTIwdmlkZW9TcmMlM0QlMjclMjclM0IlMEFqUXVlcnklMjglMjBkb2N1bWVudCUyMCUyOS5yZWFkeSUyOGZ1bmN0aW9uJTI4JTI5JTIwJTdCJTBBJTIwJTIwJTIwJTIwalF1ZXJ5JTI4JTI3JTIzdmlkZW9Qcm9tbyUyMC5wYWdlLXNlY3Rpb24tY29udGVudCUyNyUyOS5hcHBlbmQlMjglMjclM0NhJTIwY2xhc3MlM0QlMjJjbG9zZVZpZGVvJTIyJTIwaHJlZiUzRCUyMiUyMyUyMiUzRSUyNnRpbWVzJTNCJTNDJTJGYSUzRSUyNyUyOSUzQiUwQSUwQSUyMCUyMCUyMCUyMHZhciUyMF92aWRlb0JveCUzRGpRdWVyeSUyOCUyNyUyM3ZpZGVvUHJvbW8lMjclMjkuY2xvbmUlMjglMjkuYXBwZW5kVG8lMjglMjAlMjJib2R5JTIyJTIwJTI5JTNCJTBBdmlkZW9TcmMlM0RqUXVlcnklMjglMjclMjN2aWRlb1Byb21vJTIwaWZyYW1lJTI3JTI5LmF0dHIlMjglMjdzcmMlMjclMjklM0IlMEFqUXVlcnklMjglMjclMjN0aGVtZS1wYWdlJTIwJTIzdmlkZW9Qcm9tbyUyNyUyOS5yZW1vdmUlMjglMjklM0IlMEElMEElMjAlMjAlMjAlMjBqUXVlcnklMjglMjclMjN2aWRlb0J0biUyNyUyOS5vbiUyOCUyN2NsaWNrJTI3JTJDJTIwZnVuY3Rpb24lMjhlJTI5JTdCJTBBJTIwJTIwJTIwJTIwJTIwJTIwJTIwZS5wcmV2ZW50RGVmYXVsdCUyOCUyOSUzQiUwQWNvbnNvbGUubG9nJTI4JTI3VmlkZW8lMjBTcmMlM0ElMjAlMjclMkJ2aWRlb1NyYyUyOSUzQiUwQWpRdWVyeSUyOCUyNyUyM3ZpZGVvUHJvbW8lMjBpZnJhbWUlMjclMjkuYXR0ciUyOCUyN3NyYyUyNyUyQ3ZpZGVvU3JjJTJCJTI3JTNGY29udHJvbHMlM0QwJTI2YXV0b3BsYXklM0QxJTI2ZW5hYmxlanNhcGklM0QxJTI3JTI5JTNCJTBBJTIwJTIwJTIwJTIwJTIwJTIwJTIwalF1ZXJ5JTI4JTI3JTIzdmlkZW9Qcm9tbyUyNyUyOS5mYWRlSW4lMjg2MDAlMjkuYWRkQ2xhc3MlMjglMjdhY3RpdmUlMjclMjklM0IlMEElMjAlMjAlMjAlMjAlN0QlMjklM0IlMEElMjAlMjAlMjAlMjBqUXVlcnklMjglMjcuY2xvc2VWaWRlbyUyNyUyOS5vbiUyOCUyN2NsaWNrJTI3JTJDJTIwZnVuY3Rpb24lMjhlJTI5JTdCJTBBJTIwJTIwJTIwJTIwJTIwJTIwJTIwZS5wcmV2ZW50RGVmYXVsdCUyOCUyOSUzQiUwQWpRdWVyeSUyOCUyNyUyM3ZpZGVvUHJvbW8lMjBpZnJhbWUlMjclMjkuYXR0ciUyOCUyN3NyYyUyNyUyQyUyNyUyNyUyOSUzQiUwQSUyMCUyMCUyMCUyMCUyMCUyMCUyMGpRdWVyeSUyOCUyNyUyM3ZpZGVvUHJvbW8lMjclMjkuZmFkZU91dCUyODMwMCUyOS5yZW1vdmVDbGFzcyUyOCUyN2FjdGl2ZSUyNyUyOSUzQiUwQSUyMCUyMCUyMCUyMCU3RCUyOSUzQiUwQSU3RCUyOSUzQiUwQSUzQyUyRnNjcmlwdCUzRQ==[\/vc_raw_js][\/vc_column][\/vc_row]\n<\/div>","protected":false},"excerpt":{"rendered":"<p>[mk_page_section bg_image=\u00a0\u00bbhttps:\/\/force8.coach\/wp-content\/uploads\/2021\/08\/shutterstock_1141318046-e1630415139622.jpg\u00a0\u00bb bg_color=\u00a0\u00bb#ffffff\u00a0\u00bb bg_stretch=\u00a0\u00bbtrue\u00a0\u00bb enable_3d=\u00a0\u00bbtrue\u00a0\u00bb video_color_mask=\u00a0\u00bb#000000&Prime; video_opacity=\u00a0\u00bb0.3&Prime; min_height=\u00a0\u00bb650&Prime; js_vertical_centered=\u00a0\u00bbtrue\u00a0\u00bb sidebar=\u00a0\u00bbsidebar-1&Prime;][vc_column width=\u00a0\u00bb1\/2&Prime;][mk_fancy_title color=\u00a0\u00bb#ffffff\u00a0\u00bb size=\u00a0\u00bb16&Prime; letter_spacing=\u00a0\u00bb2&Prime; margin_bottom=\u00a0\u00bb0&Prime; font_family=\u00a0\u00bbnone\u00a0\u00bb] INTEGRATIONS [\/mk_fancy_title][mk_fancy_title color=\u00a0\u00bb#ffffff\u00a0\u00bb size=\u00a0\u00bb50&Prime; line_height=\u00a0\u00bb99&Prime; font_weight=\u00a0\u00bb900&Prime; margin_bottom=\u00a0\u00bb0&Prime; font_family=\u00a0\u00bbnone\u00a0\u00bb]Des partenaires solides[\/mk_fancy_title][\/vc_column][vc_column width=\u00a0\u00bb1\/2&Prime;][\/vc_column][\/mk_page_section][mk_page_section bg_color=\u00a0\u00bb#31dcff\u00a0\u00bb bg_stretch=\u00a0\u00bbtrue\u00a0\u00bb bg_gradient=\u00a0\u00bbhorizontal\u00a0\u00bb video_color_mask=\u00a0\u00bb#31dcff\u00a0\u00bb gr_end=\u00a0\u00bb#002efe\u00a0\u00bb video_opacity=\u00a0\u00bb1&Prime; min_height=\u00a0\u00bb60&Prime; padding_top=\u00a0\u00bb40&Prime; padding_bottom=\u00a0\u00bb30&Prime; bottom_shape_color=\u00a0\u00bb#f7f7f7&Prime; sidebar=\u00a0\u00bbsidebar-1&Prime;][vc_column width=\u00a0\u00bb2\/3&Prime;][mk_fancy_title color=\u00a0\u00bb#ffffff\u00a0\u00bb size=\u00a0\u00bb25&Prime; line_height=\u00a0\u00bb90&Prime; font_weight=\u00a0\u00bb900&Prime; margin_top=\u00a0\u00bb10&Prime; margin_bottom=\u00a0\u00bb0&Prime; font_family=\u00a0\u00bbnone\u00a0\u00bb]Vous cherchez une solution pour vous ou votre organisation?[\/mk_fancy_title][\/vc_column][vc_column width=\u00a0\u00bb1\/3&Prime;][mk_button [&hellip;]<\/p>\n","protected":false},"author":1,"featured_media":0,"parent":0,"menu_order":0,"comment_status":"open","ping_status":"open","template":"","meta":{"inline_featured_image":false,"footnotes":""},"_links":{"self":[{"href":"https:\/\/force8.coach\/fr\/wp-json\/wp\/v2\/pages\/7892"}],"collection":[{"href":"https:\/\/force8.coach\/fr\/wp-json\/wp\/v2\/pages"}],"about":[{"href":"https:\/\/force8.coach\/fr\/wp-json\/wp\/v2\/types\/page"}],"author":[{"embeddable":true,"href":"https:\/\/force8.coach\/fr\/wp-json\/wp\/v2\/users\/1"}],"replies":[{"embeddable":true,"href":"https:\/\/force8.coach\/fr\/wp-json\/wp\/v2\/comments?post=7892"}],"version-history":[{"count":6,"href":"https:\/\/force8.coach\/fr\/wp-json\/wp\/v2\/pages\/7892\/revisions"}],"predecessor-version":[{"id":13911,"href":"https:\/\/force8.coach\/fr\/wp-json\/wp\/v2\/pages\/7892\/revisions\/13911"}],"wp:attachment":[{"href":"https:\/\/force8.coach\/fr\/wp-json\/wp\/v2\/media?parent=7892"}],"curies":[{"name":"wp","href":"https:\/\/api.w.org\/{rel}","templated":true}]}}