{"id":8754,"date":"2022-01-13T12:27:30","date_gmt":"2022-01-13T12:27:30","guid":{"rendered":"https:\/\/force8.coach\/jobs\/"},"modified":"2023-04-06T08:50:14","modified_gmt":"2023-04-06T08:50:14","slug":"emploi","status":"publish","type":"page","link":"https:\/\/force8.coach\/fr\/emploi\/","title":{"rendered":"Jobs"},"content":{"rendered":"<div class=\"wpb-content-wrapper\">[mk_page_section padding_top=\u00a0\u00bb60&Prime; padding_bottom=\u00a0\u00bb60&Prime; sidebar=\u00a0\u00bbsidebar-1&Prime;][vc_column][mk_fancy_title size=\u00a0\u00bb45&Prime; font_weight=\u00a0\u00bbbold\u00a0\u00bb font_family=\u00a0\u00bbnone\u00a0\u00bb]Force8 &#8211; Digital. Sport. Innovations.[\/mk_fancy_title][vc_column_text css=\u00a0\u00bb.vc_custom_1675930924184{margin-bottom: 0px !important;}\u00a0\u00bb]Force8 est une entreprise internationale de technologie sportive bas\u00e9e \u00e0 Zurich (Suisse) qui d\u00e9veloppe depuis 2008 des syst\u00e8mes intelligents pour la gestion et le suivi des athl\u00e8tes et des \u00e9quipes. Nous travaillons pour des f\u00e9d\u00e9rations de renomm\u00e9e mondiale telles que Swiss-Ski, PluSport, Deutscher Eishockey Bund, Swiss Aquatics et des clubs r\u00e9put\u00e9s tels que EV Zug, ZSC Lions, etc. Nos solutions sont d\u00e9velopp\u00e9es en collaboration avec des experts de la pratique et de la science.<\/p>\n<p>En tant que passionn\u00e9s de sport, nous voulons donner \u00e0 tous les clubs, f\u00e9d\u00e9rations, institutions et organisations, du sport amateur au sport professionnel, la possibilit\u00e9 de travailler avec nos produits.<\/p>\n<p>Force8 est une entreprise qui travaille partout.[\/vc_column_text][\/vc_column][\/mk_page_section][mk_page_section bg_color=\u00a0\u00bb#f9f9f9&Prime; padding_top=\u00a0\u00bb60&Prime; padding_bottom=\u00a0\u00bb60&Prime; sidebar=\u00a0\u00bbsidebar-1&Prime;][vc_column][mk_fancy_title size=\u00a0\u00bb30&Prime; font_weight=\u00a0\u00bbbold\u00a0\u00bb margin_bottom=\u00a0\u00bb0&Prime; font_family=\u00a0\u00bbnone\u00a0\u00bb]<strong>Sales Development Representative (m\/w\/d) 40-80% &#8211; EMPLOI ACTUELLEMENT OCCUP\u00c9<br \/>\n<\/strong>[\/mk_fancy_title][vc_column_text css=\u00a0\u00bb.vc_custom_1675930974535{margin-bottom: 0px !important;}\u00a0\u00bb][\/vc_column_text][mk_padding_divider][vc_row_inner][vc_column_inner width=\u00a0\u00bb1\/3&Prime;][vc_column_text css=\u00a0\u00bb.vc_custom_1678438014336{margin-bottom: 0px !important;}\u00a0\u00bb]<strong><span style=\"font-size: 18px;\">Votre r\u00f4le &#8211; grand potentiel de d\u00e9veloppement<\/span><\/strong><\/p>\n<p>En tant que <strong>Sales Development Representative<\/strong> (SDR), vous participez \u00e0 un programme qui vous garantit une carri\u00e8re commerciale \u00e0 long terme chez Force8. Celui-ci se compose de <strong>trois phases successives <\/strong>:<\/p>\n<p><strong>Phase 1: <\/strong><\/p>\n<ul>\n<li>Vous travaillerez en tant que <strong>Sales Development Representative<\/strong>. Nous vous apprendrons \u00e0 conna\u00eetre le secteur de la technologie sportive et nos produits SaaS exceptionnels. Vous g\u00e9n\u00e9rerez des demandes de vente et des revenus par le biais de la prospection entrante et sortante.<\/li>\n<li>La mission principale de ce r\u00f4le sera de partager notre mission et notre histoire avec des clients potentiels et de mettre en place des opportunit\u00e9s de r\u00e9unions g\u00e9n\u00e9ratrices de revenus pour l&rsquo;\u00e9quipe commerciale.<\/li>\n<li>Les principales responsabilit\u00e9s consistent \u00e0 collaborer \u00e9troitement avec l&rsquo;\u00e9quipe de vente pour cibler, prospecter et planifier les actions de sensibilisation, puis \u00e0 g\u00e9n\u00e9rer un flux constant de r\u00e9unions dans les zones cibl\u00e9es.<\/li>\n<li>Le candidat retenu apportera un esprit d&rsquo;am\u00e9lioration continue et des comp\u00e9tences remarquables en mati\u00e8re de planification des comptes, d&rsquo;approche des clients et de vente en \u00e9quipe.<\/li>\n<li>Ce poste vous permettra d&rsquo;acqu\u00e9rir des comp\u00e9tences commerciales approfondies, associ\u00e9es \u00e0 une approche authentique de la vente.<\/li>\n<\/ul>\n<p><strong>Phase 2: <\/strong>(si souhait\u00e9 et qualifi\u00e9)<\/p>\n<ul>\n<li>Vous serez promu au poste de <strong>Account Executive<\/strong>. Dans ce r\u00f4le, vous continuerez \u00e0 prospecter. En outre, vous ferez vous-m\u00eame des pr\u00e9sentations de produits en ligne et cr\u00e9erez des offres pour les clients potentiels que vous aurez acquis. Vous apprendrez \u00e0 n\u00e9gocier avec ces prospects et \u00e0 conclure des affaires.<\/li>\n<\/ul>\n<p><strong>Phase 3: <\/strong>(si souhait\u00e9 et qualifi\u00e9)<\/p>\n<ul>\n<li>Vous serez promu au poste de <strong>Customer Success Manager<\/strong>. Dans cette phase, vous continuerez \u00e0 soutenir les clients que vous avez acquis. Vous jouez un r\u00f4le cl\u00e9 en veillant \u00e0 ce que les clients que vous assistez tirent le meilleur parti de nos produits et services. En outre, vous apprendrez \u00e0 vendre des modules suppl\u00e9mentaires aux clients existants.<\/li>\n<\/ul>\n[\/vc_column_text][\/vc_column_inner][vc_column_inner width=\u00a0\u00bb1\/3&Prime;][vc_column_text css=\u00a0\u00bb.vc_custom_1675931180998{margin-bottom: 0px !important;}\u00a0\u00bb]<strong><span style=\"font-size: 18px;\">Ce que vous devriez aimer faire (en phase 1):<\/span><\/strong><\/p>\n<ul>\n<li>Rechercher\/identifier strat\u00e9giquement des prospects, g\u00e9n\u00e9rer des pistes qualifi\u00e9es et d\u00e9couvrir des cibles de grande valeur.<\/li>\n<li>Faire conna\u00eetre efficacement notre mission et notre mod\u00e8le aux clients potentiels en soulignant pourquoi une rencontre avec Force8 apportera de la valeur \u00e0 leur entreprise.<\/li>\n<li>Acc\u00e9l\u00e9rer le d\u00e9veloppement commercial par des appels sortants et l&rsquo;envoi d&rsquo;e-mails strat\u00e9giques directement li\u00e9s aux besoins potentiels d&rsquo;un prospect.<\/li>\n<li>Collaborer avec les membres de l&rsquo;\u00e9quipe pour convertir les prospects en clients gr\u00e2ce \u00e0 une vente en \u00e9quipe efficace, y compris la pr\u00e9paration des r\u00e9unions, les suivis et les partenariats pour amener les prospects \u00e0 travers le cycle de g\u00e9n\u00e9ration de la demande.<\/li>\n<li>Concevoir, orchestrer et ex\u00e9cuter des campagnes de sensibilisation tr\u00e8s efficaces (couvrant les relations chaudes et froides) afin de g\u00e9n\u00e9rer un flux constant de r\u00e9unions mensuelles. Am\u00e9liorer continuellement par des tests A\/B<\/li>\n<li>Utiliser Hubspot et des m\u00e9thodes connexes pour assurer un transfert de connaissances pr\u00e9cis concernant le d\u00e9veloppement des comptes, la progression de la sensibilisation et la recherche d&rsquo;opportunit\u00e9s.<\/li>\n<li>D\u00e9veloppez rapidement vos comp\u00e9tences en mati\u00e8re de vente sur le terrain et par le<\/li>\n<\/ul>\n[\/vc_column_text][\/vc_column_inner][vc_column_inner width=\u00a0\u00bb1\/3&Prime;][vc_column_text css=\u00a0\u00bb.vc_custom_1675933311602{margin-bottom: 0px !important;}\u00a0\u00bb]<strong><span style=\"font-size: 18px;\">Ce que nous recherchons:<\/span><\/strong><\/p>\n<ul>\n<li>Capacit\u00e9 linguistique commerciale compl\u00e8te en allemand et en anglais (et\/ou en fran\u00e7ais)<\/li>\n<li>Plus d&rsquo;un an d&rsquo;exp\u00e9rience au sein d&rsquo;une organisation commerciale de pr\u00e9f\u00e9rence.<\/li>\n<li>Vous aimez le sport et pratiquez (ou avez pratiqu\u00e9) n&rsquo;importe quel sport dans un club.<\/li>\n<li>Id\u00e9alement, vous avez de l&rsquo;exp\u00e9rience dans un club (b\u00e9n\u00e9vole) (en tant que responsable d&rsquo;\u00e9quipe, entra\u00eeneur, assistant, responsable de la jeunesse, etc.)<\/li>\n<li>Vous apportez une diversit\u00e9 de points de vue fond\u00e9e sur vos exp\u00e9riences uniques.<\/li>\n<li>Vous \u00eates orient\u00e9 vers les objectifs et l&rsquo;action, avec un sens de l&rsquo;urgence, de la motivation et de l&rsquo;engagement pour d\u00e9passer les objectifs.<\/li>\n<li>Vous \u00eates capable d&rsquo;\u00e9tablir rapidement des relations de travail de confiance avec des personnes et des personnalit\u00e9s diverses.<\/li>\n<li>Vous \u00eates curieux et capable d&rsquo;examiner et de consolider l&rsquo;information afin de d\u00e9gager des perspectives exploitables.<\/li>\n<li>Vous \u00eates \u00e0 l&rsquo;aise pour contacter les clients afin d&rsquo;organiser des r\u00e9unions et vous pouvez surmonter les obstacles avec persistance et sang-froid.<\/li>\n<li>Vous \u00eates capable de vous \u00e9panouir dans un environnement de vente en \u00e9quipe.<\/li>\n<li>Vous \u00eates passionn\u00e9(e), proactif(ve), ing\u00e9nieux(se) et avez une soif d&rsquo;excellence et de r\u00e9sultats.<\/li>\n<li>Vous excellez dans un environnement de travail dynamique et rapide et \u00eates capable de g\u00e9rer efficacement plusieurs priorit\u00e9s simultan\u00e9ment.<\/li>\n<li>Vous avez d&rsquo;excellentes capacit\u00e9s de communication, d&rsquo;organisation et de gestion du temps.<\/li>\n<li>Ma\u00eetrise de MS Office, Google Suite, Hubspot ou un CRM comparable, de pr\u00e9f\u00e9rence.<\/li>\n<\/ul>\n[\/vc_column_text][\/vc_column_inner][\/vc_row_inner][mk_padding_divider][vc_column_text css=\u00a0\u00bb.vc_custom_1675932885023{margin-bottom: 0px !important;}\u00a0\u00bb]<strong>Ce que nous offrons:<\/strong><\/p>\n<ul>\n<li><strong>Salaire fixe <\/strong>&#8211; Nous offrons un salaire fixe comp\u00e9titif. Ce salaire peut augmenter rapidement lorsque les objectifs ont \u00e9t\u00e9 atteints et\/ou que vous passez \u00e0 la phase suivante.<\/li>\n<li><strong>Des gens formidables autour de vous <\/strong>&#8211; Travaillez dans un environnement international avec des personnes partageant les m\u00eames id\u00e9es, dans un m\u00e9lange unique de coll\u00e8gues jeunes et exp\u00e9riment\u00e9s qui visent la qualit\u00e9, l&rsquo;impact et la r\u00e9ussite de l&rsquo;\u00e9quipe.<\/li>\n<li><strong>Environnement de travail entrepreneurial <\/strong>&#8211; Assumez la responsabilit\u00e9 de projets dans un environnement bien \u00e9tabli mais semblable \u00e0 celui d&rsquo;une start-up, qui c\u00e9l\u00e8bre l&rsquo;excellence dans le travail.<\/li>\n<li><strong>Courbe d&rsquo;apprentissage abrupte et travail intellectuellement stimulant <\/strong>&#8211; Embarquez pour une carri\u00e8re dans un environnement au rythme rapide qui offre un travail stimulant et stimulant ainsi que des conseils et un soutien en mati\u00e8re de d\u00e9veloppement.<\/li>\n<li><strong>Mod\u00e8le de travail unique <\/strong>&#8211; Faites partie d&rsquo;une entreprise qui s&rsquo;inscrit dans la m\u00e9ga-tendance de la main-d&rsquo;\u0153uvre ind\u00e9pendante.<\/li>\n<li><strong>Un travail qui a de l&rsquo;impact et une grande opportunit\u00e9 de fa\u00e7onner l&rsquo;entreprise <\/strong>&#8211; Voyez votre propre impact sur la fa\u00e7on dont les choses sont faites dans Force8 et saisissez l&rsquo;opportunit\u00e9 de fa\u00e7onner l&rsquo;avenir de l&rsquo;entreprise.<\/li>\n<\/ul>\n<p><em>Force8 s&rsquo;engage \u00e0 favoriser une culture d&rsquo;inclusion et \u00e0 d\u00e9velopper une main-d&rsquo;\u0153uvre diversifi\u00e9e. La diversit\u00e9 nous rend plus forts. Elle se pr\u00e9sente sous de nombreuses formes. Le sexe, la race, l&rsquo;origine ethnique, la religion, la politique, l&rsquo;orientation sexuelle, l&rsquo;\u00e2ge, le handicap et l&rsquo;exp\u00e9rience de vie font de chacun de nous un individu unique. Nous appr\u00e9cions les personnes pour ce qu&rsquo;elles sont et pour les contributions qu&rsquo;elles peuvent apporter \u00e0 nos \u00e9quipes.<\/em><\/p>\n<p><strong>Votre contact:<\/strong><\/p>\n<p><strong>Nom:<\/strong> Mike<br \/>\n<strong>Courriel:<\/strong> jobs@force8.coach<br \/>\n<strong>CV:<\/strong> Si vous postulez \u00e0 un emploi, veuillez dans tous les cas nous envoyer votre CV<br \/>\n<strong>Protection des donn\u00e9es:<\/strong> Nous supprimerons votre CV et vos autres informations personnelles si nous ne vous embauchons pas. En raison du volume \u00e9lev\u00e9 de candidatures, il se peut \u00e9galement que vous ne receviez pas de r\u00e9ponse de notre part. Dans ce cas, votre candidature n&rsquo;a pas r\u00e9pondu \u00e0 nos attentes.[\/vc_column_text][\/vc_column][\/mk_page_section][mk_page_section bg_color=\u00a0\u00bb#f9f9f9&Prime; padding_top=\u00a0\u00bb60&Prime; padding_bottom=\u00a0\u00bb60&Prime; sidebar=\u00a0\u00bbsidebar-1&Prime;][vc_column][mk_fancy_title size=\u00a0\u00bb30&Prime; font_weight=\u00a0\u00bbbold\u00a0\u00bb margin_bottom=\u00a0\u00bb0&Prime; font_family=\u00a0\u00bbnone\u00a0\u00bb]<strong>Customer Success Manager (m\/w\/d) 50-80% &#8211; EMPLOI ACTUELLEMENT OCCUP\u00c9<br \/>\n<\/strong>[\/mk_fancy_title][vc_column_text css=\u00a0\u00bb.vc_custom_1675930974535{margin-bottom: 0px !important;}\u00a0\u00bb][\/vc_column_text][mk_padding_divider][vc_row_inner][vc_column_inner width=\u00a0\u00bb1\/3&Prime;][vc_column_text css=\u00a0\u00bb.vc_custom_1675939412627{margin-bottom: 0px !important;}\u00a0\u00bb]<strong><span style=\"font-size: 18px;\">Votre r\u00f4le:<\/span><\/strong><\/p>\n<ul>\n<li>Nous sommes actuellement \u00e0 la recherche d&rsquo;une personne \u00e9nergique, motiv\u00e9e et centr\u00e9e sur le client pour rejoindre notre \u00e9quipe charg\u00e9e de la r\u00e9ussite des clients.<\/li>\n<li><strong>Le Customer Success Manager<\/strong> (CSM) est charg\u00e9 de cultiver et d&rsquo;entretenir des relations solides au sein des comptes assign\u00e9s, en assurant des niveaux \u00e9lev\u00e9s de satisfaction des clients et la reconnaissance du retour sur investissement, ce qui conduit \u00e0 des renouvellements importants et \u00e0 des opportunit\u00e9s de croissance.<\/li>\n<li>Le CSM travaille en \u00e9troite collaboration avec nos clients, ainsi qu&rsquo;avec les \u00e9quipes de vente, d&rsquo;assistance \u00e0 la client\u00e8le, de gestion des produits et de finance, afin de garantir la r\u00e9ussite de la prestation de nos services.<\/li>\n<\/ul>\n[\/vc_column_text][\/vc_column_inner][vc_column_inner width=\u00a0\u00bb1\/3&Prime;][vc_column_text css=\u00a0\u00bb.vc_custom_1675933260828{margin-bottom: 0px !important;}\u00a0\u00bb]<strong><span style=\"font-size: 18px;\">Ce que vous devriez aimer faire:<\/span><\/strong><\/p>\n<ul>\n<li>Effectuer l&rsquo;int\u00e9gration initiale des comptes avec les clients Force8, en garantissant une forte adoption et un engagement continu tout au long de la vie du client.<\/li>\n<li>\u00c9tablir des relations avec les clients assign\u00e9s, les aider \u00e0 r\u00e9soudre leurs probl\u00e8mes et les enchanter continuellement avec une attitude positive et centr\u00e9e sur le client. Fournir une strat\u00e9gie proactive avec les comptes clients qui leur sont attribu\u00e9s.<\/li>\n<li>Travailler avec les clients pour s&rsquo;assurer qu&rsquo;ils trouvent de la valeur dans nos produits et services.<\/li>\n<li>Devenez un expert des syst\u00e8mes de gestion des athl\u00e8tes et informez les clients sur l&rsquo;utilisation et les avantages de nos produits.<\/li>\n<li>Travailler en \u00e9troite collaboration avec les \u00e9quipes de vente, d&rsquo;assistance, de facturation et d&rsquo;autres \u00e9quipes techniques pour garantir une exp\u00e9rience client exceptionnelle et prendre en charge tous les probl\u00e8mes des clients.<\/li>\n<li>\u00catre un d\u00e9fenseur de la client\u00e8le en recueillant les commentaires des clients et en signalant les demandes \u00e0 la gestion des produits et au d\u00e9veloppement.<\/li>\n<li>G\u00e9rer efficacement le temps pour se concentrer sur les activit\u00e9s essentielles afin d&rsquo;assurer la satisfaction des clients, le renouvellement des comptes et leur croissance.<\/li>\n<li>D\u00e9velopper et partager les meilleures pratiques avec les membres de l&rsquo;\u00e9quipe pour am\u00e9liorer continuellement la qualit\u00e9, l&rsquo;efficacit\u00e9 et l&rsquo;efficience de nos processus.<\/li>\n<li>Maintenir une base de revenus en g\u00e9rant la r\u00e9tention et le renouvellement des comptes.<\/li>\n<li>G\u00e9n\u00e9rer des revenus de mise \u00e0 niveau gr\u00e2ce \u00e0 une adoption et une utilisation accrues des produits.<\/li>\n<\/ul>\n[\/vc_column_text][\/vc_column_inner][vc_column_inner width=\u00a0\u00bb1\/3&Prime;][vc_column_text css=\u00a0\u00bb.vc_custom_1675933302704{margin-bottom: 0px !important;}\u00a0\u00bb]<strong><span style=\"font-size: 18px;\">Ce que nous recherchons:<\/span><\/strong><\/p>\n<ul>\n<li>Baccalaur\u00e9at et 1 \u00e0 3 ans d&rsquo;exp\u00e9rience dans un poste en contact avec la client\u00e8le, tel que la r\u00e9ussite de la client\u00e8le, le soutien \u00e0 la client\u00e8le ou la gestion des comptes.<\/li>\n<li>Capacit\u00e9 linguistique commerciale compl\u00e8te en allemand et en anglais (et\/ou en fran\u00e7ais)<\/li>\n<li>Poss\u00e9der de solides comp\u00e9tences en communication t\u00e9l\u00e9phonique, \u00e9crite et verbale, ainsi que d&rsquo;excellentes aptitudes \u00e0 la pr\u00e9sentation.<\/li>\n<li>Confiance, \u00e9nergie, motivation et esprit d&rsquo;\u00e9quipe.<\/li>\n<li>Exp\u00e9rience de travail avec des contacts clients de niveau sup\u00e9rieur et ex\u00e9cutif.<\/li>\n<li>Capacit\u00e9 et d\u00e9sir av\u00e9r\u00e9s de travailler et d&rsquo;exceller dans un environnement o\u00f9 le rythme est soutenu.<\/li>\n<li>Excellentes comp\u00e9tences en mati\u00e8re de multit\u00e2che et de gestion de projet.<\/li>\n<li>Compr\u00e9hension de l&rsquo;Internet et des applications web avec un d\u00e9sir d&rsquo;apprendre de nouvelles technologies.<\/li>\n<li>Capacit\u00e9 \u00e0 comprendre et \u00e0 articuler les t\u00e2ches li\u00e9es \u00e0 SaaS.<\/li>\n<li>Doit poss\u00e9der une compr\u00e9hension av\u00e9r\u00e9e des processus li\u00e9s au sport (au niveau des clubs et\/ou des f\u00e9d\u00e9rations) ; une exp\u00e9rience pr\u00e9alable dans le domaine du SaaS est pr\u00e9f\u00e9rable.<\/li>\n<li>Bien organis\u00e9, avec une grande attention aux d\u00e9tails et une capacit\u00e9 \u00e0 \u00e9tablir des priorit\u00e9s.<\/li>\n<li>Ma\u00eetrise de MS Office.<\/li>\n<\/ul>\n[\/vc_column_text][\/vc_column_inner][\/vc_row_inner][mk_padding_divider][vc_column_text css=\u00a0\u00bb.vc_custom_1675933379620{margin-bottom: 0px !important;}\u00a0\u00bb]<strong>Ce que nous offrons:<\/strong><\/p>\n<ul>\n<li><strong>Salaire fixe <\/strong>&#8211; Nous offrons un salaire fixe comp\u00e9titif. Ce salaire peut augmenter rapidement lorsque les objectifs ont \u00e9t\u00e9 atteints.<\/li>\n<li><strong>Des gens formidables autour de vous <\/strong>&#8211; Travaillez dans un environnement international avec des personnes partageant les m\u00eames id\u00e9es, dans un m\u00e9lange unique de coll\u00e8gues jeunes et exp\u00e9riment\u00e9s qui visent la qualit\u00e9, l&rsquo;impact et la r\u00e9ussite de l&rsquo;\u00e9quipe.<\/li>\n<li><strong>Environnement de travail entrepreneurial <\/strong>&#8211; Assumer la responsabilit\u00e9 de projets dans un environnement bien \u00e9tabli mais semblable \u00e0 celui d&rsquo;une start-up qui c\u00e9l\u00e8bre l&rsquo;excellence dans le travail.<\/li>\n<li><strong>Courbe d&rsquo;apprentissage abrupte et travail intellectuellement stimulant <\/strong>&#8211; Embarquez pour une carri\u00e8re dans un environnement au rythme rapide qui offre un travail stimulant et stimulant ainsi que des conseils et un soutien en mati\u00e8re de d\u00e9veloppement.<\/li>\n<li><strong>Mod\u00e8le de prestation unique <\/strong>&#8211; Faites partie d&rsquo;une entreprise qui s&rsquo;inscrit dans la m\u00e9ga-tendance de la main-d&rsquo;\u0153uvre ind\u00e9pendante.<\/li>\n<li><strong>Un travail qui a de l&rsquo;impact et une grande opportunit\u00e9 de fa\u00e7onner l&rsquo;entreprise <\/strong>&#8211; Voyez votre propre impact sur la fa\u00e7on dont les choses sont faites dans Force8 et saisissez l&rsquo;opportunit\u00e9 de fa\u00e7onner l&rsquo;avenir de l&rsquo;entreprise.<\/li>\n<\/ul>\n<p><em>Force8 s&rsquo;engage \u00e0 favoriser une culture d&rsquo;inclusion et \u00e0 d\u00e9velopper une main-d&rsquo;\u0153uvre diversifi\u00e9e. La diversit\u00e9 nous rend plus forts. Elle se pr\u00e9sente sous de nombreuses formes. Le sexe, la race, l&rsquo;origine ethnique, la religion, la politique, l&rsquo;orientation sexuelle, l&rsquo;\u00e2ge, le handicap et l&rsquo;exp\u00e9rience de vie font de chacun de nous un individu unique. Nous appr\u00e9cions les personnes pour ce qu&rsquo;elles sont et pour les contributions qu&rsquo;elles peuvent apporter \u00e0 nos \u00e9quipes.<\/em><\/p>\n<p><strong>Votre contact:<\/strong><\/p>\n<p><strong>Nom:<\/strong> Mike<br \/>\n<strong>Courriel:<\/strong> jobs@force8.coach<br \/>\n<strong>CV:<\/strong> Si vous postulez \u00e0 un emploi, veuillez dans tous les cas nous envoyer votre CV<br \/>\n<strong>Protection des donn\u00e9es:<\/strong> Nous supprimerons votre CV et vos autres informations personnelles si nous ne vous embauchons pas. En raison du volume \u00e9lev\u00e9 de candidatures, il se peut \u00e9galement que vous ne receviez pas de r\u00e9ponse de notre part. Dans ce cas, votre candidature n&rsquo;a pas r\u00e9pondu \u00e0 nos attentes.[\/vc_column_text][\/vc_column][\/mk_page_section][mk_page_section bg_color=\u00a0\u00bb#f9f9f9&Prime; padding_top=\u00a0\u00bb60&Prime; padding_bottom=\u00a0\u00bb60&Prime; sidebar=\u00a0\u00bbsidebar-1&Prime;][vc_column][mk_fancy_title size=\u00a0\u00bb30&Prime; font_weight=\u00a0\u00bbbold\u00a0\u00bb margin_bottom=\u00a0\u00bb0&Prime; font_family=\u00a0\u00bbnone\u00a0\u00bb]Coach r\u00e9gional des ventes[\/mk_fancy_title][vc_column_text css=\u00a0\u00bb.vc_custom_1643818113348{margin-bottom: 0px !important;}\u00a0\u00bb]\u00cates-vous un entra\u00eeneur sportif d\u00e9sireux de <strong>gagner de l&rsquo;argent suppl\u00e9mentaire gr\u00e2ce au sport que vous aimez<\/strong>? Nos <strong>excellents<\/strong> <strong>produits et notre structure de commissions<\/strong> vous aideront \u00e0 atteindre cet objectif et m\u00eame plus.[\/vc_column_text][mk_padding_divider][vc_row_inner][vc_column_inner width=\u00a0\u00bb1\/3&Prime;][vc_column_text css=\u00a0\u00bb.vc_custom_1679037766519{margin-bottom: 0px !important;}\u00a0\u00bb]<strong><span style=\"font-size: 18px;\">Responsibiliti\u00e9s<\/span><\/strong><\/p>\n<p>Nous recrutons des coachs qui sont motiv\u00e9s pour travailler avec le syst\u00e8me de gestion des athl\u00e8tes et des \u00e9quipes Force8 Coach et le vendre \u00e0 d&rsquo;autres organisations (lyc\u00e9es, coll\u00e8ges, clubs, etc.)[\/vc_column_text][\/vc_column_inner][vc_column_inner width=\u00a0\u00bb1\/3&Prime;][vc_column_text css=\u00a0\u00bb.vc_custom_1643818197576{margin-bottom: 0px !important;}\u00a0\u00bb]<strong><span style=\"font-size: 18px;\">Profil<\/span><\/strong><\/p>\n<p>Vous devez avoir de solides comp\u00e9tences en mati\u00e8re de vente et de service \u00e0 la client\u00e8le et disposer d&rsquo;un vaste r\u00e9seau dans la communaut\u00e9 sportive. Vous g\u00e9n\u00e9rez de nouvelles pistes de vente et concluez m\u00eame des affaires par vous-m\u00eame &#8211; soutenu par notre country manager.[\/vc_column_text][\/vc_column_inner][vc_column_inner width=\u00a0\u00bb1\/3&Prime;][vc_column_text css=\u00a0\u00bb.vc_custom_1643818229858{margin-bottom: 0px !important;}\u00a0\u00bb]<strong><span style=\"font-size: 18px;\">Ce que nous offrons<br \/>\n<\/span><\/strong><\/p>\n<p>Toutes les ventes r\u00e9alis\u00e9es avec votre aide seront r\u00e9mun\u00e9r\u00e9es par une commission g\u00e9n\u00e9reuse et des renouvellements annuels permanents. Ce poste ne n\u00e9cessitera que quelques heures par semaine, et Force8 vous fournira le mat\u00e9riel n\u00e9cessaire.[\/vc_column_text][\/vc_column_inner][\/vc_row_inner][vc_column_text css=\u00a0\u00bb.vc_custom_1675933002868{margin-bottom: 0px !important;}\u00a0\u00bb]<em>Force8 s&rsquo;engage \u00e0 favoriser une culture d&rsquo;inclusion et \u00e0 d\u00e9velopper une main-d&rsquo;\u0153uvre diversifi\u00e9e. La diversit\u00e9 nous rend plus forts. Elle se pr\u00e9sente sous de nombreuses formes. Le sexe, la race, l&rsquo;origine ethnique, la religion, la politique, l&rsquo;orientation sexuelle, l&rsquo;\u00e2ge, le handicap et l&rsquo;exp\u00e9rience de vie font de chacun de nous un individu unique. Nous appr\u00e9cions les personnes pour ce qu&rsquo;elles sont et pour les contributions qu&rsquo;elles peuvent apporter \u00e0 nos \u00e9quipes.<\/em><\/p>\n<p><strong>Votre contact:<\/strong><\/p>\n<p><strong>Nom:<\/strong> Mike<br \/>\n<strong>Courriel:<\/strong> jobs@force8.coach<br \/>\n<strong>CV:<\/strong> Si vous postulez \u00e0 un emploi, veuillez dans tous les cas nous envoyer votre CV<br \/>\n<strong>Protection des donn\u00e9es:<\/strong> Nous supprimerons votre CV et vos autres informations personnelles si nous ne vous embauchons pas. En raison du volume \u00e9lev\u00e9 de candidatures, il se peut \u00e9galement que vous ne receviez pas de r\u00e9ponse de notre part. Dans ce cas, votre candidature n&rsquo;a pas r\u00e9pondu \u00e0 nos attentes.[\/vc_column_text][\/vc_column][\/mk_page_section]\n<\/div>","protected":false},"excerpt":{"rendered":"<p>[mk_page_section padding_top=\u00a0\u00bb60&Prime; padding_bottom=\u00a0\u00bb60&Prime; sidebar=\u00a0\u00bbsidebar-1&Prime;][vc_column][mk_fancy_title size=\u00a0\u00bb45&Prime; font_weight=\u00a0\u00bbbold\u00a0\u00bb font_family=\u00a0\u00bbnone\u00a0\u00bb]Force8 &#8211; Digital. Sport. Innovations.[\/mk_fancy_title][vc_column_text css=\u00a0\u00bb.vc_custom_1675930924184{margin-bottom: 0px !important;}\u00a0\u00bb]Force8 est une entreprise internationale de technologie sportive bas\u00e9e \u00e0 Zurich (Suisse) qui d\u00e9veloppe depuis 2008 des syst\u00e8mes intelligents pour la gestion et le suivi des athl\u00e8tes et des \u00e9quipes. Nous travaillons pour des f\u00e9d\u00e9rations de renomm\u00e9e mondiale telles que Swiss-Ski, PluSport, [&hellip;]<\/p>\n","protected":false},"author":1,"featured_media":0,"parent":0,"menu_order":0,"comment_status":"closed","ping_status":"closed","template":"","meta":{"inline_featured_image":false,"footnotes":""},"_links":{"self":[{"href":"https:\/\/force8.coach\/fr\/wp-json\/wp\/v2\/pages\/8754"}],"collection":[{"href":"https:\/\/force8.coach\/fr\/wp-json\/wp\/v2\/pages"}],"about":[{"href":"https:\/\/force8.coach\/fr\/wp-json\/wp\/v2\/types\/page"}],"author":[{"embeddable":true,"href":"https:\/\/force8.coach\/fr\/wp-json\/wp\/v2\/users\/1"}],"replies":[{"embeddable":true,"href":"https:\/\/force8.coach\/fr\/wp-json\/wp\/v2\/comments?post=8754"}],"version-history":[{"count":16,"href":"https:\/\/force8.coach\/fr\/wp-json\/wp\/v2\/pages\/8754\/revisions"}],"predecessor-version":[{"id":11468,"href":"https:\/\/force8.coach\/fr\/wp-json\/wp\/v2\/pages\/8754\/revisions\/11468"}],"wp:attachment":[{"href":"https:\/\/force8.coach\/fr\/wp-json\/wp\/v2\/media?parent=8754"}],"curies":[{"name":"wp","href":"https:\/\/api.w.org\/{rel}","templated":true}]}}